{"id":107,"date":"2016-02-01T04:34:41","date_gmt":"2016-02-01T09:34:41","guid":{"rendered":"http:\/\/baquiana.com\/bookstore\/?post_type=product&#038;p=103"},"modified":"2021-10-11T21:47:24","modified_gmt":"2021-10-12T01:47:24","slug":"revista-literaria-baquiana-anuario-iii-2001-2002","status":"publish","type":"product","link":"https:\/\/www.baquiana.com\/bookstore\/product\/revista-literaria-baquiana-anuario-iii-2001-2002\/","title":{"rendered":"REVISTA LITERARIA BAQUIANA &#8211; ANUARIO III (2001-2002)"},"content":{"rendered":"<h1>\u00cdndice<\/h1>\n<h3>Poes\u00eda<\/h3>\n<p><strong>\u00a7 Antonio \u00c1lvarez B\u00fcrger \/ 1<br \/>\n\u00a7 Zoraida Armengol \/ 2<br \/>\n\u00a7\u00a0Carlos E. Baier \/ 3<br \/>\n\u00a7\u00a0Ricardo Calder\u00f3n Guti\u00e9rrez \/ 4<br \/>\n\u00a7\u00a0V\u00edctor Corcoba \/ 5<br \/>\n\u00a7\u00a0Marta De Ar\u00e9valo \/ 6<br \/>\n\u00a7\u00a0Noem\u00ed Fern\u00e1ndez Triana \/ 7<br \/>\n\u00a7\u00a0Pascual Garc\u00eda \/ 8<br \/>\n\u00a7\u00a0\u00c1ngel Manuel G\u00f3mez Espada \/ 9<br \/>\n\u00a7\u00a0Juan Antonio Gonz\u00e1lez Cant\u00fa \/ 10<br \/>\n\u00a7\u00a0Manuel Roberto Leon\u00eds Ruiz \/ 11<br \/>\n\u00a7\u00a0Martha L\u00f3pez De la Fuente \/ 12<br \/>\n\u00a7\u00a0Mart\u00edn Mairena \/ 13<br \/>\n\u00a7\u00a0Ivonne Mart\u00edn \/ 13<br \/>\n\u00a7\u00a0Esteban Moore \/ 14<br \/>\n\u00a7\u00a0Manuel Ram\u00f3n Moya Bascu\u00f1ana \/ 15<br \/>\n\u00a7\u00a0Hortensia Munilla Tauler \/ 15<br \/>\n\u00a7\u00a0William Navarrete \/ 16<br \/>\n\u00a7\u00a0Myrna Nieves \/ 17<br \/>\n\u00a7\u00a0Jorge Antonio P\u00e9rez \/ 18<br \/>\n\u00a7\u00a0Juana Rosa Pita \/ 19<br \/>\n\u00a7\u00a0Juan Ismael Ram\u00edrez Labastida \/ 19<br \/>\n\u00a7\u00a0Ada Soriano \/ 20<br \/>\n\u00a7\u00a0Andr\u00e9 Venoue Lo\u00e1iza \/ 21<br \/>\n\u00a7\u00a0Leo Zelada \/ 22<br \/>\n\u00a7\u00a0Lina Zer\u00f3n \/ 22<br \/>\n\u00a7\u00a0Elizabeth Cevallos Tenorio \/ 23<br \/>\n\u00a7\u00a0Romero Zina Fern\u00e1ndez \/ 24<\/strong><\/p>\n<p>&nbsp;<\/p>\n<h3>Rese\u00f1a<\/h3>\n<p><strong>\u00a7 ESCORZO DE UN INSTANTE<\/strong><br \/>\npor Carlos X. Ardav\u00edn Trabanco \/ <b>25<\/b><\/p>\n<p><strong>\u00a7 UNA AVENTURA TODAV\u00cdA MAYOR: TENER UN CUERPO NUEVO<\/strong><br \/>\npor Gladys Ilarregui \/ <b>28<\/b><\/p>\n<p><strong><i>\u00a7<\/i> J. A. ALBERTINI Y EL ENTIERRO DEL ENTERRADOR<\/strong><br \/>\npor Ren\u00e9 Le\u00f3n \/ <b>31<\/b><\/p>\n<p><strong>\u00a7 DOMINICANISH DE JOSEFINA BAEZ (LA TRANSLOCALIZACI\u00d3N DE LOS S\u00cdMBOLOS)\u00a0<\/strong><br \/>\npor Sophie Mar\u00ed\u00f1ez \/ <b>34<\/b><\/p>\n<p><strong>\u00a7 LA TRANSMUTACI\u00d3N DE LOS SERES EN LA NARRATIVA DE JOS\u00c9 O. ALVAREZ<\/strong><br \/>\npor Maricel Mayor Mars\u00e1n \/ <b>40<\/b><\/p>\n<p><strong>\u00a7<\/strong> <strong>LOS ACERTIJOS LITERARIOS DE EDMUNDO PAZ SOLD\u00c1N<\/strong><br \/>\npor Freda Mosquera \/ <b>42<\/b><\/p>\n<p><strong>\u00a7<\/strong> <strong>PARTES M\u00cdNIMAS DE ESTEBAN MOORE<\/strong><br \/>\npor Jorge Andr\u00e9s Paita \/ <b>46<\/b><\/p>\n<p>&nbsp;<\/p>\n<h3>Cuento<\/h3>\n<p><strong>\u00a7 DAMI\u00c1N\u00a0<\/strong><br \/>\npor Mariela Abreu Ortet \/\u00a0<b>54<\/b><\/p>\n<p><strong>\u00a7 SIN COMPROMISOS<\/strong><br \/>\npor Marc Caellas \/ <b>58<\/b><\/p>\n<p><strong>\u00a7 LA CHICA DE LA AGENCIA\u00a0<\/strong><br \/>\npor Ruben Kurin \/ <b>62<\/b><\/p>\n<p><strong>\u00a7 GOZAR SOBRE LA HISTORIA<\/strong><br \/>\npor Alejandro Lorenzo \/ <b>70<\/b><\/p>\n<p><strong>\u00a7 ANATEMA\u00a0<\/strong><br \/>\npor Luz E. Mac\u00edas \/ <b>74<\/b><\/p>\n<p><strong>\u00a7 LAS MUCHACHAS DECENTES NO VIVEN SOLAS<\/strong><br \/>\npor Maricel Mayor Mars\u00e1n \/ <b>79<\/b><\/p>\n<p><strong>\u00a7 LA CASA DE LA YEGUA<\/strong><br \/>\npor R\u00f3ger Mendieta Alfaro \/ <b>84<\/b><\/p>\n<p><strong>\u00a7 UNA CITA CON MRS. CAMESON<\/strong><br \/>\npor Freda Mosquera \/\u00a0<strong>89<\/strong><\/p>\n<p><strong>\u00a7 LA INCERTIDUMBRE<\/strong><br \/>\npor Beatr\u00edz Salcedo Strumpf \/ <b>93<\/b><\/p>\n<p>&nbsp;<\/p>\n<h3>Ensayo<\/h3>\n<p><strong>\u00a7 TR\u00cdPTICO DE LA LEJAN\u00cdA. MET\u00c1FORAS DE LA DI\u00c1SPORA EN LA POES\u00cdA ESCRITA POR MUJERES CUBANAS<\/strong><br \/>\npor Madeline C\u00e1mara \/\u00a0<strong>97<\/strong><\/p>\n<p><strong>\u00a7 MUJER Y LITERATURA EN EL TEATRO DE SHAKESPEARE: LOS OR\u00cdGENES DEL LARGO CAMINO RECORRIDO<\/strong><br \/>\npor Natalia Carbajosa Palmero \/ <b>110<\/b><\/p>\n<p><strong>\u00a7 LA LING\u00dc\u00cdSTICA AL FINAL DEL SEGUNDO MILENIO<\/strong><br \/>\npor Max E. Figueroa Esteva \/\u00a0<strong>116<\/strong><\/p>\n<p><strong>\u00a7 \u201cEL CUARTO DE ATR\u00c1S\u201d DE CARMEN MART\u00cdN GAITE: SIMBOLISMOS EN LA RELECTURA ALEG\u00d3RICA GINERG\u00c9TICA\u00a0<\/strong><br \/>\npor Martha Garc\u00eda \/\u00a0<strong>126<\/strong><\/p>\n<p><strong>\u00a7 \u201cAMALIA\u201d DE ROSARIO FERR\u00c9, O LAS VIOLENCIAS DE UNA COCINA RESPETABLE\u00a0<\/strong><br \/>\npor Mariela A. Guti\u00e9rrez \/\u00a0<strong>133<\/strong><\/p>\n<p><strong>\u00a7 CRIST\u00d3BAL DE LLERENA: UN DRAMATURGO DISIDENTE: LA ESPA\u00d1OLA, SIGLO XVI\u00a0<\/strong><br \/>\npor Ren\u00e9 C. Izquierdo \/\u00a0<strong>144<\/strong><\/p>\n<p><strong>\u00a7 SE\u00d1ALES CONTRADICTORIAS EN EL ENUNCIADO DE ASIMILACI\u00d3N DE ROBERTO G. FERN\u00c1NDEZ: RAINING BACKWARDS VS. EN LA OCHO Y LA DOCE.<\/strong><br \/>\npor Humberto L\u00f3pez Cruz \/\u00a0<strong>151<\/strong><\/p>\n<p><strong>\u00a7 JULIA ALVAREZ Y SUS COINCIDENCIAS LITERARIAS<\/strong><br \/>\npor Myra Medina \/\u00a0<strong>161<\/strong><\/p>\n<p><strong>\u00a7 UN PALIMPSESTO FEMINISTA PARA \u201cOBBA\u201d Y \u201cOY\u00c1\u201d<\/strong><br \/>\npor Alicia Vadillo \/\u00a0<strong>166<\/strong><\/p>\n<p><strong>\u00a7 MUSA E INSPIRACI\u00d3N<\/strong><br \/>\npor \u00d3scar Wong \/\u00a0<strong>173<\/strong><\/p>\n<p>&nbsp;<\/p>\n<h3>Entrevista<\/h3>\n<p><strong>\u00a7 ENTREVISTA A JOS\u00c9 MAR\u00cdA \u00c1LVAREZ (POETA Y ANFITRI\u00d3N DE POETAS)\u00a0<\/strong><br \/>\npor Maricel Mayor Mars\u00e1n \/\u00a0<strong>183<\/strong><\/p>\n<p><strong>\u00a7 ENTREVISTA AL PINTOR, EDITOR Y PROMOTOR CULTURAL RAM\u00d3N ALEJANDRO\u00a0<\/strong><br \/>\npor Maricel Mayor Mars\u00e1n \/\u00a0<strong>191<\/strong><\/p>\n<p><strong>\u00a7\u00a0ENTREVISTA CON EL ARTISTA PL\u00c1STICO IV\u00c1N OSORIO<\/strong><br \/>\npor Patricio E. Palacios \/\u00a0<b>209<\/b><\/p>\n<p>&nbsp;<\/p>\n<h3>Narrativa<\/h3>\n<p><strong>\u00a7 EL ENCUENTRO<\/strong><br \/>\npor Enrique Guillermo Morat\u00f3 \/\u00a0<strong>216<\/strong><\/p>\n<p><strong>\u00a7 LA MARCA EN LA ARENA<\/strong><br \/>\npor Lidio Mosca Bustamante \/\u00a0<strong>221<\/strong><\/p>\n<p><strong>\u00a7 EL MAL DE TU HIJO<\/strong><br \/>\npor Carlos P\u00e9rez Vaquero \/\u00a0<strong>225<\/strong><\/p>\n<p><strong>\u00a7 DICHAS VANAS\u00a0<\/strong><br \/>\npor Patricia Su\u00e1rez \/\u00a0<strong>232<\/strong><\/p>\n<p>&nbsp;<\/p>\n<h3>Opiniones<\/h3>\n<p><strong>\u00a7 LA EXPERIENCIA TRANSVISUAL DE GERARDO PI\u00d1A-ROSALES (EXHIBICI\u00d3N FOTOGR\u00c1FICA)<\/strong><br \/>\npor Joaqu\u00edn Badajoz \/\u00a0<strong>239<\/strong><\/p>\n<p><strong>\u00a7 FRENTE A UNA IMAGEN QUE DANZA EN LA PANTALLA: CINE Y POES\u00cdA<\/strong><br \/>\npor Jes\u00fas Barquet \/\u00a0<strong>244<\/strong><\/p>\n<p><strong>\u00a7 \u201cFACUNDO\u201d EN LETRAS CRIOLLAS<\/strong><br \/>\npor Alfredo Canedo \/\u00a0<strong>251<\/strong><\/p>\n<p><strong>\u00a7 DE LA MUERTE A LA VIDA, DE PEREIRA A MASTRONIANNI\u00a0<\/strong><br \/>\npor Natalia Carbajosa Palmero \/\u00a0<strong>255<\/strong><\/p>\n<p><strong>\u00a7 HOMENAJE A LUIS CERNUDA<\/strong><br \/>\npor Isabel D\u00edez Serrano \/\u00a0<strong>258<\/strong><\/p>\n<p><strong>\u00a7 \u00bfQU\u00c9 ES LA POES\u00cdA DE SIEMPRE? NO HAY POES\u00cdA SIN VERSO NI VERSO SIN M\u00daSICA\u00a0<\/strong><br \/>\npor Francisco Henr\u00edquez \/\u00a0<strong>262<\/strong><\/p>\n<p><strong>\u00a7 LA TRILOG\u00cdA DE JORGE RAMOS Y SU LEGADO\u00a0<\/strong><br \/>\npor Maricel Mayor Mars\u00e1n \/\u00a0<strong>268<\/strong><\/p>\n<p><strong>\u00a7 EL DICTADOR EN LA LITERATURA LATINOAMERICANA<\/strong><br \/>\npor V\u00edctor Montoya \/\u00a0<strong>270<\/strong><\/p>\n<p><strong>\u00a7 LOS ESPEJOS VIOLADOS DE FRIDA KAHLO<\/strong><br \/>\npor Gerardo Pi\u00f1a-Rosales \/\u00a0<strong>273<\/strong><\/p>\n<p>&nbsp;<\/p>\n<h3>Teatro<\/h3>\n<p><strong>\u00a7 CARONTE Y LOS G\u00dcIJES<\/strong><br \/>\npor Gast\u00f3n \u00c1lvaro Santana \/\u00a0<strong>279<\/strong><\/p>\n<p><strong>\u00a7 CAMACAVADA (MON\u00d3LOGO TEATRAL)<\/strong><br \/>\npor Luis Cano \/\u00a0<b>288<\/b><\/p>\n<p><strong>\u00a7 LA ROCA<\/strong><br \/>\npor Maricel Mayor Mars\u00e1n \/ <b>293<\/b><\/p>\n<hr \/>\n","protected":false},"excerpt":{"rendered":"<p>\u00cdndice Poes\u00eda \u00a7 Antonio \u00c1lvarez B\u00fcrger \/ 1 \u00a7 Zoraida Armengol \/ 2 \u00a7\u00a0Carlos E. Baier \/ 3 \u00a7\u00a0Ricardo Calder\u00f3n Guti\u00e9rrez \/ 4 \u00a7\u00a0V\u00edctor Corcoba \/ 5 \u00a7\u00a0Marta De Ar\u00e9valo \/ 6 \u00a7\u00a0Noem\u00ed Fern\u00e1ndez Triana \/ 7 \u00a7\u00a0Pascual Garc\u00eda \/ 8 \u00a7\u00a0\u00c1ngel Manuel G\u00f3mez Espada \/ 9 \u00a7\u00a0Juan Antonio Gonz\u00e1lez Cant\u00fa \/ 10 \u00a7\u00a0Manuel Roberto [&hellip;]<\/p>\n","protected":false},"featured_media":444,"comment_status":"closed","ping_status":"closed","template":"","meta":[],"product_cat":[10],"product_tag":[],"class_list":{"0":"post-107","1":"product","2":"type-product","3":"status-publish","4":"has-post-thumbnail","6":"book_author-anuarios-baquiana","7":"product_cat-anuarios-de-la-revista-literaria-baquiana-vp","8":"entry"},"_links":{"self":[{"href":"https:\/\/www.baquiana.com\/bookstore\/wp-json\/wp\/v2\/product\/107"}],"collection":[{"href":"https:\/\/www.baquiana.com\/bookstore\/wp-json\/wp\/v2\/product"}],"about":[{"href":"https:\/\/www.baquiana.com\/bookstore\/wp-json\/wp\/v2\/types\/product"}],"replies":[{"embeddable":true,"href":"https:\/\/www.baquiana.com\/bookstore\/wp-json\/wp\/v2\/comments?post=107"}],"wp:featuredmedia":[{"embeddable":true,"href":"https:\/\/www.baquiana.com\/bookstore\/wp-json\/wp\/v2\/media\/444"}],"wp:attachment":[{"href":"https:\/\/www.baquiana.com\/bookstore\/wp-json\/wp\/v2\/media?parent=107"}],"wp:term":[{"taxonomy":"product_cat","embeddable":true,"href":"https:\/\/www.baquiana.com\/bookstore\/wp-json\/wp\/v2\/product_cat?post=107"},{"taxonomy":"product_tag","embeddable":true,"href":"https:\/\/www.baquiana.com\/bookstore\/wp-json\/wp\/v2\/product_tag?post=107"}],"curies":[{"name":"wp","href":"https:\/\/api.w.org\/{rel}","templated":true}]}}