{"id":108,"date":"2016-02-01T04:39:27","date_gmt":"2016-02-01T09:39:27","guid":{"rendered":"http:\/\/baquiana.com\/bookstore\/?post_type=product&#038;p=104"},"modified":"2021-10-11T21:47:50","modified_gmt":"2021-10-12T01:47:50","slug":"revista-literaria-baquiana-anuario-iv-2002-2003","status":"publish","type":"product","link":"https:\/\/www.baquiana.com\/bookstore\/product\/revista-literaria-baquiana-anuario-iv-2002-2003\/","title":{"rendered":"REVISTA LITERARIA BAQUIANA &#8211; ANUARIO IV (2002-2003)"},"content":{"rendered":"<h1>\u00cdndice<\/h1>\n<h3>Poes\u00eda<\/h3>\n<p><strong>\u00a7 Ana Mar\u00eda Alcaraz Roca \/ 1<\/strong><br \/>\n<strong>\u00a7 Rodolfo Alfonso \/ 2<br \/>\n\u00a7\u00a0Odette Alonso Yod\u00fa \/ 3<br \/>\n\u00a7\u00a0Luis Alberto Ambroggio \/ 4<br \/>\n\u00a7\u00a0Juan Ram\u00f3n Barat Dolz \/ 5<br \/>\n\u00a7\u00a0Hilario Barrero \/ 6<br \/>\n\u00a7\u00a0Jes\u00fas I. Callejas \/ 7<br \/>\n\u00a7\u00a0Jes\u00fas C\u00e1novas Mart\u00ednez \/ 8<br \/>\n\u00a7\u00a0Pablo Cassi \/ 10<br \/>\n\u00a7\u00a0Omar Cerit \/ 11<br \/>\n\u00a7\u00a0Alexis Figueredo \/ 12<br \/>\n\u00a7\u00a0Dionisia Garc\u00eda \/ 13<br \/>\n\u00a7\u00a0Amada Garc\u00eda Puentes \/ 14<br \/>\n\u00a7\u00a0Alberto Lauro \/ 15<br \/>\n\u00a7\u00a0Humberto L\u00f3pez Cruz \/ 16<br \/>\n\u00a7\u00a0Jos\u00e9 L\u00f3pez Rueda \/ 17<br \/>\n\u00a7\u00a0Manuel Lozano \/ 18<br \/>\n\u00a7\u00a0Marcelo Mallea Hern\u00e1ndez \/ 19<br \/>\n\u00a7\u00a0Luis Mario \/ 20<br \/>\n\u00a7\u00a0Mario Mel\u00e9ndez \/ 21<br \/>\n\u00a7\u00a0Patricia Monroe Rammsy \/ 22<br \/>\n\u00a7\u00a0Carlos Montenegro Gonz\u00e1lez \/ 23<br \/>\n\u00a7\u00a0Oscar Portela \/ 24<br \/>\n\u00a7\u00a0Orlando Rossardi \/ 25<br \/>\n\u00a7\u00a0\u00c1ngela Reyes \/ 29<br \/>\n\u00a7\u00a0Juan Ruiz de Torres \/ 30<br \/>\n\u00a7\u00a0Nuria Ruiz de Vi\u00f1aspre Ripa \/ 31<br \/>\n\u00a7\u00a0Mario Sampaolesi \/ 32<br \/>\n\u00a7\u00a0Arminda Vald\u00e9s Ginebra \/ 33<br \/>\n\u00a7\u00a0Rub\u00e9n Vedovaldi \/ 34<br \/>\n\u00a7\u00a0Francisco V\u00e9jar \/ 35<br \/>\n\u00a7\u00a0Fabrizio Volpe Prignano \/ 36<\/strong><\/p>\n<p>&nbsp;<\/p>\n<h3>Rese\u00f1a<\/h3>\n<p><strong>\u00a7 SO\u00d1AR EN CUBANO O LAS ENCRUCIJADAS DE LA SOLIDARIDAD<\/strong><br \/>\npor Emilio Bejel \/ <b>37<\/b><\/p>\n<p><strong>\u00a7 \u201c<em>SANTER\u00cdA Y VOD\u00da<\/em>; SEXUALIDAD Y HOMOEROTISMO\u201d DE ALICIA E. VADILLO<\/strong><br \/>\npor Antonio Ben\u00edtez Rojo \/ <b>42<\/b><\/p>\n<p><strong><i>\u00a7 EL ESP\u00cdRITU DE LA LETRA (ACERCAMIENTO CREYENTE A LA LITERATURA)<\/i><\/strong><br \/>\npor V\u00edctor Corcoba Herrero \/\u00a0<strong>44<\/strong><\/p>\n<p><strong>\u00a7 MARIO NOEL RODR\u00cdGUEZ, UN ESCRITOR QUE SABE AGITARNOS<\/strong><br \/>\npor Teonilda Madera \/ <b>48<\/b><\/p>\n<p><strong>\u00a7 ESCRITORAS BOLIVIANAS EN DOS LIBROS DE KATHY LEONARD<\/strong><br \/>\npor V\u00edctor Montoya \/ <b>55<\/b><\/p>\n<p><strong>\u00a7<i> LA LETRA REBELDE: UN LUJO NECESARIO<\/i><\/strong><br \/>\npor Ezequiel P\u00e9rez Mart\u00edn \/\u00a0<b>61<\/b><\/p>\n<p><strong>\u00a7<i> SOBRE \u201cVIVIR PARA CONTARLA\u201d\u00a0<\/i><\/strong><br \/>\npor Ario Ernesto Salazar \/ <b>64<\/b><\/p>\n<p><strong>\u00a7<i>\u00a0LAS HISTORIAS PROHIBIDAS DE MARTA VENERANDA: UNA NUEVA FORMA DE LEER<\/i><\/strong><br \/>\npor Paquita Su\u00e1rez Coalla \/ <b>69<\/b><\/p>\n<p>&nbsp;<\/p>\n<h3>Cuento<\/h3>\n<p><strong>\u00a7 EL SEXO DE LOS \u00c1NGELES\u00a0<\/strong><br \/>\npor Pascual Garc\u00eda \/ <b>72<\/b><\/p>\n<p><strong>\u00a7 SANS\u00d3N<\/strong><br \/>\npor Roberto Hern\u00e1ndez Russi \/ <b>81<\/b><\/p>\n<p><strong>\u00a7 EL FIN DE LA AMISTAD<\/strong><br \/>\npor Beatriz E. Mendoza \/ <b>86<\/b><\/p>\n<p><strong>\u00a7 EL CREYENTE<\/strong><br \/>\npor Rosy Pal\u00e1u \/\u00a0<strong>92<\/strong><\/p>\n<p><strong>\u00a7 DIEZ Y DIEZ GINEBRA<\/strong><br \/>\npor Carlos P\u00e9rez Vaquero \/ <b>98<\/b><\/p>\n<p><strong>\u00a7 CABELLO TE\u00d1IDO DE ROJO<\/strong><br \/>\npor Juan I. Ram\u00edrez Labastida \/\u00a0<strong>104<\/strong><\/p>\n<p><strong>\u00a7 D\u00cdAS DE AZUFRE SIN ELENA<\/strong><br \/>\npor Oscar Sip\u00e1n Sanz \/\u00a0<strong>107<\/strong><\/p>\n<p><strong>\u00a7 EL REPORTERO DEL NEW YORK TIMES<\/strong><br \/>\npor Marga Varea \/\u00a0<strong>120<\/strong><\/p>\n<p><strong>\u00a7 LA SONRISA DE FOLIAL\u00a0<\/strong><br \/>\npor Sergio Verduzco \/\u00a0<strong>126<\/strong><\/p>\n<p>&nbsp;<\/p>\n<h3>Ensayo<\/h3>\n<p><strong>\u00a7\u00a0AVATARES DE UN POETA: ALONSO \u00c1LVAREZ DE SORIA, AUTOR MARGINAL DEL SIGLO XVI\u00a0<\/strong><br \/>\npor Niza Fabre \/\u00a0<strong>135<\/strong><\/p>\n<p><strong>\u00a7 LA OBRA DRAM\u00c1TICA DE MARICEL MAYOR MARS\u00c1N<\/strong><br \/>\npor Leonardo Fern\u00e1ndez Marcan\u00e9 \/\u00a0<strong>141<\/strong><\/p>\n<p><strong>\u00a7 ETAPAS F\u00cdSICAS, PROGRESI\u00d3N SICOL\u00d3GICA Y ELEMENTOS ALEG\u00d3RICOS DE <em>DO\u00d1A ROSITA LA SOLTERA<\/em> O EL LENGUAJE DE LAS FLORES<\/strong><br \/>\npor Martha Garc\u00eda \/\u00a0<strong>147<\/strong><\/p>\n<p><strong>\u00a7 TEXTO Y CONTEXTO DEL <em>SONSONERO MULATO<\/em> DE ROLANDO CAMPINS<\/strong><br \/>\npor Armando Gonz\u00e1lez P\u00e9rez \/\u00a0<strong>155<\/strong><\/p>\n<p><strong>\u00a7 LOS \u00c1RBOLES, ESPEJO DEL ALMA DE UN POETA<\/strong><br \/>\npor Armando Gonz\u00e1lez P\u00e9rez \/ <strong>167<\/strong><\/p>\n<p><strong>\u00a7 HISTERIA, SEXO Y SON: COMPONENTES CARIBE\u00d1OS PARA UNA SALSA FEMINISTA<\/strong><br \/>\npor Alicia E. Vadillo \/ <strong>173<\/strong><\/p>\n<p>&nbsp;<\/p>\n<h3>Entrevista<\/h3>\n<p><strong>\u00a7 DEFINIENDO EL OFICIO DE UN ARTESANO DE LAS LETRAS: PUNTO Y APARTE CON ENRIQUE C\u00d3RDOBA ROCHA<\/strong><br \/>\npor Maricel Mayor Mars\u00e1n \/\u00a0<strong>180<\/strong><\/p>\n<p><strong>\u00a7 ENCUENTRO PARTICULAR CON DAR\u00cdO OSES MOYA, DIRECTOR DE LA BIBLIOTECA Y ARCHIVOS DE LA FUNDACI\u00d3N PABLO NERUDA<\/strong><br \/>\npor Maricel Mayor Mars\u00e1n \/\u00a0<strong>189<\/strong><\/p>\n<p><strong>\u00a7 ENTREVISTA A JUAN JOS\u00c9 S\u00c1NCHEZ BALAGUER, DIRECTOR DE LA FUNDACI\u00d3N MIGUEL HERN\u00c1NDEZ<\/strong><br \/>\npor Maricel Mayor Mars\u00e1n \/\u00a0<b>200<\/b><\/p>\n<p><strong>\u00a7 ENTREVISTA CON LA FOT\u00d3GRAFA ESPA\u00d1OLA CARMEN MAR\u00cd (UNA ORFEBRE DEL LENTE)<\/strong><br \/>\npor Patricio E. Palacios \/\u00a0<b>205<\/b><\/p>\n<p><strong>\u00a7 ENTREVISTA CON EL ESCRITOR ARGENTINO LIDIO MOSCA BUSTAMANTE<\/strong><br \/>\npor Guido Rings \/\u00a0<strong>212<br \/>\n<\/strong><\/p>\n<p>&nbsp;<\/p>\n<h3>Narrativa<\/h3>\n<p><strong>\u00a7 CUENTOS VERDADEROS<\/strong><br \/>\npor Jorge Biggs Henninng \/\u00a0<strong>225<\/strong><\/p>\n<p><strong>\u00a7 PERFILES LITERARIOS<\/strong><br \/>\npor Harmonie Botella \/\u00a0<strong>231<\/strong><\/p>\n<p><strong>\u00a7 ABUELA (AUSENTE \u2013 PRESENTE)<\/strong><br \/>\npor Luc\u00eda M. Su\u00e1rez \/\u00a0<strong>235<\/strong><\/p>\n<p>&nbsp;<\/p>\n<h3>Opiniones<\/h3>\n<p><strong>\u00a7 APRECIACIONES DE UN BOLERO<\/strong><br \/>\npor Manuel Bol\u00edvar Graterol \/\u00a0<strong>246<\/strong><\/p>\n<p><strong>\u00a7 EL D\u00cdA M\u00c1S PENOSO PARA LA HISTORIA DE LOS ESTADOS UNIDOS\u00a0<\/strong><br \/>\npor Fernando Escobar Giraldo \/\u00a0<strong>251<\/strong><\/p>\n<p><strong>\u00a7 LOS TOROS, EL MAR Y LA MUERTE EN LA VIDA DE HEMINGWAY<\/strong><br \/>\npor R\u00f3ger Mendieta Alfaro \/\u00a0<strong>256<\/strong><\/p>\n<p><strong>\u00a7 JORGE TEILLIER, UN \u00c1NGEL REBELDE<\/strong><br \/>\npor Francisco V\u00e9jar \/\u00a0<strong>264<\/strong><\/p>\n<p><strong>\u00a7 UN VIAJE POR EL TIEMPO DEL VERSO (LA OBRA PO\u00c9TICA DE ARMINDA VALD\u00c9S GINEBRA)\u00a0<\/strong><br \/>\npor Dorothy Villalobos \/\u00a0<strong>272<\/strong><\/p>\n<p>&nbsp;<\/p>\n<h3>Teatro<\/h3>\n<p><strong>\u00a7 ABANDONO<\/strong><br \/>\npor Claudio Ferrari \/\u00a0<strong>280<\/strong><\/p>\n<p><strong>\u00a7 DRAMA SIN NOMBRE<\/strong><br \/>\npor Antonio Redondo And\u00fajar \/ <b>302<\/b><\/p>\n<p><strong>\u00a7 PEDRITO, EL SO\u00d1ADOR (Obra de teatro en un acto)<\/strong><br \/>\npor David S\u00e1nchez Juliao \/ <b>312<\/b><\/p>\n<p>&nbsp;<\/p>\n<hr \/>\n<p style=\"text-align: justify;\">\n","protected":false},"excerpt":{"rendered":"<p>\u00cdndice Poes\u00eda \u00a7 Ana Mar\u00eda Alcaraz Roca \/ 1 \u00a7 Rodolfo Alfonso \/ 2 \u00a7\u00a0Odette Alonso Yod\u00fa \/ 3 \u00a7\u00a0Luis Alberto Ambroggio \/ 4 \u00a7\u00a0Juan Ram\u00f3n Barat Dolz \/ 5 \u00a7\u00a0Hilario Barrero \/ 6 \u00a7\u00a0Jes\u00fas I. Callejas \/ 7 \u00a7\u00a0Jes\u00fas C\u00e1novas Mart\u00ednez \/ 8 \u00a7\u00a0Pablo Cassi \/ 10 \u00a7\u00a0Omar Cerit \/ 11 \u00a7\u00a0Alexis Figueredo \/ [&hellip;]<\/p>\n","protected":false},"featured_media":83,"comment_status":"closed","ping_status":"closed","template":"","meta":[],"product_cat":[10],"product_tag":[],"class_list":{"0":"post-108","1":"product","2":"type-product","3":"status-publish","4":"has-post-thumbnail","6":"book_author-anuarios-baquiana","7":"product_cat-anuarios-de-la-revista-literaria-baquiana-vp","8":"entry"},"_links":{"self":[{"href":"https:\/\/www.baquiana.com\/bookstore\/wp-json\/wp\/v2\/product\/108"}],"collection":[{"href":"https:\/\/www.baquiana.com\/bookstore\/wp-json\/wp\/v2\/product"}],"about":[{"href":"https:\/\/www.baquiana.com\/bookstore\/wp-json\/wp\/v2\/types\/product"}],"replies":[{"embeddable":true,"href":"https:\/\/www.baquiana.com\/bookstore\/wp-json\/wp\/v2\/comments?post=108"}],"wp:featuredmedia":[{"embeddable":true,"href":"https:\/\/www.baquiana.com\/bookstore\/wp-json\/wp\/v2\/media\/83"}],"wp:attachment":[{"href":"https:\/\/www.baquiana.com\/bookstore\/wp-json\/wp\/v2\/media?parent=108"}],"wp:term":[{"taxonomy":"product_cat","embeddable":true,"href":"https:\/\/www.baquiana.com\/bookstore\/wp-json\/wp\/v2\/product_cat?post=108"},{"taxonomy":"product_tag","embeddable":true,"href":"https:\/\/www.baquiana.com\/bookstore\/wp-json\/wp\/v2\/product_tag?post=108"}],"curies":[{"name":"wp","href":"https:\/\/api.w.org\/{rel}","templated":true}]}}