{"id":110,"date":"2016-02-01T04:54:48","date_gmt":"2016-02-01T09:54:48","guid":{"rendered":"http:\/\/baquiana.com\/bookstore\/?post_type=product&#038;p=106"},"modified":"2021-10-11T21:48:20","modified_gmt":"2021-10-12T01:48:20","slug":"revista-literaria-baquiana-anuario-vi-2004-2005","status":"publish","type":"product","link":"https:\/\/www.baquiana.com\/bookstore\/product\/revista-literaria-baquiana-anuario-vi-2004-2005\/","title":{"rendered":"REVISTA LITERARIA BAQUIANA &#8211; ANUARIO VI (2004-2005)"},"content":{"rendered":"<h1>\u00cdndice<\/h1>\n<h3>Poes\u00eda<\/h3>\n<p><strong>\u00a7 Jos\u00e9 Acosta \/ 21<\/strong><br \/>\n<strong>\u00a7 L\u00eddice Alem\u00e1n \/ 22<\/strong><br \/>\n<strong>\u00a7 Armando \u00c1lvarez Bravo \/ 23<\/strong><br \/>\n<strong>\u00a7 Francisco Brines \/ 24<\/strong><br \/>\n<strong>\u00a7 Juan Jos\u00e9 Cant\u00f3n \/ 25<\/strong><br \/>\n<strong>\u00a7 Arianna Casta\u00f1eda \/ 26<\/strong><br \/>\n<strong>\u00a7 Juana Castro \/ 27<\/strong><br \/>\n<strong>\u00a7 Carlos E. Cenzano \/ 28<\/strong><br \/>\n<strong>\u00a7 Diego M. Ferrero \/ 29<\/strong><br \/>\n<strong>\u00a7 Jos\u00e9 Luis Garc\u00eda Herrera \/ 30<\/strong><br \/>\n<strong>\u00a7 Reinaldo Garc\u00eda Ramos \/ 31<\/strong><br \/>\n<strong>\u00a7 Isaac Goldemberg \/ 32<\/strong><br \/>\n<strong>\u00a7 Rina Lastres \/ 33<\/strong><br \/>\n<strong>\u00a7 Laura Medina Espinoza \/ 34<\/strong><br \/>\n<strong>\u00a7 Luis Ossa Gajardo \/ 35<\/strong><br \/>\n<strong>\u00a7 Balbina Prior \/ 36<\/strong><br \/>\n<strong>\u00a7 Antonio Redondo And\u00fajar \/ 37<\/strong><br \/>\n<strong>\u00a7 Juan Pablo Riveros \/ 38<\/strong><br \/>\n<strong>\u00a7 Sabina Sarmiento \/ 39<\/strong><br \/>\n<strong>\u00a7 Carmen Valle \/ 40<\/strong><\/p>\n<p>&nbsp;<\/p>\n<h3>Rese\u00f1a<\/h3>\n<p><strong>\u00a7 WILLIAM NAVARRETE: VERSOS QUE REINAN SOBRE LA MUERTE\u2026 Y EL FR\u00cdO<\/strong><br \/>\npor Lira Campoamor \/ <strong>43<\/strong><\/p>\n<p><strong>\u00a7 EL VUELO EN LA JAULA<\/strong><br \/>\npor Natalia Carbajosa Palmero \/ <strong>47<\/strong><\/p>\n<p><strong><i>\u00a7 VIENTOS DEL SENTIMIENTO<\/i><\/strong><br \/>\npor Aitor L. Larrabide \/ <strong>49<\/strong><\/p>\n<p><strong>\u00a7 JAVIER ALVARADO, ERROL CABALLERO Y ELOY FISHER: UNA POES\u00cdA JOVEN Y SIN CIRCUNLOQUIOS<\/strong><br \/>\npor Humberto L\u00f3pez Cruz \/ <strong>52<\/strong><\/p>\n<p><strong>\u00a7 J.A. ALBERTINI Y\u00a0<i>EL ENTIERRO DE LAS UTOP\u00cdAS<\/i><\/strong><br \/>\npor Rodolfo Mart\u00ednez Sotomayor \/ <strong>55<\/strong><\/p>\n<p><strong>\u00a7<i> CUENTOS DESDE MIAMI<\/i>\u00a0(UNA LITERATURA DE LO ADVERSO)<\/strong><br \/>\npor Maricel Mayor Mars\u00e1n \/ <strong>60<\/strong><\/p>\n<p><strong>\u00a7<i> LA CAVERNA<\/i>, UNA EXPLOSI\u00d3N DE OPTIMISMO<\/strong><br \/>\npor Ezequiel P\u00e9rez Mart\u00edn \/ <strong>62<\/strong><\/p>\n<p><strong>\u00a7<i> LA OLA LATINA<\/i>\u00a0(UN LIBRO QUE LLEG\u00d3 PARA QUEDARSE)<\/strong><br \/>\npor Ezequiel P\u00e9rez Mart\u00edn \/ <strong>66<\/strong><\/p>\n<p><strong>\u00a7<i> Y EL MAR SIGUE BATIENDO<\/i><\/strong><br \/>\npor Norma P\u00e9rez Mart\u00edn \/ <strong>69<\/strong><\/p>\n<p><strong>\u00a7<i> LAS JORNADAS DE MATEO<\/i><\/strong><br \/>\npor Ario E. Salazar \/ <strong>72<\/strong><\/p>\n<p><strong>\u00a7\u00a0LA HUMANIDAD EN EL POEMA<\/strong><br \/>\npor Jos\u00e9 Manuel Prado Ant\u00fanez \/ <strong>75<\/strong><\/p>\n<p>&nbsp;<\/p>\n<h3>Cuento<\/h3>\n<p><strong>\u00a7 YO, DON PEDRO<\/strong><br \/>\npor Gonzalo Bizama Mu\u00f1oz \/ <strong>81<\/strong><\/p>\n<p><strong>\u00a7 GUANTES BLANCOS<\/strong><br \/>\npor Patricia E. Blumenreich \/ <strong>83<\/strong><\/p>\n<p><strong>\u00a7 LA VIRGEN SE LLAMA JUANA<\/strong><br \/>\npor Teresa Dovalpage \/ <strong>87<\/strong><\/p>\n<p><strong>\u00a7 UNO DE ESOS MILAGROS<\/strong><br \/>\npor Rodolfo Mart\u00ednez Sotomayor \/ <strong>93<\/strong><\/p>\n<p><strong>\u00a7 LA VIDA EN UN MINUTO<\/strong><br \/>\npor Dar\u00edo Oses Moya \/ <strong>97<\/strong><\/p>\n<p><strong>\u00a7 REV\u00d3LVER<\/strong><br \/>\npor Iv\u00e1n Quesada \/ <strong>100<\/strong><\/p>\n<p><strong>\u00a7 NOSOTROS Y EL SHAMANTHA\u00b4S<\/strong><br \/>\npor Miguel S\u00e1nchez Robles \/ <strong>106<\/strong><\/p>\n<p><strong>\u00a7 HEX\u00c1GONO<\/strong><br \/>\npor Luis S. Taza Hern\u00e1ndez \/ <strong>116<\/strong><\/p>\n<p><strong>\u00a7 SOPA DE NOSTALGIA<\/strong><br \/>\npor Marga Varea \/ <strong>118<\/strong><\/p>\n<p>&nbsp;<\/p>\n<h3>Ensayo<\/h3>\n<p><strong>\u00a7 CERVANTES Y LA FILOSOF\u00cdA ESPA\u00d1OLA<\/strong><br \/>\npor Ram\u00f3n Fern\u00e1ndez Palmeral \/ <strong>123<\/strong><\/p>\n<p><strong>\u00a7 MUJER OBJETO<\/strong><br \/>\npor Jes\u00fas Freire \u00c1lvarez \/ <strong>133<\/strong><\/p>\n<p><strong>\u00a7 JOS\u00c9 OLIVIO JIM\u00c9NEZ: PERMANENCIA DE SU QUEHACER CR\u00cdTICO<\/strong><br \/>\npor Yara Gonz\u00e1lez Montes \/ <strong>139<\/strong><\/p>\n<p><strong>\u00a7 LIDIA CABRERA Y LOS TAMBORES DE LA BRUJA AYAP\u00c1<\/strong><br \/>\npor Mariela A. Guti\u00e9rrez \/ <strong>148<\/strong><\/p>\n<p><strong>\u00a7 MUNDOS POSIBLES Y FICCIONES NARRATIVAS<\/strong><br \/>\npor Adolfo V\u00e1squez Rocca \/ <strong>156<\/strong><\/p>\n<p><strong>\u00a7 EL ORIGEN CL\u00c1SICO DE LA JITANJ\u00c1FORA<\/strong><br \/>\npor Gladys Zald\u00edvar \/ <strong>174<\/strong><\/p>\n<p>&nbsp;<\/p>\n<h3>Entrevista<\/h3>\n<p><strong>\u00a7 ENTREVISTA CON EL POETA ESPA\u00d1OL FRANCISCO BRINES<\/strong><br \/>\npor Maricel Mayor Mars\u00e1n \/ <strong>183<\/strong><\/p>\n<p><strong>\u00a7 ENTREVISTA CON LA ESCRITORA CUBANA DA\u00cdNA CHAVIANO<\/strong><br \/>\npor Maricel Mayor Mars\u00e1n \/ <strong>193<\/strong><\/p>\n<p><strong>\u00a7 ENTREVISTA A VICENTE DOPICO LERNER<\/strong><br \/>\npor Maricel Mayor Mars\u00e1n \/ <strong>200<\/strong><\/p>\n<p><strong>\u00a7 ENTREVISTA CON EL FOT\u00d3GRAFO Y CINEASTA CUBANO MARIO GARC\u00cdA JOYA (LA MEMORIA A TRAV\u00c9S DEL LENTE)<\/strong><br \/>\npor Maricel Mayor Mars\u00e1n \/ <strong>212<\/strong><\/p>\n<p><strong>\u00a7 ENTREVISTA A DULI OLMEDO BOT\u00cdA<\/strong><br \/>\npor Patricio E. Palacios \/ <strong>228<\/strong><\/p>\n<p>&nbsp;<\/p>\n<h3>Narrativa<\/h3>\n<p><strong>\u00a7 EL YEDINO<\/strong><br \/>\npor V\u00edctor J. Asencio \/ <strong>237<\/strong><\/p>\n<p><strong>\u00a7 I &#8211; COMPULSI\u00d3N | II &#8211; ESTR\u00c9S | III &#8211; PARANOIA<\/strong><br \/>\npor Natalia Carbajosa Palmero \/ <strong>242<\/strong><\/p>\n<p><strong>\u00a7 EL COLOQUIO DE LOS ILUSTRES<\/strong><br \/>\npor Carlos P\u00e9rez Vaquero \/ <strong>250<\/strong><\/p>\n<p><strong>\u00a7 EN UN LUGAR DE CUCHILLEROS<\/strong><br \/>\npor David S\u00e1nchez Juliao \/ <strong>257<\/strong><\/p>\n<p>&nbsp;<\/p>\n<h3>Opiniones<\/h3>\n<p><strong>\u00a7 HOMENAJE A PABLO NERUDA<\/strong><br \/>\npor Isabel D\u00edez Serrano \/ <strong>263<\/strong><\/p>\n<p><strong>\u00a7 MATAR A PAP\u00c1 NOEL<\/strong><br \/>\npor Jos\u00e9 Luis Mejia \/ <strong>270<\/strong><\/p>\n<p><strong>\u00a7 BICENTENARIO DE HANS CHRISTIAN ANDERSEN (1805 \u2013 2005)<\/strong><br \/>\npor V\u00edctor Montoya \/ <strong>275<\/strong><\/p>\n<p><strong>\u00a7 LA ESCRITORA AUSTRIACA ELFRIEDE JELINEK ES LA NUEVA PREMIO N\u00d3BEL DE LITERATURA<\/strong><br \/>\npor Lidio Mosca Bustamante \/ <strong>282<\/strong><\/p>\n<p><strong>\u00a7 PABLO NERUDA Y MIGUEL HERN\u00c1NDEZ: LA POES\u00cdA ENTRE EL VINO Y LA SANGRE<\/strong><br \/>\npor Manuel Parra Pozuelo \/ <strong>285<\/strong><\/p>\n<p><strong>\u00a7 EL TEATRO ESPA\u00d1OL EN PEQUE\u00d1O FORMATO<\/strong><br \/>\npor Marga Varea \/ <strong>290<\/strong><\/p>\n<p>&nbsp;<\/p>\n<h3>Teatro<\/h3>\n<p><strong>\u00a7 EN EL DIV\u00c1N (O UNA SESI\u00d3N DE PSICOAN\u00c1LISIS) (OBRA DE TEATRO BREVE)<\/strong><br \/>\npor Teresa Domingo Catal\u00e1 \/ <strong>297<\/strong><\/p>\n<p><strong>\u00a7 LA VALIJA DE LOS DESEOS<\/strong><br \/>\npor Graciela Licciardi \/ <strong>306<\/strong><\/p>\n<p><strong>\u00a7 EL REINA MAR\u00cdA<\/strong><br \/>\npor Yvonne L\u00f3pez Arenal \/ <strong>319<\/strong><\/p>\n<p>&nbsp;<\/p>\n<p>&nbsp;<\/p>\n<hr \/>\n<p>&nbsp;<\/p>\n<p>&nbsp;<\/p>\n<p style=\"text-align: justify;\">En el <strong>VI Anuario de Baquiana<\/strong> participan m\u00e1s de cincuenta escritores de doce pa\u00edses de habla hispana. La revista se divide en ocho secciones, desde la poes\u00eda al teatro, pasando por el cuento y el ensayo. Quiz\u00e1s la poes\u00eda sea la estrella de Baquiana desde su nacimiento. En este sexto anuario se puede leer una muestra de veinte poetas. Es una gama po\u00e9tica llena de matices que se contraponen a veces y en ocasiones se complementan.\u00a0Por sus p\u00e1ginas desfilan, entre otros, la exculpaci\u00f3n po\u00e9tica, del dominicano <strong>Jos\u00e9 Acosta<\/strong>; el desenga\u00f1o en clave literaria, de la poeta cubana <strong>L\u00eddice Alem\u00e1n<\/strong>; el arraigo a la tierra, de su compatriota <strong>Armando \u00c1lvarez<\/strong>; los versos vitalistas del espa\u00f1ol <strong>Francisco Brines<\/strong>; un soneto cl\u00e1sico en homenaje a G\u00f3ngora, de la espa\u00f1ola <strong>Juana Castro<\/strong>; el canto de amor, del argentino <strong>Diego Ferrero<\/strong>, y la mezcla de lo cotidiano con lo trascendental, en los versos de la puertorrique\u00f1a <strong>Carmen Valle<\/strong>.<\/p>\n<p style=\"text-align: justify;\">Baquiana ofrece una secci\u00f3n de rese\u00f1as literarias que van desde el poemario <strong><em>Vientos del sentimiento: de mi huerto a Miguel Hern\u00e1ndez<\/em><\/strong>, de <strong>Manuel Roberto Leon\u00eds<\/strong>, hasta <strong><em>Cuentos desde Miami<\/em><\/strong>, selecci\u00f3n de narradores cubanos que tienen en com\u00fan el \u00e9xodo mar\u00edtimo hacia Estados Unidos o la ruptura con la \u00abcubanidad establecida\u00bb.<\/p>\n<p style=\"text-align: justify;\">Los cuentos que se publican en el anuario mantienen el alto nivel literario de la secci\u00f3n de cuentos. Aparecen nueve autores, entre los que hay algunos casi in\u00e9ditos y otros con una trayectoria literaria reconocida y extensa. El chileno <strong>Gonzalo Bizama<\/strong>, con un escaso bagaje editorial, nos presenta sin embargo un relato cuidado y efectivo, <em>Yo, don Pedro<\/em>, que se convierte en una breve instant\u00e1nea de la conquista de Am\u00e9rica. Por su parte, <strong>Patricia E. Blumenreich<\/strong> \u2014uruguaya de nacimiento y psiquiatra de formaci\u00f3n\u2014 ofrece una excelente y sarc\u00e1stica visi\u00f3n de la influencia de los padres sobre los hijos en su relato <em>Guantes blancos<\/em>. La murciana <strong>Marga Varea<\/strong> publica <em>Sopa de nostalgia<\/em>, un bello cuadro de ruptura y desamor en tono intimista. <em>La vida en un minuto<\/em> es el t\u00edtulo del cuento que nos ofrece el chileno <strong>Dar\u00edo Oses<\/strong>: descripci\u00f3n angustiosa y muy realista de la situaci\u00f3n que se produce tras un atropello. Y, por \u00faltimo, destacaremos el cuento del murciano <strong>Miguel S\u00e1nchez Robles<\/strong>, <em>Nosotros y el Shamantha\u00b4s<\/em>. Relato estremecedor, en la l\u00ednea del escritor caravaque\u00f1o: bodeg\u00f3n de personajes desgarrados, ab\u00falicos en ocasiones, seres \u00abtristes que fuman para soportar la vida\u00bb.<\/p>\n<p style=\"text-align: justify;\">En el VI Anuario de Baquiana tenemos tambi\u00e9n la oportunidad de leer media docena de ensayos literarios muy interesantes. Se aborda el tema de <strong>\u00abCervantes y la filosof\u00eda espa\u00f1ola\u00bb<\/strong>; hay un estudio sobre <strong>\u00abLa mujer objeto\u00bb en el relato <em>La intrusa<\/em> de Borges<\/strong>; una semblanza sobre <strong>Jos\u00e9 Olivio Jim\u00e9nez (Santa Clara, Cuba, 1926 \u2013 Madrid, 2003)<\/strong>, investigador y cr\u00edtico literario; un ensayo sobre la narrativa de la cubana <strong>Lidia Cabrera<\/strong>; un estudio sobre las relaciones entre Filosof\u00eda y Arte en la postmodernidad, en el \u00e1mbito del cine, literatura y pl\u00e1stica, y por \u00faltimo un curioso estudio del poema cubano <strong>\u00abJitanj\u00e1fora\u00bb<\/strong>.<\/p>\n<p style=\"text-align: justify;\">En la secci\u00f3n dedicada a las entrevistas, la directora de redacci\u00f3n de Baquiana, <strong>Maricel Mayor Mars\u00e1n<\/strong>, nos ofrece cuatro conversaciones con artistas de distintas disciplinas. Con el poeta <strong>Francisco Brines<\/strong> (Oliva, Valencia, 1932) habla sobre la Generaci\u00f3n de los 50, sobre su obra po\u00e9tica, su relaci\u00f3n con poetas hispanoamericanos y su opini\u00f3n acerca de la poes\u00eda actual. En la entrevista a la escritora <strong>Da\u00edna Chaviano<\/strong> (La Habana, 1957), hablan sobre los or\u00edgenes literarios de la ganadora del Premio Azor\u00edn de novela de Alicante, de su papel dentro de la ciencia ficci\u00f3n, del papel que tiene la poes\u00eda en su obra literaria. Maricel Mayor entrevista tambi\u00e9n al pintor <strong>Vicente Dopico Lerner <\/strong>(La Habana, 1943) y al fot\u00f3grafo y cineasta <strong>Mario Garc\u00eda Joya<\/strong> (La Habana, 1938). Por su parte, el director de la revista Baquiana,<strong> Patricio E. Palacios<\/strong>, entrevista a la artista pl\u00e1stica <strong>Duli Olmedo Bot\u00eda<\/strong> (Bullas, Murcia), y con \u00e9l habla sobre su vocaci\u00f3n de pintora, su trayectoria profesional, influencias art\u00edsticas y proyectos en su trabajo. <strong>Duli Olmedo<\/strong> confiesa su deuda con Kandinsky y su inter\u00e9s por la obra de Antonio L\u00f3pez; nos cuenta algunos detalles sobre la proyecci\u00f3n que las sensaciones internas y externas del mundo tienen en su obra.<\/p>\n<p style=\"text-align: justify;\">Por \u00faltimo, el anuario de Baquiana nos ofrece un final de lujo con tres obras de teatro breves de tres mujeres: <strong>Teresa Domingo<\/strong> (Espa\u00f1a), <strong>Graciela Licciardi<\/strong> (Argentina) e <strong>Yvonne L\u00f3pez<\/strong> (Cuba). Apuesta por el teatro que Baquiana ha venido haciendo desde el primer n\u00famero; apuesta comprometida y encomiable para un g\u00e9nero que, a pesar de encontrarse en crisis casi desde sus or\u00edgenes, sigue teniendo un p\u00fablico fiel y unos autores que se mueven al margen de las modas.<\/p>\n<p style=\"text-align: justify;\">Baquiana es, en definitiva, un puente cultural, una realidad literaria que dignifica el idioma y a los escritores, a la vez que coloca bajo un mismo poder \u2014 el poder del lenguaje\u2014 a m\u00e1s de 400 millones de personas repartidas por todo el mundo.<\/p>\n<p style=\"text-align: right;\"><strong>BAQUIANA, LITERATURA EN LA RED<br \/>\n<\/strong><strong>PERI\u00d3D<\/strong><strong>ICO \u201cEL NOROESTE\u201d<br \/>\n<\/strong><strong><em>SUPLEMENTO CULTURAL DEITANIA<\/em><br \/>\n<\/strong><strong>por Luis Leante<br \/>\n<\/strong><strong>Caravaca de la Cruz, Murcia, Espa\u00f1a<br \/>\n<\/strong><strong>Del 17 de junio al 1 de julio de 2006<\/strong><\/p>\n","protected":false},"excerpt":{"rendered":"<p>\u00cdndice Poes\u00eda \u00a7 Jos\u00e9 Acosta \/ 21 \u00a7 L\u00eddice Alem\u00e1n \/ 22 \u00a7 Armando \u00c1lvarez Bravo \/ 23 \u00a7 Francisco Brines \/ 24 \u00a7 Juan Jos\u00e9 Cant\u00f3n \/ 25 \u00a7 Arianna Casta\u00f1eda \/ 26 \u00a7 Juana Castro \/ 27 \u00a7 Carlos E. Cenzano \/ 28 \u00a7 Diego M. Ferrero \/ 29 \u00a7 Jos\u00e9 Luis Garc\u00eda [&hellip;]<\/p>\n","protected":false},"featured_media":446,"comment_status":"closed","ping_status":"closed","template":"","meta":[],"product_cat":[10],"product_tag":[],"class_list":{"0":"post-110","1":"product","2":"type-product","3":"status-publish","4":"has-post-thumbnail","6":"book_author-anuarios-baquiana","7":"product_cat-anuarios-de-la-revista-literaria-baquiana-vp","8":"entry"},"_links":{"self":[{"href":"https:\/\/www.baquiana.com\/bookstore\/wp-json\/wp\/v2\/product\/110"}],"collection":[{"href":"https:\/\/www.baquiana.com\/bookstore\/wp-json\/wp\/v2\/product"}],"about":[{"href":"https:\/\/www.baquiana.com\/bookstore\/wp-json\/wp\/v2\/types\/product"}],"replies":[{"embeddable":true,"href":"https:\/\/www.baquiana.com\/bookstore\/wp-json\/wp\/v2\/comments?post=110"}],"wp:featuredmedia":[{"embeddable":true,"href":"https:\/\/www.baquiana.com\/bookstore\/wp-json\/wp\/v2\/media\/446"}],"wp:attachment":[{"href":"https:\/\/www.baquiana.com\/bookstore\/wp-json\/wp\/v2\/media?parent=110"}],"wp:term":[{"taxonomy":"product_cat","embeddable":true,"href":"https:\/\/www.baquiana.com\/bookstore\/wp-json\/wp\/v2\/product_cat?post=110"},{"taxonomy":"product_tag","embeddable":true,"href":"https:\/\/www.baquiana.com\/bookstore\/wp-json\/wp\/v2\/product_tag?post=110"}],"curies":[{"name":"wp","href":"https:\/\/api.w.org\/{rel}","templated":true}]}}