{"id":111,"date":"2016-02-01T05:18:06","date_gmt":"2016-02-01T10:18:06","guid":{"rendered":"http:\/\/baquiana.com\/bookstore\/?post_type=product&#038;p=107"},"modified":"2021-10-11T21:48:46","modified_gmt":"2021-10-12T01:48:46","slug":"revista-literaria-baquiana-anuario-vii-2005-2006","status":"publish","type":"product","link":"https:\/\/www.baquiana.com\/bookstore\/product\/revista-literaria-baquiana-anuario-vii-2005-2006\/","title":{"rendered":"REVISTA LITERARIA BAQUIANA &#8211; ANUARIO VII (2005-2006)"},"content":{"rendered":"<h1>\u00cdndice<\/h1>\n<h3>Poes\u00eda<\/h3>\n<p><strong>\u00a7 Enrique Agramante Robles \/ 21<\/strong><br \/>\n<strong>\u00a7 Jos\u00e9 Mar\u00eda \u00c1lvarez \/ 22<\/strong><br \/>\n<strong>\u00a7 Gin\u00e9s Aniorte \/ 23<\/strong><br \/>\n<strong>\u00a7 Javier Bello \/ 24<\/strong><br \/>\n<strong>\u00a7 Damaris Calder\u00f3n Campos \/ 25<\/strong><br \/>\n<strong>\u00a7 Mario R. Cancel \/ 26<\/strong><br \/>\n<strong>\u00a7 Valent\u00edn Carcel\u00e9n \/ 27<\/strong><br \/>\n<strong>\u00a7 Jos\u00e9 Antonio Charques Salas \/ 28<\/strong><br \/>\n<strong>\u00a7 H\u00e9ctor Jos\u00e9 Corredor Cuervo \/ 29<\/strong><br \/>\n<strong>\u00a7 Luis Alberto De Cuenca \/ 30<\/strong><br \/>\n<strong>\u00a7 Teresa Domingo Catal\u00e1 \/ 31<\/strong><br \/>\n<strong>\u00a7 Carles Duarte \/ 32<\/strong><br \/>\n<strong>\u00a7 Marco Fonz De Tanya \/ 33<\/strong><br \/>\n<strong>\u00a7 Joaqu\u00edn G\u00e1lvez \/ 34<\/strong><br \/>\n<strong>\u00a7 Dana Gelinas \/ 35<\/strong><br \/>\n<strong>\u00a7 German Guerra \/ 36<\/strong><br \/>\n<strong>\u00a7 Leticia Herrera \u00c1lvarez \/ 37<\/strong><br \/>\n<strong>\u00a7 Alfonso Larrahona K\u00e4sten \/ 38<\/strong><br \/>\n<strong>\u00a7 Josefina Leyva \/ 39<\/strong><br \/>\n<strong>\u00a7 Adolfo Marchena \/ 40<\/strong><br \/>\n<strong>\u00a7 Alberto Mart\u00ednez M\u00e1rquez \/ 41<\/strong><br \/>\n<strong>\u00a7 Marcial Mendieta \/ 42<\/strong><br \/>\n<strong>\u00a7 Yoel Mesa Falc\u00f3n \/ 43<\/strong><br \/>\n<strong>\u00a7 Maribel R. Ortiz \/ 44<\/strong><br \/>\n<strong>\u00a7 Yuri P\u00e9rez \/ 45<\/strong><br \/>\n<strong>\u00a7 Jos\u00e9 P\u00e9rez Olivares \/ 46<\/strong><br \/>\n<strong>\u00a7 Julio C\u00e9sar Pol \/ 47<\/strong><br \/>\n<strong>\u00a7 Alberto Romero \/ 48<\/strong><br \/>\n<strong>\u00a7 Arturo Tendero \/ 49<\/strong><br \/>\n<strong>\u00a7 Diego Valverde Villena \/ 50<\/strong><br \/>\n<strong>\u00a7 Gladys Zald\u00edvar \/ 51<\/strong><\/p>\n<p>&nbsp;<\/p>\n<h3>Rese\u00f1a<\/h3>\n<p><strong>\u00a7 <em>MIENTRAS TODO SUCEDE<\/em>. AMADA GARC\u00cdA PUENTES<\/strong><br \/>\npor Gin\u00e9s Aniorte \/ <strong>55<\/strong><\/p>\n<p><strong>\u00a7 UNA FICCI\u00d3N TOTALIZADORA DE SANDINO<\/strong><br \/>\npor Jorge Eduardo Arellano \/ <strong>57<\/strong><\/p>\n<p><strong>\u00a7 ROSARIO FERR\u00c9. DE LA SART\u00c9N AL FUEGO DE LA LITERATURA<\/strong><br \/>\npor Joaqu\u00edn Badajoz \/ <strong>60<\/strong><\/p>\n<p><strong>\u00a7 REINVENTAR \/ REESCRIBIR A VIRGILIO PI\u00d1ERA: CALENTURA DE TERESA C. BARRETO<\/strong><br \/>\npor Jes\u00fas J. Barquet \/ <strong>65<\/strong><\/p>\n<p><strong>\u00a7\u00a0LA POES\u00cdA PLURISIGNIFICATIVA DE LUIS ALBERTO AMBROGGIO<\/strong><br \/>\npor Miguel Fajardo Korea \/ <strong>70<\/strong><\/p>\n<p><strong>\u00a7 <em>PATOLOG\u00cdAS<\/em>. NATALIA CARBAJOSA PALMERO<\/strong><br \/>\npor Pascual Garc\u00eda \/ <strong>76<\/strong><\/p>\n<p><strong>\u00a7 LEONARDO FERN\u00c1NDEZ MARCAN\u00c9 Y LA POES\u00cdA ROM\u00c1NTICA HISPANOAMERICANA<\/strong><br \/>\npor Ellen Lismore Leeder \/ <strong>79<\/strong><\/p>\n<p><strong>\u00a7 RODOLFO MART\u00cdNEZ SOTOMAYOR. ALEJANDO FOBIAS Y DESPEJANDO ENCIERROS<\/strong><br \/>\npor Maricel Mayor Mars\u00e1n \/ <strong>83<\/strong><\/p>\n<p><strong>\u00a7 DULCE MAR\u00cdA LOYNAZ AL DESNUDO<\/strong><br \/>\npor Ezequiel P\u00e9rez Mart\u00edn \/ <strong>85<\/strong><\/p>\n<p><strong>\u00a7 TIERRA DE NADIE, TIERRA DE TODOS NOSOTROS: A PROP\u00d3SITO DE UN LIBRO DE ISAAC GOLDEMBERG<\/strong><br \/>\npor Ra\u00fal Zurita \/ <strong>88<\/strong><\/p>\n<p>&nbsp;<\/p>\n<h3>Cuento<\/h3>\n<p><strong>\u00a7 HAPPY THANKSGIVING<\/strong><br \/>\npor Jos\u00e9 Abreu Felippe \/ <strong>95<\/strong><\/p>\n<p><strong>\u00a7 EL DOLOR DEL ARTISTA<\/strong><br \/>\npor Leonora Acu\u00f1a De Marmolejo \/ <strong>97<\/strong><\/p>\n<p><strong>\u00a7 TRAVES\u00cdA<\/strong><br \/>\npor Aurora Arias \/ <strong>100<\/strong><\/p>\n<p><strong>\u00a7 UNA CARTA, UNA RESPUESTA<\/strong><br \/>\npor Patricia E. Blumenreich \/ <strong>109<\/strong><\/p>\n<p><strong>\u00a7 LA VISITA<\/strong><br \/>\npor Manuel C. D\u00edaz \/ <strong>114<\/strong><\/p>\n<p><strong>\u00a7 SIN AVISO<\/strong><br \/>\npor Marcelo D. Ferrer \/ <strong>119<\/strong><\/p>\n<p><strong>\u00a7 EL BILLETE<\/strong><br \/>\npor Reinaldo Edmundo Marchant \/ <strong>126<\/strong><\/p>\n<p><strong>\u00a7 LAS TROMPETAS DEL JUICIO<\/strong><br \/>\npor Rosy Palau \/ <strong>122<\/strong><\/p>\n<p><strong>\u00a7 EL LIBRO A\u00daN TEN\u00cdA REMEDIO<\/strong><br \/>\npor Liliana Valderrama Blum \/ <strong>130<\/strong><\/p>\n<p>&nbsp;<\/p>\n<h3>Ensayo<\/h3>\n<p><strong>\u00a7 EL APORTE FEMENINO: DESCUBRIMIENTO, CONQUISTA Y COLONIA EN\u00a0<i>LAS P\u00cdCARAS INDIAS<\/i>\u00a0(1992) DE EMILIO GARC\u00cdA-MERAS<\/strong><br \/>\npor Niza Fabre \/ <strong>139<\/strong><\/p>\n<p><strong>\u00a7<i> EXILIO<\/i>: UN DRAMA PARA TODAS LAS \u00c9POCAS<\/strong><br \/>\npor Armando Gonz\u00e1lez P\u00e9rez \/ <strong>148<\/strong><\/p>\n<p><strong>\u00a7<i> EL ARQUERO EN LA JAULA<\/i>\u00a0(EL CREACIONISMO DE HUIDOBRO EN LA PO\u00c9TICA DE GERARDO DIEGO)<\/strong><br \/>\npor Francisco Javier Maldonado Araque \/ <strong>156<\/strong><\/p>\n<p><strong>\u00a7 IDENTIDAD CHILENA Y GABRIELA MISTRAL<\/strong><br \/>\npor Paula Miranda Herrera \/ <strong>164<\/strong><\/p>\n<p><strong>\u00a7 G\u00c9RMENES, TR\u00d3PICO Y SUDOR:\u00a0<i>LA HABANERA<\/i>\u00a0DE DETLEF SIERK (SIRK) Y PUERTO RICO COMO MET\u00c1FORA RACISTA EN LA VISI\u00d3N CINEMATOGR\u00c1FICA NAZI, 1937<\/strong><br \/>\npor Sandra Pujals \/ <strong>174<\/strong><\/p>\n<p>&nbsp;<\/p>\n<h3>Entrevista<\/h3>\n<p><strong>\u00a7 ENTREVISTA CON JOS\u00c9 ALC\u00c1NTARA ALM\u00c1NZAR<\/strong><br \/>\npor Maricel Mayor Mars\u00e1n \/ <strong>189<\/strong><\/p>\n<p><strong>\u00a7 ENTREVISTA CON ORLANDO GONZ\u00c1LEZ ESTEVA<\/strong><br \/>\npor Maricel Mayor Mars\u00e1n \/ <strong>199<\/strong><\/p>\n<p><strong>\u00a7 ENTREVISTA CON HUMBERTO L\u00d3PEZ MORALES, SECRETARIO GENERAL DE LA ASOCIACI\u00d3N DE LAS ACADEMIAS DE LA LENGUA ESPA\u00d1OLA EN MADRID<\/strong><br \/>\npor Maricel Mayor Mars\u00e1n \/ <strong>211<\/strong><\/p>\n<p><strong>\u00a7 ENTREVISTA CON EL ARTISTA PL\u00c1STICO CUBANO YOVANI BAUTA<\/strong><br \/>\npor Patricio E. Palacios \/ <strong>219<\/strong><\/p>\n<p>&nbsp;<\/p>\n<h3>Narrativa<\/h3>\n<p><strong>\u00a7 YAYA<\/strong><br \/>\npor Nicol\u00e1s Abreu \/ <strong>229<\/strong><\/p>\n<p><strong>\u00a7 LAS MIRADAS DE MADONNA<\/strong><br \/>\npor Manuel Bol\u00edvar Graterol \/ <strong>234<\/strong><\/p>\n<p><strong>\u00a7 VOY POR LA VEREDA TROPICAL<\/strong><br \/>\npor Alberto Lauro \/ <strong>240<\/strong><\/p>\n<p><strong>\u00a7 SOMBRAS<\/strong><br \/>\npor Graciela Licciardi \/ <strong>243<\/strong><\/p>\n<p><strong>\u00a7 RELATOS BREVES<\/strong><br \/>\npor Jorge Gustavo Portella \/ <strong>245<\/strong><\/p>\n<p>&nbsp;<\/p>\n<h3>Opiniones<\/h3>\n<p><strong>\u00a7 LAS DUDAS Y EL TIEMPO<\/strong><br \/>\npor Jorge Carrasco \/ <strong>251<\/strong><\/p>\n<p><strong>\u00a7 MIGUEL HERN\u00c1NDEZ: SU VISI\u00d3N SOCIAL DE LA MUJER Y LA VIGENCIA DE SU POES\u00cdA<\/strong><br \/>\npor Maricel Mayor Mars\u00e1n \/ <strong>262<\/strong><\/p>\n<p><strong>\u00a7 DEFINICIONES Y NOSTALGIAS (VARIACIONES SOBRE EL CINE)<\/strong><br \/>\npor Jos\u00e9 Manuel Prado Ant\u00fanez \/ <strong>267<\/strong><\/p>\n<p><strong>\u00a7 CHIAPAS Y SU EXPRESIVIDAD METAF\u00d3RICA<\/strong><br \/>\npor \u00d3scar Wong \/ <strong>281<\/strong><\/p>\n<p>&nbsp;<\/p>\n<h3>Teatro<\/h3>\n<p><strong>\u00a7 EL HOMBRE QUE NO VI\u00d3 LA MAR<\/strong><br \/>\npor Salvador Enr\u00edquez \/ <strong>291<\/strong><\/p>\n<p><strong>\u00a7 EL \u00daLTIMO GOLPE<\/strong><br \/>\npor Marcelo Mallea Hern\u00e1ndez \/ <strong>294<\/strong><\/p>\n<p><strong>\u00a7 LA OREJA MILITAR<\/strong><br \/>\npor Pedro R. Monge Rafuls \/ <strong>301<\/strong><\/p>\n<p><strong>\u00a7 OSCURO SOLILOQUIO<\/strong><br \/>\npor Antonio Redondo And\u00fajar \/ <strong>326<\/strong><\/p>\n<p>&nbsp;<\/p>\n<p>&nbsp;<\/p>\n<hr \/>\n<p>&nbsp;<\/p>\n<p>&nbsp;<\/p>\n<p style=\"text-align: justify;\">Este <strong>VII Anuario<\/strong>, que re\u00fane las voces de casi setenta autores, junto a las seis entregas anteriores, permite tener una idea bastante clara del quehacer literario y el palpitar creativo de los hispanos en los Estados Unidos, y desde luego, de otras regiones del mundo. Pero estimo que m\u00e1s que nada destaca la fuerza creativa y el inter\u00e9s de los que residen en Norteam\u00e9rica.<\/p>\n<p style=\"text-align: justify;\">Estructurada en secciones fijas, Poes\u00eda, Cuento, Narrativa, Entrevistas, Rese\u00f1as, Ensayo, Opiniones y Teatro, el aludido panorama de las letras queda resumido en pr\u00e1cticamente todos los g\u00e9neros literarios. La poes\u00eda ocupa un espacio destacado, encontr\u00e1ndose las voces de una treintena de autores, <strong>Joaqu\u00edn G\u00e1lvez<\/strong>, <strong>Germ\u00e1n Guerra<\/strong>, <strong>Josefina Leyva<\/strong>, <strong>Gladys Zald\u00edvar<\/strong>, <strong>Leticia Herrera Alvarez<\/strong>, <strong>Diego Valverde Villena<\/strong>, entre otros.<\/p>\n<p style=\"text-align: justify;\">Los cuentos abren con <em>Happy Thanksgiving<\/em> de <strong>Jos\u00e9 Abreu Felippe<\/strong>, d\u00e1ndole paso <em>La Traves\u00eda<\/em> de <strong>Aurora Arias<\/strong>, as\u00ed como a <em>Una carta, una respuesta<\/em> de <strong>Patricia E. Blumenreich<\/strong> y <em>La visita<\/em> de <strong>Manuel C. D\u00edaz<\/strong>, todos de gran calidad. Otros textos narrativos destacados son <em>Yaya<\/em>, un fragmento de La Ribera, novela de <strong>Nicol\u00e1s Abreu<\/strong>. <strong>Alberto Lauro<\/strong> ofrece <em>Voy por la vereda Tropical<\/em>, mientras <strong>Manuel Bol\u00edvar Graterol<\/strong> entrega <em>La mirada de Madonna<\/em>.<\/p>\n<p style=\"text-align: justify;\">Los ensayos y rese\u00f1as tambi\u00e9n se hacen sentir en esta entrega de Baquiana. <em>La identidad chilena de Gabriela Mistral<\/em> de <strong>Paula Miranda Herrera<\/strong>, sobre el primer Premio Nobel de Literatura en Am\u00e9rica Latina. Otro ensayo de inter\u00e9s es <em>Exilio: un drama para todas las \u00e9pocas<\/em> de <strong>Armando Gonz\u00e1lez P\u00e9rez<\/strong>. Las rese\u00f1as <em>Una ficci\u00f3n totalizadora de Sandino<\/em> de <strong>Jorge Eduardo Arellano<\/strong> resulta interesante, al igual que la de <strong>Ellen Lismore Leeder<\/strong> sobre el libro <em>La poes\u00eda rom\u00e1ntica hispanoamericana<\/em> del recientemente desaparecido profesor <strong>Leonardo Fern\u00e1ndez Marcan\u00e9<\/strong>. El escritor y periodista <strong>Ezequiel P\u00e9rez Mart\u00edn<\/strong> rese\u00f1a el volumen<em> Dulce Mar\u00eda Loynaz: Cien a\u00f1os despu\u00e9s<\/em>, en el que se enfoca y enjuica la obra literaria de la Premio Cervantes 1992.<\/p>\n<p style=\"text-align: justify;\">Cada una de las secciones goza de interesantes trabajos. En Entrevista aparecen las realizadas por <strong>Maricel Mayor Mars\u00e1n<\/strong> al escritor dominicano <strong>Jos\u00e9 Alc\u00e1ntara Alm\u00e1nzar<\/strong> y a los cubanos <strong>Orlando Gonz\u00e1lez Esteva<\/strong> y <strong>Humberto L\u00f3pez Morales<\/strong>. Por su parte <strong>Patricio E. Palacios<\/strong> entrevista al artista pl\u00e1stico <strong>Yovani Bauta<\/strong>.<\/p>\n<p style=\"text-align: justify;\">Una secci\u00f3n siempre interesante es la de Teatro, donde se recogen algunas obras breves. En esta oportunidad son cuatro piezas, <em>El hombre que no vio la mar<\/em> de <strong>Salvador Enr\u00edquez<\/strong>, <em>El \u00faltimo golpe<\/em> de <strong>Marcelo Mellea Hern\u00e1ndez<\/strong>, <em>La oreja militar<\/em> de <strong>Pedro R. Monge Rafuls<\/strong> y <em>Oscuro soliloquio<\/em> de <strong>Antonio Redondo And\u00fajar<\/strong>.<\/p>\n<p style=\"text-align: justify;\">Baquiana, a\u00f1o a a\u00f1o, af\u00edn a la etimolog\u00eda de su nombre, allana los caminos y sirve de gu\u00eda para estar al tanto del desarrollo intelectual y literario en el mundo de habla castellana.<\/p>\n<p style=\"text-align: right;\"><strong>BAQUIANA, ANUARIO VII<br \/>\n<\/strong><strong>por Luis de la Paz<br \/>\n<\/strong><strong>LA REVISTA DEL DIARIO<br \/>\n<\/strong><strong><em>DIARIO DE LAS AM\u00c9RICAS<\/em><br \/>\n<\/strong><span lang=\"ES\" style=\"font-family: Arial;\"><b>2 de noviembre de 2006<\/b><\/span><\/p>\n","protected":false},"excerpt":{"rendered":"<p>\u00cdndice Poes\u00eda \u00a7 Enrique Agramante Robles \/ 21 \u00a7 Jos\u00e9 Mar\u00eda \u00c1lvarez \/ 22 \u00a7 Gin\u00e9s Aniorte \/ 23 \u00a7 Javier Bello \/ 24 \u00a7 Damaris Calder\u00f3n Campos \/ 25 \u00a7 Mario R. Cancel \/ 26 \u00a7 Valent\u00edn Carcel\u00e9n \/ 27 \u00a7 Jos\u00e9 Antonio Charques Salas \/ 28 \u00a7 H\u00e9ctor Jos\u00e9 Corredor Cuervo \/ 29 [&hellip;]<\/p>\n","protected":false},"featured_media":447,"comment_status":"closed","ping_status":"closed","template":"","meta":[],"product_cat":[10],"product_tag":[],"class_list":{"0":"post-111","1":"product","2":"type-product","3":"status-publish","4":"has-post-thumbnail","6":"book_author-anuarios-baquiana","7":"product_cat-anuarios-de-la-revista-literaria-baquiana-vp","8":"entry"},"_links":{"self":[{"href":"https:\/\/www.baquiana.com\/bookstore\/wp-json\/wp\/v2\/product\/111"}],"collection":[{"href":"https:\/\/www.baquiana.com\/bookstore\/wp-json\/wp\/v2\/product"}],"about":[{"href":"https:\/\/www.baquiana.com\/bookstore\/wp-json\/wp\/v2\/types\/product"}],"replies":[{"embeddable":true,"href":"https:\/\/www.baquiana.com\/bookstore\/wp-json\/wp\/v2\/comments?post=111"}],"wp:featuredmedia":[{"embeddable":true,"href":"https:\/\/www.baquiana.com\/bookstore\/wp-json\/wp\/v2\/media\/447"}],"wp:attachment":[{"href":"https:\/\/www.baquiana.com\/bookstore\/wp-json\/wp\/v2\/media?parent=111"}],"wp:term":[{"taxonomy":"product_cat","embeddable":true,"href":"https:\/\/www.baquiana.com\/bookstore\/wp-json\/wp\/v2\/product_cat?post=111"},{"taxonomy":"product_tag","embeddable":true,"href":"https:\/\/www.baquiana.com\/bookstore\/wp-json\/wp\/v2\/product_tag?post=111"}],"curies":[{"name":"wp","href":"https:\/\/api.w.org\/{rel}","templated":true}]}}