{"id":112,"date":"2016-02-01T05:21:32","date_gmt":"2016-02-01T10:21:32","guid":{"rendered":"http:\/\/baquiana.com\/bookstore\/?post_type=product&#038;p=108"},"modified":"2021-10-11T21:51:13","modified_gmt":"2021-10-12T01:51:13","slug":"revista-literaria-baquiana-anuario-viii-2006-2007","status":"publish","type":"product","link":"https:\/\/www.baquiana.com\/bookstore\/product\/revista-literaria-baquiana-anuario-viii-2006-2007\/","title":{"rendered":"REVISTA LITERARIA BAQUIANA &#8211; ANUARIO VIII (2006-2007)"},"content":{"rendered":"<h1>\u00cdndice<\/h1>\n<h3>Poes\u00eda<\/h3>\n<p><strong>\u00a7 Soledad \u00c1lvarez \/ 21<\/strong><br \/>\n<strong>\u00a7 Silvio Ambrogi \/ 22<\/strong><br \/>\n<strong>\u00a7 Rubi Arana \/ 23<\/strong><br \/>\n<strong>\u00a7 Joaqu\u00edn Badajoz \/ 24<\/strong><br \/>\n<strong>\u00a7 Emilio Ballesteros \/ 25<\/strong><br \/>\n<strong>\u00a7 Carlota Caulfield \/ 26<\/strong><br \/>\n<strong>\u00a7 Mar\u00eda Teresa Cervantes \/ 27<\/strong><br \/>\n<strong>\u00a7 Mariana Colomer \/ 28<\/strong><br \/>\n<strong>\u00a7 Ena Columbi\u00e9 \/ 29<\/strong><br \/>\n<strong>\u00a7 Xos\u00e9 De Enr\u00edquez \/ 30<\/strong><br \/>\n<strong>\u00a7 Tanya De Fonz \/ 31<\/strong><br \/>\n<strong>\u00a7 Le\u00f3n De La Hoz \/ 32<\/strong><br \/>\n<strong>\u00a7 Le\u00f3n Estrada \/ 33<\/strong><br \/>\n<strong>\u00a7 Toni Garc\u00eda Arias \/ 34<\/strong><br \/>\n<strong>\u00a7 Felipe L\u00e1zaro \/ 35<\/strong><br \/>\n<strong>\u00a7 Porfirio Mamani Macedo \/ 36<\/strong><br \/>\n<strong>\u00a7 Francisco Mor\u00e1n \/ 37<\/strong><br \/>\n<strong>\u00a7 Xavier Oquendo Troncoso \/ 38<\/strong><br \/>\n<strong>\u00a7 Franklin Ord\u00f3\u00f1ez \/ 39<\/strong><br \/>\n<strong>\u00a7 Manuel Parra Pozuelo \/ 40<\/strong><br \/>\n<strong>\u00a7 Alfredo Rodr\u00edguez \/ 41<\/strong><br \/>\n<strong>\u00a7 Augusto Rodr\u00edguez \/ 42<\/strong><br \/>\n<strong>\u00a7 Mara Romero \/ 43<\/strong><br \/>\n<strong>\u00a7 Milagros Ter\u00e1n \/ 44<\/strong><br \/>\n<strong>\u00a7 Juan Tudela G\u00f3mez \/ 45<\/strong><br \/>\n<strong>\u00a7 Tino Villanueva \/ 46<\/strong><\/p>\n<p>&nbsp;<\/p>\n<h3>Rese\u00f1a<\/h3>\n<p><strong>\u00a7 OD\u00d3N BETANZOS: UN \u00c1RBOL VIVO.<\/strong><br \/>\npor Joaqu\u00edn Badajoz \/ <strong>49<\/strong><\/p>\n<p><strong><i>\u00a7 DESDE ESTA C\u00c1MARA OSCURA<\/i>, DE GERARDO PI\u00d1A ROSALES: BREVE VISITA A LA MADRIGUERA.<\/strong><br \/>\npor Daniel R. Fern\u00e1ndez \/ <strong>54<\/strong><\/p>\n<p><strong>\u00a7 ENRIQUE VILORIA VERA. P\u00c9REZ ALENCART: LA PO\u00c9TICA DEL ASOMBRO<\/strong><br \/>\npor Humberto L\u00f3pez Cruz \/ <strong>58<\/strong><\/p>\n<p><strong>\u00a7 RINA LASTRES. DE AUSENCIAS Y SOLEDADES<\/strong><br \/>\npor Rodolfo Mart\u00ednez Sotomayor \/ <strong>60<\/strong><\/p>\n<p><strong>\u00a7 DANA GELINAS: UN SALTO ENTRE LA CONSCIENCIA PO\u00c9TICA Y LA REALIDAD URBANA DE M\u00c9XICO.<\/strong><br \/>\npor Maricel Mayor Mars\u00e1n \/ <strong>62<\/strong><\/p>\n<p><strong><i>\u00a7 IDOS DE LA MENTE<\/i>, DE LUIS HUMBERTO CROSTHWAITE: UNA AMISTAD A RITMO DE CORRIDO.<\/strong><br \/>\npor Elena M\u00e9ndez \/ <strong>66<\/strong><\/p>\n<p><strong><i>\u00a7 BILLETE AL PARA\u00cdSO<\/i>. DANIEL GARC\u00cdA CARRERA<\/strong><br \/>\npor Orlando Rossardi \/ <strong>69<\/strong><\/p>\n<p><strong><i>\u00a7 TRANSLUMINACIONES Y PRESENCIAS<\/i>, DE JES\u00daS CANOVAS MART\u00cdNEZ: UN CANTO POLIF\u00d3NICO<\/strong><br \/>\npor Mariano Valverde Ruiz \/ <strong>73<\/strong><\/p>\n<p>&nbsp;<\/p>\n<h3>Cuento<\/h3>\n<p><strong>\u00a7 EL CABALLERO ARTISTA<\/strong><br \/>\npor Maximiliano Allende V\u00e1squez \/ <strong>85<\/strong><\/p>\n<p><strong>\u00a7 DERRUMBES<\/strong><br \/>\npor Aurora Arias \/ <strong>92<\/strong><\/p>\n<p><strong>\u00a7 \u00bfBAILAMOS?<\/strong><br \/>\npor Harmonie Botella \/ <strong>97<\/strong><\/p>\n<p><strong>\u00a7 ETERNA<\/strong><br \/>\npor Patricia E. Blumenreich \/ <strong>99<\/strong><\/p>\n<p><strong>\u00a7 LA MERIENDA<\/strong><br \/>\npor Marcelo D. Ferrer \/ <strong>103<\/strong><\/p>\n<p><strong>\u00a7 LA JUGADA<\/strong><br \/>\npor Reinaldo Edmundo Marchant \/ <strong>106<\/strong><\/p>\n<p><strong>\u00a7 LA PRIMERA VEZ<\/strong><br \/>\npor Ezequiel P\u00e9rez Mart\u00edn \/ <strong>114<\/strong><\/p>\n<p>&nbsp;<\/p>\n<h3>Ensayo<\/h3>\n<p><strong>\u00a7 EL SONETO SHAKESPERIANO EN LA POES\u00cdA DE JOS\u00c9 LEZAMA LIMA<\/strong><br \/>\npor Jes\u00fas J. Barquet \/ <strong>121<\/strong><\/p>\n<p><strong>\u00a7 LA PRESENCIA FEMENINA EN\u00a0<i>DON QUIJOTE DE LA MANCHA<\/i>: UN TRIBUTO A LA MUJER BARROCA<\/strong><br \/>\npor Martha Garc\u00eda \/ <strong>134<\/strong><\/p>\n<p><strong>\u00a7 NICOMEDES SANTA CRUZ: CONSCIENCIA VIVA DE LA IDENTIDAD AFRO-PERUANA<\/strong><br \/>\npor Mariela A. Guti\u00e9rrez \/ <strong>142<\/strong><\/p>\n<p>&nbsp;<\/p>\n<h3>Entrevista<\/h3>\n<p><strong>\u00a7 ENTREVISTA A YANITZIA CANETTI (UNA SCHERAZADE ACTUAL)<\/strong><br \/>\npor Maricel Mayor Mars\u00e1n \/ <strong>159<\/strong><\/p>\n<p><strong>\u00a7 ENTREVISTA A FERNANDO IWASAKI (HUMOR Y ERUDICI\u00d3N: UNA NUEVA PROPUESTA LITERARIA)<\/strong><br \/>\npor Maricel Mayor Mars\u00e1n \/ <strong>169<\/strong><\/p>\n<p><strong>\u00a7 ENTREVISTA A EDUARDO LABARCA (GANADOR DEL PREMIO A LA MEJOR NOVELA DEL A\u00d1O 2005 QUE OTORGA EL MINISTERIO DE CULTURA EN CHILE)<\/strong><br \/>\npor Maricel Mayor Mars\u00e1n \/ <strong>177<\/strong><\/p>\n<p><strong>\u00a7 ENTREVISTA A ELENA LASALA (IM\u00c1GENES Y VERSOS)<\/strong><br \/>\npor Patricio E. Palacios \/ <strong>187<\/strong><\/p>\n<p><strong>\u00a7 ENTREVISTA A LUIS LEANTE (PREMIO DE NOVELA ALFAGUARA 2007)<\/strong><br \/>\npor Maricel Mayor Mars\u00e1n \/ <strong>195<\/strong><\/p>\n<p><strong>\u00a7 ENTREVISTA A EDMUNDO PAZ SOLD\u00c1N (PREMIO NACIONAL DE NOVELA &#8211; BOLIVIA 2002)<\/strong><br \/>\npor Maricel Mayor Mars\u00e1n \/ <strong>203<\/strong><\/p>\n<p>&nbsp;<\/p>\n<h3>Narrativa<\/h3>\n<p><strong>\u00a7 MI PADRE NO PUEDE ENTENDER QUE LOS RELOJES SEAN DESECHABLES COMO LAS LATAS DE CERVEZA<\/strong><br \/>\npor Pablo Cassi \/ <strong>211<\/strong><\/p>\n<p><strong>\u00a7 VI\u00d1ETAS NICARAG\u00dcENSES<\/strong><br \/>\npor Lionel Gutierrez \/ <strong>219<\/strong><\/p>\n<p><strong>\u00a7 FAUSTINO<\/strong><br \/>\npor Rolando D. H. Morelli \/ <strong>225<\/strong><\/p>\n<p><strong>\u00a7 LA SE\u00d1ORA TEN\u00cdA RAZ\u00d3N<\/strong><br \/>\npor Liliana Valderrama Blum \/ <strong>236<\/strong><\/p>\n<p><strong>\u00a7 DE NUEVA YORK AL CIELO<\/strong><br \/>\npor Marga Varea \/ <strong>244<\/strong><\/p>\n<p>&nbsp;<\/p>\n<h3>Opiniones<\/h3>\n<p><strong>\u00a7 LOS ANGLICISMOS EN EL LENGUAJE PERIOD\u00cdSTICO HISPANO EN ESTADOS UNIDOS<\/strong><br \/>\npor Emilio Bernal Labrada \/ <strong>251<\/strong><\/p>\n<p><strong>\u00a7 HABLEMOS DE CARMEN CONDE (HOMENAJE A SU VIDA Y OBRA EN EL A\u00d1O DE SU CENTENARIO)<\/strong><br \/>\npor Isabel D\u00edez Serrano \/ <strong>257<\/strong><\/p>\n<p><strong>\u00a7 RUB\u00c9N DAR\u00cdO: INVENTOR DE LA RUEDA<\/strong><br \/>\npor Danilo L\u00f3pez \/ <strong>263<\/strong><\/p>\n<p><strong>\u00a7 LOS MITOS DE &#8220;OTELO&#8221;<\/strong><br \/>\npor Carlos P\u00e9rez Vaquero \/ <strong>267<\/strong><\/p>\n<p><strong>\u00a7 PEQUE\u00d1O Y NO MUY EXHAUSTIVO ESBOZO DE LA RECIENTE POES\u00cdA VENEZOLANA<\/strong><br \/>\npor Jorge Gustavo Portella \/ <strong>270<\/strong><\/p>\n<p><strong>\u00a7 LA VIDA PO\u00c9TICA DE ROQUE DALTON<\/strong><br \/>\npor Ario E. Salazar \/ <strong>275<\/strong><\/p>\n<p>&nbsp;<\/p>\n<h3>Teatro<\/h3>\n<p><strong>\u00a7 EL GATILLO ALEGRE (Farsa Tr\u00e1gica)<\/strong><br \/>\npor Karla Barro De Vent Du Mois \/ <strong>285<\/strong><\/p>\n<p><strong>\u00a7 SUIC\u00cdDAME<\/strong><br \/>\npor Yoshvani Medina \/ <strong>292<\/strong><\/p>\n<p><strong>\u00a7 R\u00c9QUIEM POR OSCAR (Obra de teatro radial)<\/strong><br \/>\npor Nicasio Silverio y Marcos Miranda \/ <strong>315<\/strong><\/p>\n<p>&nbsp;<\/p>\n<p>&nbsp;<\/p>\n<hr \/>\n<p>&nbsp;<\/p>\n<p>&nbsp;<\/p>\n<p style=\"text-align: justify;\">La publicaci\u00f3n de la Revista Literaria Baquiana se ha convertido, por su inexorable periodicidad, en un rito anual de la cultura hispana en nuestra ciudad. Costumbre y ceremonia a manera de consagraci\u00f3n religiosa. S\u00f3lo que sin sus grados \u2013dobles o simples- de solemnidad. Ofician, sin liturgias adicionadas, <strong>Maricel Mayor<\/strong> y <strong>Patricio E. Palacios<\/strong>, sus editores. Quiz\u00e1s por eso Baquiana pasa de la imprenta a la calle en silencio, como una simple celebraci\u00f3n literaria. <strong>Esta vez se trata del octavo n\u00famero<\/strong>. No poca cosa si se tiene en cuenta la perseverancia y dedicaci\u00f3n que se necesitan para llevar a cabo un esfuerzo de esta naturaleza.<\/p>\n<p style=\"text-align: justify;\">Esta edici\u00f3n, como las anteriores, es un compendio de lo publicado previamente en la red cibern\u00e9tica. Y como siempre, su contenido es de una diversidad gen\u00e9rica impresionante: poes\u00eda, teatro, cuentos, ensayos, rese\u00f1as literarias, entrevistas y art\u00edculos de opini\u00f3n. Un navegable universo de la palabra escrita. Entre la prosa y el tropo hay de todo. Citas eruditas que afianzan opiniones contundentes; textos did\u00e1cticos que despejan intrincados laber\u00ednticos filos\u00f3ficos. Entrevistas francas o evasivas, seg\u00fan el personaje. Ficciones que pasan de una t\u00e9cnica narrativa a otra con s\u00f3lo cambiar de la primera a la tercera persona. Algunos versos logrados; otros no tanto. Libros rese\u00f1ados con profundidad acad\u00e9mica o brevedad period\u00edstica. Puro teatro para concluir: del absurdo, del horror y de la vida.<\/p>\n<p style=\"text-align: justify;\">La secci\u00f3n po\u00e9tica, extensa en autor\u00eda, es la primera. Imposible rese\u00f1arla en su totalidad. <strong>Soledad \u00c1lvarez<\/strong>, poeta y ensayista dominicana, escribe: \u201cAh las im\u00e1genes que persegu\u00ed y perdimos\/la lumbre ef\u00edmera, la imposible divisa destrozada\u201d. <strong>Emilio Ballesteros<\/strong>, de Espa\u00f1a, nos dice: \u201cMira con ojos de lluvia\/este dolor m\u00edo de hierba\u201d. Casi al final, <strong>Milagros Ter\u00e1n<\/strong>, de Nicaragua, dice: \u201cSoy el centro\/la cruz, la se\u00f1a\/que asoma de noche en la oscuridad\/de los perdidos\u201d.<\/p>\n<p style=\"text-align: justify;\">En la secci\u00f3n de rese\u00f1as, <strong>Daniel R. Fern\u00e1ndez<\/strong> se ocupa de la novela, <strong><em>Desde esta c\u00e1mara oscura<\/em>, de Gerardo Pi\u00f1a Rosales<\/strong>, ganadora del VIII Premio Internacional de novela corta Ayuntamiento de Lorca. Otra de las rese\u00f1as, la del libro de cuentos, <strong><em>Soledad para tres y una vaca<\/em>, de Rina Lastres<\/strong>, la escribe <strong>Rodolfo Mart\u00ednez Sotomayor<\/strong> y dice: \u201cRina Lastres ha intentado retener con sugestivas im\u00e1genes literarias, ese estado de reposo donde nos acosan los fantasmas\u201d.<\/p>\n<p style=\"text-align: justify;\">Entre los cuentos, se destaca el titulado <em>Eterna<\/em>, de <strong>Patricia Blumenreich<\/strong>, que comienza as\u00ed: \u201cEl caniche blanco la mir\u00f3 altivo, recostado sobre el almohad\u00f3n de gobelino ocre, sus ojos aparentemente fijos en la figura que se reflejaba en el espejo\u201d. O del escritor argentino <strong>Marcelo D. Ferrer<\/strong>, titulado <em>La merienda<\/em> y que termina de esta manera: \u201cEn el tranv\u00eda, casi vac\u00edo, retumbaba el traqueteo de las ruedas sobre los rieles de acero\u201d.<\/p>\n<p style=\"text-align: justify;\">Despu\u00e9s de los ensayos y las entrevistas, est\u00e1n las obras de teatro. Son tres: <em>El gatillo alegre<\/em>, de <strong>Karla Barro de Vent Du Mois<\/strong>, farsa tr\u00e1gica en un solo acto con ep\u00edlogo y una trinidad protag\u00f3nica. La segunda, titulada <em>Suic\u00eddame<\/em>, de <strong>Yoshvani Medina<\/strong>, en doce tiempos y con dos personajes. Esta obra fue premiada en la I Bienal de Literatura de Puerto Rico, en la categor\u00eda de drama en el a\u00f1o 2000. Y por \u00faltimo, <em>R\u00e9quiem por Oscar<\/em>, obra de teatro radial, escrita por <strong>Nicasio Silverio<\/strong> y <strong>Marcos Miranda<\/strong>, que result\u00f3 ganadora del Premio de Teatro Radiof\u00f3nico de 2003 que otorga la Agencia Espa\u00f1ola de Cooperaci\u00f3n Internacional y Radio Exterior de Espa\u00f1a.<\/p>\n<p style=\"text-align: justify;\">Baquiana es mucho m\u00e1s que una revista literaria; es un compendio de la actividad de los escritores hispanos en los Estados Unidos.<\/p>\n<p style=\"text-align: right;\"><strong>BAQUIANA: UN RITO ANUAL DE NUESTRA CULTURA<br \/>\n<\/strong><strong>Especial\/<em>EL NUEVO HERALD<\/em><br \/>\n<\/strong><strong>Secci\u00f3n de Artes y Letras<br \/>\n<\/strong><strong>por Manuel C. D\u00edaz<br \/>\n<\/strong><strong>2 de diciembre de 2007<\/strong><\/p>\n","protected":false},"excerpt":{"rendered":"<p>\u00cdndice Poes\u00eda \u00a7 Soledad \u00c1lvarez \/ 21 \u00a7 Silvio Ambrogi \/ 22 \u00a7 Rubi Arana \/ 23 \u00a7 Joaqu\u00edn Badajoz \/ 24 \u00a7 Emilio Ballesteros \/ 25 \u00a7 Carlota Caulfield \/ 26 \u00a7 Mar\u00eda Teresa Cervantes \/ 27 \u00a7 Mariana Colomer \/ 28 \u00a7 Ena Columbi\u00e9 \/ 29 \u00a7 Xos\u00e9 De Enr\u00edquez \/ 30 \u00a7 [&hellip;]<\/p>\n","protected":false},"featured_media":448,"comment_status":"closed","ping_status":"closed","template":"","meta":[],"product_cat":[10],"product_tag":[],"class_list":{"0":"post-112","1":"product","2":"type-product","3":"status-publish","4":"has-post-thumbnail","6":"book_author-anuarios-baquiana","7":"product_cat-anuarios-de-la-revista-literaria-baquiana-vp","8":"entry"},"_links":{"self":[{"href":"https:\/\/www.baquiana.com\/bookstore\/wp-json\/wp\/v2\/product\/112"}],"collection":[{"href":"https:\/\/www.baquiana.com\/bookstore\/wp-json\/wp\/v2\/product"}],"about":[{"href":"https:\/\/www.baquiana.com\/bookstore\/wp-json\/wp\/v2\/types\/product"}],"replies":[{"embeddable":true,"href":"https:\/\/www.baquiana.com\/bookstore\/wp-json\/wp\/v2\/comments?post=112"}],"wp:featuredmedia":[{"embeddable":true,"href":"https:\/\/www.baquiana.com\/bookstore\/wp-json\/wp\/v2\/media\/448"}],"wp:attachment":[{"href":"https:\/\/www.baquiana.com\/bookstore\/wp-json\/wp\/v2\/media?parent=112"}],"wp:term":[{"taxonomy":"product_cat","embeddable":true,"href":"https:\/\/www.baquiana.com\/bookstore\/wp-json\/wp\/v2\/product_cat?post=112"},{"taxonomy":"product_tag","embeddable":true,"href":"https:\/\/www.baquiana.com\/bookstore\/wp-json\/wp\/v2\/product_tag?post=112"}],"curies":[{"name":"wp","href":"https:\/\/api.w.org\/{rel}","templated":true}]}}