{"id":113,"date":"2016-02-01T05:30:45","date_gmt":"2016-02-01T10:30:45","guid":{"rendered":"http:\/\/baquiana.com\/bookstore\/?post_type=product&#038;p=109"},"modified":"2021-10-11T21:52:26","modified_gmt":"2021-10-12T01:52:26","slug":"revista-literaria-baquiana-anuario-ix-2007-2008","status":"publish","type":"product","link":"https:\/\/www.baquiana.com\/bookstore\/product\/revista-literaria-baquiana-anuario-ix-2007-2008\/","title":{"rendered":"REVISTA LITERARIA BAQUIANA &#8211; ANUARIO IX (2007-2008)"},"content":{"rendered":"<h1>\u00cdndice<\/h1>\n<h3>Poes\u00eda<\/h3>\n<p><strong>\u00a7 Gabriela Balderas \/ 21<\/strong><br \/>\n<strong>\u00a7 Luc\u00eda Ballester Ortiz \/ 22<\/strong><br \/>\n<strong>\u00a7 Juan Cueto Roig \/ 23<\/strong><br \/>\n<strong>\u00a7 Amelia del Castillo \/ 24<\/strong><br \/>\n<strong>\u00a7 Dolores Escudero \/ 25<\/strong><br \/>\n<strong>\u00a7 Cinthia Gabbay \/ 26<\/strong><br \/>\n<strong>\u00a7 Carlos Ernesto Garc\u00eda \/ 27<\/strong><br \/>\n<strong>\u00a7 Ida Hern\u00e1ndez Caama\u00f1o \/ 28<\/strong><br \/>\n<strong>\u00a7 Heriberto Hern\u00e1ndez Medina \/ 29<\/strong><br \/>\n<strong>\u00a7 Francisco Javier Ill\u00e1n Vivas \/ 30<\/strong><br \/>\n<strong>\u00a7 Elidio La Torre Lagares \/ 31<\/strong><br \/>\n<strong>\u00a7 Fulgencio Mart\u00ednez \/ 32<\/strong><br \/>\n<strong>\u00a7 Rosy Pala\u00fa \/ 33<\/strong><br \/>\n<strong>\u00a7 Carlos Pintado \/ 34<\/strong><br \/>\n<strong>\u00a7 Etnairis Rivera \/ 35<\/strong><br \/>\n<strong>\u00a7 Alberto Roblest \/ 36<\/strong><br \/>\n<strong>\u00a7 Fernando Ruiz Granados \/ 37<\/strong><br \/>\n<strong>\u00a7 Norma Salazar \/ 38<\/strong><br \/>\n<strong>\u00a7 \u00c1ngela Serna \/ 39<\/strong><br \/>\n<strong>\u00a7 Horacio Vaeza Greco \/ 40<\/strong><br \/>\n<i><b><\/b><\/i><\/p>\n<p>&nbsp;<\/p>\n<h3>Rese\u00f1a<\/h3>\n<p><strong>\u00a7\u00a0LA EXCEPCIONAL INSPIRACI\u00d3N PO\u00c9TICA DE LEONORA ACU\u00d1A DE MARMOLEJO<\/strong><br \/>\npor Emilio Bernal Labrada \/ <strong>43<\/strong><\/p>\n<p><i><strong>\u00a7\u00a0CORSARIOS DE LEVANTE<\/strong><\/i><strong>\u00a0(VIENTO EN POPA Y A TODA VELA)<\/strong><br \/>\npor Manuel C. D\u00edaz \/ <strong>45<\/strong><\/p>\n<p><i><strong>\u00a7\u00a0MUJERES ENSAYISTAS DEL CARIBE HISPANO<\/strong><\/i><strong>\u00a0(HILVANANDO EL SILENCIO) ANTOLOG\u00cdA DE ANNE FREIRE ASHBAUGH-LOURDES ROJAS-RAQUEL ROMEU (EDITORAS)<\/strong><br \/>\npor Maricel Mayor Mars\u00e1n \/ <strong>47<\/strong><\/p>\n<p><i><strong>\u00a7\u00a0POES\u00cdA NEGRA<\/strong><\/i><strong>\u00a0(ANTOLOG\u00cdA DE POES\u00cdA AFRICANA CONTEMPOR\u00c1NEA) DE FRANCISCO TORRES MONREAL<\/strong><br \/>\npor Maricel Mayor Mars\u00e1n \/ <strong>49<\/strong><\/p>\n<p><i><strong>\u00a7\u00a0A CORTO PLAZO<\/strong><\/i><strong>, DE JORGE GUSTAVO PORTELLA<\/strong><br \/>\npor Myra Medina \/ 53<\/p>\n<p><strong>\u00a7\u00a0&#8220;APRENDICES DE BRUJO&#8221; DE ANTONIO ORLANDO RODR\u00cdGUEZ<\/strong><br \/>\npor Lourdes Rensoli Laliga \/ <strong>56<\/strong><\/p>\n<p><strong>\u00a7\u00a0\u201cDESDE UNA PLATAFORMA EN MANHATTAN\u201d \/ ANTOLOG\u00cdA PO\u00c9TICA DE MARICEL MAYOR MARS\u00c1N (1986-2006)<\/strong><br \/>\npor Alicia E. Vadillo \/ <strong>59<\/strong><\/p>\n<p><strong>\u00a7\u00a0UNA VISI\u00d3N POSTMODERNA DE CUBA DESDE EL EXILIO, DA\u00cdNA CHAVIANO Y LA ISLA DE LOS AMORES INFINITOS.<\/strong><br \/>\npor Alicia E. Vadillo \/ <strong>66<\/strong><\/p>\n<p>&nbsp;<\/p>\n<h3>Cuento<\/h3>\n<p><strong>\u00a7 DELIN-CUENTOS (MICROFICCI\u00d3N<\/strong>)<br \/>\npor Rodrigo de la Luz \/ <strong>71<\/strong><\/p>\n<p><strong>\u00a7 KARMAS Y SORTILEGIOS<\/strong><br \/>\npor Marcelo D. Ferrer \/ <strong>75<\/strong><\/p>\n<p><strong>\u00a7 MIENTRAS BEBEN<\/strong><br \/>\npor Pascual Garc\u00eda \/ <strong>77<\/strong><\/p>\n<p><strong>\u00a7 DE TODAS FORMAS, JUANA SE LLAMA<\/strong><br \/>\npor Leticia Herrera \u00c1lvarez \/ <strong>85<\/strong><\/p>\n<p><strong>\u00a7 LOS A\u00d1OS<\/strong><br \/>\npor Rina Lastres \/ <strong>89<\/strong><\/p>\n<p><strong>\u00a7 EN AQUEL ENTONCES<\/strong><br \/>\npor Mois\u00e9s Sandoval Calder\u00f3n \/ <strong>93<\/strong><\/p>\n<p><strong>\u00a7 LAS HORAS DE LA MA\u00d1ANA<\/strong><br \/>\npor Liliana Valderrama Blum \/ <strong>97<\/strong><\/p>\n<p><strong>\u00a7 PAISAJE DE TANATORIO<\/strong><br \/>\npor Lourdes V\u00e1zquez \/ <strong>99<\/strong><\/p>\n<p>&nbsp;<\/p>\n<h3>Ensayo<\/h3>\n<p><strong>\u00a7 ENCRUCIJADAS DISCURSIVAS EN LA LITERATURA GAY Y LESBIANA DE LA DI\u00c1SPORA CUBANA<\/strong><br \/>\npor Emilio Bejel \/ <strong>105<\/strong><\/p>\n<p><strong>\u00a7 DETALLES EN LA NOVEL\u00cdSTICA DE TERESA DOVALPAGE<\/strong><br \/>\npor Ena Columbi\u00e9 \/ <strong>114<\/strong><\/p>\n<p><strong>\u00a7 LA UTOP\u00cdA DESARMADA: UN ITINERARIO SOBBRE LA DECADENCIA ARGENTINA EN\u00a0<i>EL ATROZ ENCANTO DE SER ARGENTINOS<\/i><\/strong><br \/>\n<strong>DE MARCOS AGUINIS<\/strong><br \/>\npor Miguel \u00c1ngel De Feo \/ <strong>122<\/strong><\/p>\n<p><strong>\u00a7 EL PODER DE LA FANTAS\u00cdA<\/strong><br \/>\npor Victor Montoya \/ <strong>134<\/strong><\/p>\n<p><strong>\u00a7 EL DERRUMBE SISTEM\u00c1TICO DE LA RELACI\u00d3N COLONIA\/COLONIZADO:\u00a0<i>LA MU\u00d1ECA<\/i>\u00a0DE CARMELA EULATE SANJURJO<\/strong><br \/>\npor Lisa Nalbone \/ <strong>144<\/strong><\/p>\n<p>&nbsp;<\/p>\n<h3>Entrevista<\/h3>\n<p><strong>\u00a7 ENTREVISTA A CARLOTA CAULFIELD (LA POETA EN TR\u00c1NSITO PERPETUO)<\/strong><br \/>\npor Maricel Mayor Mars\u00e1n \/ <strong>153<\/strong><\/p>\n<p><strong>\u00a7 ENTREVISTA CON EL ESCRITOR CUBANO ANTONIO ORLANDO RODR\u00cdGUEZ (GANADOR DEL PREMIO ALFAGUARA DE NOVELA 2008)<\/strong><br \/>\npor Maricel Mayor Mars\u00e1n \/ <strong>163<\/strong><\/p>\n<p><strong>\u00a7 ENTREVISTA A LA PINTORA MEXICANA SARA HAZ\u00c1N (ECOS DE SARATITL\u00c1N)<\/strong><br \/>\npor Patricio E. Palacios \/ <strong>175<\/strong><\/p>\n<p>&nbsp;<\/p>\n<h3>Narrativa<\/h3>\n<p><strong>\u00a7 MISTERIOS DE LA CHENCHA<\/strong><br \/>\npor Teresa Bevin \/ <strong>183<\/strong><\/p>\n<p><strong>\u00a7 EL FALSO POETA<\/strong><br \/>\npor Jos\u00e9 Luis Garc\u00eda Herrera \/ <strong>192<\/strong><\/p>\n<p><strong>\u00a7 LI QUIU<\/strong><br \/>\npor Ricardo Le\u00f3n Pe\u00f1a Villa \/ <strong>206<\/strong><\/p>\n<p>&nbsp;<\/p>\n<h3>Opiniones<\/h3>\n<p><strong>\u00a7 CUENTO DOMINICANO DEL SIGLO XX\u00a0<\/strong><br \/>\npor Jos\u00e9 Alc\u00e1ntara Alm\u00e1nzar \/ <strong>225<\/strong><\/p>\n<p><strong>\u00a7 RECORDANDO A SIMONE DE BEAUVOIR EN SU CENTENARIO (1908-1986)<\/strong><br \/>\npor Maricel Mayor Mars\u00e1n \/ <strong>240<\/strong><\/p>\n<p><strong>\u00a7 FRANZ KAFKA VIENDO LLOVER EN MACONDO (UNA NARRATIVA L\u00daDICA Y ATEMPORAL)<\/strong><br \/>\npor Gerardo Pi\u00f1a Rosales \/ <strong>242<\/strong><\/p>\n<p><strong>\u00a7 BORGES, DE ADOLFO BIOY CASARES (LAS FRANQUEZAS DE LA INTIMIDAD)<\/strong><br \/>\npor Jos\u00e9 Mar\u00eda Pi\u00f1eiro \/ <strong>251<\/strong><\/p>\n<p>&nbsp;<\/p>\n<h3>Teatro<\/h3>\n<p><strong>\u00a7 ASALTO DE FRONTERA (Bulul\u00fa de la inmigrante)<\/strong><br \/>\npor Tanya de Fonz \/ <strong>263<\/strong><\/p>\n<p><strong>\u00a7 RADIOGRAF\u00cdA DE UN DEPREDADOR<\/strong><br \/>\npor Lourdes Ferr\u00e9 \/ <strong>271<\/strong><\/p>\n<p><strong>\u00a7 LA NOCHE DE EVA<\/strong><br \/>\npor Yvonne L\u00f3pez Arenal \/ <strong>289<\/strong><\/p>\n<p><strong>\u00a7 ESTAMOS DESAFINADOS<\/strong><br \/>\npor Sonia Su\u00e1rez Schwartz \/ <strong>300<\/strong><\/p>\n","protected":false},"excerpt":{"rendered":"<p>\u00cdndice Poes\u00eda \u00a7 Gabriela Balderas \/ 21 \u00a7 Luc\u00eda Ballester Ortiz \/ 22 \u00a7 Juan Cueto Roig \/ 23 \u00a7 Amelia del Castillo \/ 24 \u00a7 Dolores Escudero \/ 25 \u00a7 Cinthia Gabbay \/ 26 \u00a7 Carlos Ernesto Garc\u00eda \/ 27 \u00a7 Ida Hern\u00e1ndez Caama\u00f1o \/ 28 \u00a7 Heriberto Hern\u00e1ndez Medina \/ 29 \u00a7 Francisco [&hellip;]<\/p>\n","protected":false},"featured_media":450,"comment_status":"closed","ping_status":"closed","template":"","meta":[],"product_cat":[10],"product_tag":[],"class_list":{"0":"post-113","1":"product","2":"type-product","3":"status-publish","4":"has-post-thumbnail","6":"book_author-anuarios-baquiana","7":"product_cat-anuarios-de-la-revista-literaria-baquiana-vp","8":"entry"},"_links":{"self":[{"href":"https:\/\/www.baquiana.com\/bookstore\/wp-json\/wp\/v2\/product\/113"}],"collection":[{"href":"https:\/\/www.baquiana.com\/bookstore\/wp-json\/wp\/v2\/product"}],"about":[{"href":"https:\/\/www.baquiana.com\/bookstore\/wp-json\/wp\/v2\/types\/product"}],"replies":[{"embeddable":true,"href":"https:\/\/www.baquiana.com\/bookstore\/wp-json\/wp\/v2\/comments?post=113"}],"wp:featuredmedia":[{"embeddable":true,"href":"https:\/\/www.baquiana.com\/bookstore\/wp-json\/wp\/v2\/media\/450"}],"wp:attachment":[{"href":"https:\/\/www.baquiana.com\/bookstore\/wp-json\/wp\/v2\/media?parent=113"}],"wp:term":[{"taxonomy":"product_cat","embeddable":true,"href":"https:\/\/www.baquiana.com\/bookstore\/wp-json\/wp\/v2\/product_cat?post=113"},{"taxonomy":"product_tag","embeddable":true,"href":"https:\/\/www.baquiana.com\/bookstore\/wp-json\/wp\/v2\/product_tag?post=113"}],"curies":[{"name":"wp","href":"https:\/\/api.w.org\/{rel}","templated":true}]}}