{"id":116,"date":"2016-02-06T05:26:56","date_gmt":"2016-02-06T10:26:56","guid":{"rendered":"https:\/\/baquiana.com\/bookstore\/?post_type=product&#038;p=116"},"modified":"2021-10-11T21:41:37","modified_gmt":"2021-10-12T01:41:37","slug":"revista-literaria-baquiana-anuario-xi-2009-2010","status":"publish","type":"product","link":"https:\/\/www.baquiana.com\/bookstore\/product\/revista-literaria-baquiana-anuario-xi-2009-2010\/","title":{"rendered":"REVISTA LITERARIA BAQUIANA &#8211; ANUARIO XI (2009-2010)"},"content":{"rendered":"<h1>\u00cdndice<\/h1>\n<h3>Poes\u00eda<\/h3>\n<p><strong>\u00a7 Carmen Karin Aldrey \/ 21<\/strong><br \/>\n<strong> \u00a7 Manuel Bolivar Graterol \/ 22<\/strong><br \/>\n<strong> \u00a7 Graciela Bucci \/ 23<\/strong><br \/>\n<strong> \u00a7 Mar\u00eda Eugenia Caseiro \/ 24<\/strong><br \/>\n<strong> \u00a7 Carmen Castej\u00f3n Cabeceiro \/ 25<\/strong><br \/>\n<strong> \u00a7 Rafael Castillo Acosta \/ 26<\/strong><br \/>\n<strong> \u00a7 Andr\u00e9s Norman Castro \/ 27<\/strong><br \/>\n<strong> \u00a7 Julie De Grandy \/ 28<\/strong><br \/>\n<strong> \u00a7 Roberto Ferrer \/ 29<\/strong><br \/>\n<strong> \u00a7 Marina Germa\u00efn \/ 30<\/strong><br \/>\n<strong> \u00a7 Daniel Alejandro G\u00f3mez \/ 31<\/strong><br \/>\n<strong> \u00a7 Elena Iglesias \/ 32<\/strong><br \/>\n<strong> \u00a7 Walter Omar Lasalle \/ 33<\/strong><br \/>\n<strong> \u00a7 Nicol\u00e1s Efr\u00e9n Linares S\u00e1nchez \/ 34<\/strong><br \/>\n<strong> \u00a7 Maritza L\u00f3pez Lasso \/ 35<\/strong><br \/>\n<strong> \u00a7 Patricio Maya Sol\u00eds \/ 36<\/strong><br \/>\n<strong> \u00a7 Francisco Jes\u00fas Mu\u00f1oz Soler \/ 37<\/strong><br \/>\n<strong> \u00a7 Mar\u00eda Jos\u00e9 Mures \/ 38<\/strong><br \/>\n<strong> \u00a7 Marlene Pasini \/ 39<\/strong><br \/>\n<strong> \u00a7 Marian Ram\u00e9ntol \/ 40<\/strong><br \/>\n<strong> \u00a7 Ramiro Rodr\u00edguez \/ 41<\/strong><br \/>\n<strong> \u00a7 Beatriz Saavedra \/ 42<\/strong><br \/>\n<strong> \u00a7 Mar\u00eda Elena Sol\u00f3rzano \/ 43<\/strong><br \/>\n<strong> \u00a7 Sergio Esteban V\u00e9lez \/ 44<\/strong><\/p>\n<p>&nbsp;<\/p>\n<h3>Rese\u00f1a<\/h3>\n<p><strong>\u00a7 A GRANDES SALTOS POR LA POES\u00cdA DE ORLANDO ROSSARDI<\/strong><br \/>\npor \u00c1ngel Cuadra \/ <strong>47<\/strong><\/p>\n<p><strong>\u00a7 <em>LA MUERTE NUESTRA DE CADA VIDA<\/em>, DE YANITZIA CANETTI<\/strong><br \/>\npor Teresa Dovalpage \/ <strong>53<\/strong><\/p>\n<p><strong>\u00a7 <em>LA MALA FAMA<\/em>, DE GINA MONTANER: NOVELA DEL DESARRAIGO Y DE LA REVELACI\u00d3N<\/strong><br \/>\npor Mariela A. Guti\u00e9rrez \/ <strong>55<\/strong><\/p>\n<p><strong>\u00a7 <em>RUMORES DE SUBURBIOS<\/em>, DE MARICEL MAYOR MARS\u00c1N<\/strong><br \/>\npor Myra M. Medina \/ <strong>62<\/strong><\/p>\n<p><strong>\u00a7 <em>VIAJERA DEL POLVO<\/em>, DE IDA HERN\u00c1NDEZ CAAMA\u00d1O<\/strong><br \/>\npor Myra M. Medina \/ <strong>67<\/strong><\/p>\n<p><strong>\u00a7 <em>RETORNO (THE DREAM IS OVER)<\/em>, DE CORIOLANO GONZ\u00c1LEZ MONTA\u00d1EZ<\/strong><br \/>\npor M. Cinta Muntagut \/ <strong>71<\/strong><\/p>\n<p><strong>\u00a7 <em>GUILLERMO CABRERA INFANTE: EL SUBTERFUGIO DE LA PALABRA<\/em>, DE HUMBERTO L\u00d3PEZ CRUZ<\/strong><br \/>\npor Raquel Romeu \/ <strong>73<\/strong><\/p>\n<p><strong>\u00a7 <em>FUGACIDAD DEL ASOMBRO<\/em>, DE AMELIA DEL CASTILLO<\/strong><br \/>\npor Orlando Rossardi \/ <strong>77<\/strong><\/p>\n<p><strong>\u00a7 RECORRIENDO EL CAMINO QUE DESCRIBE <em>DEL INFIERNO AL PARA\u00cdSO CON ESCALA<\/em>, DE ERNESTO CLAVELO<\/strong><br \/>\npor Alicia E. Vadillo \/ <strong>84<\/strong><\/p>\n<p><strong>\u00a7 <em>\u00daLTIMA PUERTA DEL SILENCIO<\/em>, DE JUAN RUIZ DE TORRES<\/strong><br \/>\npor Alfredo Villaverde \/ <strong>87<\/strong><\/p>\n<p>&nbsp;<\/p>\n<h3>Cuento<\/h3>\n<p><strong>\u00a7 UNA SOLUCI\u00d3N L\u00d3GICA<\/strong><br \/>\npor Rosario Acosta Nieva \/ <strong>95<\/strong><\/p>\n<p><strong>\u00a7 ENVASADO AL VAC\u00cdO<\/strong><br \/>\npor Teresa Bevin \/ <strong>99<\/strong><\/p>\n<p><strong>\u00a7 VESTIDO DE NOVIA<\/strong><br \/>\npor Patricia E. Blumenreich \/ <strong>104<\/strong><\/p>\n<p><strong>\u00a7 EL SUFRIMIENTO NACIONAL<\/strong><br \/>\npor Mariana Dietl \/ <strong>111<\/strong><\/p>\n<p><strong>\u00a7 LA AUTORA Y LOS PERROS<\/strong><br \/>\npor Rita Geada \/ <strong>120<\/strong><\/p>\n<p><strong>\u00a7 LA LUNA LLENA<\/strong><br \/>\npor Rolando D. H. Morelli \/ <strong>123<\/strong><\/p>\n<p><strong>\u00a7 BLANCA<\/strong><br \/>\npor Mercedes Perdomo \/ <strong>129<\/strong><\/p>\n<p><strong>\u00a7 LA VIEJA CARRETERA<\/strong><br \/>\npor Juan Amancio Rodr\u00edguez Garc\u00eda \/ <strong>133<\/strong><\/p>\n<p><strong>\u00a7 NADA SALVO EL AIRE<\/strong><br \/>\npor Mirta Ya\u00f1ez \/ <strong>137<\/strong><\/p>\n<p>&nbsp;<\/p>\n<h3>Ensayo<\/h3>\n<p><strong>\u00a7 CUESTIONAMIENTOS MORALES EN POR <em>LA VIDA DE MI HERMANA \/ MY SISTER&#8217;S KEEPER<\/em>, DIFERENCIAS CRUCIALES ENTRE LA NOVELA DE JODI PICOULT Y EL FILM DE NICK CASSAVETES<\/strong><br \/>\npor Jes\u00fas J. Barquet \/ <strong>141<\/strong><\/p>\n<p><strong>\u00a7 UNA CR\u00d3NICA DE MART\u00cd SOBRE EL TEATRO CHINO<\/strong><br \/>\npor Manuel Castro Hern\u00e1ndez \/ <strong>150<\/strong><\/p>\n<p><strong>\u00a7 VISI\u00d3N DE LO CUBANO: PERSISTENCIA Y RESISTENCIA EN EL TEATRO DEL EXILIO EN INGL\u00c9S<\/strong><br \/>\npor Mirza L. Gonz\u00e1lez \/ <strong>158<\/strong><\/p>\n<p><strong>\u00a7 ROSARIO FERR\u00c9: ERRADICANDO EL POSCOLONIALISMO TEXTUAL EUROPEO EN LA TRADUCCI\u00d3N NOVOMUNDISTA<\/strong><br \/>\npor Mariela A. Guti\u00e9rrez \/ <strong>168<\/strong><\/p>\n<p><strong>\u00a7 EL ESPA\u00d1OL EN EL CARIBE COLOMBIANO: IDENTIDADES Y VARIACI\u00d3N LING\u00dc\u00cdSTICA EN LA PERIFERIA DE LA NACI\u00d3N<\/strong><br \/>\npor Kevin Sede\u00f1o Guill\u00e9n \/ <strong>177<\/strong><\/p>\n<p><strong>\u00a7 JOS\u00c9 EMILIO PACHECO, UNA EST\u00c9TICA L\u00cdRICA SIGNIFICATIVA (PREMIO\u00a0CERVANTES\u00a02009)<\/strong><br \/>\npor \u00d3scar Wong \/ <strong>200<\/strong><\/p>\n<p>&nbsp;<\/p>\n<h3>Entrevista<\/h3>\n<p><strong>\u00a7 LA ESTACI\u00d3N DE LAS LLUVIAS (CONVERSACI\u00d3N CON LILIA ESTEBAN, VIUDA DE ALEJO CARPENTIER)<\/strong><br \/>\npor Armando Ch\u00e1vez Rivera \/ <strong>209<\/strong><\/p>\n<p><strong>\u00a7 CONVERSACI\u00d3N CON LA POETA AMELIA DEL CASTILLO<\/strong><br \/>\npor Martha Garc\u00eda \/ <strong>219<\/strong><\/p>\n<p><strong>\u00a7 ENTREVISTA CON OTHON CASTA\u00d1EDA (ARTISTA VISUAL Y DIRECTOR ASOCIADO DE ARTEAM\u00c9RICAS)<\/strong><br \/>\npor Maricel Mayor Mars\u00e1n \/ <strong>225<\/strong><\/p>\n<p><strong>\u00a7 ENTREVISTA CON ANJANETTE DELGADO (UNA VOZ AUT\u00c9NTICA DE LA FICCI\u00d3N POP LATINA)<\/strong><br \/>\npor Maricel Mayor Mars\u00e1n \/ 231<\/p>\n<p><strong>\u00a7 ENTREVISTA CON TANYA TORRES (UNA ARTISTA AL SERVICIO DE LA COMUNIDAD)<\/strong><br \/>\npor Patricio E. Palacios \/ <strong>237<\/strong><\/p>\n<p><strong>\u00a7 ENTREVISTA CON EL ESCRITOR Y FUNDADOR DEL G\u00c9NERO POLIC\u00cdACO EN CUBA: RODOLFO P\u00c9REZ VALERO<\/strong><br \/>\npor Ezequiel P\u00e9rez Mart\u00edn \/ <strong>251<\/strong><\/p>\n<p>&nbsp;<\/p>\n<h3>Narrativa<\/h3>\n<p><strong>\u00a7 EL SOSPECHOSO<\/strong><br \/>\npor Javier Mar\u00eda Goizueta Velasco \/ <strong>265<\/strong><\/p>\n<p><strong>\u00a7 CAPRICHO SOLAR\u2026 (REFLEXIONES DE UNA CHICA LLAMADA MAGDALENA)<\/strong><br \/>\npor Peregrina Varela Rodr\u00edguez \/ <strong>279<\/strong><\/p>\n<p><strong>\u00a7 EL AMOR AL PADRE LUCIANO<\/strong><br \/>\npor Mar\u00eda Juliana Villafa\u00f1e \/ <strong>285<\/strong><\/p>\n<p>&nbsp;<\/p>\n<h3>Opiniones<\/h3>\n<p><strong>\u00a7 VICTORIA OCAMPO: UNA MUJER TRANSGRESORA EN LA SOCIEDAD INTELECTUAL DE SU \u00c9POCA<\/strong><br \/>\npor Graciela Bucci \/ <strong>297<\/strong><\/p>\n<p><strong>\u00a7 SOBRE LA LITERATURA INFANTIL TRADICIONAL<\/strong><br \/>\npor Natalia Carbajosa Palmero \/ <strong>305<\/strong><\/p>\n<p><strong>\u00a7 REIVINDICACI\u00d3N DE LA LITERATURA AFRICANA A NIVEL INTERNACIONAL<\/strong><br \/>\npor Maricel Mayor Mars\u00e1n \/ <strong>311<\/strong><\/p>\n<p><strong>\u00a7 INCURSIONES EN UN MUNDO SIN L\u00cdMITES: SERIE PICT\u00d3RICA DEL ARTISTA PL\u00c1STICO CUBANO FRANCISCO VARELA<\/strong><br \/>\npor Dania Varela \/ <strong>314<\/strong><\/p>\n<p>&nbsp;<\/p>\n<h3>Teatro<\/h3>\n<p><strong>\u00a7 LOS INMIGRANTES<\/strong><br \/>\npor Eduardo Cabrera \/ <strong>327<\/strong><\/p>\n<p><strong>\u00a7 \u00bfMACHISTA YO?<\/strong><br \/>\npor Fernando Escobar Giraldo \/ <strong>353<\/strong><\/p>\n<p><strong>\u00a7 R\u00c9QUIEM PROFANO<\/strong><br \/>\npor Eduardo Guti\u00e9rrez de la Cruz \/ <strong>360<\/strong><\/p>\n","protected":false},"excerpt":{"rendered":"<p>\u00cdndice Poes\u00eda \u00a7 Carmen Karin Aldrey \/ 21 \u00a7 Manuel Bolivar Graterol \/ 22 \u00a7 Graciela Bucci \/ 23 \u00a7 Mar\u00eda Eugenia Caseiro \/ 24 \u00a7 Carmen Castej\u00f3n Cabeceiro \/ 25 \u00a7 Rafael Castillo Acosta \/ 26 \u00a7 Andr\u00e9s Norman Castro \/ 27 \u00a7 Julie De Grandy \/ 28 \u00a7 Roberto Ferrer \/ 29 \u00a7 [&hellip;]<\/p>\n","protected":false},"featured_media":452,"comment_status":"closed","ping_status":"closed","template":"","meta":[],"product_cat":[10],"product_tag":[],"class_list":{"0":"post-116","1":"product","2":"type-product","3":"status-publish","4":"has-post-thumbnail","6":"book_author-anuarios-baquiana","7":"product_cat-anuarios-de-la-revista-literaria-baquiana-vp","8":"entry"},"_links":{"self":[{"href":"https:\/\/www.baquiana.com\/bookstore\/wp-json\/wp\/v2\/product\/116"}],"collection":[{"href":"https:\/\/www.baquiana.com\/bookstore\/wp-json\/wp\/v2\/product"}],"about":[{"href":"https:\/\/www.baquiana.com\/bookstore\/wp-json\/wp\/v2\/types\/product"}],"replies":[{"embeddable":true,"href":"https:\/\/www.baquiana.com\/bookstore\/wp-json\/wp\/v2\/comments?post=116"}],"wp:featuredmedia":[{"embeddable":true,"href":"https:\/\/www.baquiana.com\/bookstore\/wp-json\/wp\/v2\/media\/452"}],"wp:attachment":[{"href":"https:\/\/www.baquiana.com\/bookstore\/wp-json\/wp\/v2\/media?parent=116"}],"wp:term":[{"taxonomy":"product_cat","embeddable":true,"href":"https:\/\/www.baquiana.com\/bookstore\/wp-json\/wp\/v2\/product_cat?post=116"},{"taxonomy":"product_tag","embeddable":true,"href":"https:\/\/www.baquiana.com\/bookstore\/wp-json\/wp\/v2\/product_tag?post=116"}],"curies":[{"name":"wp","href":"https:\/\/api.w.org\/{rel}","templated":true}]}}