{"id":117,"date":"2016-02-06T05:29:46","date_gmt":"2016-02-06T10:29:46","guid":{"rendered":"https:\/\/baquiana.com\/bookstore\/?post_type=product&#038;p=117"},"modified":"2020-07-06T16:39:20","modified_gmt":"2020-07-06T20:39:20","slug":"revista-literaria-baquiana-anuario-xii-2010-2011","status":"publish","type":"product","link":"https:\/\/www.baquiana.com\/bookstore\/product\/revista-literaria-baquiana-anuario-xii-2010-2011\/","title":{"rendered":"REVISTA LITERARIA BAQUIANA &#8211; ANUARIO XII (2010-2011)"},"content":{"rendered":"<h1>\u00cdndice<\/h1>\n<h3>Poes\u00eda<\/h3>\n<p><strong>\u00a7 Antonio A. Acosta \/ 21<\/strong><br \/>\n<strong> \u00a7 Magali Alabau \/ 22<\/strong><br \/>\n<strong> \u00a7 Benjam\u00edn Barajas \/ 23<\/strong><br \/>\n<strong> \u00a7 Luis Ben\u00edtez \/ 24<\/strong><br \/>\n<strong> \u00a7 Miriam Brandan \/ 25<\/strong><br \/>\n<strong> \u00a7 Alexis Brito Delgado \/ 26<\/strong><br \/>\n<strong> \u00a7 Jorge Casta\u00f1eda \/ 27<\/strong><br \/>\n<strong> \u00a7 Mar\u00eda Antonia Castro \/ 28<\/strong><br \/>\n<strong> \u00a7 Mairym Cruz Bernal \/ 29<\/strong><br \/>\n<strong> \u00a7 David Fern\u00e1ndez Rivera \/ 30<\/strong><br \/>\n<strong> \u00a7 Milena Ferrer Saavedra \/ 31<\/strong><br \/>\n<strong> \u00a7 Ana Franco Ortu\u00f1o \/ 32<\/strong><br \/>\n<strong> \u00a7 Gerardo Fulleda Le\u00f3n \/ 33<\/strong><br \/>\n<strong> \u00a7 Pedro Gand\u00eda \/ 34<\/strong><br \/>\n<strong> \u00a7 Lourdes Gil \/ 35<\/strong><br \/>\n<strong> \u00a7 Herminia D. Ibaceta \/ 36<\/strong><br \/>\n<strong> \u00a7 Iraida Iturralde \/ 37<\/strong><br \/>\n<strong> \u00a7 Raquel Olvera \/ 38<\/strong><br \/>\n<strong> \u00a7 Orestes A. P\u00e9rez \/ 39<\/strong><br \/>\n<strong> \u00a7 V\u00edctor Rojas \/ 40<\/strong><br \/>\n<strong> \u00a7 Jos\u00e9 Carlos S\u00e1nchez Lara \/ 41<\/strong><br \/>\n<strong> \u00a7 Antonio Santo \/ 42<\/strong><br \/>\n<strong> \u00a7 Jos\u00e9 Luis Santos Mu\u00f1oz \/ 43<\/strong><br \/>\n<strong> \u00a7 Claudio Simiz \/ 44<\/strong><\/p>\n<p>&nbsp;<\/p>\n<h3>Rese\u00f1a<\/h3>\n<p><strong>\u00a7 <em>DULC\u00cdSIMAS HEBRAS DE ORO<\/em>, DE JES\u00daS C\u00c1NOVAS<\/strong><br \/>\npor Ana Mar\u00eda Alcaraz Roca \/ <strong>47<\/strong><\/p>\n<p><strong>\u00a7 EL AZUL SIDERAL <em>EN PIEL DE PECES<\/em>,\u00a0DE LETICIA HERRERA<\/strong><br \/>\npor Emilio Ballesteros Almaz\u00e1n \/ <strong>51<\/strong><\/p>\n<p><strong>\u00a7 ESFERICIDADES EXPANSIVAS: <em>SI DECIR BASTA<\/em>, DE GRACIELA BUCCI<\/strong><br \/>\npor Bertha Bilbao Richter \/ <strong>54<\/strong><\/p>\n<p><strong>\u00a7 <em>LA GEMA DE CUBAGUA<\/em>, DE WILLIAM NAVARRETE<\/strong><br \/>\npor Juan Cueto Roig \/ <strong>57<\/strong><\/p>\n<p><strong>\u00a7 <em>LA AGUJA SIGUE DESCODIFICANDO VINILOS<\/em>, DE ELENA ERR\u00c1ZURIZ GOYET<\/strong><br \/>\npor Yvonne Gavela Ramos \/ <strong>59<\/strong><\/p>\n<p><strong>\u00a7 EDICIONES EL PUENTE EN LA HABANA DE LOS A\u00d1OS 60<\/strong><br \/>\npor Amauri Francisco Guti\u00e9rrez Coto \/ <strong>61<\/strong><\/p>\n<p><strong>\u00a7 EL ESPECT\u00c1CULO DE LA CREACI\u00d3N Y DE LA RECEPCI\u00d3N: <em>JUEGOS DE LA EDAD TARD\u00cdA<\/em>\u00a0DE LUIS LANDERO, DE ELVIRE G\u00d3MEZ VIDAL<\/strong><br \/>\npor Mariela A. Guti\u00e9rrez \/ <strong>65<\/strong><\/p>\n<p><strong>\u00a7 <em>INSCRITA BAJO SOSPECHA<\/em>, DE MABEL CUESTA<\/strong><br \/>\npor Elena M. Mart\u00ednez \/ <strong>70<\/strong><\/p>\n<p><strong>\u00a7 HISTORIAS PARA NO OLVIDAR: <em>EL SUE\u00d1O DE LA CALABAZA Y OTROS RELATOS<\/em>, DE ENRIQUE G. MORAT\u00d3<\/strong><br \/>\npor Ezequiel P\u00e9rez Mart\u00edn \/ <strong>73<\/strong><\/p>\n<p><strong>\u00a7 UN ESPLENDOR DE RESONANCIAS: <em>HAVANITY\/HABANIDAD<\/em>, DE MAR\u00cdA ELENA BLANCO<\/strong><br \/>\npor Jorge Antonio P\u00e9rez \/ <strong>76<\/strong><\/p>\n<p><strong>\u00a7 <em>ALL\u00c1, DONDE LOS \u00c1NGELES VUELAN<\/em>, DE JOS\u00c9 A. ALBERTINI<\/strong><br \/>\npor Orlando Rossardi \/ <strong>83<\/strong><\/p>\n<p>&nbsp;<\/p>\n<h3>Cuento<\/h3>\n<p><strong>\u00a7 EL EXTRA\u00d1O CASO DE ANSELF WERFEL<\/strong><br \/>\npor Manuel Bol\u00edvar Graterol \/ <strong>91<\/strong><\/p>\n<p><strong>\u00a7 EL DIARIO DE INGRID<\/strong><br \/>\npor Patricia E. Blumenreich \/ <strong>95<\/strong><\/p>\n<p><strong>\u00a7 EL PEQUE\u00d1O LE\u00d3N DORADO<\/strong><br \/>\npor Jorge Luis C\u00e1ceres \/ <strong>101<\/strong><\/p>\n<p><strong>\u00a7 EN EL PARQUE DE LA FRATERNIDAD<\/strong><br \/>\npor Manuel C. D\u00edaz \/ <strong>103<\/strong><\/p>\n<p><strong>\u00a7 . . . AL CRUZAR LA CALLE<\/strong><br \/>\npor Marlene Fitzpatrick Garc\u00eda \/ <strong>110<\/strong><\/p>\n<p><strong>\u00a7 M\u00cdRALA COMO SE MUEVE<\/strong><br \/>\npor Johari Gautier Carmona \/ <strong>113<\/strong><\/p>\n<p><strong>\u00a7 LEY ARIZONA<\/strong><br \/>\npor Hemil Garc\u00eda Linares \/ <strong>115<\/strong><\/p>\n<p><strong>\u00a7 EL ARMA HOMICIDA<\/strong><br \/>\npor Ariel Gonz\u00e1lez Calzada \/ <strong>117<\/strong><\/p>\n<p><strong>\u00a7 EL MAESTRO ALFARERO WANG LI<\/strong><br \/>\npor Rolando H. Morelli \/ <strong>123<\/strong><\/p>\n<p>&nbsp;<\/p>\n<h3>Ensayo<\/h3>\n<p><strong>\u00a7 <em>ACERCA DE RODERER<\/em>: UNA PROPUESTA SEMI\u00d3TICA<\/strong><br \/>\npor Mar\u00eda del Carmen Casta\u00f1eda Hern\u00e1ndez \/ <strong>137<\/strong><\/p>\n<p><strong>\u00a7 LOGOS: DESTRUCCI\u00d3N Y RECONQUISTA. \u201cALTAZOR\u201d Y \u201cALTAZORA ACOMPA\u00d1ANDO A VICENTE\u201d PARA UNA INVERSI\u00d3N DE LA L\u00d3GICA AL USO.<\/strong><br \/>\npor Mabel Cuesta \/ <strong>148<\/strong><\/p>\n<p><strong>\u00a7 NOTAS SOBRE EL POPULARISMO EN MIGUEL HERN\u00c1NDEZ.<\/strong><br \/>\npor Aitor L Larrabide \/ <strong>159<\/strong><\/p>\n<p><strong>\u00a7 LA DIN\u00c1MICA METRO NARRATIVA DE <em>ESA FUENTE DE DOLOR<\/em>, DE MAT\u00cdAS MONTES HUIDOBRO<\/strong><br \/>\npor Luis A. Jim\u00e9nez \/ <strong>169<\/strong><\/p>\n<p><strong>\u00a7 PLURALIDADES ESPACIALES EN LA POES\u00cdA RECIENTE DE LOURDES GIL<\/strong><br \/>\npor Oneida M. S\u00e1nchez \/ <strong>178<\/strong><\/p>\n<p><strong>\u00a7 \u201cRELIGI\u00d3N Y PODER\u201d EN LA TRILOG\u00cdA <em>DELITO POR BAILAR EL CHA CHA CH\u00c1<\/em>, DE GUILLERMO CABRERA INFANTE<\/strong><br \/>\npor Lidia A. Vers\u00f3n \/ <strong>185<\/strong><\/p>\n<p>&nbsp;<\/p>\n<h3>Entrevista<\/h3>\n<p><strong>\u00a7 CONVERSACI\u00d3N CON LA POETA MAYA ISLAS (PALABRA E IMAGEN: UN JUEGO EN EL MUNDO DE LAS FORMAS)<\/strong><br \/>\npor Martha Garc\u00eda \/ <strong>197<\/strong><\/p>\n<p><strong>\u00a7 CONVERSACI\u00d3N CON LA POETA MIREYA ROBLES<\/strong><br \/>\npor Martha Garc\u00eda \/ <strong>207<\/strong><\/p>\n<p><strong>\u00a7 ENTREVISTA CON LA POETA ARMINDA VALD\u00c9S GINEBRA<\/strong><br \/>\npor Martha Garc\u00eda \/ <strong>214<\/strong><\/p>\n<p><strong>\u00a7 ENTREVISTA CON REINALDO GARC\u00cdA RAMOS (RECORDANDO LA \u00c9POCA DE EDICIONES EL PUENTE Y OTROS TEMAS)<\/strong><br \/>\npor Maricel Mayor Mars\u00e1n \/ <strong>221<\/strong><\/p>\n<p><strong>\u00a7 ENTREVISTA CON ROLANDO HINOJOSA SMITH (UN \u00cdCONO DE LA LITERATURA CHICANA)<\/strong><br \/>\npor Maricel Mayor Mars\u00e1n \/ <strong>233<\/strong><\/p>\n<p><strong>\u00a7 ENTREVISTA CON GLADYS TRIANA (ARTISTA PL\u00c1STICA Y MIEMBRO DE UNA FAMILIA DE CREADORES)<\/strong><br \/>\npor Patricio E. Palacios \/ <strong>246<\/strong><\/p>\n<p>&nbsp;<\/p>\n<h3>Narrativa<\/h3>\n<p><strong>\u00a7 EL ASALTO EN LA OTRA CUADRA<\/strong><br \/>\npor Mariana Dietl \/ <strong>249<\/strong><\/p>\n<p><strong>\u00a7 HISTORIA DE UN MAL AMOR<\/strong><br \/>\npor Enrique Guillermo Morat\u00f3 \/ <strong>261<\/strong><\/p>\n<p><strong>\u00a7 EL DOBLE ENTIERRO DE KWEKU MENSAH<\/strong><br \/>\npor Javier Viveros \/ <strong>283<\/strong><\/p>\n<p>&nbsp;<\/p>\n<h3>Opiniones<\/h3>\n<p><strong>\u00a7 CARMEN CONDE Y EL DOLOR HUMANO<\/strong><br \/>\npor Jos\u00e9 R. de Armas \/ <strong>293<\/strong><\/p>\n<p><strong>\u00a7 MIGUEL HERN\u00c1NDEZ: POES\u00cdA Y HUMANIDAD\u00a0DEL POETA UNIVERSAL<\/strong><br \/>\npor Manuel Roberto Leon\u00eds Ru\u00edz \/ <strong>311<\/strong><\/p>\n<p><strong>\u00a7 EDICIONES CONMEMORATIVAS DE LAS OBRAS DE GABRIELA MISTRAL Y PABLO NERUDA<\/strong><br \/>\npor Maricel Mayor Mars\u00e1n \/ <strong>326<\/strong><\/p>\n<p><strong>\u00a7 AL FONDO DEL FUROR: ELEMENTOS Y COSTUMBRES EN LA POES\u00cdA DE JUAN S\u00c1NCHEZ PEL\u00c1EZ<\/strong><br \/>\npor Jorge Gustavo Portella \/ <strong>331<\/strong><\/p>\n<p>&nbsp;<\/p>\n<h3>Teatro<\/h3>\n<p><strong>\u00a7 LA MARCHA<\/strong><br \/>\npor Maricel Mayor Mars\u00e1n \/ <strong>337<\/strong><\/p>\n<p><strong>\u00a7 LA QUINTA HABITACI\u00d3N<\/strong><br \/>\npor Juan Manuel P\u00e9rez \u00c1lvarez \/ <strong>346<\/strong><\/p>\n<p><strong>\u00a7 NO AGUANTO M\u00c1S (MON\u00d3LOGO)<\/strong><br \/>\npor Mar\u00eda Juliana Villafa\u00f1e \/ <strong>362<\/strong><\/p>\n","protected":false},"excerpt":{"rendered":"<p>\u00cdndice Poes\u00eda \u00a7 Antonio A. Acosta \/ 21 \u00a7 Magali Alabau \/ 22 \u00a7 Benjam\u00edn Barajas \/ 23 \u00a7 Luis Ben\u00edtez \/ 24 \u00a7 Miriam Brandan \/ 25 \u00a7 Alexis Brito Delgado \/ 26 \u00a7 Jorge Casta\u00f1eda \/ 27 \u00a7 Mar\u00eda Antonia Castro \/ 28 \u00a7 Mairym Cruz Bernal \/ 29 \u00a7 David Fern\u00e1ndez Rivera [&hellip;]<\/p>\n","protected":false},"featured_media":453,"comment_status":"closed","ping_status":"closed","template":"","meta":[],"product_cat":[10],"product_tag":[],"class_list":{"0":"post-117","1":"product","2":"type-product","3":"status-publish","4":"has-post-thumbnail","6":"book_author-anuarios-baquiana","7":"product_cat-anuarios-de-la-revista-literaria-baquiana-vp","8":"entry"},"_links":{"self":[{"href":"https:\/\/www.baquiana.com\/bookstore\/wp-json\/wp\/v2\/product\/117"}],"collection":[{"href":"https:\/\/www.baquiana.com\/bookstore\/wp-json\/wp\/v2\/product"}],"about":[{"href":"https:\/\/www.baquiana.com\/bookstore\/wp-json\/wp\/v2\/types\/product"}],"replies":[{"embeddable":true,"href":"https:\/\/www.baquiana.com\/bookstore\/wp-json\/wp\/v2\/comments?post=117"}],"wp:featuredmedia":[{"embeddable":true,"href":"https:\/\/www.baquiana.com\/bookstore\/wp-json\/wp\/v2\/media\/453"}],"wp:attachment":[{"href":"https:\/\/www.baquiana.com\/bookstore\/wp-json\/wp\/v2\/media?parent=117"}],"wp:term":[{"taxonomy":"product_cat","embeddable":true,"href":"https:\/\/www.baquiana.com\/bookstore\/wp-json\/wp\/v2\/product_cat?post=117"},{"taxonomy":"product_tag","embeddable":true,"href":"https:\/\/www.baquiana.com\/bookstore\/wp-json\/wp\/v2\/product_tag?post=117"}],"curies":[{"name":"wp","href":"https:\/\/api.w.org\/{rel}","templated":true}]}}