{"id":118,"date":"2016-02-06T05:30:12","date_gmt":"2016-02-06T10:30:12","guid":{"rendered":"https:\/\/baquiana.com\/bookstore\/product\/rrevista-literaria-baquiana-anuario-xiii-2011-2012\/"},"modified":"2020-07-06T16:41:43","modified_gmt":"2020-07-06T20:41:43","slug":"rrevista-literaria-baquiana-anuario-xiii-2011-2012","status":"publish","type":"product","link":"https:\/\/www.baquiana.com\/bookstore\/product\/rrevista-literaria-baquiana-anuario-xiii-2011-2012\/","title":{"rendered":"REVISTA LITERARIA BAQUIANA &#8211; ANUARIO XIII (2011-2012)"},"content":{"rendered":"<h1>\u00cdndice<\/h1>\n<h3>Poes\u00eda<\/h3>\n<p><strong>\u00a7 Javier Cabrera \/ 21<\/strong><br \/>\n<strong> \u00a7 Jorge Chen Sham \/ 22<\/strong><br \/>\n<strong> \u00a7 Jos\u00e9 Amador Falconi \/ 23<\/strong><br \/>\n<strong> \u00a7 Alina Galliano \/ 24<\/strong><br \/>\n<strong> \u00a7 Raquel Huerta Nava \/ 25<\/strong><br \/>\n<strong> \u00a7 Francisco Larios \/ 26<\/strong><br \/>\n<strong> \u00a7 Manuel A. L\u00f3pez \/ 27<\/strong><br \/>\n<strong> \u00a7 Eduardo F. L\u00f3pez Pascual \/ 28<\/strong><br \/>\n<strong> \u00a7 Eyda T. Mach\u00edn \/ 29<\/strong><br \/>\n<strong> \u00a7 Carlos Marzal \/ 30<\/strong><br \/>\n<strong> \u00a7 Silvia Matus \/ 31<\/strong><br \/>\n<strong> \u00a7 Anamar\u00eda Mayol \/ 32<\/strong><br \/>\n<strong> \u00a7 In\u00e9s del Carmen Morales \/ 33<\/strong><br \/>\n<strong> \u00a7 Juan Manuel P\u00e9rez \u00c1lvarez \/ 34<\/strong><br \/>\n<strong> \u00a7 Kelly Presa Toledo \/ 35<\/strong><br \/>\n<strong> \u00a7 Erick A. Revuelta \/ 36<\/strong><br \/>\n<strong> \u00a7 Jos\u00e9 Triana \/ 37<\/strong><br \/>\n<strong> \u00a7 Juan Esteban Villegas \/ 38<\/strong><\/p>\n<p>&nbsp;<\/p>\n<h3>Rese\u00f1a<\/h3>\n<p><strong>\u00a7 <em>YO, EL ARQUERO AQUEL<\/em>, DE MANUEL A. L\u00d3PEZ: POES\u00cdA Y ANTI POES\u00cdA.<\/strong><br \/>\npor Belkis Cuza Mal\u00e9 \/ <strong>41<\/strong><\/p>\n<p><strong>\u00a7 <em>ORO, INCIENSO Y MIRRA<\/em>, DE ARIEL GONZ\u00c1LEZ CALZADA<\/strong><br \/>\npor Teresa Dovalpage \/ <strong>43<\/strong><\/p>\n<p><strong>\u00a7 <em>PALABRAS AL VUELO<\/em>, DE AMELIA DEL CASTILLO MART\u00cdN<\/strong><br \/>\npor Aleida Garrido \/ <strong>45<\/strong><\/p>\n<p><strong>\u00a7 <em>EL EXILIO ESPA\u00d1OL DE 1939: LAS ESCRITORAS<\/em>, DE JANET P\u00c9REZ<\/strong><br \/>\npor Maricel Mayor Mars\u00e1n \/ <strong>51<\/strong><\/p>\n<p><strong>\u00a7 <em>TRILOG\u00cdA DE TEATRO BREVE<\/em>, DE MARICEL MAYOR MARS\u00c1N<\/strong><br \/>\npor Marcos Miranda \/ <strong>55<\/strong><\/p>\n<p><strong>\u00a7 RASGOS ESENCIALES EN LA NOVELA <em>LA ELECCI\u00d3N DE SALOM\u00d3N<\/em>, DE JULIE DE GRANDY<\/strong><br \/>\npor Josefina Leyva \/ <strong>62<\/strong><\/p>\n<p><strong>\u00a7 EL VIAJE, LA VERDAD Y LOS ARCANOS DE LUZ EN <em>HIMINAM<\/em>, DE MARINA GERMA\u00cfN<\/strong><br \/>\npor Jorge Antonio P\u00e9rez \/ <strong>69<\/strong><\/p>\n<p><strong>\u00a7 <em>NOCTURNOS DE MAR INACABADO<\/em>, DE JORGE CHEN SHAM (UNA PO\u00c9TICA DE LA PASI\u00d3N AMOROSA)<\/strong><br \/>\npor Jorge Antonio P\u00e9rez \/ <strong>75<\/strong><\/p>\n<p><strong>\u00a7 <em>VOLAR SIN ALAS<\/em>, DE MAR\u00cdA JULIANA VILLAFA\u00d1E<\/strong><br \/>\npor Maribel S\u00e1nchez Pag\u00e1n \/ <strong>79<\/strong><\/p>\n<p><strong>\u00a7 RECURSOS ESTIL\u00cdSTICOS Y RITMO PO\u00c9TICO EN <em>SOLITAR<\/em>, DE ENA COLUMBI\u00c9<\/strong><br \/>\npor Rafael Zald\u00edvar Palacios \/ <strong>63<\/strong><\/p>\n<p>&nbsp;<\/p>\n<h3>Cuento<\/h3>\n<p><strong>\u00a7 MEMORIA IMAGINARIA<\/strong><br \/>\npor Ver\u00f3nica \u00c1lvarez Alonso \/ <strong>89<\/strong><\/p>\n<p><strong>\u00a7 D\u00cdA DE DIFUNTOS<\/strong><br \/>\npor Luis Alberto Ch\u00e1vez F\u00f3cil \/ <strong>94<\/strong><\/p>\n<p><strong>\u00a7 LA AMARGURA DE CELESTE<\/strong><br \/>\npor Anitzel D\u00edaz \/ <strong>97<\/strong><\/p>\n<p><strong>\u00a7 HORAS MUERTAS<\/strong><br \/>\npor Hemil Garc\u00eda Linares \/ <strong>103<\/strong><\/p>\n<p><strong>\u00a7 EL JURADO<\/strong><br \/>\npor Javier Mar\u00eda Goizueta Velasco \/ <strong>105<\/strong><\/p>\n<p><strong>\u00a7 A NINGUNO DE LOS DOS<\/strong><br \/>\npor Elena M\u00e9ndez \/ <strong>117<\/strong><\/p>\n<p><strong>\u00a7 EL NUEVO ORDEN<\/strong><br \/>\npor Odil\u00f3n Moreno Rangel \/ <strong>122<\/strong><\/p>\n<p><strong>\u00a7 LAS CUATRO HERMANAS<\/strong><br \/>\npor Gladys On \/ <strong>130<\/strong><\/p>\n<p><strong>\u00a7 EL CLUB DE LA CELEBRACI\u00d3N<\/strong><br \/>\npor Alberto Roblest \/ <strong>135<\/strong><\/p>\n<p>&nbsp;<\/p>\n<h3>Ensayo<\/h3>\n<p><strong>\u00a7 EL ESPACIO Y EL TIEMPO M\u00cdTICO EN EL CUENTO <em>EL SUR<\/em>, DE JORGE LUIS BORGES<\/strong><br \/>\npor Diana Acevedo L\u00f3pez \/ <strong>143<\/strong><\/p>\n<p><strong>\u00a7 IM\u00c1GENES DE REDENCI\u00d3N EN <em>LA ISLA ROTA<\/em>, DE IRAIDA ITURRALDE: LECTURA SIMBOL\u00d3GICA DE UN POEMARIO POLIF\u00d3NICO.<\/strong><br \/>\npor Antonio F. Cao \/ <strong>156<\/strong><\/p>\n<p><strong>\u00a7 NATURALEZA CONTRARIADA EN LOS PERSONAJES FEMENINOS DE <em>LA BARRACA<\/em>, DE VICENTE BLASCO IB\u00c1\u00d1EZ.<\/strong><br \/>\npor Alicia De Gregorio \/ <strong>167<\/strong><\/p>\n<p><strong>\u00a7 SIMBIOSIS EXISTENCIAL EN LA NOVELA <em>AURA<\/em>, DE CARLOS FUENTES.<\/strong><br \/>\npor Juan Antonio Gonz\u00e1lez Cant\u00fa \/ <strong>178<\/strong><\/p>\n<p><strong>\u00a7 LA CONCIENCIA DEL PARRICIDIO EN <em>LA NOCHE DE LOS ASESINOS<\/em>, DE JOS\u00c9 TRIANA<\/strong><br \/>\npor Rita Martin \/ <strong>184<\/strong><\/p>\n<p><strong>\u00a7 METADISCURSO SOBRE LA POES\u00cdA EN LOS VERSOS LIBRES DE JOS\u00c9 MART\u00cd<\/strong><br \/>\npor Katarina Zatlkajov\u00e1 \/ <strong>196<\/strong><\/p>\n<p>&nbsp;<\/p>\n<h3>Entrevista<\/h3>\n<p><strong>\u00a7 ENTREVISTA CON EL ESCRITOR VENEZOLANO CAMILO PINO (XV PREMIO \u201cCAROLINA CORONADO\u201d DE NOVELA EN ESPA\u00d1A)<\/strong><br \/>\npor Maricel Mayor Mars\u00e1n \/ <strong>209<\/strong><\/p>\n<p><strong>\u00a7 ENTREVISTA CON EL DRAMATURGO Y POETA CUBANO JOS\u00c9 TRIANA<\/strong><br \/>\npor Maricel Mayor Mars\u00e1n \/ <strong>215<\/strong><\/p>\n<p><strong>\u00a7 ENTREVISTA CON EL ACAD\u00c9MICO Y ENSAYISTA CUBANO ELIO ALBA BUFFILL<\/strong><br \/>\npor Maricel Mayor Mars\u00e1n \/ <strong>222<\/strong><\/p>\n<p>&nbsp;<\/p>\n<h3>Narrativa<\/h3>\n<p><strong>\u00a7 EL AUTOR QUE ESCRIBI\u00d3 UNA SOLA HISTORIA<\/strong><br \/>\npor Andr\u00e9s Marroqu\u00edn Gramajos \/ <strong>243<\/strong><\/p>\n<p><strong>\u00a7 EL VIAJE<\/strong><br \/>\npor R\u00f3ger Mendieta Alfaro \/ <strong>256<\/strong><\/p>\n<p><strong>\u00a7 EL L\u00c9XICO DE LA RUPTURA<\/strong><br \/>\npor \u00c1lvaro Valderas Alonso \/ <strong>286<\/strong><\/p>\n<p>&nbsp;<\/p>\n<h3>Opiniones<\/h3>\n<p><strong>\u00a7 FUNDAMENTOS DEL IDIOMA (EXTRANJERISMOS CONCEPTUALES)<\/strong><br \/>\npor Emilio Bernal Labrada \/ <strong>291<\/strong><\/p>\n<p><strong>\u00a7 EL DEPORTE DE ABUSAR DEL IDIOMA<\/strong><br \/>\npor Emilio Bernal Labrada \/ <strong>294<\/strong><\/p>\n<p><strong>\u00a7 FEMINISMO Y LITERATURA EN CUBA<\/strong><br \/>\npor Mabel Cuesta \/ <strong>296<\/strong><\/p>\n<p><strong>\u00a7 LA IMPORTANCIA DEL TRASFONDO SOCIAL EN LA OBRA LITERARIA DE CHARLES DICKENS (1812 \u2013 1870)<\/strong><br \/>\npor Maricel Mayor Mars\u00e1n \/ <strong>317<\/strong><\/p>\n<p><strong>\u00a7 HIEROS GAMUS: AGUDEZA E INGENIO EN LA PINTURA DE WILLIAM MART\u00cdNEZ BRITO<\/strong><br \/>\npor Jorge Antonio P\u00e9rez \/ <strong>321<\/strong><\/p>\n<p><strong>\u00a7 EL NEOEXPRESIONISMO L\u00cdRICO EN LA PINTURA DE PILAR ORT\u00cdZ TORRES<\/strong><br \/>\npor Gerardo Pi\u00f1a Rosales \/ <strong>327<\/strong><\/p>\n<p>&nbsp;<\/p>\n<h3>Teatro<\/h3>\n<p><strong>\u00a7 \u201cCELEBRANDO A VIRGILIO\u201d ENTRE LA GESTACI\u00d3N\u00a0Y EL RESULTADO<\/strong><br \/>\npor Mat\u00edas Montes Huidobro \/ <strong>333<\/strong><\/p>\n<p><strong>\u00a7 ESPERANDO A MAM\u00c1<\/strong><br \/>\npor Cristina Rebull \/ <strong>240<\/strong><\/p>\n<p><strong>\u00a7 FEDERICO AL REV\u00c9S (PIEZA DE TEATRO BREVE EN UN ACTO)<\/strong><br \/>\npor Eduardo F. L\u00f3pez Pascual \/ <strong>368<\/strong><\/p>\n","protected":false},"excerpt":{"rendered":"<p>\u00cdndice Poes\u00eda \u00a7 Javier Cabrera \/ 21 \u00a7 Jorge Chen Sham \/ 22 \u00a7 Jos\u00e9 Amador Falconi \/ 23 \u00a7 Alina Galliano \/ 24 \u00a7 Raquel Huerta Nava \/ 25 \u00a7 Francisco Larios \/ 26 \u00a7 Manuel A. L\u00f3pez \/ 27 \u00a7 Eduardo F. L\u00f3pez Pascual \/ 28 \u00a7 Eyda T. Mach\u00edn \/ 29 \u00a7 [&hellip;]<\/p>\n","protected":false},"featured_media":455,"comment_status":"closed","ping_status":"closed","template":"","meta":[],"product_cat":[10],"product_tag":[],"class_list":{"0":"post-118","1":"product","2":"type-product","3":"status-publish","4":"has-post-thumbnail","6":"book_author-anuarios-baquiana","7":"product_cat-anuarios-de-la-revista-literaria-baquiana-vp","8":"entry"},"_links":{"self":[{"href":"https:\/\/www.baquiana.com\/bookstore\/wp-json\/wp\/v2\/product\/118"}],"collection":[{"href":"https:\/\/www.baquiana.com\/bookstore\/wp-json\/wp\/v2\/product"}],"about":[{"href":"https:\/\/www.baquiana.com\/bookstore\/wp-json\/wp\/v2\/types\/product"}],"replies":[{"embeddable":true,"href":"https:\/\/www.baquiana.com\/bookstore\/wp-json\/wp\/v2\/comments?post=118"}],"wp:featuredmedia":[{"embeddable":true,"href":"https:\/\/www.baquiana.com\/bookstore\/wp-json\/wp\/v2\/media\/455"}],"wp:attachment":[{"href":"https:\/\/www.baquiana.com\/bookstore\/wp-json\/wp\/v2\/media?parent=118"}],"wp:term":[{"taxonomy":"product_cat","embeddable":true,"href":"https:\/\/www.baquiana.com\/bookstore\/wp-json\/wp\/v2\/product_cat?post=118"},{"taxonomy":"product_tag","embeddable":true,"href":"https:\/\/www.baquiana.com\/bookstore\/wp-json\/wp\/v2\/product_tag?post=118"}],"curies":[{"name":"wp","href":"https:\/\/api.w.org\/{rel}","templated":true}]}}