{"id":119,"date":"2016-02-06T05:33:42","date_gmt":"2016-02-06T10:33:42","guid":{"rendered":"https:\/\/baquiana.com\/bookstore\/product\/revista-literaria-baquiana-anuario-xiv-2012-2013\/"},"modified":"2025-04-28T13:12:26","modified_gmt":"2025-04-28T17:12:26","slug":"revista-literaria-baquiana-anuario-xiv-2012-2013","status":"publish","type":"product","link":"https:\/\/www.baquiana.com\/bookstore\/product\/revista-literaria-baquiana-anuario-xiv-2012-2013\/","title":{"rendered":"REVISTA LITERARIA BAQUIANA &#8211; ANUARIO XIV (2012-2013)"},"content":{"rendered":"<h1>\u00cdndice<\/h1>\n<h3>Poes\u00eda<\/h3>\n<p><strong>\u00a7 \u00c1ngeles Andonegui \/ 21<\/strong><br \/>\n<strong> \u00a7 Javier Bueno Jim\u00e9nez \/ 22<\/strong><br \/>\n<strong>\u00a7 Belkis Cuza Mal\u00e9 \/ 23<\/strong><br \/>\n<strong> \u00a7 Elena Err\u00e1zuriz Goyet \/ 24<\/strong><br \/>\n<strong> \u00a7 Carlos Escamilla \/ 25<\/strong><br \/>\n<strong> \u00a7 Margarita Garc\u00eda Alonso \/ 26<\/strong><br \/>\n<strong> \u00a7 Aar\u00f3n Garc\u00eda Pe\u00f1a \/ 27<\/strong><br \/>\n<strong> \u00a7 Jes\u00fas G\u00f3mez Mor\u00e1n \/ 28<\/strong><br \/>\n<strong> \u00a7 Israel Gonz\u00e1lez \/ 29<\/strong><br \/>\n<strong> \u00a7 Enrique Gracia Trinidad \/ 30<\/strong><br \/>\n<strong> \u00a7 Jos\u00e9 Mar\u00eda Herranz \/ 31<\/strong><br \/>\n<strong> \u00a7 V\u00edctor Jim\u00e9nez \/ 32<\/strong><br \/>\n<strong> \u00a7 Irene L\u00f3pez Kuchil\u00e1n \/ 33<\/strong><br \/>\n<strong> \u00a7 Bego\u00f1a Montes Zof\u00edo \/ 34<\/strong><br \/>\n<strong> \u00a7 Laura Olalla \/ 35<\/strong><br \/>\n<strong> \u00a7 Julio Pavanetti \/ 36<\/strong><br \/>\n<strong> \u00a7 Jos\u00e9 Ricart \/ 37<\/strong><br \/>\n<strong> \u00a7 Jos\u00e9 Gerardo Vargas \/ 38<\/strong><\/p>\n<p>&nbsp;<\/p>\n<h3>Rese\u00f1a<\/h3>\n<p><strong>\u00a7 <em>JOS\u00c9 MART\u00cd. IM\u00c1GENES DE RECUERDO Y DUELO<\/em>, DE EMILIO BEJEL<\/strong><br \/>\npor Jonathan Alc\u00e1ntar \/ <strong>41<\/strong><\/p>\n<p><strong>\u00a7 <em>CUERPOS DEL DELIRIO<\/em>, DE JES\u00daS J. BARQUET<\/strong><br \/>\npor Yoandy Cabrera \/ <strong>47<\/strong><\/p>\n<p><strong>\u00a7 <em>A MI MANERA<\/em>, DE FRANCISCO JAVIER ILL\u00c1N VIVAS<\/strong><br \/>\npor Jos\u00e9 Cantabella Miras \/ <strong>60<\/strong><\/p>\n<p><strong>\u00a7 <em>A\u00d1OS FUGITIVOS<\/em>, DE PASCUAL GARC\u00cdA<\/strong><br \/>\npor Manuel Cifo Gonz\u00e1lez \/ <strong>62<\/strong><\/p>\n<p><strong>\u00a7 <em>AGUA SAGRADA<\/em>, DE RUB\u00cd ARANA<\/strong><br \/>\npor \u00c1ngel Cuadra \/ <strong>70<\/strong><\/p>\n<p><strong>\u00a7 <em>TOTALIDAD<\/em>, NUEVO LIBRO DE ORLANDO ROSSARDI<\/strong><br \/>\npor \u00c1ngel Cuadra \/ <strong>74<\/strong><\/p>\n<p><strong>\u00a7 <em>HISTORIAS DEL PA\u00cdS L\u00c1PIZ<\/em>, DE PATRICIO E. PALACIOS<\/strong><br \/>\npor Leticia Herrera \u00c1lvarez \/ <strong>78<\/strong><\/p>\n<p><strong>\u00a7 <em>L\u00c1GRIMAS SECAS<\/em>, DE RUTH GLASBERG GOLD (TESTIMONIO Y LEITMOTIV DE VIDA)<\/strong><br \/>\npor Maricel Mayor Mars\u00e1n \/ <strong>83<\/strong><\/p>\n<p><strong>\u00a7 <em>CORDIALMENTE SUYA (ANTOLOG\u00cdA 1976 &#8211; 2007)<\/em>, DE DIONISIA GARC\u00cdA<\/strong><br \/>\npor Maricel Mayor Mars\u00e1n \/ <strong>89<\/strong><\/p>\n<p><strong>\u00a7 ESPACIOS INTERIORES EN EL LIBRO <em>\u201cNOCHES BLANCAS\u201d<\/em> DE ERICK A. REVUELTA<\/strong><br \/>\npor Maricel Mayor Mars\u00e1n \/ <strong>92<\/strong><\/p>\n<p><strong>\u00a7 <em>INNOMINADO AMOR, VERSOS AL AMANECER<\/em>, DE ARTURO MORELL (UNA POES\u00cdA DE LO COTIDIANO)<\/strong><br \/>\npor Elena M\u00e9ndez \/ <strong>96<\/strong><\/p>\n<p><strong>\u00a7 <em>HISTORIAS ESTRECHAS<\/em>, DE JUAN RUIZ DE TORRES<\/strong><br \/>\npor Jos\u00e9 F\u00e9lix Olalla \/ <strong>98<\/strong><\/p>\n<p><strong>\u00a7 <em>LA VIDA BREVE: ANTOLOG\u00cdA PERSONAL (2001-2012)<\/em>, DE ISAAC GOLDEMBERG BAY<\/strong><br \/>\npor Manuel J. Santayana \/ <strong>99<\/strong><\/p>\n<p>&nbsp;<\/p>\n<h3>Cuento<\/h3>\n<p><strong>\u00a7 PON TU PENSAMIENTO EN M\u00cd<\/strong><br \/>\npor Teresa Bevin \/ <strong>107<\/strong><\/p>\n<p><strong>\u00a7 OLGUITA SE VA DE CUBA<\/strong><br \/>\npor Ceida Fern\u00e1ndez Figueroa \/ <strong>115<\/strong><\/p>\n<p><strong>\u00a7 LIENZO VIRGEN<\/strong><br \/>\npor Marcelo D. Ferrer \/ <strong>127<\/strong><\/p>\n<p><strong>\u00a7 MIENTRAS PUEDA ESCUCHAR TU VOZ<\/strong><br \/>\npor \u00c1ngeles Goyanes \/ <strong>130<\/strong><\/p>\n<p><strong>\u00a7 LOS D\u00cdAS FINALES DE SELVA<\/strong><br \/>\npor Manuel A. L\u00f3pez \/ <strong>137<\/strong><\/p>\n<p><strong>\u00a7 EL POZO DE ASDR\u00daBAL<\/strong><br \/>\npor \u00c1ngela Reyes \/<strong> 141<\/strong><\/p>\n<p><strong>\u00a7 PIKIL\u00cdA<\/strong><br \/>\npor Juan Ruiz de Torres \/ <strong>146<\/strong><\/p>\n<p><strong>\u00a7 LOS HIJOS YA NO SE VAN DE CASA<\/strong><br \/>\npor Mar\u00eda Juliana Villafa\u00f1e \/ <strong>149<\/strong><\/p>\n<p><strong>\u00a7 MARUCA \u201cLA LOCA\u201d<\/strong><br \/>\npor Dorothy Villalobos \/ <strong>155<\/strong><\/p>\n<p>&nbsp;<\/p>\n<h3>Ensayo<\/h3>\n<p><strong>\u00a7 <em>TEATRO AFROCUBANO EN EL EXILIO: ENSAYOS CR\u00cdTICOS<\/em>, DE ARMANDO GONZ\u00c1LEZ P\u00c9REZ<\/strong><br \/>\npor Marcelo Fajardo C\u00e1rdenas \/ <strong>163<\/strong><\/p>\n<p><strong>\u00a7 LYDIA CABRERA, LA AUTORA, Y LA AFROCUBAN\u00cdA DE SU UNIVERSO NARRATIVO.<\/strong><br \/>\npor Mariela A. Guti\u00e9rrez \/ <strong>171<\/strong><\/p>\n<p><strong>\u00a7 REVISIONISMO POSTCOLONIAL Y CONTRAPUNTEO DE LA HISTORIA NICARAG\u00dcENSE: <em>SANGRE AT\u00c1VICA<\/em> DE GLORIA ELENA ESPINOZA DE TERCERO<\/strong><br \/>\npor Luis A. Jim\u00e9nez \/ <strong>186<\/strong><\/p>\n<p><strong>\u00a7 LA REPRESENTACI\u00d3N DEL T\u00cdGUERE EN <em>NEGOCIOS<\/em>, NOVELA DE JUNOT D\u00cdAZ<\/strong><br \/>\npor Myra M. Medina \/ <strong>200<\/strong><\/p>\n<p><strong>\u00a7 LA VERDAD COMO INCOGNITA EN <em>LA LEYENDA DE LAS ESTRELLAS<\/em>, DE JOS\u00c9 ANTONIO RAMOS<\/strong><br \/>\npor Esther S\u00e1nchez-Grey Alba \/ <strong>208<\/strong><\/p>\n<p><strong>\u00a7 UNA RELECTURA DE LA HISTORIA DE LA NACI\u00d3N CUBANA, TAL Y COMO APARECE EN <em>EL POLVO Y EL ORO<\/em>, DE JULIO TRAVIESO SERRANO<\/strong><br \/>\npor Alicia E. Vadillo y Lidia A. Vers\u00f3n \/ <strong>216<\/strong><\/p>\n<p>&nbsp;<\/p>\n<h3>Entrevista<\/h3>\n<p><strong>\u00a7 ENTREVISTA CON LA POETA CUBANA BELKIS CUZA MAL\u00c9<\/strong><br \/>\npor Martha Garc\u00eda \/ <strong>229<\/strong><\/p>\n<p><strong>\u00a7 ENTREVISTA CON LA POETA Y ESCRITORA PUERTORRIQUE\u00d1A MAYRA SANTOS FEBRES<\/strong><br \/>\npor Maricel Mayor Mars\u00e1n \/ <strong>237<\/strong><\/p>\n<p><strong>\u00a7 ENTREVISTA CON ENRIQUE S\u00c1NCHEZ GOYANES, AUTOR DEL LIBRO <em>RETABLO DE PONCE DE LE\u00d3N<\/em>, EN EL V CENTENARIO DEL DESCUBRIMIENTO DE LA FLORIDA (1513 \u2013 2013)<\/strong><br \/>\npor Maricel Mayor Mars\u00e1n \/ <strong>246<\/strong><\/p>\n<p><strong>\u00a7 ENTREVISTA CON EL ARTISTA PL\u00c1STICO Y POETA MURCIANO ANTONIO SOTO ALC\u00d3N<\/strong><br \/>\npor Patricio E. Palacios \/ <strong>261<\/strong><\/p>\n<p>&nbsp;<\/p>\n<h3>Narrativa<\/h3>\n<p><strong>\u00a7 RUIDOS<\/strong><br \/>\npor Jos\u00e9 Alc\u00e1ntara Alm\u00e1nzar \/ <strong>273<\/strong><\/p>\n<p><strong>\u00a7 ELLA<\/strong><br \/>\npor Antonio Redondo And\u00fajar \/ <strong>281<\/strong><\/p>\n<p><strong>\u00a7 ESTA PENDENCIA<\/strong><br \/>\npor Lourdes V\u00e1zquez \/ <strong>291<\/strong><\/p>\n<p>&nbsp;<\/p>\n<h3>Opiniones<\/h3>\n<p><strong>\u00a7 JOS\u00c9 HIERRO: HOMENAJE A LOS DIEZ A\u00d1OS DE SU PARTIDA<\/strong><br \/>\npor Isabel D\u00edez Serrano \/ <strong>301<\/strong><\/p>\n<p><strong>\u00a7 CHARLES DEERING: UN V\u00cdNCULO CULTURAL ENTRE ESPA\u00d1A Y EL SUR DE LA FLORIDA<\/strong><br \/>\npor Patricia Gonz\u00e1lez Osorio \/ <strong>306<\/strong><\/p>\n<p><strong>\u00a7 DESTIERRO Y DESTIEMPO<\/strong><br \/>\npor Gustavo P\u00e9rez Firmat \/ <strong>315<\/strong><\/p>\n<p><strong>\u00a7 FOBIAS Y TEMORES: HACIA EL NUEVO FIN DEL MUNDO<\/strong><br \/>\npor \u00d3scar Wong \/ <strong>321<\/strong><\/p>\n<p>&nbsp;<\/p>\n<h3>Teatro<\/h3>\n<p><strong>\u00a7 GENIOS: LORCA Y DAL\u00cd<\/strong><br \/>\npor Julie De Grandy \/ <strong>329<\/strong><\/p>\n<p><strong>\u00a7 VOY POR CIGARRO<\/strong><br \/>\npor Gerardo Fulleda Le\u00f3n \/ <strong>338<\/strong><\/p>\n<p><strong>\u00a7 UNA VELADA ROM\u00c1NTICA<\/strong><br \/>\npor Stella Manaut \/ <strong>357<\/strong><\/p>\n<p><strong>\u00a7 ECLIPSE<\/strong><br \/>\npor Alberto Mart\u00ednez M\u00e1rquez \/ <strong>365<\/strong><\/p>\n","protected":false},"excerpt":{"rendered":"<p>\u00cdndice Poes\u00eda \u00a7 \u00c1ngeles Andonegui \/ 21 \u00a7 Javier Bueno Jim\u00e9nez \/ 22 \u00a7 Belkis Cuza Mal\u00e9 \/ 23 \u00a7 Elena Err\u00e1zuriz Goyet \/ 24 \u00a7 Carlos Escamilla \/ 25 \u00a7 Margarita Garc\u00eda Alonso \/ 26 \u00a7 Aar\u00f3n Garc\u00eda Pe\u00f1a \/ 27 \u00a7 Jes\u00fas G\u00f3mez Mor\u00e1n \/ 28 \u00a7 Israel Gonz\u00e1lez \/ 29 \u00a7 Enrique [&hellip;]<\/p>\n","protected":false},"featured_media":465,"comment_status":"closed","ping_status":"closed","template":"","meta":[],"product_cat":[10],"product_tag":[],"class_list":{"0":"post-119","1":"product","2":"type-product","3":"status-publish","4":"has-post-thumbnail","6":"book_author-anuarios-baquiana","7":"product_cat-anuarios-de-la-revista-literaria-baquiana-vp","8":"entry"},"_links":{"self":[{"href":"https:\/\/www.baquiana.com\/bookstore\/wp-json\/wp\/v2\/product\/119"}],"collection":[{"href":"https:\/\/www.baquiana.com\/bookstore\/wp-json\/wp\/v2\/product"}],"about":[{"href":"https:\/\/www.baquiana.com\/bookstore\/wp-json\/wp\/v2\/types\/product"}],"replies":[{"embeddable":true,"href":"https:\/\/www.baquiana.com\/bookstore\/wp-json\/wp\/v2\/comments?post=119"}],"wp:featuredmedia":[{"embeddable":true,"href":"https:\/\/www.baquiana.com\/bookstore\/wp-json\/wp\/v2\/media\/465"}],"wp:attachment":[{"href":"https:\/\/www.baquiana.com\/bookstore\/wp-json\/wp\/v2\/media?parent=119"}],"wp:term":[{"taxonomy":"product_cat","embeddable":true,"href":"https:\/\/www.baquiana.com\/bookstore\/wp-json\/wp\/v2\/product_cat?post=119"},{"taxonomy":"product_tag","embeddable":true,"href":"https:\/\/www.baquiana.com\/bookstore\/wp-json\/wp\/v2\/product_tag?post=119"}],"curies":[{"name":"wp","href":"https:\/\/api.w.org\/{rel}","templated":true}]}}