{"id":120,"date":"2016-02-06T05:44:40","date_gmt":"2016-02-06T10:44:40","guid":{"rendered":"https:\/\/baquiana.com\/bookstore\/product\/revista-literaria-baquiana-anuario-xv-2013-2014\/"},"modified":"2021-10-11T21:38:22","modified_gmt":"2021-10-12T01:38:22","slug":"revista-literaria-baquiana-anuario-xv-2013-2014","status":"publish","type":"product","link":"https:\/\/www.baquiana.com\/bookstore\/product\/revista-literaria-baquiana-anuario-xv-2013-2014\/","title":{"rendered":"REVISTA LITERARIA BAQUIANA &#8211; ANUARIO XV (2013-2014)"},"content":{"rendered":"<h1>\u00cdndice<\/h1>\n<h3>Poes\u00eda<\/h3>\n<p><strong>\u00a7 Leonardo Alezones Lau \/ 21<\/strong><br \/>\n<strong> \u00a7 Guillermo Arango \/ 22<\/strong><br \/>\n<strong> \u00a7 Basilio Belliard \/ 23<\/strong><br \/>\n<strong> \u00a7 Ana Cecilia Blum \/ 24<\/strong><br \/>\n<strong> \u00a7 Lidia Elena Caraballo \/ 25<\/strong><br \/>\n<strong> \u00a7 Jes\u00fas Alberto D\u00edaz Hern\u00e1ndez \/ 26<\/strong><br \/>\n<strong> \u00a7 Lizette Espinosa \/ 27<\/strong><br \/>\n<strong> \u00a7 Glenda Gal\u00e1n \/ 28<\/strong><br \/>\n<strong> \u00a7 Javier Mar\u00eda Goizueta Velasco \/ 29<\/strong><br \/>\n<strong> \u00a7 Mar\u00eda Elena Hern\u00e1ndez Caballero \/ 30<\/strong><br \/>\n<strong> \u00a7 Jos\u00e9 Kozer \/ 31<\/strong><br \/>\n<strong> \u00a7 Liliana Le\u00f3n Trujillo \/ 32<\/strong><br \/>\n<strong> \u00a7 Mat\u00edas Montes Huidobro \/ 33<\/strong><br \/>\n<strong> \u00a7 Sergio Ortiz \/ 34<\/strong><br \/>\n<strong> \u00a7 Juan Ram\u00f3n Ortiz Galeano \/ 35<\/strong><br \/>\n<strong> \u00a7 Luis Benjam\u00edn Rom\u00e1n Abram \/ 36<\/strong><br \/>\n<strong> \u00a7 Luis Miguel Rubio Domingo \/ 37<\/strong><br \/>\n<strong> \u00a7 Minerva Salado Rabelo \/ 38<\/strong><\/p>\n<p>&nbsp;<\/p>\n<h3>Rese\u00f1a<\/h3>\n<p><strong>\u00a7 LA FUERZA DEL AMOR EN <em>CARTA PARA ADRIANA Y OTROS CUENTOS<\/em>, DE ROBERTO HERN\u00c1NDEZ RUSSI<\/strong><br \/>\npor Jos\u00e9 Antonio Albertini \/ <strong>41<\/strong><\/p>\n<p><strong>\u00a7 MODA, LITERATURA Y ARTE: CARLOTA CAULFIELD<\/strong><br \/>\npor Antonio Beneyto y Jaime D. Parra \/ <strong>45<\/strong><\/p>\n<p><strong>\u00a7 CAMINANDO ENTRE LA NIEBLA Y LA LUZ EN <em>EL VIAJE\u00a0<\/em><\/strong><strong><em>INFINITO<\/em>, DE EMILIO BALLESTEROS<\/strong><br \/>\npor Pedro Garc\u00eda Cueto \/ <strong>53<\/strong><\/p>\n<p><strong>\u00a7 <em>LA VIRGEN DEL MALEC\u00d3N<\/em>, ANTI-ODISEA CUBANA<\/strong><br \/>\npor Carlos Garc\u00eda Pandiello \/ <strong>57<\/strong><\/p>\n<p><strong>\u00a7 <em>EL \u00c1NGEL SONRIENTE<\/em> \/ <em>L\u00b4ANGELO SORRIDENTE<\/em>, DE JUANA ROSA PITA<\/strong><br \/>\npor Mar\u00eda Lenti \/ <strong>61<\/strong><\/p>\n<p><strong>\u00a7 <em>EL ESPA\u00d1OL EN LOS ESTADOS UNIDOS: E PLURIBUS UNUM? ENFOQUES MULTIDISCIPLINARIOS<\/em>, EDITADO POR DOMNITA DUMITRESCU Y GERARDO PI\u00d1A ROSALES<\/strong><br \/>\npor \u00c1ngel L\u00f3pez G. Molins \/ <strong>63<\/strong><\/p>\n<p><strong>\u00a7 <em>CUENTOS DE VIAJE PARA SIETE CUERDAS Y OTRAS METAF\u00cdSICAS<\/em>, DE LUIS ALBERTO AMBROGGIO<\/strong><br \/>\npor Maricel Mayor Mars\u00e1n \/ <strong>71<\/strong><\/p>\n<p><strong>\u00a7 <em>INSTANT\u00c1NEAS NORTEAMERICANAS<\/em>, DE ALBERTO ROBLEST<\/strong><br \/>\npor Maricel Mayor Mars\u00e1n \/ <strong>75<\/strong><\/p>\n<p><strong>\u00a7 <em>DUDAS, ERRORES Y SOMBRAS<\/em> \/ <em>DOUBTS, ERRORS AND SHADOWS<\/em>, CUENTOS BILING\u00dcES DE PATRICIA E. BLUMENREICH<\/strong><br \/>\npor Maricel Mayor Mars\u00e1n \/ <strong>78<\/strong><\/p>\n<p><strong>\u00a7 LENGUAJE PLURIVOCAL Y MULTIFORME EN EL LIBRO <em>ADAGIO CON FUGAS Y CIERTOS AFECTOS<\/em>, DE LOURDES V\u00c1ZQUEZ<\/strong><br \/>\npor Maricel Mayor Mars\u00e1n \/ <strong>80<\/strong><\/p>\n<p><strong>\u00a7 LA CARNE: FIGURA EMBLEM\u00c1TICA EN <em>LA CARNE ESTREMECIDA<\/em>, DE JOS\u00c9 ALC\u00c1NTARA ALM\u00c1NZAR<\/strong><br \/>\npor Myra M. Medina \/ <strong>84<\/strong><\/p>\n<p><strong>\u00a7 <em>EL LABERINTO VERTICAL<\/em> \/ <em>THE VERTICAL LABYRINTH<\/em>, DE NELA RIO<\/strong><br \/>\npor Elena Palmero Gonz\u00e1lez \/ <strong>88<\/strong><\/p>\n<p><strong>\u00a7 <em>CR\u00d3NICAS HISPANOUNIDENSES<\/em>, DE MARICEL MAYOR MARS\u00c1N<\/strong><br \/>\npor \u00d3scar Wong \/ <strong>92<\/strong><\/p>\n<p>&nbsp;<\/p>\n<h3>Cuento<\/h3>\n<p><strong>\u00a7 CARAMELITOS<\/strong><br \/>\npor David Bombai \/ <strong>99<\/strong><\/p>\n<p><strong>\u00a7 TEN\u00cdA EL ROSTRO DESTROZADO<\/strong><br \/>\npor Jos\u00e9 Luis Fern\u00e1ndez P\u00e9rez \/ <strong>104<\/strong><\/p>\n<p><strong>\u00a7 AGUA SALADA<\/strong><br \/>\npor Mercedes Guti\u00e9rrez Garc\u00eda \/ <strong>113<\/strong><\/p>\n<p><strong>\u00a7 CONTRA VIENTO Y MAREA<\/strong><br \/>\npor Francisco Mart\u00ednez Hoyos \/ <strong>120<\/strong><\/p>\n<p><strong>\u00a7 TRATO ES TRATO<\/strong><br \/>\npor R\u00f3ger Mendieta Alfaro \/ <strong>129<\/strong><\/p>\n<p><strong>\u00a7 AMOR Y COBARD\u00cdA<\/strong><br \/>\npor Mar\u00eda Jos\u00e9 Mielgo \/ <strong>136<\/strong><\/p>\n<p><strong>\u00a7 UN SER EXTRA\u00d1O<\/strong><br \/>\npor Gladys On \/ <strong>139<\/strong><\/p>\n<p><strong>\u00a7 EL ERMITA\u00d1O<\/strong><br \/>\npor Jos\u00e9 Manuel Prado Ant\u00fanez \/ <strong>143<\/strong><\/p>\n<p><strong>\u00a7 RETORNO A MOLOKAI<\/strong><br \/>\npor Luis Miguel Rubio Domingo \/ <strong>157<\/strong><\/p>\n<p>&nbsp;<\/p>\n<h3>Ensayo<\/h3>\n<p><strong>\u00a7 VISI\u00d3N LING\u00dc\u00cdSTICA: EL ESPA\u00d1OL DE ESPA\u00d1A, HISPANOAM\u00c9RICA Y ESTADOS UNIDOS<\/strong><br \/>\npor Niza Fabre \/ <strong>171<\/strong><\/p>\n<p><strong>\u00a7 LOS TRENES DE MARZO. 11-M: UN MUNDO INDEPENDIENTE Y \u00daNICO<\/strong><br \/>\npor Rosalina Garc\u00eda \/ <strong>187<\/strong><\/p>\n<p><strong>\u00a7 EL AP\u00d3CRIFO PEDRO MEN\u00c9NDEZ DE AVIL\u00c9S Y LA TRANSCULTURACI\u00d3N DE LO ESPA\u00d1OL EN <em>EL MAR DE LAS LENTEJAS<\/em>,\u00a0DE ANTONIO BEN\u00cdTEZ ROJO<\/strong><br \/>\npor Gregory G. Helmick \/ <strong>197<\/strong><\/p>\n<p><strong>\u00a7 LA NOSTALGIA COMO EXPRESI\u00d3N EXISTENCIAL EN LA POES\u00cdA DE RAFAEL MONTESINOS<\/strong><br \/>\npor Lola Hidalgo Calle \/ <strong>208<\/strong><\/p>\n<p><strong>\u00a7 LA AVELLANEDA EN SUS PROPIAS PALABRAS<\/strong><br \/>\npor Esther S\u00e1nchez-Grey Alba \/ <strong>217<\/strong><\/p>\n<p><strong>\u00a7 DE GELASIA A MARCELA: RASGOS DISTINTIVOS DE LOS PERSONAJES FEMENINOS CERVANTINOS<\/strong><br \/>\npor Nancy Elena Vinces \/ <strong>227<\/strong><\/p>\n<p>&nbsp;<\/p>\n<h3>Entrevista<\/h3>\n<p><strong>\u00a7 ENTREVISTA CON EL ACAD\u00c9MICO Y ESCRITOR GERARDO PI\u00d1A ROSALES, DIRECTOR DE LA ACADEMIA NORTEAMERICANA DE LA LENGUA ESPA\u00d1OLA<\/strong><br \/>\npor Maricel Mayor Mars\u00e1n \/ <strong>237<\/strong><\/p>\n<p><strong>\u00a7 ENTREVISTA CON EL POETA JOS\u00c9 KOZER, X PREMIO IBEROAMERICANO DE POES\u00cdA PABLO NERUDA\u00a0<\/strong><strong>(CHILE, 2013)<\/strong><br \/>\npor Maricel Mayor Mars\u00e1n \/ <strong>248<\/strong><\/p>\n<p><strong>\u00a7 ENTREVISTA CON LA ARTISTA PL\u00c1STICA MAR\u00cdA LINO, GANADORA DE LA BECA FULBRIGHT EN CIENCIAS Y HUMANIDADES (PER\u00da, 2011)<\/strong><br \/>\npor Maricel Mayor Mars\u00e1n \/ <strong>261<\/strong><\/p>\n<p><strong>\u00a7 ENTREVISTA CON LA POETA VENEZOLANA DINAPIERA DI DONATO, GANADORA DEL PREMIO NACIONAL DE POES\u00cdA \u201cOCTAVIO PAZ\u201d (ESTADOS UNIDOS, 2012)<\/strong><br \/>\npor Maricel Mayor Mars\u00e1n \/ <strong>275<br \/>\n<\/strong><br \/>\n<strong>\u00a7 ENTREVISTA CON LA ESCRITORA URUGUAYA CARMEN POSADAS, GANADORA DEL PREMIO PLANETA DE NOVELA (ESPA\u00d1A 1998)<\/strong><br \/>\npor Maricel Mayor Mars\u00e1n \/ <strong>288<\/strong><\/p>\n<p><strong>\u00a7 ENTREVISTA CON EL ARTISTA PL\u00c1STICO CRIST\u00d3BAL GABARR\u00d3N, UN MURCIANO CON PRESENCIA MUNDIAL<\/strong><br \/>\npor Patricio E. Palacios \/ <strong>295<\/strong><\/p>\n<p>&nbsp;<\/p>\n<h3>Narrativa<\/h3>\n<p><strong>\u00a7 CONTACTOS (MINIFICCIONES)<\/strong><br \/>\npor Atilano Sevillano \/ <strong>307<\/strong><\/p>\n<p><strong>\u00a7 DILE AL SILENCIO<\/strong><br \/>\npor Javier \u00dabeda Ib\u00e1\u00f1ez \/ <strong>309<\/strong><\/p>\n<p><strong>\u00a7 ANTES DE MORIRME QUIERO\u2026<\/strong><br \/>\npor Xiomary Urb\u00e1ez \/ <strong>313<\/strong><\/p>\n<p><strong>\u00a7 INMORTALES (MICRORRELATOS)<\/strong><br \/>\npor Elsa J. Varela \/ <strong>321<\/strong><\/p>\n<p>&nbsp;<\/p>\n<h3>Opiniones<\/h3>\n<p><strong>\u00a7 JOS\u00c9 EMILIO PACHECO IN MEMORIAM (1939 &#8211; 2014)<\/strong><br \/>\npor Harold Alvarado Tenorio \/ <strong>327<\/strong><\/p>\n<p><strong>\u00a7 EL DOLOR DE LA PALABRA EN <em>MORTAL Y ROSA<\/em>, DE FRANCISCO UMBRAL. ELEG\u00cdA Y DUELO A LA MUERTE DEL HIJO<\/strong><br \/>\npor Pascual Garc\u00eda \/ <strong>332<\/strong><\/p>\n<p><strong>\u00a7 LA IMPORTANCIA DE FRANCISCO BRINES EN LA POES\u00cdA ESPA\u00d1OLA CONTEMPOR\u00c1NEA<\/strong><br \/>\npor Pedro Garc\u00eda Cueto \/ <strong>347<\/strong><\/p>\n<p><strong>\u00a7 CONSIDERACIONES IDEOL\u00d3GICAS Y PERSONALES DE UN MULATO FINO DEL SIGLO XXI<\/strong><br \/>\npor Rafael Ocasio \/ <strong>364<\/strong><\/p>\n<p><strong>\u00a7 MIS LECTURAS DEL QUIJOTE<\/strong><br \/>\npor Gerardo Pi\u00f1a Rosales \/ <strong>371<\/strong><\/p>\n<p>&nbsp;<\/p>\n<h3>Teatro<\/h3>\n<p><strong>\u00a7 EL LUGAR QUE TU CONOCES<\/strong><br \/>\npor Alberto Mart\u00ednez M\u00e1rquez \/ <strong>377<\/strong><\/p>\n<p><strong>\u00a7 CINCO ACERCAMIENTOS DRAMAT\u00daRGICOS A GERTRUDIS G\u00d3MEZ DE AVELLANEDA<\/strong><br \/>\npor Ulises Rodr\u00edguez Febles \/ <strong>381<\/strong><\/p>\n","protected":false},"excerpt":{"rendered":"<p>\u00cdndice Poes\u00eda \u00a7 Leonardo Alezones Lau \/ 21 \u00a7 Guillermo Arango \/ 22 \u00a7 Basilio Belliard \/ 23 \u00a7 Ana Cecilia Blum \/ 24 \u00a7 Lidia Elena Caraballo \/ 25 \u00a7 Jes\u00fas Alberto D\u00edaz Hern\u00e1ndez \/ 26 \u00a7 Lizette Espinosa \/ 27 \u00a7 Glenda Gal\u00e1n \/ 28 \u00a7 Javier Mar\u00eda Goizueta Velasco \/ 29 \u00a7 [&hellip;]<\/p>\n","protected":false},"featured_media":457,"comment_status":"closed","ping_status":"closed","template":"","meta":[],"product_cat":[10],"product_tag":[],"class_list":{"0":"post-120","1":"product","2":"type-product","3":"status-publish","4":"has-post-thumbnail","6":"book_author-anuarios-baquiana","7":"product_cat-anuarios-de-la-revista-literaria-baquiana-vp","8":"entry"},"_links":{"self":[{"href":"https:\/\/www.baquiana.com\/bookstore\/wp-json\/wp\/v2\/product\/120"}],"collection":[{"href":"https:\/\/www.baquiana.com\/bookstore\/wp-json\/wp\/v2\/product"}],"about":[{"href":"https:\/\/www.baquiana.com\/bookstore\/wp-json\/wp\/v2\/types\/product"}],"replies":[{"embeddable":true,"href":"https:\/\/www.baquiana.com\/bookstore\/wp-json\/wp\/v2\/comments?post=120"}],"wp:featuredmedia":[{"embeddable":true,"href":"https:\/\/www.baquiana.com\/bookstore\/wp-json\/wp\/v2\/media\/457"}],"wp:attachment":[{"href":"https:\/\/www.baquiana.com\/bookstore\/wp-json\/wp\/v2\/media?parent=120"}],"wp:term":[{"taxonomy":"product_cat","embeddable":true,"href":"https:\/\/www.baquiana.com\/bookstore\/wp-json\/wp\/v2\/product_cat?post=120"},{"taxonomy":"product_tag","embeddable":true,"href":"https:\/\/www.baquiana.com\/bookstore\/wp-json\/wp\/v2\/product_tag?post=120"}],"curies":[{"name":"wp","href":"https:\/\/api.w.org\/{rel}","templated":true}]}}