{"id":121,"date":"2016-02-06T06:00:33","date_gmt":"2016-02-06T11:00:33","guid":{"rendered":"https:\/\/baquiana.com\/bookstore\/product\/revista-literaria-baquiana-anuario-xvi-2014-2015-2\/"},"modified":"2021-10-11T21:39:40","modified_gmt":"2021-10-12T01:39:40","slug":"revista-literaria-baquiana-anuario-xvi-2014-2015","status":"publish","type":"product","link":"https:\/\/www.baquiana.com\/bookstore\/product\/revista-literaria-baquiana-anuario-xvi-2014-2015\/","title":{"rendered":"REVISTA LITERARIA BAQUIANA &#8211; ANUARIO XVI (2014-2015)"},"content":{"rendered":"<h1>\u00cdndice<\/h1>\n<h3>Poes\u00eda<\/h3>\n<p><strong>\u00a7 Alicia Albornoz \/ 21<\/strong><br \/>\n<strong>\u00a7 Domingo Alfonso \/ 22<\/strong><br \/>\n<strong>\u00a7 Jimena Antoniello \/ 23<\/strong><br \/>\n<strong>\u00a7 Rafael de Dios Garc\u00eda \/ 24<\/strong><br \/>\n<strong>\u00a7 Rosalina Garc\u00eda \/ 25<\/strong><br \/>\n<strong>\u00a7 Juan Carlos Garz\u00f3n \/ 26<\/strong><br \/>\n<strong>\u00a7 Waldo Gonz\u00e1lez L\u00f3pez \/ 27<\/strong><br \/>\n<strong>\u00a7 H\u00e9lmut Jaramillo Vlaes \/ 28<\/strong><br \/>\n<strong>\u00a7 Baltasar Santiago Mart\u00edn \/ 29<\/strong><br \/>\n<strong>\u00a7 Teresinka Pereira \/ 30<\/strong><br \/>\n<strong>\u00a7 Francesc Reina Gonz\u00e1lez \/ 31<\/strong><br \/>\n<strong>\u00a7 Blanca Sarasua \/ 32<\/strong><br \/>\n<strong>\u00a7 Steven Strange \/ 33<\/strong><br \/>\n<strong>\u00a7 Arturo Texcahua \/ 34<\/strong><br \/>\n<strong>\u00a7 Javier \u00dabeda Ib\u00e1\u00f1ez \/ 35<\/strong><br \/>\n<strong>\u00a7 Pilar V\u00e9lez \/ 36<\/strong><br \/>\n<strong>\u00a7 Janitzio Villamar \/ 37<\/strong><br \/>\n<strong>\u00a7 Omar Villasana Cardoza \/ 38<\/strong><\/p>\n<p>&nbsp;<\/p>\n<h3>Rese\u00f1a<\/h3>\n<p><strong>\u00a7 <em>OTRA VEZ LA LUZ, PALOMAS<\/em>, DE JES\u00daS C\u00c1NOVAS MART\u00cdNEZ<\/strong><br \/>\npor \u00c1ngel Almela Valchs \/ <strong>41<\/strong><\/p>\n<p><strong>\u00a7 <em>ENSAYOS LITERARIOS<\/em>, DE YARA GONZ\u00c1LEZ\u00a0<\/strong><strong>MONTES<\/strong><br \/>\npor Jes\u00fas J. Barquet \/ <strong>43<\/strong><\/p>\n<p><strong>\u00a7 <em>JJ\/CC<\/em>: EL MANSO DESAF\u00cdO DEL ESPACIO Y LAS\u00a0<\/strong><strong>PALABRAS<\/strong><br \/>\npor Yoandy Cabrera \/ <strong>47<\/strong><\/p>\n<p><strong>\u00a7 <em>HABLAR DURANTE LAS COMIDAS<\/em>, DE PASCUAL GARC\u00cdA<\/strong><br \/>\npor Juan Cano Conesa \/ <strong>59<\/strong><\/p>\n<p><strong>\u00a7 JOS\u00c9 P\u00c9REZ OLIVARES: <em>A LA MANO ZURDA<\/em>. IV PREMIO IBEROAMERICANO DE POES\u00cdA HERMANOS MACHADO<\/strong><br \/>\npor Anacleto Ferrer \/ <strong>69<\/strong><\/p>\n<p><strong>\u00a7 LA PO\u00c9TICA DE LUIS ALBERTO AMBROGGIO<\/strong><br \/>\npor Waldo Gonz\u00e1lez L\u00f3pez \/ <strong>71<\/strong><\/p>\n<p><strong>\u00a7 <em>DIALOGISMO TEOL\u00d3GICO: DEVOTIO MODERNA, CELESTINA &amp; QUIJOTE<\/em>, DE MARTHA GARC\u00cdA<\/strong><br \/>\npor Ellen Lismore Leeder \/ <strong>79<\/strong><\/p>\n<p><strong>\u00a7 ENTRE LA FICCI\u00d3N Y EL ARCANO EN LA NOVELA\u00a0<\/strong><strong><em>REINO AMARILLO<\/em>, DE GLADYS ON<\/strong><br \/>\npor Maricel Mayor Mars\u00e1n \/ <strong>81<\/strong><\/p>\n<p><strong>\u00a7 <em>UN SALMO QUISIERA SER<\/em>, DE MAT\u00cdAS MONTES HUIDOBRO<\/strong><br \/>\npor Maricel Mayor Mars\u00e1n \/ <strong>85<\/strong><\/p>\n<p><strong>\u00a7 <em>AS\u00cd HABL\u00d3 PEN\u00c9LOPE<\/em>, DE TINO VILLANUEVA<\/strong><br \/>\npor Maricel Mayor Mars\u00e1n \/ <strong>89<\/strong><\/p>\n<p><strong>\u00a7 <em>LOS AMORES Y DESAMORES DE CAMILA CANDELARIA<\/em>, DE GERARDO PI\u00d1A ROSALES<\/strong><br \/>\npor Myra M. Medina \/ <strong>93<\/strong><\/p>\n<p><strong>\u00a7 MARCOS ANTONIO RAMOS: <em>EL CARIBE, SIEMPRE EL CARIBE, Y OTROS ENSAYOS ANTILLANOS<\/em><\/strong><br \/>\npor Daisy Valls \/ <strong>97<\/strong><\/p>\n<p>&nbsp;<\/p>\n<h3>Cuento<\/h3>\n<p><strong>\u00a7 CR\u00d3NICAS DE ENCUENTROS Y ADOQU\u00cdN<\/strong><br \/>\npor Monserrat Acu\u00f1a Murillo \/ <strong>105<\/strong><\/p>\n<p><strong>\u00a7 LA VIDA ES UN ADI\u00d3S<\/strong><br \/>\npor Jos\u00e9 Antonio Albertini \/ <strong>109<\/strong><\/p>\n<p><strong>\u00a7 LA CASA EN WATSON STREET<\/strong><br \/>\npor Jimena Antoniello \/ <strong>115<\/strong><\/p>\n<p><strong>\u00a7 CARNE<\/strong><br \/>\npor David Betancourt \/ <strong>119<\/strong><\/p>\n<p><strong>\u00a7 MI CAUSA<\/strong><br \/>\npor Miguel Campion \/ <strong>125<\/strong><\/p>\n<p><strong>\u00a7 SECUENCIA ROTA<\/strong><br \/>\npor Manuel Garrido Palacios \/ <strong>131<\/strong><\/p>\n<p><strong>\u00a7 EL ORADOR<\/strong><br \/>\npor Ricardo Giraldez \/ <strong>135<\/strong><\/p>\n<p><strong>\u00a7 TRESCIENTOS MINUTOS<\/strong><br \/>\npor Afrendes Gonz\u00e1lez \/ <strong>141<\/strong><\/p>\n<p><strong>\u00a7 SAMUELA<\/strong><br \/>\npor Deborah K Symons \/ <strong>145<\/strong><\/p>\n<p>&nbsp;<\/p>\n<h3>Ensayo<\/h3>\n<p><strong>\u00a7 <em>RAYUELA<\/em>, CINCUENTA A\u00d1OS M\u00c1S TARDE (1963-2013)<\/strong><br \/>\npor Guillermo Arango \/ <strong>149<\/strong><\/p>\n<p><strong>\u00a7 LO REAL MARAVILLOSO EN <em>JUYUNGO<\/em> (1943), NOVELA AFRO ECUATORIANA DE ADALBERTO ORTIZ<\/strong><br \/>\npor Niza Fabre \/ <strong>159<\/strong><\/p>\n<p><strong>\u00a7 LA VIOLENCIA CONTRA LA MUJER EN <em>QUINCE BARROTES DE IZQUIERDA A DERECHA<\/em>, DE ROSARIO AGUILAR<\/strong><br \/>\npor Mar\u00eda Jos\u00e9 Luj\u00e1n \/ <strong>167<\/strong><\/p>\n<h3><\/h3>\n<p>&nbsp;<\/p>\n<h3>Entrevista<\/h3>\n<p><strong>\u00a7 ENTREVISTA CON LA ESCRITORA COLOMBIANA NAYLA CHEHADE, PREMIO ANA MAR\u00cdA MATUTE DE NARRATIVA DE MUJERES\u00a0<\/strong><strong>2013<\/strong><br \/>\npor Maricel Mayor Mars\u00e1n \/ <strong>177<\/strong><\/p>\n<p><strong>\u00a7 ENTREVISTA CON EL ACAD\u00c9MICO, CL\u00c9RIGO, ESCRITOR Y PERIODISTA MARCOS ANTONIO RAMOS<\/strong><br \/>\npor Maricel Mayor Mars\u00e1n \/ <strong>185<\/strong><\/p>\n<p><strong>\u00a7 ENTREVISTA CON BEATRIZ J. RISK, DIRECTORA DEL PROGRAMA EDUCACIONAL DEL FESTIVAL INTERNACIONAL DE TEATRO HISPANO<\/strong><br \/>\npor Maricel Mayor Mars\u00e1n \/ <strong>195<\/strong><\/p>\n<p><strong>\u00a7 ENTREVISTA CON MARIO ERNESTO S\u00c1NCHEZ, DIRECTOR Y FUNDADOR DEL FESTIVAL INTERNACIONAL DE TEATRO HISPANO DE MIAMI<\/strong><br \/>\npor Maricel Mayor Mars\u00e1n \/ <strong>205<\/strong><\/p>\n<p>&nbsp;<\/p>\n<h3>Narrativa<\/h3>\n<p><strong>\u00a7 LA VISITA<\/strong><br \/>\npor Nayla Chehade \/ <strong>215<\/strong><\/p>\n<p><strong>\u00a7 MICRORRELATOS: CA\u00cdN \u2013 LAS NOCHES \u2013 ADI\u00d3S \u2013 PREMIOS DEL CIELO \u2013 CEMENTERIO DE MU\u00d1ECAS \u2013 LOS HABITANTES DEL P\u00c1RAMO \u2013 DIANA<\/strong><br \/>\npor H\u00e9lmut Jaramillo Vlaes \/ <strong>221<\/strong><\/p>\n<p><strong>\u00a7 NOVENTA Y TRES<\/strong><br \/>\npor Dacio Ren\u00e9 Medrano Arreaza \/ <strong>225<\/strong><\/p>\n<p><strong>\u00a7 HISTORIAS Y LEYENDAS<\/strong><br \/>\npor Javier \u00dabeda Ib\u00e1\u00f1ez \/ <strong>231<\/strong><\/p>\n<h3><\/h3>\n<p>&nbsp;<\/p>\n<h3>Opiniones<\/h3>\n<p><strong>\u00a7 VOCES AMIGAS: HOMENAJE A JUAN RUIZ DE TORRES<\/strong><br \/>\npor Soledad Cavero Rivas, Maricel Mayor Mars\u00e1n y Alfredo Villaverde \/ <strong>239<\/strong><\/p>\n<p><strong>\u00a7 EL EXILIO CULTURAL ESPA\u00d1OL: UNA VISI\u00d3N GENERAL<\/strong><br \/>\npor Pedro Garc\u00eda Cueto \/ <strong>251<\/strong><\/p>\n<p><strong>\u00a7 TRES POETAS CORDOBESAS: JUANA CASTRO, MARIA ROSAL Y PILAR SANABRIA<\/strong><br \/>\npor Lola Hidalgo Calle \/ <strong>277<\/strong><\/p>\n<p><strong>\u00a7 GABRIELA MISTRAL Y DULCE MAR\u00cdA LOYNAZ: UNA RELACI\u00d3N COMPLEJA<\/strong><br \/>\npor Ra\u00fal Mesa Garc\u00eda \/ <strong>287<\/strong><\/p>\n<p><strong>\u00a7 LA POES\u00cdA, UN ESTADO DE GRACIA AL QUE ASPIRA LA PALABRA ORDINARIA<\/strong><br \/>\npor \u00d3scar Wong \/ <strong>307<\/strong><\/p>\n<h3><\/h3>\n<p>&nbsp;<\/p>\n<h3>Teatro<\/h3>\n<p><strong>\u00a7 EL PROBADOR<\/strong><br \/>\npor Julie De Grandy \/ <strong>313<\/strong><\/p>\n<p><strong>\u00a7 NO HAGAS MILAGROS POR M\u00cd<\/strong><br \/>\npor Lilianne Lugo \/ <strong>321<\/strong><\/p>\n<p><strong>\u00a7 EL TALANTE<\/strong><br \/>\npor Jos\u00e9 Moreno Arenas \/ <strong>337<\/strong><\/p>\n","protected":false},"excerpt":{"rendered":"<p>\u00cdndice Poes\u00eda \u00a7 Alicia Albornoz \/ 21 \u00a7 Domingo Alfonso \/ 22 \u00a7 Jimena Antoniello \/ 23 \u00a7 Rafael de Dios Garc\u00eda \/ 24 \u00a7 Rosalina Garc\u00eda \/ 25 \u00a7 Juan Carlos Garz\u00f3n \/ 26 \u00a7 Waldo Gonz\u00e1lez L\u00f3pez \/ 27 \u00a7 H\u00e9lmut Jaramillo Vlaes \/ 28 \u00a7 Baltasar Santiago Mart\u00edn \/ 29 \u00a7 Teresinka [&hellip;]<\/p>\n","protected":false},"featured_media":458,"comment_status":"closed","ping_status":"closed","template":"","meta":[],"product_cat":[10],"product_tag":[],"class_list":{"0":"post-121","1":"product","2":"type-product","3":"status-publish","4":"has-post-thumbnail","6":"book_author-anuarios-baquiana","7":"product_cat-anuarios-de-la-revista-literaria-baquiana-vp","8":"entry"},"_links":{"self":[{"href":"https:\/\/www.baquiana.com\/bookstore\/wp-json\/wp\/v2\/product\/121"}],"collection":[{"href":"https:\/\/www.baquiana.com\/bookstore\/wp-json\/wp\/v2\/product"}],"about":[{"href":"https:\/\/www.baquiana.com\/bookstore\/wp-json\/wp\/v2\/types\/product"}],"replies":[{"embeddable":true,"href":"https:\/\/www.baquiana.com\/bookstore\/wp-json\/wp\/v2\/comments?post=121"}],"wp:featuredmedia":[{"embeddable":true,"href":"https:\/\/www.baquiana.com\/bookstore\/wp-json\/wp\/v2\/media\/458"}],"wp:attachment":[{"href":"https:\/\/www.baquiana.com\/bookstore\/wp-json\/wp\/v2\/media?parent=121"}],"wp:term":[{"taxonomy":"product_cat","embeddable":true,"href":"https:\/\/www.baquiana.com\/bookstore\/wp-json\/wp\/v2\/product_cat?post=121"},{"taxonomy":"product_tag","embeddable":true,"href":"https:\/\/www.baquiana.com\/bookstore\/wp-json\/wp\/v2\/product_tag?post=121"}],"curies":[{"name":"wp","href":"https:\/\/api.w.org\/{rel}","templated":true}]}}