{"id":142,"date":"2016-04-22T04:00:06","date_gmt":"2016-04-22T04:00:06","guid":{"rendered":"http:\/\/www.baquiana.com\/bookstore\/?post_type=product&#038;p=142"},"modified":"2021-10-10T17:59:01","modified_gmt":"2021-10-10T21:59:01","slug":"poemas-desde-el-horizonte","status":"publish","type":"product","link":"https:\/\/www.baquiana.com\/bookstore\/product\/poemas-desde-el-horizonte\/","title":{"rendered":"POEMAS DESDE EL HORIZONTE"},"content":{"rendered":"<p style=\"text-align: justify;\">\u2026interesante por su juventud en su quehacer, con poemas que reflejaban el tema de la casa, los rincones, el closet, la mesa, la mu\u00f1eca, de una forma casi arquitect\u00f3nica, pero con sabor familiar.<\/p>\n<p style=\"text-align: right;\"><strong>Olga Connor<\/strong><br \/>\n<strong>Secci\u00f3n de Artes y Letras \/Ocho poetas de Miami<\/strong><br \/>\n<strong>EL NUEVO HERALD<\/strong><br \/>\n<strong>(2002)<\/strong><\/p>\n<p>&nbsp;<\/p>\n<p style=\"text-align: justify;\">El decir de Mariela Abreu Ortet tiene el peso testimonial de una generaci\u00f3n que desea dar a conocer a trav\u00e9s de su pluma y a viva voz las ambig\u00fcedades y desmanes que le ha tocado heredar de generaciones anteriores. Sin pretensiones culteranas, su poes\u00eda es filos\u00f3fica y elevada, a la vez que se vuelca en lo cotidiano para dar paso a la llamada poes\u00eda de la experiencia, en el marco del verso libre y de las met\u00e1foras de corte contempor\u00e1neo.<\/p>\n<p style=\"text-align: right;\"><strong>Maricel Mayor Mars\u00e1n<\/strong><br \/>\n<strong>Directora de Redacci\u00f3n<\/strong><br \/>\n<strong>REVISTA LITERARIA BAQUIANA<\/strong><br \/>\n<strong>(2003)<\/strong><\/p>\n","protected":false},"excerpt":{"rendered":"<p>\u2026interesante por su juventud en su quehacer, con poemas que reflejaban el tema de la casa, los rincones, el closet, la mesa, la mu\u00f1eca, de una forma casi arquitect\u00f3nica, pero con sabor familiar. Olga Connor Secci\u00f3n de Artes y Letras \/Ocho poetas de Miami EL NUEVO HERALD (2002) &nbsp; El decir de Mariela Abreu Ortet [&hellip;]<\/p>\n","protected":false},"featured_media":474,"comment_status":"open","ping_status":"closed","template":"","meta":[],"product_cat":[11],"product_tag":[],"class_list":{"0":"post-142","1":"product","2":"type-product","3":"status-publish","4":"has-post-thumbnail","6":"book_author-mariela-abreu-ortet","7":"product_cat-caminos-de-la-poesia","8":"entry"},"_links":{"self":[{"href":"https:\/\/www.baquiana.com\/bookstore\/wp-json\/wp\/v2\/product\/142"}],"collection":[{"href":"https:\/\/www.baquiana.com\/bookstore\/wp-json\/wp\/v2\/product"}],"about":[{"href":"https:\/\/www.baquiana.com\/bookstore\/wp-json\/wp\/v2\/types\/product"}],"replies":[{"embeddable":true,"href":"https:\/\/www.baquiana.com\/bookstore\/wp-json\/wp\/v2\/comments?post=142"}],"wp:featuredmedia":[{"embeddable":true,"href":"https:\/\/www.baquiana.com\/bookstore\/wp-json\/wp\/v2\/media\/474"}],"wp:attachment":[{"href":"https:\/\/www.baquiana.com\/bookstore\/wp-json\/wp\/v2\/media?parent=142"}],"wp:term":[{"taxonomy":"product_cat","embeddable":true,"href":"https:\/\/www.baquiana.com\/bookstore\/wp-json\/wp\/v2\/product_cat?post=142"},{"taxonomy":"product_tag","embeddable":true,"href":"https:\/\/www.baquiana.com\/bookstore\/wp-json\/wp\/v2\/product_tag?post=142"}],"curies":[{"name":"wp","href":"https:\/\/api.w.org\/{rel}","templated":true}]}}