{"id":144,"date":"2016-04-22T04:08:44","date_gmt":"2016-04-22T04:08:44","guid":{"rendered":"http:\/\/www.baquiana.com\/bookstore\/?post_type=product&#038;p=144"},"modified":"2021-10-10T17:40:17","modified_gmt":"2021-10-10T21:40:17","slug":"retazos-de-vida-y-esperanza","status":"publish","type":"product","link":"https:\/\/www.baquiana.com\/bookstore\/product\/retazos-de-vida-y-esperanza\/","title":{"rendered":"RETAZOS DE VIDA Y ESPERANZA"},"content":{"rendered":"<p style=\"text-align: justify;\">Fernando Escobar es un poeta bien parado en el mundo. Explora, sin miedo, las contradicciones del mundo exterior al igual que sus sentimientos m\u00e1s escondidos. Hay una pizca de ingenuidad y mucho de caminante en sus poemas. Y cada uno de sus poemas es un viaje. \u00a1A volar!<\/p>\n<p style=\"text-align: right;\"><strong>Jorge Ramos<\/strong><br \/>\n<strong>Escritor y periodista<\/strong><br \/>\n<strong>Presentador del Noticiero Univisi\u00f3n<\/strong><br \/>\n<strong>2004<\/strong><\/p>\n<p>&nbsp;<\/p>\n<p style=\"text-align: justify;\">En sus poemas, Fernando queda pintado tal como es, con las mismas obsesiones que dejaba escapar en aquellas ma\u00f1anas radiales cuando juntos le mezcl\u00e1bamos Beethoven a las noticias.<\/p>\n<p style=\"text-align: right;\"><strong>Enrique C\u00f3rdoba<\/strong><br \/>\n<strong>Escritor, periodista y comentarista<\/strong><br \/>\n<strong>radial de Radio Caracol<\/strong><br \/>\n<strong>2004<\/strong><\/p>\n<p>&nbsp;<\/p>\n<p style=\"text-align: justify;\">Impresiona Fernando Escobar Giraldo, quien usa los \u00edconos de la l\u00e1mpara, el chorro de agua, la casa que no ha comprado y los di\u00e1logos con los hijos, para desatar un humor en su poes\u00eda que comparo al de Campoamor, el poeta decimon\u00f3nico espa\u00f1ol.<\/p>\n<p style=\"text-align: right;\"><strong>Olga Connor<\/strong><br \/>\n<strong>Columnista de El Nuevo Herald<\/strong><br \/>\n<strong>2004<\/strong><\/p>\n","protected":false},"excerpt":{"rendered":"<p>Fernando Escobar es un poeta bien parado en el mundo. Explora, sin miedo, las contradicciones del mundo exterior al igual que sus sentimientos m\u00e1s escondidos. Hay una pizca de ingenuidad y mucho de caminante en sus poemas. Y cada uno de sus poemas es un viaje. \u00a1A volar! Jorge Ramos Escritor y periodista Presentador del [&hellip;]<\/p>\n","protected":false},"featured_media":476,"comment_status":"open","ping_status":"closed","template":"","meta":[],"product_cat":[11],"product_tag":[],"class_list":{"0":"post-144","1":"product","2":"type-product","3":"status-publish","4":"has-post-thumbnail","6":"book_author-fernando-escobar-giraldo","7":"product_cat-caminos-de-la-poesia","8":"entry"},"_links":{"self":[{"href":"https:\/\/www.baquiana.com\/bookstore\/wp-json\/wp\/v2\/product\/144"}],"collection":[{"href":"https:\/\/www.baquiana.com\/bookstore\/wp-json\/wp\/v2\/product"}],"about":[{"href":"https:\/\/www.baquiana.com\/bookstore\/wp-json\/wp\/v2\/types\/product"}],"replies":[{"embeddable":true,"href":"https:\/\/www.baquiana.com\/bookstore\/wp-json\/wp\/v2\/comments?post=144"}],"wp:featuredmedia":[{"embeddable":true,"href":"https:\/\/www.baquiana.com\/bookstore\/wp-json\/wp\/v2\/media\/476"}],"wp:attachment":[{"href":"https:\/\/www.baquiana.com\/bookstore\/wp-json\/wp\/v2\/media?parent=144"}],"wp:term":[{"taxonomy":"product_cat","embeddable":true,"href":"https:\/\/www.baquiana.com\/bookstore\/wp-json\/wp\/v2\/product_cat?post=144"},{"taxonomy":"product_tag","embeddable":true,"href":"https:\/\/www.baquiana.com\/bookstore\/wp-json\/wp\/v2\/product_tag?post=144"}],"curies":[{"name":"wp","href":"https:\/\/api.w.org\/{rel}","templated":true}]}}