{"id":146,"date":"2016-04-22T04:13:46","date_gmt":"2016-04-22T04:13:46","guid":{"rendered":"http:\/\/www.baquiana.com\/bookstore\/?post_type=product&#038;p=146"},"modified":"2021-10-10T17:57:30","modified_gmt":"2021-10-10T21:57:30","slug":"vientos-del-sentimiento","status":"publish","type":"product","link":"https:\/\/www.baquiana.com\/bookstore\/product\/vientos-del-sentimiento\/","title":{"rendered":"VIENTOS DEL SENTIMIENTO"},"content":{"rendered":"<p style=\"text-align: justify;\">Alguien dijo que al pueblo no le gustaba una poes\u00eda que le hable de miradas perfectas y del blanco de los luceros reci\u00e9n nacidos; que, para que la poes\u00eda le llegue, tiene que vivir palabras que busquen replantear el mundo. Y que, en el fondo, la poes\u00eda s\u00f3lo es una carrera por la belleza: las ideas pueden existir sin ritmo y sin mimar la palabra. Los versos de Manuel Roberto Leon\u00eds \u2013uno se atreve a intuir que a ellos se agarra para vivir\u2013 se ofrecen para que sus lectores los saboreen y recreen a partir de ellos mil y unas bellas ideas sobre los m\u00e1s \u00edntimos sentimientos.<\/p>\n<p style=\"text-align: justify;\">Invoca previsoramente Leon\u00eds desde el principio la inspiraci\u00f3n de la musa Cal\u00edope y dedica su homenaje a Miguel, en primer lugar \u2013y justamente\u2013 a los suyos; pero no se olvida de su \u02b9Grupo de poetas y literatos del Instituto Miguel Hern\u00e1ndez\u02b9 de Alicante; ni de todos sus hermanos en la admiraci\u00f3n por el universal poeta.<\/p>\n<p style=\"text-align: justify;\">Sabido es que la obra de Miguel Hern\u00e1ndez \u2013modelo constante para Leon\u00eds\u2013 gira en torno a tres temas b\u00e1sicos universales: la vida, el amor y la muerte, a trav\u00e9s de la exaltaci\u00f3n heroica, el compromiso po\u00e9tico\u2026 Tambi\u00e9n a esto \u2013sin regatear dedicaci\u00f3n, entusiasmo y tiempo\u2013 pretende aproximarse, desde que descubri\u00f3 su irreprimible vocaci\u00f3n, Manuel Roberto Leon\u00eds.<\/p>\n<p style=\"text-align: right;\"><em><strong>Del almendro de nata\u2026<\/strong><\/em><br \/>\n<strong>PR\u00d3LOGO DEL LIBRO (Segmento)<\/strong><br \/>\n<strong>por Juan Jos\u00e9 S\u00e1nchez Balaguer, Director<\/strong><br \/>\n<strong>Fundaci\u00f3n Cultural Miguel Hern\u00e1ndez<\/strong><br \/>\n<strong>(2005)<\/strong><\/p>\n","protected":false},"excerpt":{"rendered":"<p>Alguien dijo que al pueblo no le gustaba una poes\u00eda que le hable de miradas perfectas y del blanco de los luceros reci\u00e9n nacidos; que, para que la poes\u00eda le llegue, tiene que vivir palabras que busquen replantear el mundo. Y que, en el fondo, la poes\u00eda s\u00f3lo es una carrera por la belleza: las [&hellip;]<\/p>\n","protected":false},"featured_media":477,"comment_status":"open","ping_status":"closed","template":"","meta":[],"product_cat":[11],"product_tag":[],"class_list":{"0":"post-146","1":"product","2":"type-product","3":"status-publish","4":"has-post-thumbnail","6":"book_author-manuel-roberto-leonis-ruiz","7":"product_cat-caminos-de-la-poesia","8":"entry"},"_links":{"self":[{"href":"https:\/\/www.baquiana.com\/bookstore\/wp-json\/wp\/v2\/product\/146"}],"collection":[{"href":"https:\/\/www.baquiana.com\/bookstore\/wp-json\/wp\/v2\/product"}],"about":[{"href":"https:\/\/www.baquiana.com\/bookstore\/wp-json\/wp\/v2\/types\/product"}],"replies":[{"embeddable":true,"href":"https:\/\/www.baquiana.com\/bookstore\/wp-json\/wp\/v2\/comments?post=146"}],"wp:featuredmedia":[{"embeddable":true,"href":"https:\/\/www.baquiana.com\/bookstore\/wp-json\/wp\/v2\/media\/477"}],"wp:attachment":[{"href":"https:\/\/www.baquiana.com\/bookstore\/wp-json\/wp\/v2\/media?parent=146"}],"wp:term":[{"taxonomy":"product_cat","embeddable":true,"href":"https:\/\/www.baquiana.com\/bookstore\/wp-json\/wp\/v2\/product_cat?post=146"},{"taxonomy":"product_tag","embeddable":true,"href":"https:\/\/www.baquiana.com\/bookstore\/wp-json\/wp\/v2\/product_tag?post=146"}],"curies":[{"name":"wp","href":"https:\/\/api.w.org\/{rel}","templated":true}]}}