{"id":150,"date":"2016-04-25T05:49:12","date_gmt":"2016-04-25T05:49:12","guid":{"rendered":"http:\/\/www.baquiana.com\/bookstore\/?post_type=product&#038;p=150"},"modified":"2021-10-10T17:54:58","modified_gmt":"2021-10-10T21:54:58","slug":"de-puertas-para-adentro","status":"publish","type":"product","link":"https:\/\/www.baquiana.com\/bookstore\/product\/de-puertas-para-adentro\/","title":{"rendered":"DE PUERTAS PARA ADENTRO"},"content":{"rendered":"<div class=\"m_-6740251989731980711yiv3175521703MsoNormal\" style=\"text-align: justify;\">\n<p>\u00a0El jurado\u00a0del concurso\u00a0<strong><span style=\"text-decoration: underline;\">Nuevos Valores de la Poes\u00eda Hispana (2008)<\/span><\/strong>\u00a0otorg\u00f3\u00a0una menci\u00f3n de honor al poemario titulado\u00a0<strong><em><span style=\"text-decoration: underline;\">De puertas para adentro<\/span><\/em><\/strong>\u00a0(sin lema) por la coherencia y unidad del manuscrito. Se trata de un trabajo de poes\u00eda marcadamente femenina que, de manera apasionada e intensa, describe un mundo de sensaciones\u00a0de la autora, donde se mezcla la poes\u00eda tradicional con versos arriesgados y pasionales, abordando asuntos tan \u00edntimos como\u00a0el deseo, la maternidad o\u00a0el abandono.<\/p>\n<p><span style=\"text-decoration: underline;\"><strong>Catalina Arenas<\/strong><\/span>,\u00a0de nacionalidad colombiana y residente en Sunrise\u00a0(Condado Broward),\u00a0result\u00f3 ser la ganadora de la menci\u00f3n de honor.<\/p>\n<p>Este certamen fue convocado por la Revista Literaria Baquiana y el Centro Cultural Espa\u00f1ol de Miami, con el auspicio de la Agencia Espa\u00f1ola de Cooperaci\u00f3n Iberoamericana para el Desarrollo (AECID).<\/p>\n<\/div>\n<div class=\"m_-6740251989731980711yiv3175521703MsoNormal\" style=\"text-align: right;\">\n<p><strong>24 de octubre del 2008<\/strong><\/p>\n<\/div>\n","protected":false},"excerpt":{"rendered":"<p>\u00a0El jurado\u00a0del concurso\u00a0Nuevos Valores de la Poes\u00eda Hispana (2008)\u00a0otorg\u00f3\u00a0una menci\u00f3n de honor al poemario titulado\u00a0De puertas para adentro\u00a0(sin lema) por la coherencia y unidad del manuscrito. Se trata de un trabajo de poes\u00eda marcadamente femenina que, de manera apasionada e intensa, describe un mundo de sensaciones\u00a0de la autora, donde se mezcla la poes\u00eda tradicional con [&hellip;]<\/p>\n","protected":false},"featured_media":572,"comment_status":"open","ping_status":"closed","template":"","meta":[],"product_cat":[11],"product_tag":[],"class_list":{"0":"post-150","1":"product","2":"type-product","3":"status-publish","4":"has-post-thumbnail","6":"book_author-catalina-arenas","7":"product_cat-caminos-de-la-poesia","8":"entry"},"_links":{"self":[{"href":"https:\/\/www.baquiana.com\/bookstore\/wp-json\/wp\/v2\/product\/150"}],"collection":[{"href":"https:\/\/www.baquiana.com\/bookstore\/wp-json\/wp\/v2\/product"}],"about":[{"href":"https:\/\/www.baquiana.com\/bookstore\/wp-json\/wp\/v2\/types\/product"}],"replies":[{"embeddable":true,"href":"https:\/\/www.baquiana.com\/bookstore\/wp-json\/wp\/v2\/comments?post=150"}],"wp:featuredmedia":[{"embeddable":true,"href":"https:\/\/www.baquiana.com\/bookstore\/wp-json\/wp\/v2\/media\/572"}],"wp:attachment":[{"href":"https:\/\/www.baquiana.com\/bookstore\/wp-json\/wp\/v2\/media?parent=150"}],"wp:term":[{"taxonomy":"product_cat","embeddable":true,"href":"https:\/\/www.baquiana.com\/bookstore\/wp-json\/wp\/v2\/product_cat?post=150"},{"taxonomy":"product_tag","embeddable":true,"href":"https:\/\/www.baquiana.com\/bookstore\/wp-json\/wp\/v2\/product_tag?post=150"}],"curies":[{"name":"wp","href":"https:\/\/api.w.org\/{rel}","templated":true}]}}