{"id":151,"date":"2016-04-25T06:01:10","date_gmt":"2016-04-25T06:01:10","guid":{"rendered":"http:\/\/www.baquiana.com\/bookstore\/product\/tropologia\/"},"modified":"2021-10-10T17:54:18","modified_gmt":"2021-10-10T21:54:18","slug":"tropologia","status":"publish","type":"product","link":"https:\/\/www.baquiana.com\/bookstore\/product\/tropologia\/","title":{"rendered":"TROPOLOG\u00cdA"},"content":{"rendered":"<p style=\"font-weight: 400; text-align: justify;\">El jurado\u00a0del concurso\u00a0<strong><u>Nuevos Valores de la Poes\u00eda Hispana (2008<\/u>)\u00a0<\/strong>otorg\u00f3, por una mayor\u00eda de votos, el primer premio al poemario titulado<em>\u00a0<u><strong>Tropolog\u00eda<\/strong><\/u><\/em><strong><em>\u00a0<\/em><\/strong>(bajo el lema Pen\u00e9lope besando a Ulises) por su\u00a0exquisita variedad conceptual y formal, su dominio de los recursos literarios de la lengua espa\u00f1ola y la perfecta cohonestaci\u00f3n y equilibrio entre experimentaci\u00f3n y\u00a0tradici\u00f3n dentro del g\u00e9nero po\u00e9tico que hacen de este\u00a0manuscrito la mejor obra presentada.<\/p>\n<p style=\"font-weight: 400; text-align: justify;\"><span style=\"text-decoration: underline;\"><strong>Eduardo Negueruela Azarola<\/strong><\/span>, de nacionalidad espa\u00f1ola y residente en Coral Gables\u00a0(Condado Miami Dade),\u00a0result\u00f3 ser el ganador del primer premio.<strong><br \/>\n<\/strong><\/p>\n<p style=\"font-weight: 400; text-align: justify;\">Este certamen fue convocado por la Revista Literaria Baquiana y el Centro Cultural Espa\u00f1ol de Miami, con el auspicio de la Agencia Espa\u00f1ola de Cooperaci\u00f3n Iberoamericana para el Desarrollo (AECID).<\/p>\n<p style=\"font-weight: 400; text-align: right;\"><strong>24 de octubre del 2008<\/strong><\/p>\n","protected":false},"excerpt":{"rendered":"<p>El jurado\u00a0del concurso\u00a0Nuevos Valores de la Poes\u00eda Hispana (2008)\u00a0otorg\u00f3, por una mayor\u00eda de votos, el primer premio al poemario titulado\u00a0Tropolog\u00eda\u00a0(bajo el lema Pen\u00e9lope besando a Ulises) por su\u00a0exquisita variedad conceptual y formal, su dominio de los recursos literarios de la lengua espa\u00f1ola y la perfecta cohonestaci\u00f3n y equilibrio entre experimentaci\u00f3n y\u00a0tradici\u00f3n dentro del g\u00e9nero po\u00e9tico [&hellip;]<\/p>\n","protected":false},"featured_media":573,"comment_status":"open","ping_status":"closed","template":"","meta":[],"product_cat":[11],"product_tag":[],"class_list":{"0":"post-151","1":"product","2":"type-product","3":"status-publish","4":"has-post-thumbnail","6":"book_author-eduardo-negueruela-azarola","7":"product_cat-caminos-de-la-poesia","8":"entry"},"_links":{"self":[{"href":"https:\/\/www.baquiana.com\/bookstore\/wp-json\/wp\/v2\/product\/151"}],"collection":[{"href":"https:\/\/www.baquiana.com\/bookstore\/wp-json\/wp\/v2\/product"}],"about":[{"href":"https:\/\/www.baquiana.com\/bookstore\/wp-json\/wp\/v2\/types\/product"}],"replies":[{"embeddable":true,"href":"https:\/\/www.baquiana.com\/bookstore\/wp-json\/wp\/v2\/comments?post=151"}],"wp:featuredmedia":[{"embeddable":true,"href":"https:\/\/www.baquiana.com\/bookstore\/wp-json\/wp\/v2\/media\/573"}],"wp:attachment":[{"href":"https:\/\/www.baquiana.com\/bookstore\/wp-json\/wp\/v2\/media?parent=151"}],"wp:term":[{"taxonomy":"product_cat","embeddable":true,"href":"https:\/\/www.baquiana.com\/bookstore\/wp-json\/wp\/v2\/product_cat?post=151"},{"taxonomy":"product_tag","embeddable":true,"href":"https:\/\/www.baquiana.com\/bookstore\/wp-json\/wp\/v2\/product_tag?post=151"}],"curies":[{"name":"wp","href":"https:\/\/api.w.org\/{rel}","templated":true}]}}