{"id":152,"date":"2016-04-25T06:04:06","date_gmt":"2016-04-25T06:04:06","guid":{"rendered":"http:\/\/www.baquiana.com\/bookstore\/product\/rumores-de-suburbios\/"},"modified":"2021-10-10T17:53:53","modified_gmt":"2021-10-10T21:53:53","slug":"rumores-de-suburbios","status":"publish","type":"product","link":"https:\/\/www.baquiana.com\/bookstore\/product\/rumores-de-suburbios\/","title":{"rendered":"RUMORES DE SUBURBIOS"},"content":{"rendered":"<p style=\"text-align: justify;\">Veamos ahora lo que Maricel Mayor Mars\u00e1n aporta en\u00a0Rumores de suburbios\u00a0(2009), en donde la cr\u00edtica aguda de la poeta se dirige al estereotipo social del habitante de cualquier suburbio norteamericano de clase media. Demoledora y mordaz se muestra Mayor Mars\u00e1n en la secci\u00f3n \u201cSuburbios\u201d, en la que las buenas maneras y la vida pl\u00e1cida de lo que ella denomina el cuadro de una t\u00edpica \u201cpel\u00edcula de Hollywood\u201d (\u201cLos suburbios, 10) y en donde domina \u201clo convencional\u201d (\u201cVecinos de suburbios, 15) le permiten ahondar en la problem\u00e1tica propia del \u201csue\u00f1o americano\u201d del consumismo y de las repercusiones que ello tiene en las sociedades posmodernas, sobre todo en la tecnolog\u00eda\u00a0\u00a0y los medios de comunicaci\u00f3n. Por ejemplo en el poema \u201cAlgunos ni\u00f1os de los suburbios\u201d es implacable ante las repercusiones que este estilo de vida produce en las nuevas generaciones. Tres veces repite unos versos que se constituyen en el estribillo del poema y con el cual comienza y termina el poema: \u201cAlgunos ni\u00f1os de los suburbios saben\/ todo lo que quieren saber\u201d (29 y 30), en ese juego entre conocimiento y desconocimiento. La iron\u00eda surge para constatar efectivamente un doble plano en la afirmaci\u00f3n de la voz po\u00e9tica; como en la s\u00e1tira, est\u00e1 al servicio de una denuncia y desnuda la falsa pretensi\u00f3n de saber todo, ser autosuficientes y pretenciosos en sus conductas y en sus comportamientos, lo cual se hace para ocultar la tremenda podredumbre interior o las existencias vac\u00edas.<\/p>\n<p style=\"text-align: right;\"><strong>La poes\u00eda posmoderna y la cr\u00edtica a la globalizaci\u00f3n<\/strong><br \/>\n<strong>por el Dr. Jorge Chen Sham<\/strong><br \/>\n<strong>REVISTA DE FILOLOG\u00cdA Y LING\u00dc\u00cdSTICA<\/strong><br \/>\n<strong>Volumen 37 &#8211; N\u00famero 2<\/strong><br \/>\n<strong>Universidad de Costa Rica<\/strong><br \/>\n<strong>Julio\/Diciembre del 2011<\/strong><\/p>\n<p>&nbsp;<\/p>\n<p style=\"text-align: justify;\">La palabra suburbio, en su concepci\u00f3n estadounidense, es m\u00e1s que una expresi\u00f3n para definir esos vecindarios que, como anillos suburbanos, rodean nuestras ciudades. En realidad, los suburbios representan un estilo de vida: buenos empleos, autos del a\u00f1o, magnet schools para los hijos, centros comerciales con m\u00faltiples cinemas y casas confortables, preferiblemente con piscinas. Vivir en los suburbios significa haber alcanzado el sue\u00f1o americano. And they lived happily ever after. Es decir, como en los cuentos de hadas. Bueno, no siempre es as\u00ed. Piense en los terribles secretos que se ocultan detr\u00e1s de las puertas de las casas de Fairview, el id\u00edlico vecindario de Desperate Housewives. O en los sue\u00f1os rotos de April Wheeler, la protagonista de Revolutionary Road, la famosa novela de Richard Yates, que hastiada de vivir en las afueras de Connecticut, confiaba en comenzar una nueva vida en Par\u00eds. Y cuando piense en eso, piense en Kendall o Westchester, que son los escenarios donde nacieron los poemas de <em>Rumores de suburbios<\/em> (Baquiana, 2009), el nuevo libro de Maricel Mayor Mars\u00e1n, en el que tambi\u00e9n hay terribles secretos y sue\u00f1os rotos.<\/p>\n<p style=\"text-align: justify;\"><em>Rumores de suburbios<\/em> es una excelente muestra de que no siempre la poes\u00eda reflexiva tiene que ser necesariamente &#8211;no s\u00e9 como decirlo sin ofender a los poetas reflexivos&#8211; aburrida. Maricel Mayor ha encontrado la forma de meditar seriamente sobre el vac\u00edo existencial de las sociedades modernas sin recurrir a pedanter\u00edas intelectuales.<\/p>\n<p style=\"text-align: justify;\">Maricel Mayor ha escrito un libro de poemas h\u00edbridos &#8211;moralidad y doctrina (aunque en materia profana) mezclados con un poco de iron\u00eda y humor&#8211; en el que los &#8220;suburbanos&#8221; no salimos bien parados. Un poemario repleto de humanidad que nos ayuda a identificar nuestras metas en la vida y nos obliga a reconsiderar nuestras ideas sobre la felicidad. Reflexi\u00f3n sin tropolog\u00eda. O esos rumores que nos llegan de los suburbios.<\/p>\n<p style=\"text-align: right;\"><strong>&#8216;Rumores de suburbios&#8217;, algo m\u00e1s que rumores<\/strong><br \/>\n<strong>por Manuel C. D\u00edaz<\/strong><br \/>\n<strong>ESPECIAL\/EL NUEVO HERALD<\/strong><br \/>\n<strong>\u00a023 de mayo de 2010<\/strong><\/p>\n","protected":false},"excerpt":{"rendered":"<p>Veamos ahora lo que Maricel Mayor Mars\u00e1n aporta en\u00a0Rumores de suburbios\u00a0(2009), en donde la cr\u00edtica aguda de la poeta se dirige al estereotipo social del habitante de cualquier suburbio norteamericano de clase media. Demoledora y mordaz se muestra Mayor Mars\u00e1n en la secci\u00f3n \u201cSuburbios\u201d, en la que las buenas maneras y la vida pl\u00e1cida de [&hellip;]<\/p>\n","protected":false},"featured_media":483,"comment_status":"open","ping_status":"closed","template":"","meta":[],"product_cat":[11],"product_tag":[],"class_list":{"0":"post-152","1":"product","2":"type-product","3":"status-publish","4":"has-post-thumbnail","6":"book_author-maricel-mayor-marsan","7":"product_cat-caminos-de-la-poesia","8":"entry"},"_links":{"self":[{"href":"https:\/\/www.baquiana.com\/bookstore\/wp-json\/wp\/v2\/product\/152"}],"collection":[{"href":"https:\/\/www.baquiana.com\/bookstore\/wp-json\/wp\/v2\/product"}],"about":[{"href":"https:\/\/www.baquiana.com\/bookstore\/wp-json\/wp\/v2\/types\/product"}],"replies":[{"embeddable":true,"href":"https:\/\/www.baquiana.com\/bookstore\/wp-json\/wp\/v2\/comments?post=152"}],"wp:featuredmedia":[{"embeddable":true,"href":"https:\/\/www.baquiana.com\/bookstore\/wp-json\/wp\/v2\/media\/483"}],"wp:attachment":[{"href":"https:\/\/www.baquiana.com\/bookstore\/wp-json\/wp\/v2\/media?parent=152"}],"wp:term":[{"taxonomy":"product_cat","embeddable":true,"href":"https:\/\/www.baquiana.com\/bookstore\/wp-json\/wp\/v2\/product_cat?post=152"},{"taxonomy":"product_tag","embeddable":true,"href":"https:\/\/www.baquiana.com\/bookstore\/wp-json\/wp\/v2\/product_tag?post=152"}],"curies":[{"name":"wp","href":"https:\/\/api.w.org\/{rel}","templated":true}]}}