{"id":154,"date":"2016-04-25T06:07:26","date_gmt":"2016-04-25T06:07:26","guid":{"rendered":"http:\/\/www.baquiana.com\/bookstore\/product\/quimeras\/"},"modified":"2021-10-10T17:52:40","modified_gmt":"2021-10-10T21:52:40","slug":"quimeras","status":"publish","type":"product","link":"https:\/\/www.baquiana.com\/bookstore\/product\/quimeras\/","title":{"rendered":"QUIMERAS"},"content":{"rendered":"<p style=\"text-align: justify;\">\u201cQuimeras\u201d. Poemario que ha sido primer premio de los nuevos valores de la Poes\u00eda Hispana 2009, editado por Baquiana. Miami. Milena Ferrer Saavedra, autora cubana que se asoma con este primer libro y se destaca entre todos los presentados y eso ya es un buen comienzo; un primer libro escrito sin embargo desde la madurez po\u00e9tica. Voz sencilla s\u00ed, pero r\u00edtmicamente musical lo que es muy de agradecer en estos tiempos en que todo vale porque es m\u00e1s f\u00e1cil no sujetarse a ninguna regla. Dentro de su sencillez verbal sorprenden im\u00e1genes como: \u201ccreer que el horizonte va a alcanzarme\u2026\u201d o \u201cme gustar\u00eda ver las olas a trav\u00e9s de un vaso de cristal\u2026\u201d Auguramos pues a esta nueva autora muchos \u00e9xitos que sin duda le seguir\u00e1n si contin\u00faa en esta l\u00ednea, la l\u00ednea de la palabra y la m\u00fasica, la Poes\u00eda.<\/p>\n<p style=\"text-align: right;\"><strong>Isabel D\u00edez Serrano<br \/>\n<\/strong><strong>REVISTA LITERARIA ORIFLAMA<br \/>\n<\/strong><strong>El Escorial, Madrid, Espa\u00f1a<br \/>\nJ<\/strong><strong>unio de 2010<\/strong><\/p>\n","protected":false},"excerpt":{"rendered":"<p>\u201cQuimeras\u201d. Poemario que ha sido primer premio de los nuevos valores de la Poes\u00eda Hispana 2009, editado por Baquiana. Miami. Milena Ferrer Saavedra, autora cubana que se asoma con este primer libro y se destaca entre todos los presentados y eso ya es un buen comienzo; un primer libro escrito sin embargo desde la madurez [&hellip;]<\/p>\n","protected":false},"featured_media":570,"comment_status":"open","ping_status":"closed","template":"","meta":[],"product_cat":[11],"product_tag":[],"class_list":{"0":"post-154","1":"product","2":"type-product","3":"status-publish","4":"has-post-thumbnail","6":"book_author-milena-ferrer-saavedra","7":"product_cat-caminos-de-la-poesia","8":"entry"},"_links":{"self":[{"href":"https:\/\/www.baquiana.com\/bookstore\/wp-json\/wp\/v2\/product\/154"}],"collection":[{"href":"https:\/\/www.baquiana.com\/bookstore\/wp-json\/wp\/v2\/product"}],"about":[{"href":"https:\/\/www.baquiana.com\/bookstore\/wp-json\/wp\/v2\/types\/product"}],"replies":[{"embeddable":true,"href":"https:\/\/www.baquiana.com\/bookstore\/wp-json\/wp\/v2\/comments?post=154"}],"wp:featuredmedia":[{"embeddable":true,"href":"https:\/\/www.baquiana.com\/bookstore\/wp-json\/wp\/v2\/media\/570"}],"wp:attachment":[{"href":"https:\/\/www.baquiana.com\/bookstore\/wp-json\/wp\/v2\/media?parent=154"}],"wp:term":[{"taxonomy":"product_cat","embeddable":true,"href":"https:\/\/www.baquiana.com\/bookstore\/wp-json\/wp\/v2\/product_cat?post=154"},{"taxonomy":"product_tag","embeddable":true,"href":"https:\/\/www.baquiana.com\/bookstore\/wp-json\/wp\/v2\/product_tag?post=154"}],"curies":[{"name":"wp","href":"https:\/\/api.w.org\/{rel}","templated":true}]}}