{"id":155,"date":"2016-04-25T06:09:30","date_gmt":"2016-04-25T06:09:30","guid":{"rendered":"http:\/\/www.baquiana.com\/bookstore\/product\/havanity-habanidad\/"},"modified":"2021-10-10T17:52:00","modified_gmt":"2021-10-10T21:52:00","slug":"havanity-habanidad","status":"publish","type":"product","link":"https:\/\/www.baquiana.com\/bookstore\/product\/havanity-habanidad\/","title":{"rendered":"HAVANITY \/ HABANIDAD"},"content":{"rendered":"<p>&nbsp;<\/p>\n<p style=\"text-align: justify;\">Para <em>Havanity\/ Habanidad<\/em>, una antolog\u00eda biling\u00fce publicada por Ediciones Baquiana en enero de este a\u00f1o, Mar\u00eda Elena Blanco (La Habana, 1947) tradujo los poemas que m\u00e1s le gustaban de cada una de sus obras, adem\u00e1s de incorporar <em>Danubio Mediterr\u00e1neo\/ Mittelmeerdonau<\/em> (2005) libro editado en espa\u00f1ol y alem\u00e1n por la Asociaci\u00f3n de poetas de habla inglesa de Viena. Su poemario m\u00e1s reciente, <em>El amor incontable<\/em> (2008), divulgado por Ediciones Vitruvio de Madrid, tambi\u00e9n forma parte de esta antolog\u00eda, que decidi\u00f3 publicar porque la invitaron a un festival de poes\u00eda en la India, donde ten\u00eda que llevar sus poemas en ingl\u00e9s&#8230;<\/p>\n<p style=\"text-align: right;\"><strong>&#8216;Havanity\/Habanidad&#8217;: antolog\u00eda po\u00e9tica biling\u00fce de Mar\u00eda Elena Blanco<br \/>\n<\/strong><strong>por Elena Iglesias<br \/>\n<\/strong><strong>ESPECIAL\/EL NUEVO HERALD<br \/>\n<\/strong><strong>1ro de agosto de 2010<\/strong><\/p>\n","protected":false},"excerpt":{"rendered":"<p>&nbsp; Para Havanity\/ Habanidad, una antolog\u00eda biling\u00fce publicada por Ediciones Baquiana en enero de este a\u00f1o, Mar\u00eda Elena Blanco (La Habana, 1947) tradujo los poemas que m\u00e1s le gustaban de cada una de sus obras, adem\u00e1s de incorporar Danubio Mediterr\u00e1neo\/ Mittelmeerdonau (2005) libro editado en espa\u00f1ol y alem\u00e1n por la Asociaci\u00f3n de poetas de habla [&hellip;]<\/p>\n","protected":false},"featured_media":491,"comment_status":"open","ping_status":"closed","template":"","meta":[],"product_cat":[11],"product_tag":[],"class_list":{"0":"post-155","1":"product","2":"type-product","3":"status-publish","4":"has-post-thumbnail","6":"book_author-maria-elena-blanco","7":"product_cat-caminos-de-la-poesia","8":"entry"},"_links":{"self":[{"href":"https:\/\/www.baquiana.com\/bookstore\/wp-json\/wp\/v2\/product\/155"}],"collection":[{"href":"https:\/\/www.baquiana.com\/bookstore\/wp-json\/wp\/v2\/product"}],"about":[{"href":"https:\/\/www.baquiana.com\/bookstore\/wp-json\/wp\/v2\/types\/product"}],"replies":[{"embeddable":true,"href":"https:\/\/www.baquiana.com\/bookstore\/wp-json\/wp\/v2\/comments?post=155"}],"wp:featuredmedia":[{"embeddable":true,"href":"https:\/\/www.baquiana.com\/bookstore\/wp-json\/wp\/v2\/media\/491"}],"wp:attachment":[{"href":"https:\/\/www.baquiana.com\/bookstore\/wp-json\/wp\/v2\/media?parent=155"}],"wp:term":[{"taxonomy":"product_cat","embeddable":true,"href":"https:\/\/www.baquiana.com\/bookstore\/wp-json\/wp\/v2\/product_cat?post=155"},{"taxonomy":"product_tag","embeddable":true,"href":"https:\/\/www.baquiana.com\/bookstore\/wp-json\/wp\/v2\/product_tag?post=155"}],"curies":[{"name":"wp","href":"https:\/\/api.w.org\/{rel}","templated":true}]}}