{"id":158,"date":"2016-04-25T06:15:31","date_gmt":"2016-04-25T06:15:31","guid":{"rendered":"http:\/\/www.baquiana.com\/bookstore\/product\/himinam\/"},"modified":"2021-10-10T17:50:21","modified_gmt":"2021-10-10T21:50:21","slug":"himinam","status":"publish","type":"product","link":"https:\/\/www.baquiana.com\/bookstore\/product\/himinam\/","title":{"rendered":"HIMINAM"},"content":{"rendered":"<div style=\"text-align: justify;\"><span lang=\"ES\">Ya desde su mismo t\u00edtulo,\u00a0<i><span class=\"m_-2082818379772637280italic1\">Himinam<\/span><\/i>, una palabra celta que significa \u201ccielos\u201d, el lector tiene un leve atisbo de su tem\u00e1tica: la existencia vista a trav\u00e9s de nuestra relaci\u00f3n con el Universo. Y es que la poes\u00eda de Germa\u00efn se nutre precisamente de esa dualidad entre la realidad interior de nuestro ser y la realidad exterior del cosmos:\u00a0<span class=\"m_-2082818379772637280italic1\">Galaxias doradas,\/ espectros suaves de perros lunares,\/ agujero im\u00e1n\/ que inyectas el juego\/ de ciertos seres nuevos\/<\/span>. O como cuando dice:\u00a0<span class=\"m_-2082818379772637280italic1\">El espacio se abre\/ no hay recoveco donde refugiar\/ el aterrador salto sideral.\/ S\u00f3lo el valiente podr\u00e1\/ asirse desnudo a la nada\/ y convertirse as\u00ed\/ en el ser que esperaba\/<\/span>. Pero no en todos los poemas se advierte la intenci\u00f3n de establecer, a partir de im\u00e1genes metaf\u00edsicas, un nexo po\u00e9tico entre lo interior y lo exterior. En otros, m\u00e1s terrenales, es f\u00e1cil adivinar una zona de cierta perplejidad existencial que la autora trata de convertir, a fuerza de versos sobrios, en certidumbre:\u00a0<span class=\"m_-2082818379772637280italic1\">La muerte es un signo inmenso\/ que no se conoce\/ hasta que sucede.\/ Alguien muere en tu mirada\/ y tu mirada cambia\/ aunque algo quede\/<\/span>.<\/span><\/div>\n<div style=\"text-align: justify;\"><span lang=\"ES\">\u00a0<\/span><\/div>\n<div style=\"text-align: justify;\"><span lang=\"ES\">As\u00ed, los poemas de Marina Germa\u00efn se balancean equilibradamente entre dos prop\u00f3sitos que, aunque opuestos, no se excluyen. Por una parte, la b\u00fasqueda (con toda la urgencia de su conciencia expandida) de respuestas al significado del mundo:\u00a0<span class=\"m_-2082818379772637280italic1\">Un sat\u00e9lite gira\/ hace cuatro mil a\u00f1os\/ vestigio escondido tras el dato sabido\/ vueltas no dichas\/ por acaso particulares\/ y por los que saben\/ que no es f\u00e1cil saber\/ que nuestra historia ya estuvo anunciada\/.<\/span>\u00a0Y por la otra, la necesidad de encontrar -en la realidad de la vida- un camino de esperanza para s\u00ed misma:\u00a0<span class=\"m_-2082818379772637280italic1\">Cuando todos se hayan ido\/ recoger\u00e9 los dinteles de las puertas\/ resolver\u00e9 algunos lazos entramados\/ y verter\u00e9 agua en tu refr\u00e1n\/. Y si adem\u00e1s,\/ algo guardase\/ espero verte en lontananza\/ y tras la estrella\/ que has dejado\/<\/span>.\u00a0\u00a0<\/span><\/div>\n<div style=\"text-align: justify;\"><span lang=\"ES\">\u00a0<\/span><\/div>\n<div style=\"text-align: justify;\"><i><span class=\"m_-2082818379772637280italic1\"><span lang=\"ES\">Himinam<\/span><\/span><\/i><span lang=\"ES\"><i>\u00a0<\/i>es un poemario muy logrado. Su lenguaje se adentra en temas que, aunque complejos, provocan un despertar del sentido de la vida. Sus versos pueden ser universales y a la vez, \u00edntimos y sencillos. Algunos tienen un matiz de leve subjetividad, mientras que otros, a fuerza de ser m\u00e1s introspectivos, terminan refugi\u00e1ndose en la espiritualidad. Sin embargo, todos tienen un denominador com\u00fan: un depurado lenguaje literario.<br \/>\n<\/span><\/div>\n<div><span lang=\"ES\">\u00a0<\/span><\/div>\n<div><\/div>\n<p style=\"text-align: right;\"><strong><span lang=\"ES\">\u201c<\/span><span lang=\"ES\">Himinam\u201d, la poes\u00eda no ha muerto<br \/>\n<\/span><span lang=\"ES\">por Manuel C. D\u00edaz<br \/>\n<\/span><span lang=\"ES\">ESPECIAL\/EL NUEVO HERALD<br \/>\n<\/span><span lang=\"ES\">23 de octubre de 2011<\/span><\/strong><\/p>\n","protected":false},"excerpt":{"rendered":"<p>Ya desde su mismo t\u00edtulo,\u00a0Himinam, una palabra celta que significa \u201ccielos\u201d, el lector tiene un leve atisbo de su tem\u00e1tica: la existencia vista a trav\u00e9s de nuestra relaci\u00f3n con el Universo. Y es que la poes\u00eda de Germa\u00efn se nutre precisamente de esa dualidad entre la realidad interior de nuestro ser y la realidad exterior [&hellip;]<\/p>\n","protected":false},"featured_media":494,"comment_status":"open","ping_status":"closed","template":"","meta":[],"product_cat":[11],"product_tag":[],"class_list":{"0":"post-158","1":"product","2":"type-product","3":"status-publish","4":"has-post-thumbnail","6":"book_author-marina-germain","7":"product_cat-caminos-de-la-poesia","8":"entry"},"_links":{"self":[{"href":"https:\/\/www.baquiana.com\/bookstore\/wp-json\/wp\/v2\/product\/158"}],"collection":[{"href":"https:\/\/www.baquiana.com\/bookstore\/wp-json\/wp\/v2\/product"}],"about":[{"href":"https:\/\/www.baquiana.com\/bookstore\/wp-json\/wp\/v2\/types\/product"}],"replies":[{"embeddable":true,"href":"https:\/\/www.baquiana.com\/bookstore\/wp-json\/wp\/v2\/comments?post=158"}],"wp:featuredmedia":[{"embeddable":true,"href":"https:\/\/www.baquiana.com\/bookstore\/wp-json\/wp\/v2\/media\/494"}],"wp:attachment":[{"href":"https:\/\/www.baquiana.com\/bookstore\/wp-json\/wp\/v2\/media?parent=158"}],"wp:term":[{"taxonomy":"product_cat","embeddable":true,"href":"https:\/\/www.baquiana.com\/bookstore\/wp-json\/wp\/v2\/product_cat?post=158"},{"taxonomy":"product_tag","embeddable":true,"href":"https:\/\/www.baquiana.com\/bookstore\/wp-json\/wp\/v2\/product_tag?post=158"}],"curies":[{"name":"wp","href":"https:\/\/api.w.org\/{rel}","templated":true}]}}