{"id":161,"date":"2016-04-25T06:19:17","date_gmt":"2016-04-25T06:19:17","guid":{"rendered":"http:\/\/www.baquiana.com\/bookstore\/product\/solarium\/"},"modified":"2021-10-10T17:49:20","modified_gmt":"2021-10-10T21:49:20","slug":"solarium","status":"publish","type":"product","link":"https:\/\/www.baquiana.com\/bookstore\/product\/solarium\/","title":{"rendered":"SOL\u00c1RIUM"},"content":{"rendered":"<p style=\"text-align: justify;\">\u201cEs dif\u00edcil explicar con exactitud cu\u00e1l de esos instrumentos de inspiraci\u00f3n hace latir mi poes\u00eda con m\u00e1s fuerza. El coraz\u00f3n de mi poes\u00eda es el reflejo de todo eso, comenzando con el reflejo de la realidad tal como es hasta ese punto en que se convierte en \u2018lo que nunca debi\u00f3 ser\u2019 o \u2018lo que pudiera haber sido\u2019\u201d, reflexiona la escritora pinare\u00f1a Yosie Crespo, de 33 a\u00f1os, ganadora del prestigioso galard\u00f3n.<\/p>\n<p style=\"text-align: justify;\">Yosie trata de establecer una b\u00fasqueda personal, una vibraci\u00f3n intensa que solo las vivencias propias pueden otorgarle al poema. \u201cEs una constante b\u00fasqueda de iluminaci\u00f3n personal. Escribo para que me escuchen quienes no me conocen aunque a veces no tenga nada que decir. El silencio tambi\u00e9n es necesario en la poes\u00eda y \u00e9se solo lo reconoce el lector que le gusta mi poes\u00eda\u201d, afirma la autora de tres poemarios hasta la fecha y primer premio del IV Concurso Juvenil de Poes\u00eda \u201cFederico Garc\u00eda Lorca\u201d 2011 en Colmenar Viejo, Espa\u00f1a.<\/p>\n<p style=\"text-align: justify;\"><em>Sol\u00e1rium<\/em>, ganador del concurso \u201cNuevos valores de la poes\u00eda hispana 2011\u201d, convocado por el Centro Cultural Espa\u00f1ol de Miami y Ediciones Baquiana.<\/p>\n<p style=\"text-align: right;\"><strong>El &#8216;Sol\u00e1rium&#8217; de Yosie Crespo<br \/>\n<\/strong><strong>por\u00a0Elena Iglesias<br \/>\n<\/strong><strong>ESPECIAL\/EL NUEVO HERALD<br \/>\n<\/strong><strong>Secci\u00f3n de Artes y Letras<br \/>\n<\/strong><strong>12 de agosto de 2012<\/strong><\/p>\n","protected":false},"excerpt":{"rendered":"<p>\u201cEs dif\u00edcil explicar con exactitud cu\u00e1l de esos instrumentos de inspiraci\u00f3n hace latir mi poes\u00eda con m\u00e1s fuerza. El coraz\u00f3n de mi poes\u00eda es el reflejo de todo eso, comenzando con el reflejo de la realidad tal como es hasta ese punto en que se convierte en \u2018lo que nunca debi\u00f3 ser\u2019 o \u2018lo que [&hellip;]<\/p>\n","protected":false},"featured_media":567,"comment_status":"open","ping_status":"closed","template":"","meta":[],"product_cat":[11],"product_tag":[],"class_list":{"0":"post-161","1":"product","2":"type-product","3":"status-publish","4":"has-post-thumbnail","6":"book_author-yosie-crespo","7":"product_cat-caminos-de-la-poesia","8":"entry"},"_links":{"self":[{"href":"https:\/\/www.baquiana.com\/bookstore\/wp-json\/wp\/v2\/product\/161"}],"collection":[{"href":"https:\/\/www.baquiana.com\/bookstore\/wp-json\/wp\/v2\/product"}],"about":[{"href":"https:\/\/www.baquiana.com\/bookstore\/wp-json\/wp\/v2\/types\/product"}],"replies":[{"embeddable":true,"href":"https:\/\/www.baquiana.com\/bookstore\/wp-json\/wp\/v2\/comments?post=161"}],"wp:featuredmedia":[{"embeddable":true,"href":"https:\/\/www.baquiana.com\/bookstore\/wp-json\/wp\/v2\/media\/567"}],"wp:attachment":[{"href":"https:\/\/www.baquiana.com\/bookstore\/wp-json\/wp\/v2\/media?parent=161"}],"wp:term":[{"taxonomy":"product_cat","embeddable":true,"href":"https:\/\/www.baquiana.com\/bookstore\/wp-json\/wp\/v2\/product_cat?post=161"},{"taxonomy":"product_tag","embeddable":true,"href":"https:\/\/www.baquiana.com\/bookstore\/wp-json\/wp\/v2\/product_tag?post=161"}],"curies":[{"name":"wp","href":"https:\/\/api.w.org\/{rel}","templated":true}]}}