{"id":162,"date":"2016-04-25T06:20:32","date_gmt":"2016-04-25T06:20:32","guid":{"rendered":"http:\/\/www.baquiana.com\/bookstore\/product\/recuerdos\/"},"modified":"2021-10-10T17:48:36","modified_gmt":"2021-10-10T21:48:36","slug":"recuerdos","status":"publish","type":"product","link":"https:\/\/www.baquiana.com\/bookstore\/product\/recuerdos\/","title":{"rendered":"RECUERDOS"},"content":{"rendered":"<p style=\"text-align: justify;\">La nostalgia invade la memoria cuando, pasado \u00abel tiempo, todo el tiempo\u00bb \u2014tal dir\u00eda, con su h\u00e1lito imperecedero, el gran poeta cubano Eliseo Diego en uno de sus cl\u00e1sicos poemas\u2014 los idus de un siempre entonces regresan en furiosas oleadas, inundando los cauces de la existencia, sobre todo si han trascurrido en otras geograf\u00edas.<\/p>\n<p style=\"text-align: justify;\">Tal acontece en el poemario <em>Recuerdos<\/em>, de la profesora tunera Lina L. Cofres\u00ed, publicado en 2012 por Ediciones Baquiana, en su Colecci\u00f3n Caminos de la Poes\u00eda, que por su calidad y por ser coterr\u00e1neo suyo que conoce el tema abordado, me place comentar, aunque no conozco a la autora. Ante todo, subrayo la singularidad de estos textos, en los que Lina entrega c\u00e1psulas po\u00e9ticas a la manera del haiku, con las que convence al lector sensible e inteligente por su probidad literaria, excluyendo el hoy com\u00fan y cansino discurso prosa\u00edsta, pros\u00edstico y, en consecuencia, excesivamente prosaico en la poes\u00eda, cuya vaguedad y huero retoricismo no suelen dar en la diana del buen verso y, en cambio, solo fatigan a ese lector al que arriba se\u00f1alo, para el que ahora escribo estas l\u00edneas.<\/p>\n<p style=\"text-align: right;\"><strong>Los recuerdos tuneros de Lina L. Cofres\u00ed<\/strong><br \/>\n<strong>por Waldo Gonz\u00e1lez L\u00f3pez<\/strong><br \/>\n<strong>BAQUIANA &#8211; DIGITAL\/IMPRESA (2017)<\/strong><\/p>\n","protected":false},"excerpt":{"rendered":"<p>La nostalgia invade la memoria cuando, pasado \u00abel tiempo, todo el tiempo\u00bb \u2014tal dir\u00eda, con su h\u00e1lito imperecedero, el gran poeta cubano Eliseo Diego en uno de sus cl\u00e1sicos poemas\u2014 los idus de un siempre entonces regresan en furiosas oleadas, inundando los cauces de la existencia, sobre todo si han trascurrido en otras geograf\u00edas. Tal [&hellip;]<\/p>\n","protected":false},"featured_media":497,"comment_status":"open","ping_status":"closed","template":"","meta":[],"product_cat":[11],"product_tag":[],"class_list":{"0":"post-162","1":"product","2":"type-product","3":"status-publish","4":"has-post-thumbnail","6":"book_author-lina-l-cofresi","7":"product_cat-caminos-de-la-poesia","8":"entry"},"_links":{"self":[{"href":"https:\/\/www.baquiana.com\/bookstore\/wp-json\/wp\/v2\/product\/162"}],"collection":[{"href":"https:\/\/www.baquiana.com\/bookstore\/wp-json\/wp\/v2\/product"}],"about":[{"href":"https:\/\/www.baquiana.com\/bookstore\/wp-json\/wp\/v2\/types\/product"}],"replies":[{"embeddable":true,"href":"https:\/\/www.baquiana.com\/bookstore\/wp-json\/wp\/v2\/comments?post=162"}],"wp:featuredmedia":[{"embeddable":true,"href":"https:\/\/www.baquiana.com\/bookstore\/wp-json\/wp\/v2\/media\/497"}],"wp:attachment":[{"href":"https:\/\/www.baquiana.com\/bookstore\/wp-json\/wp\/v2\/media?parent=162"}],"wp:term":[{"taxonomy":"product_cat","embeddable":true,"href":"https:\/\/www.baquiana.com\/bookstore\/wp-json\/wp\/v2\/product_cat?post=162"},{"taxonomy":"product_tag","embeddable":true,"href":"https:\/\/www.baquiana.com\/bookstore\/wp-json\/wp\/v2\/product_tag?post=162"}],"curies":[{"name":"wp","href":"https:\/\/api.w.org\/{rel}","templated":true}]}}