{"id":164,"date":"2016-04-25T06:23:07","date_gmt":"2016-04-25T06:23:07","guid":{"rendered":"http:\/\/www.baquiana.com\/bookstore\/product\/innominado-amor\/"},"modified":"2021-10-11T21:49:37","modified_gmt":"2021-10-12T01:49:37","slug":"innominado-amor","status":"publish","type":"product","link":"https:\/\/www.baquiana.com\/bookstore\/product\/innominado-amor\/","title":{"rendered":"INNOMINADO AMOR"},"content":{"rendered":"<p style=\"text-align: justify;\"><em>Innominado amor<\/em> es un libro al que hay que acercarse con detenimiento para descubrir, oculto en sus variadas aproximaciones po\u00e9ticas, su verdadero prop\u00f3sito: la celebraci\u00f3n de la vida y del amor. En el caso de la vida, indagando por los or\u00edgenes del ser (qui\u00e9n, qu\u00e9, c\u00f3mo y cu\u00e1ndo), y en el caso del amor, sublimiz\u00e1ndolo en la b\u00fasqueda (sensibilidad) y otorg\u00e1ndole corporeidad (erotismo y pasi\u00f3n) en el encuentro. No hay uno solo de sus poemas en el que no hallemos esa dicotom\u00eda expresada de dos maneras: con una profundidad casi m\u00edstica y con la contundencia visual de los encuentros amorosos. M\u00e1s que un libro de poemas, <em>Innominado amor<\/em> es una bit\u00e1cora para navegar la vida. Una suerte de gu\u00eda para la existencia y un recordatorio de que la poes\u00eda todav\u00eda no ha muerto.<\/p>\n<p style=\"text-align: right;\"><strong>\u2018Innominado amor\u2019, un abanico de l\u00edricas vivencias<\/strong><br \/>\n<strong>por Manuel C. D\u00edaz<br \/>\nESPECIAL\/EL NUEVO HERALD<\/strong><br \/>\n<strong>8 de septiembre de 2013<\/strong><\/p>\n","protected":false},"excerpt":{"rendered":"<p>Innominado amor es un libro al que hay que acercarse con detenimiento para descubrir, oculto en sus variadas aproximaciones po\u00e9ticas, su verdadero prop\u00f3sito: la celebraci\u00f3n de la vida y del amor. En el caso de la vida, indagando por los or\u00edgenes del ser (qui\u00e9n, qu\u00e9, c\u00f3mo y cu\u00e1ndo), y en el caso del amor, sublimiz\u00e1ndolo [&hellip;]<\/p>\n","protected":false},"featured_media":499,"comment_status":"open","ping_status":"closed","template":"","meta":[],"product_cat":[11],"product_tag":[],"class_list":{"0":"post-164","1":"product","2":"type-product","3":"status-publish","4":"has-post-thumbnail","6":"book_author-arturo-morell","7":"product_cat-caminos-de-la-poesia","8":"entry"},"_links":{"self":[{"href":"https:\/\/www.baquiana.com\/bookstore\/wp-json\/wp\/v2\/product\/164"}],"collection":[{"href":"https:\/\/www.baquiana.com\/bookstore\/wp-json\/wp\/v2\/product"}],"about":[{"href":"https:\/\/www.baquiana.com\/bookstore\/wp-json\/wp\/v2\/types\/product"}],"replies":[{"embeddable":true,"href":"https:\/\/www.baquiana.com\/bookstore\/wp-json\/wp\/v2\/comments?post=164"}],"wp:featuredmedia":[{"embeddable":true,"href":"https:\/\/www.baquiana.com\/bookstore\/wp-json\/wp\/v2\/media\/499"}],"wp:attachment":[{"href":"https:\/\/www.baquiana.com\/bookstore\/wp-json\/wp\/v2\/media?parent=164"}],"wp:term":[{"taxonomy":"product_cat","embeddable":true,"href":"https:\/\/www.baquiana.com\/bookstore\/wp-json\/wp\/v2\/product_cat?post=164"},{"taxonomy":"product_tag","embeddable":true,"href":"https:\/\/www.baquiana.com\/bookstore\/wp-json\/wp\/v2\/product_tag?post=164"}],"curies":[{"name":"wp","href":"https:\/\/api.w.org\/{rel}","templated":true}]}}