{"id":165,"date":"2016-04-25T06:24:19","date_gmt":"2016-04-25T06:24:19","guid":{"rendered":"http:\/\/www.baquiana.com\/bookstore\/product\/noches-blancas\/"},"modified":"2021-10-10T17:46:39","modified_gmt":"2021-10-10T21:46:39","slug":"noches-blancas","status":"publish","type":"product","link":"https:\/\/www.baquiana.com\/bookstore\/product\/noches-blancas\/","title":{"rendered":"NOCHES BLANCAS"},"content":{"rendered":"<p style=\"font-weight: 400; text-align: justify;\">La poes\u00eda de este libro se basa en la cotidianeidad, lo cercano y lo tangible,\u00a0como\u00a0si diera una visi\u00f3n\u00a0del\u00a0ambiente unos 360 grados, visitando toda la naturaleza, reflejando las evocaciones de una vida joven. Pero tambi\u00e9n coment\u00f3 que el escritor se pregunta por el dilema de la existencia y la posibilidad de una muerte temprana.\u00a0En esto lo compar\u00f3 con el propio Ponce de Le\u00f3n, quien andaba en busca de la fuente de la juventud.<\/p>\n<p style=\"font-weight: 400; text-align: justify;\">Revuelta naci\u00f3 en Sagua la Grande en 1978, tiene una licenciatura de la Universidad de Miami y una maestr\u00eda de la Universidad Central de la Florida en Orlando, especializado en literatura hisp\u00e1nica.\u00a0Ha escrito numerosos ensayos, entre ellos, uno sobre Miguel de Cervantes y Don Quijote, y otro sobre Jos\u00e9 Lezama Lima y Jos\u00e9 Mart\u00ed.<\/p>\n<p style=\"font-weight: 400; text-align: justify;\">La obra\u00a0del\u00a0poeta cubano Eugenio Florit es lo que m\u00e1s lo ha inspirado, dijo Revuelta, pero tambi\u00e9n ha le\u00eddo a Gustavo Adolfo B\u00e9cquer, Lezama Lima y Pablo Neruda. En la novela, escoge a Ernesto S\u00e1bato. En las artes pl\u00e1sticas, el surrealismo y la abstracci\u00f3n. Y en la ciencia, la astronom\u00eda, lo que lo hace meditar en los millones de a\u00f1os que le toma a la luz de una estrella llegar a nuestra \u00f3rbita, lo que definitivamente refleja su obsesi\u00f3n con el tema\u00a0deltiempo.<\/p>\n<p style=\"font-weight: 400; text-align: right;\"><strong>PREMIO NUEVOS VALORES DE LA POES\u00cdA HISPANA<br \/>\n<\/strong><strong>por\u00a0Olga Connor<br \/>\n<\/strong><strong>Suplemento Viva M\u00e1s\u00a0&#8211;\u00a0ESPECIAL\/EL NUEVO HERALD<br \/>\n<\/strong><strong>3 de abril de 2013<\/strong><\/p>\n","protected":false},"excerpt":{"rendered":"<p>La poes\u00eda de este libro se basa en la cotidianeidad, lo cercano y lo tangible,\u00a0como\u00a0si diera una visi\u00f3n\u00a0del\u00a0ambiente unos 360 grados, visitando toda la naturaleza, reflejando las evocaciones de una vida joven. Pero tambi\u00e9n coment\u00f3 que el escritor se pregunta por el dilema de la existencia y la posibilidad de una muerte temprana.\u00a0En esto lo [&hellip;]<\/p>\n","protected":false},"featured_media":566,"comment_status":"open","ping_status":"closed","template":"","meta":[],"product_cat":[11],"product_tag":[],"class_list":{"0":"post-165","1":"product","2":"type-product","3":"status-publish","4":"has-post-thumbnail","6":"book_author-erick-a-revuelta","7":"product_cat-caminos-de-la-poesia","8":"entry"},"_links":{"self":[{"href":"https:\/\/www.baquiana.com\/bookstore\/wp-json\/wp\/v2\/product\/165"}],"collection":[{"href":"https:\/\/www.baquiana.com\/bookstore\/wp-json\/wp\/v2\/product"}],"about":[{"href":"https:\/\/www.baquiana.com\/bookstore\/wp-json\/wp\/v2\/types\/product"}],"replies":[{"embeddable":true,"href":"https:\/\/www.baquiana.com\/bookstore\/wp-json\/wp\/v2\/comments?post=165"}],"wp:featuredmedia":[{"embeddable":true,"href":"https:\/\/www.baquiana.com\/bookstore\/wp-json\/wp\/v2\/media\/566"}],"wp:attachment":[{"href":"https:\/\/www.baquiana.com\/bookstore\/wp-json\/wp\/v2\/media?parent=165"}],"wp:term":[{"taxonomy":"product_cat","embeddable":true,"href":"https:\/\/www.baquiana.com\/bookstore\/wp-json\/wp\/v2\/product_cat?post=165"},{"taxonomy":"product_tag","embeddable":true,"href":"https:\/\/www.baquiana.com\/bookstore\/wp-json\/wp\/v2\/product_tag?post=165"}],"curies":[{"name":"wp","href":"https:\/\/api.w.org\/{rel}","templated":true}]}}