{"id":167,"date":"2016-04-25T06:27:13","date_gmt":"2016-04-25T06:27:13","guid":{"rendered":"http:\/\/www.baquiana.com\/bookstore\/product\/trazo-estos-signos-en-la-arena\/"},"modified":"2021-10-10T17:41:04","modified_gmt":"2021-10-10T21:41:04","slug":"trazo-estos-signos-en-la-arena","status":"publish","type":"product","link":"https:\/\/www.baquiana.com\/bookstore\/product\/trazo-estos-signos-en-la-arena\/","title":{"rendered":"TRAZO ESTOS SIGNOS EN LA ARENA"},"content":{"rendered":"<p style=\"font-weight: 400; text-align: justify;\">Waldo escribe \u201csobre la realidad de las cosas y las cosas de la realidad\u201d, como bien dijera el narrador y periodista cultural Enrique P\u00e9rez D\u00edaz, en entrevista realizada algunos a\u00f1os atr\u00e1s al destacado creador (nacido en la ciudad de Puerto Padre, Las Tunas, Cuba, 1946), porque la poes\u00eda para Waldo, como bien apuntara el propio poeta, es \u201cla esencia, el s\u00fammum, la ra\u00edz decisiva de toda creaci\u00f3n\u201d, y esto lo evidencia una vez m\u00e1s en\u00a0<em>Trazo estos signos en la arena,<\/em>\u00a0poemario que, en la brevedad de sus sesenta y seis p\u00e1ginas, resulta un amplio calidoscopio con muestras compactas de lo mejor de su creaci\u00f3n po\u00e9tica, reunida en esta antolog\u00eda personal o \u201cauto-antolog\u00eda\u201d, seg\u00fan prefiere definirla.<\/p>\n<p style=\"font-weight: 400; text-align: justify;\">Sonetos concebidos con maestr\u00eda evidencian sin lugar a dudas el impecable dominio de la versificaci\u00f3n que hacen al autor un consumado art\u00edfice en las lides del arte de la palabra escrita; asimismo, d\u00e9cimas llenas de arpegios, sonoridades y suave cadencia, acarician el o\u00eddo al escucharlas dichas por el autor, como certeros textos en verso libre conforman este breve volumen, cuya grandiosidad radica, precisamente, en la vasta amplitud de formas y temas que enriquecen el mundo cognitivo y espiritual de los lectores, a los que el poeta una vez m\u00e1s, viene \u201ca ofrecer su coraz\u00f3n\u201d con esa magia destinada a los elegidos.<\/p>\n<p style=\"font-weight: 400; text-align: right;\"><strong>Trazando signos de arte en la arena<br \/>\npor Mercedes Eleine Gonz\u00e1lez<br \/>\n<\/strong><strong><em>PALABRA ABIERTA<\/em>\u00a0\u2013 publicaci\u00f3n digital<\/strong><strong><br \/>\n<\/strong><strong>28 de junio de 2015<\/strong><\/p>\n","protected":false},"excerpt":{"rendered":"<p>Waldo escribe \u201csobre la realidad de las cosas y las cosas de la realidad\u201d, como bien dijera el narrador y periodista cultural Enrique P\u00e9rez D\u00edaz, en entrevista realizada algunos a\u00f1os atr\u00e1s al destacado creador (nacido en la ciudad de Puerto Padre, Las Tunas, Cuba, 1946), porque la poes\u00eda para Waldo, como bien apuntara el propio [&hellip;]<\/p>\n","protected":false},"featured_media":502,"comment_status":"open","ping_status":"closed","template":"","meta":[],"product_cat":[11],"product_tag":[],"class_list":{"0":"post-167","1":"product","2":"type-product","3":"status-publish","4":"has-post-thumbnail","6":"book_author-waldo-gonzalez-lopez","7":"product_cat-caminos-de-la-poesia","8":"entry"},"_links":{"self":[{"href":"https:\/\/www.baquiana.com\/bookstore\/wp-json\/wp\/v2\/product\/167"}],"collection":[{"href":"https:\/\/www.baquiana.com\/bookstore\/wp-json\/wp\/v2\/product"}],"about":[{"href":"https:\/\/www.baquiana.com\/bookstore\/wp-json\/wp\/v2\/types\/product"}],"replies":[{"embeddable":true,"href":"https:\/\/www.baquiana.com\/bookstore\/wp-json\/wp\/v2\/comments?post=167"}],"wp:featuredmedia":[{"embeddable":true,"href":"https:\/\/www.baquiana.com\/bookstore\/wp-json\/wp\/v2\/media\/502"}],"wp:attachment":[{"href":"https:\/\/www.baquiana.com\/bookstore\/wp-json\/wp\/v2\/media?parent=167"}],"wp:term":[{"taxonomy":"product_cat","embeddable":true,"href":"https:\/\/www.baquiana.com\/bookstore\/wp-json\/wp\/v2\/product_cat?post=167"},{"taxonomy":"product_tag","embeddable":true,"href":"https:\/\/www.baquiana.com\/bookstore\/wp-json\/wp\/v2\/product_tag?post=167"}],"curies":[{"name":"wp","href":"https:\/\/api.w.org\/{rel}","templated":true}]}}