{"id":170,"date":"2016-04-26T02:34:18","date_gmt":"2016-04-26T02:34:18","guid":{"rendered":"http:\/\/www.baquiana.com\/bookstore\/product\/perfiles-y-sombras\/"},"modified":"2024-01-21T22:37:09","modified_gmt":"2024-01-22T03:37:09","slug":"perfiles-y-sombras","status":"publish","type":"product","link":"https:\/\/www.baquiana.com\/bookstore\/product\/perfiles-y-sombras\/","title":{"rendered":"PERFILES Y SOMBRAS"},"content":{"rendered":"<p style=\"font-weight: 400; text-align: justify;\">Cartagenero de nacimiento, Jos\u00e9 Mar\u00eda \u00c1lvarez vino a ocupar un destacado espacio en el panorama cultural espa\u00f1ol de la d\u00e9cada de los setenta, a ra\u00edz de su inclusi\u00f3n en la controvertida antolog\u00eda de Josep Mar\u00eda Castellet \u201cNueve nov\u00edsimos poetas espa\u00f1oles\u201d (Barcelona, 1970), germen de la llamada\u00a0<em>Generaci\u00f3n de los Nov\u00edsimos<\/em>\u00a0surgida como reacci\u00f3n ante el realismo est\u00e9tico imperante hasta la fecha y la concepci\u00f3n de la poes\u00eda como \u201carma cargada de futuro\u201d. \u201cLa poes\u00eda no vale para nada\u201d, va a ser la respuesta de este grupo de j\u00f3venes escritores.<\/p>\n<p style=\"font-weight: 400; text-align: justify;\">La poes\u00eda no ya como veh\u00edculo para la libertad, sino como libertad en s\u00ed, libertad formal y de estilo, libertad de acercamiento a universos y realidades de segundo plano, pintorescas y ex\u00f3ticas, poco o nada conocidas hasta entonces en nuestro pa\u00eds. Un giro hacia las vanguardias europeas y el surrealismo, como motor de arranque de la transici\u00f3n cultural espa\u00f1ola. El poeta como ser an\u00f3nimo, indiferente para el propio poema, emancipado ya en su nacimiento. Culturalismo y contracultura, \u201cla evoluci\u00f3n en el cambio de gusto\u201d, en palabras del propio \u00c1lvarez.<\/p>\n<p style=\"font-weight: 400; text-align: justify;\">Acreedor de importantes galardones literarios (Premio Internacional Loewe de Poes\u00eda, Premio La Sonrisa Vertical, Finalista del Premio Planeta&#8230;), recibi\u00f3 en 1990 el Doctorado Honoris Causa por Dowling University en Long Island, Nueva York, por el conjunto de su obra, junto a Mario Vargas Llosa y Camilo Jos\u00e9 Cela.<\/p>\n<p style=\"font-weight: 400; text-align: justify;\">El prop\u00f3sito original de este libro en edici\u00f3n biling\u00fce \u201cPerfiles y sombras. Una introducci\u00f3n a la poes\u00eda de Jos\u00e9 Mar\u00eda \u00c1lvarez\u201d, en palabras de los propios editores, era iniciar al lector en el estudio de la poes\u00eda de este importante poeta espa\u00f1ol y propiciar un estudio m\u00e1s profundo del mismo a largo plazo. Sin duda, esa aspiraci\u00f3n se ha cubierto suficientemente. Buena prueba de ello es que, en la actualidad, el libro ha comenzado a distribuirse en las universidades norteamericanas.<\/p>\n<p style=\"text-align: right;\"><em><strong>PERFILES Y SOMBRAS<br \/>\n<\/strong><\/em><em><strong>(UNA\u00a0INTRODUCCI\u00d3N A LA POES\u00cdA DE JOS\u00c9 MAR\u00cdA \u00c1LVAREZ)<br \/>\n<\/strong><\/em><strong>por Francisco Javier Catal\u00e1n Eugenio<br \/>\n<\/strong><strong>Revista\u00a0<em>EMPIREUMA<\/em>\u00a0A\u00f1o XX \u2013 N\u00famero 32 Verano \u2013 Oto\u00f1o de 2006<br \/>\n<\/strong><strong>Orihuela (Alicante) Espa\u00f1a.<\/strong><\/p>\n<p style=\"text-align: right;\"><strong>EDITORES: MARICEL MAYOR MARS\u00c1N Y PATRICIO E. PALACIOS<\/strong><br \/>\n<strong>TEXTOS DE: MARICEL MAYOR MARS\u00c1N, PATRICIO E. PALACIOS,<\/strong><br \/>\n<strong>ALICIA E. VADILLO Y LIDIA VERS\u00d3N.<\/strong><\/p>\n","protected":false},"excerpt":{"rendered":"<p>Cartagenero de nacimiento, Jos\u00e9 Mar\u00eda \u00c1lvarez vino a ocupar un destacado espacio en el panorama cultural espa\u00f1ol de la d\u00e9cada de los setenta, a ra\u00edz de su inclusi\u00f3n en la controvertida antolog\u00eda de Josep Mar\u00eda Castellet \u201cNueve nov\u00edsimos poetas espa\u00f1oles\u201d (Barcelona, 1970), germen de la llamada\u00a0Generaci\u00f3n de los Nov\u00edsimos\u00a0surgida como reacci\u00f3n ante el realismo est\u00e9tico [&hellip;]<\/p>\n","protected":false},"featured_media":535,"comment_status":"open","ping_status":"closed","template":"","meta":[],"product_cat":[33],"product_tag":[],"class_list":{"0":"post-170","1":"product","2":"type-product","3":"status-publish","4":"has-post-thumbnail","6":"book_author-maricel-mayor-marsan-y-patricio-e-palacios","7":"product_cat-senderos-de-la-narrativa","8":"entry"},"_links":{"self":[{"href":"https:\/\/www.baquiana.com\/bookstore\/wp-json\/wp\/v2\/product\/170"}],"collection":[{"href":"https:\/\/www.baquiana.com\/bookstore\/wp-json\/wp\/v2\/product"}],"about":[{"href":"https:\/\/www.baquiana.com\/bookstore\/wp-json\/wp\/v2\/types\/product"}],"replies":[{"embeddable":true,"href":"https:\/\/www.baquiana.com\/bookstore\/wp-json\/wp\/v2\/comments?post=170"}],"wp:featuredmedia":[{"embeddable":true,"href":"https:\/\/www.baquiana.com\/bookstore\/wp-json\/wp\/v2\/media\/535"}],"wp:attachment":[{"href":"https:\/\/www.baquiana.com\/bookstore\/wp-json\/wp\/v2\/media?parent=170"}],"wp:term":[{"taxonomy":"product_cat","embeddable":true,"href":"https:\/\/www.baquiana.com\/bookstore\/wp-json\/wp\/v2\/product_cat?post=170"},{"taxonomy":"product_tag","embeddable":true,"href":"https:\/\/www.baquiana.com\/bookstore\/wp-json\/wp\/v2\/product_tag?post=170"}],"curies":[{"name":"wp","href":"https:\/\/api.w.org\/{rel}","templated":true}]}}