{"id":176,"date":"2016-04-26T03:22:03","date_gmt":"2016-04-26T03:22:03","guid":{"rendered":"http:\/\/www.baquiana.com\/bookstore\/product\/doce-anos-sin-paz\/"},"modified":"2021-10-11T22:02:55","modified_gmt":"2021-10-12T02:02:55","slug":"doce-anos-sin-paz","status":"publish","type":"product","link":"https:\/\/www.baquiana.com\/bookstore\/product\/doce-anos-sin-paz\/","title":{"rendered":"DOCE A\u00d1OS SIN PAZ"},"content":{"rendered":"<p style=\"text-align: justify;\"><em>El volumen realizado por Ediciones Baquiana en colaboraci\u00f3n con el Instituto Cultural de M\u00e9xico en Miami, es una recopilaci\u00f3n de textos sobre el c\u00e9lebre escritor mexicano y su obra.<\/em><\/p>\n<p style=\"text-align: justify;\"><em>Es un documento para recordar que hace 20 a\u00f1os, en 1990, Octavio Paz fue distinguido con el Premio Nobel de Literatura, dijo Arturo Morell, director del Instituto Cultural de M\u00e9xico en Miami y quien hizo el pr\u00f3logo del citado texto.<\/em><\/p>\n<p style=\"text-align: justify;\"><em>De acuerdo con Morell, el volumen presenta una serie de reflexiones acerca de la obra del autor de &#8216;<strong>El Laberinto de la Soledad<\/strong>&#8216;, de los escritores Olga Connor, Maricel Mayor Mars\u00e1n, Myra M. Medina, Arturo Morell, Alexis Ortiz y Joaqu\u00edn Roy, autores que han sido influenciados por la c\u00e9lebre escritura del vate mexicano.<\/em><\/p>\n<p style=\"text-align: right;\"><strong>NOTIMEX \/\u00a0EL UNIVERSAL<br \/>\n<\/strong><strong>Secci\u00f3n cultural<br \/>\n<\/strong><strong>6 de Marzo de 2011<\/strong><\/p>\n","protected":false},"excerpt":{"rendered":"<p>El volumen realizado por Ediciones Baquiana en colaboraci\u00f3n con el Instituto Cultural de M\u00e9xico en Miami, es una recopilaci\u00f3n de textos sobre el c\u00e9lebre escritor mexicano y su obra. Es un documento para recordar que hace 20 a\u00f1os, en 1990, Octavio Paz fue distinguido con el Premio Nobel de Literatura, dijo Arturo Morell, director del [&hellip;]<\/p>\n","protected":false},"featured_media":541,"comment_status":"open","ping_status":"closed","template":"","meta":[],"product_cat":[33],"product_tag":[],"class_list":{"0":"post-176","1":"product","2":"type-product","3":"status-publish","4":"has-post-thumbnail","6":"book_author-patricio-e-palacios","7":"product_cat-senderos-de-la-narrativa","8":"entry"},"_links":{"self":[{"href":"https:\/\/www.baquiana.com\/bookstore\/wp-json\/wp\/v2\/product\/176"}],"collection":[{"href":"https:\/\/www.baquiana.com\/bookstore\/wp-json\/wp\/v2\/product"}],"about":[{"href":"https:\/\/www.baquiana.com\/bookstore\/wp-json\/wp\/v2\/types\/product"}],"replies":[{"embeddable":true,"href":"https:\/\/www.baquiana.com\/bookstore\/wp-json\/wp\/v2\/comments?post=176"}],"wp:featuredmedia":[{"embeddable":true,"href":"https:\/\/www.baquiana.com\/bookstore\/wp-json\/wp\/v2\/media\/541"}],"wp:attachment":[{"href":"https:\/\/www.baquiana.com\/bookstore\/wp-json\/wp\/v2\/media?parent=176"}],"wp:term":[{"taxonomy":"product_cat","embeddable":true,"href":"https:\/\/www.baquiana.com\/bookstore\/wp-json\/wp\/v2\/product_cat?post=176"},{"taxonomy":"product_tag","embeddable":true,"href":"https:\/\/www.baquiana.com\/bookstore\/wp-json\/wp\/v2\/product_tag?post=176"}],"curies":[{"name":"wp","href":"https:\/\/api.w.org\/{rel}","templated":true}]}}