{"id":177,"date":"2016-04-26T03:32:13","date_gmt":"2016-04-26T03:32:13","guid":{"rendered":"http:\/\/www.baquiana.com\/bookstore\/product\/el-sueno-de-la-calabaza-y-otros-relatos\/"},"modified":"2021-10-11T22:02:03","modified_gmt":"2021-10-12T02:02:03","slug":"el-sueno-de-la-calabaza-y-otros-relatos","status":"publish","type":"product","link":"https:\/\/www.baquiana.com\/bookstore\/product\/el-sueno-de-la-calabaza-y-otros-relatos\/","title":{"rendered":"EL SUE\u00d1O DE LA CALABAZA Y OTROS RELATOS"},"content":{"rendered":"<p style=\"text-align: justify;\"><em><strong>El sue\u00f1o de la calabaza y otros relatos<\/strong> es un magn\u00edfico libro de cuentos. Todos est\u00e1n escritos con una prosa \u00e1gil que, aunque directa, est\u00e1 repleta de detalles. En ficci\u00f3n, no importa si es un cuento o una novela, el escritor debe ser espec\u00edfico para convencer al lector. Y Morat\u00f3 lo es. Tan espec\u00edfico es, que uno sospecha que en sus cuentos hay m\u00e1s vivencias que imaginaci\u00f3n. O lo que es lo mismo, una vida en forma de cuentos. Hasta en el t\u00edtulo la realidad parece asomar. Y es que, despu\u00e9s de todo, no es m\u00e1s que una traducci\u00f3n libre de <strong>Pumkin\u2019s Dream<\/strong>, el nombre del barco en que posiblemente sali\u00f3 de Cuba por el puerto del Mariel.<\/em><\/p>\n<p style=\"text-align: right;\"><strong>\u2018El sue\u00f1o de la calabaza&#8217;, <\/strong><strong>Una vida en forma de cuentos<\/strong><strong><br \/>\n<\/strong><strong>MANUEL C. D\u00cdAZ\u00a0\u2013\u00a0ESPECIAL\/EL NUEVO HERALD<br \/>\n<\/strong><strong>27 de Marzo de 2011<\/strong><\/p>\n","protected":false},"excerpt":{"rendered":"<p>El sue\u00f1o de la calabaza y otros relatos es un magn\u00edfico libro de cuentos. Todos est\u00e1n escritos con una prosa \u00e1gil que, aunque directa, est\u00e1 repleta de detalles. En ficci\u00f3n, no importa si es un cuento o una novela, el escritor debe ser espec\u00edfico para convencer al lector. Y Morat\u00f3 lo es. Tan espec\u00edfico es, [&hellip;]<\/p>\n","protected":false},"featured_media":542,"comment_status":"open","ping_status":"closed","template":"","meta":[],"product_cat":[33],"product_tag":[],"class_list":{"0":"post-177","1":"product","2":"type-product","3":"status-publish","4":"has-post-thumbnail","6":"book_author-enrique-guillermo-morato","7":"product_cat-senderos-de-la-narrativa","8":"entry"},"_links":{"self":[{"href":"https:\/\/www.baquiana.com\/bookstore\/wp-json\/wp\/v2\/product\/177"}],"collection":[{"href":"https:\/\/www.baquiana.com\/bookstore\/wp-json\/wp\/v2\/product"}],"about":[{"href":"https:\/\/www.baquiana.com\/bookstore\/wp-json\/wp\/v2\/types\/product"}],"replies":[{"embeddable":true,"href":"https:\/\/www.baquiana.com\/bookstore\/wp-json\/wp\/v2\/comments?post=177"}],"wp:featuredmedia":[{"embeddable":true,"href":"https:\/\/www.baquiana.com\/bookstore\/wp-json\/wp\/v2\/media\/542"}],"wp:attachment":[{"href":"https:\/\/www.baquiana.com\/bookstore\/wp-json\/wp\/v2\/media?parent=177"}],"wp:term":[{"taxonomy":"product_cat","embeddable":true,"href":"https:\/\/www.baquiana.com\/bookstore\/wp-json\/wp\/v2\/product_cat?post=177"},{"taxonomy":"product_tag","embeddable":true,"href":"https:\/\/www.baquiana.com\/bookstore\/wp-json\/wp\/v2\/product_tag?post=177"}],"curies":[{"name":"wp","href":"https:\/\/api.w.org\/{rel}","templated":true}]}}