{"id":179,"date":"2016-04-26T03:40:26","date_gmt":"2016-04-26T03:40:26","guid":{"rendered":"http:\/\/www.baquiana.com\/bookstore\/product\/palabras-al-vuelo\/"},"modified":"2020-07-07T17:57:44","modified_gmt":"2020-07-07T21:57:44","slug":"palabras-al-vuelo","status":"publish","type":"product","link":"https:\/\/www.baquiana.com\/bookstore\/product\/palabras-al-vuelo\/","title":{"rendered":"PALABRAS AL VUELO"},"content":{"rendered":"<p style=\"text-align: justify;\"><em>Como poeta, narradora y ensayista, Amelia del Castillo ha escrito muchos libros. Tantos, que ser\u00eda imposible enumerarlos todos. En el m\u00e1s reciente, sin embargo, no encontraremos poemas, ni cuentos ni ensayos. En realidad, <strong>Palabras al vuelo<\/strong> (Baquiana, 2012), es un libro que recoge los numerosos trabajos presentados por ella en congresos nacionales e internacionales y que han sido publicados, a trav\u00e9s de los a\u00f1os, en diferentes revistas literarias. Es un libro que, como la misma Amelia nos dice, \u201cno tiene -ni pretende tener- el rigor de la ensay\u00edstica\u201d. Y a\u00f1ade: \u201cSus p\u00e1ginas, le\u00eddas en tantos y tan distintos lugares, no son m\u00e1s que un atrapar de ideas, un relampagueante indagar en voces y temas fascinantes\u201d<\/em>.<\/p>\n<p style=\"text-align: right;\"><strong>\u201cPalabras al vuelo\u201d, poes\u00eda, exilio y otros temas.<br \/>\n<\/strong><strong>MANUEL C. DIAZ\u00a0\u2013\u00a0ESPECIAL\/EL NUEVO HERALD<\/strong><strong><br \/>\n<\/strong><strong>13 de Mayo de 2012<\/strong><\/p>\n","protected":false},"excerpt":{"rendered":"<p>Como poeta, narradora y ensayista, Amelia del Castillo ha escrito muchos libros. Tantos, que ser\u00eda imposible enumerarlos todos. En el m\u00e1s reciente, sin embargo, no encontraremos poemas, ni cuentos ni ensayos. En realidad, Palabras al vuelo (Baquiana, 2012), es un libro que recoge los numerosos trabajos presentados por ella en congresos nacionales e internacionales y [&hellip;]<\/p>\n","protected":false},"featured_media":544,"comment_status":"open","ping_status":"closed","template":"","meta":[],"product_cat":[33],"product_tag":[],"class_list":{"0":"post-179","1":"product","2":"type-product","3":"status-publish","4":"has-post-thumbnail","6":"book_author-amelia-castillo-martin","7":"product_cat-senderos-de-la-narrativa","8":"entry"},"_links":{"self":[{"href":"https:\/\/www.baquiana.com\/bookstore\/wp-json\/wp\/v2\/product\/179"}],"collection":[{"href":"https:\/\/www.baquiana.com\/bookstore\/wp-json\/wp\/v2\/product"}],"about":[{"href":"https:\/\/www.baquiana.com\/bookstore\/wp-json\/wp\/v2\/types\/product"}],"replies":[{"embeddable":true,"href":"https:\/\/www.baquiana.com\/bookstore\/wp-json\/wp\/v2\/comments?post=179"}],"wp:featuredmedia":[{"embeddable":true,"href":"https:\/\/www.baquiana.com\/bookstore\/wp-json\/wp\/v2\/media\/544"}],"wp:attachment":[{"href":"https:\/\/www.baquiana.com\/bookstore\/wp-json\/wp\/v2\/media?parent=179"}],"wp:term":[{"taxonomy":"product_cat","embeddable":true,"href":"https:\/\/www.baquiana.com\/bookstore\/wp-json\/wp\/v2\/product_cat?post=179"},{"taxonomy":"product_tag","embeddable":true,"href":"https:\/\/www.baquiana.com\/bookstore\/wp-json\/wp\/v2\/product_tag?post=179"}],"curies":[{"name":"wp","href":"https:\/\/api.w.org\/{rel}","templated":true}]}}