{"id":181,"date":"2016-04-26T03:43:35","date_gmt":"2016-04-26T03:43:35","guid":{"rendered":"http:\/\/www.baquiana.com\/bookstore\/product\/historias-del-pais-lapiz\/"},"modified":"2020-07-07T17:58:03","modified_gmt":"2020-07-07T21:58:03","slug":"historias-del-pais-lapiz","status":"publish","type":"product","link":"https:\/\/www.baquiana.com\/bookstore\/product\/historias-del-pais-lapiz\/","title":{"rendered":"HISTORIAS DEL PA\u00cdS L\u00c1PIZ"},"content":{"rendered":"<p style=\"font-weight: 400; text-align: justify;\"><em>El tema que escogi\u00f3 en el libro\u00a0<strong>Historias del pa\u00eds l\u00e1piz (microrrelatos)<\/strong>\u00a0est\u00e1 muy cerca de su coraz\u00f3n, porque el pa\u00eds es el que se ve en el mapa como un l\u00e1piz largo, metido entre las monta\u00f1as de los Andes y el mar del Oc\u00e9ano Pac\u00edfico. Yo lo he viajado de norte a sur en avi\u00f3n, recorriendo esa largura que se aprieta al costado oeste del continente sudamericano: Chile.<\/em><\/p>\n<p style=\"font-weight: 400; text-align: justify;\"><em>\u00a0Y qu\u00e9 bellas son las historias de Patricio. Da un placer casi patri\u00f3tico el leerlas, que recuerdan no solo su nostalgia, sino la de todo aquel que deja su pa\u00eds. Destaca adem\u00e1s la sensibilidad del autor al recorrer una gama de sentimientos encontrados en su relaci\u00f3n con la patria.<\/em><\/p>\n<p style=\"font-weight: 400; text-align: justify;\"><em>En esta colecci\u00f3n de 30 relatos breves aparecen detalles del imaginario chileno, tales como los cuentos titulados:\u00a0<b>El array\u00e1n<\/b>,\u00a0<b>El copihue<\/b>,\u00a0<b>Isla Negra<\/b>,\u00a0<b>La era del Kiwi<\/b>,\u00a0<b>La esmeralda chilena<\/b>,\u00a0<b>La portada de Antofagasta<\/b>\u00a0y\u00a0<b>Rapa-Nui<\/b>.<\/em><\/p>\n<p style=\"text-align: right;\"><strong>Relatos de Chile<br \/>\n<\/strong><strong>OLGA CONNOR &#8211; ESPECIAL\/EL NUEVO HERALD<br \/>\n<\/strong><strong>4 de Junio de 2013<\/strong><\/p>\n","protected":false},"excerpt":{"rendered":"<p>El tema que escogi\u00f3 en el libro\u00a0Historias del pa\u00eds l\u00e1piz (microrrelatos)\u00a0est\u00e1 muy cerca de su coraz\u00f3n, porque el pa\u00eds es el que se ve en el mapa como un l\u00e1piz largo, metido entre las monta\u00f1as de los Andes y el mar del Oc\u00e9ano Pac\u00edfico. Yo lo he viajado de norte a sur en avi\u00f3n, recorriendo [&hellip;]<\/p>\n","protected":false},"featured_media":545,"comment_status":"open","ping_status":"closed","template":"","meta":[],"product_cat":[33],"product_tag":[],"class_list":{"0":"post-181","1":"product","2":"type-product","3":"status-publish","4":"has-post-thumbnail","6":"book_author-patricio-e-palacios","7":"product_cat-senderos-de-la-narrativa","8":"entry"},"_links":{"self":[{"href":"https:\/\/www.baquiana.com\/bookstore\/wp-json\/wp\/v2\/product\/181"}],"collection":[{"href":"https:\/\/www.baquiana.com\/bookstore\/wp-json\/wp\/v2\/product"}],"about":[{"href":"https:\/\/www.baquiana.com\/bookstore\/wp-json\/wp\/v2\/types\/product"}],"replies":[{"embeddable":true,"href":"https:\/\/www.baquiana.com\/bookstore\/wp-json\/wp\/v2\/comments?post=181"}],"wp:featuredmedia":[{"embeddable":true,"href":"https:\/\/www.baquiana.com\/bookstore\/wp-json\/wp\/v2\/media\/545"}],"wp:attachment":[{"href":"https:\/\/www.baquiana.com\/bookstore\/wp-json\/wp\/v2\/media?parent=181"}],"wp:term":[{"taxonomy":"product_cat","embeddable":true,"href":"https:\/\/www.baquiana.com\/bookstore\/wp-json\/wp\/v2\/product_cat?post=181"},{"taxonomy":"product_tag","embeddable":true,"href":"https:\/\/www.baquiana.com\/bookstore\/wp-json\/wp\/v2\/product_tag?post=181"}],"curies":[{"name":"wp","href":"https:\/\/api.w.org\/{rel}","templated":true}]}}