{"id":182,"date":"2016-04-26T03:46:54","date_gmt":"2016-04-26T03:46:54","guid":{"rendered":"http:\/\/www.baquiana.com\/bookstore\/product\/la-virgen-del-malecon\/"},"modified":"2020-07-07T17:58:26","modified_gmt":"2020-07-07T21:58:26","slug":"la-virgen-del-malecon","status":"publish","type":"product","link":"https:\/\/www.baquiana.com\/bookstore\/product\/la-virgen-del-malecon\/","title":{"rendered":"LA VIRGEN DEL MALEC\u00d3N"},"content":{"rendered":"<div class=\"m_-8123313556732850543NormalWeb15\" style=\"text-align: justify;\"><em><span lang=\"ES\">Due\u00f1o de una prosa por momentos exuberante, de gran riqueza evocativa, su elegante estilo no est\u00e1 re\u00f1ido con la descarnada realidad que abordan sus novelas y cuentos. Esa realidad es la cubana: la de la isla y la del exilio, la de la desesperanza y la nostalgia, el fracaso y el extra\u00f1amiento.<br \/>\n<\/span><\/em><\/div>\n<div class=\"m_-8123313556732850543NormalWeb15\" style=\"text-align: justify;\"><em><span lang=\"ES\">\u00a0<\/span><\/em><\/div>\n<div class=\"m_-8123313556732850543NormalWeb15\" style=\"text-align: justify;\"><span lang=\"ES\"><em>Manuel C. D\u00edaz fue encarcelado por intentar abandonar el pa\u00eds en una lancha. Indultado en 1979, se radic\u00f3 en Miami con su familia, donde ha vivido desde entonces. Sus experiencias en la c\u00e1rcel y las vivencias de su ya larga vida, lo convierten en testigo excepcional de muchos de los hechos hist\u00f3ricos en que est\u00e1 inspirada su novela m\u00e1s reciente,\u00a0<span class=\"m_-8123313556732850543italic1\"><b>La Virgen del Malec\u00f3n<\/b><\/span>, que con pr\u00f3logo de Carlos Alberto Montaner publica ahora la Editorial Baquiana.\u00a0<\/em><br \/>\n<\/span><\/div>\n<div class=\"m_-8123313556732850543NormalWeb15\"><span lang=\"ES\">\u00a0<\/span><\/div>\n<div class=\"m_-8123313556732850543NormalWeb15\" style=\"text-align: right;\"><b><span lang=\"ES\">Manuel C. D\u00edaz: De la cr\u00f3nica a la novela<\/span><\/b><\/div>\n<div class=\"m_-8123313556732850543NormalWeb15\" style=\"text-align: right;\"><b><span lang=\"ES\">CARLOS C. PANDIELLO \u2013 ESPECIAL\/EL NUEVO HERALD<\/span><\/b><\/div>\n<div class=\"m_-8123313556732850543NormalWeb15\" style=\"text-align: right;\"><b><span lang=\"ES\">13 de Julio de 2013<\/span><\/b><\/div>\n","protected":false},"excerpt":{"rendered":"<p>Due\u00f1o de una prosa por momentos exuberante, de gran riqueza evocativa, su elegante estilo no est\u00e1 re\u00f1ido con la descarnada realidad que abordan sus novelas y cuentos. Esa realidad es la cubana: la de la isla y la del exilio, la de la desesperanza y la nostalgia, el fracaso y el extra\u00f1amiento. \u00a0 Manuel C. [&hellip;]<\/p>\n","protected":false},"featured_media":546,"comment_status":"open","ping_status":"closed","template":"","meta":[],"product_cat":[33],"product_tag":[],"class_list":{"0":"post-182","1":"product","2":"type-product","3":"status-publish","4":"has-post-thumbnail","6":"book_author-manuel-c-diaz","7":"product_cat-senderos-de-la-narrativa","8":"entry"},"_links":{"self":[{"href":"https:\/\/www.baquiana.com\/bookstore\/wp-json\/wp\/v2\/product\/182"}],"collection":[{"href":"https:\/\/www.baquiana.com\/bookstore\/wp-json\/wp\/v2\/product"}],"about":[{"href":"https:\/\/www.baquiana.com\/bookstore\/wp-json\/wp\/v2\/types\/product"}],"replies":[{"embeddable":true,"href":"https:\/\/www.baquiana.com\/bookstore\/wp-json\/wp\/v2\/comments?post=182"}],"wp:featuredmedia":[{"embeddable":true,"href":"https:\/\/www.baquiana.com\/bookstore\/wp-json\/wp\/v2\/media\/546"}],"wp:attachment":[{"href":"https:\/\/www.baquiana.com\/bookstore\/wp-json\/wp\/v2\/media?parent=182"}],"wp:term":[{"taxonomy":"product_cat","embeddable":true,"href":"https:\/\/www.baquiana.com\/bookstore\/wp-json\/wp\/v2\/product_cat?post=182"},{"taxonomy":"product_tag","embeddable":true,"href":"https:\/\/www.baquiana.com\/bookstore\/wp-json\/wp\/v2\/product_tag?post=182"}],"curies":[{"name":"wp","href":"https:\/\/api.w.org\/{rel}","templated":true}]}}