{"id":189,"date":"2016-04-26T04:00:10","date_gmt":"2016-04-26T04:00:10","guid":{"rendered":"http:\/\/www.baquiana.com\/bookstore\/product\/cronicas-hispanounidenses\/"},"modified":"2020-07-07T18:33:59","modified_gmt":"2020-07-07T22:33:59","slug":"cronicas-hispanounidenses","status":"publish","type":"product","link":"https:\/\/www.baquiana.com\/bookstore\/product\/cronicas-hispanounidenses\/","title":{"rendered":"CR\u00d3NICAS HISPANOUNIDENSES"},"content":{"rendered":"<p style=\"text-align: justify;\"><em>Aunque la lengua espa\u00f1ola se habl\u00f3 antes que el ingl\u00e9s en lo que es hoy Estados Unidos, a\u00f1os atr\u00e1s, en este gran pa\u00eds, especialmente en algunas regiones, escuchar a alguien hablar espa\u00f1ol era algo extra\u00f1o o inaudito; sin embargo, hoy se extiende \u00e9ste, nuestro idioma, por todas sus latitudes. La vigencia que ha cobrado es notoria. El desplazamiento de grupos hispanos, su poder adquisitivo y el avance de la tecnolog\u00eda han estado aportando continuamente a la expansi\u00f3n del idioma junto con la cultura. El hispano en Estados Unidos, paulatinamente, ha ido creando un nicho cultural y ling\u00fc\u00edstico que ha enriquecido en muchos aspectos nuestras vivencias aqu\u00ed. Un ejemplo de esto es la dualidad en la que podemos vivir. Somos de all\u00e1, pero tambi\u00e9n somos de aqu\u00ed. Somos hispanounidenses. Como explica la autora, Maricel Mayor Mars\u00e1n, sobre la palabra hispanounidense, la misma es un neologismo acu\u00f1ado por la Academia Norteamericana de la Lengua Espa\u00f1ola (ANLE) y luego aceptada por la Real Academia de la Lengua Espa\u00f1ola. <strong>Cr\u00f3nicas Hispanounidenses<\/strong> es una muestra m\u00e1s del avance y acervo cultural y literario hisp\u00e1nico en Estados Unidos.<\/em><\/p>\n<p style=\"text-align: right;\"><strong>Myra<\/strong><strong> M. Medina<br \/>\n<\/strong><strong>Huffington Post \u2013 Latino Voices<br \/>\n<\/strong><strong>11 de Enero de 2016<\/strong><\/p>\n","protected":false},"excerpt":{"rendered":"<p>Aunque la lengua espa\u00f1ola se habl\u00f3 antes que el ingl\u00e9s en lo que es hoy Estados Unidos, a\u00f1os atr\u00e1s, en este gran pa\u00eds, especialmente en algunas regiones, escuchar a alguien hablar espa\u00f1ol era algo extra\u00f1o o inaudito; sin embargo, hoy se extiende \u00e9ste, nuestro idioma, por todas sus latitudes. La vigencia que ha cobrado es [&hellip;]<\/p>\n","protected":false},"featured_media":563,"comment_status":"open","ping_status":"closed","template":"","meta":[],"product_cat":[33],"product_tag":[],"class_list":{"0":"post-189","1":"product","2":"type-product","3":"status-publish","4":"has-post-thumbnail","6":"book_author-maricel-mayor-marsan","7":"product_cat-senderos-de-la-narrativa","8":"entry"},"_links":{"self":[{"href":"https:\/\/www.baquiana.com\/bookstore\/wp-json\/wp\/v2\/product\/189"}],"collection":[{"href":"https:\/\/www.baquiana.com\/bookstore\/wp-json\/wp\/v2\/product"}],"about":[{"href":"https:\/\/www.baquiana.com\/bookstore\/wp-json\/wp\/v2\/types\/product"}],"replies":[{"embeddable":true,"href":"https:\/\/www.baquiana.com\/bookstore\/wp-json\/wp\/v2\/comments?post=189"}],"wp:featuredmedia":[{"embeddable":true,"href":"https:\/\/www.baquiana.com\/bookstore\/wp-json\/wp\/v2\/media\/563"}],"wp:attachment":[{"href":"https:\/\/www.baquiana.com\/bookstore\/wp-json\/wp\/v2\/media?parent=189"}],"wp:term":[{"taxonomy":"product_cat","embeddable":true,"href":"https:\/\/www.baquiana.com\/bookstore\/wp-json\/wp\/v2\/product_cat?post=189"},{"taxonomy":"product_tag","embeddable":true,"href":"https:\/\/www.baquiana.com\/bookstore\/wp-json\/wp\/v2\/product_tag?post=189"}],"curies":[{"name":"wp","href":"https:\/\/api.w.org\/{rel}","templated":true}]}}