{"id":192,"date":"2016-04-26T04:05:33","date_gmt":"2016-04-26T04:05:33","guid":{"rendered":"http:\/\/www.baquiana.com\/bookstore\/product\/gravitaciones-teatrales\/"},"modified":"2021-10-11T22:48:18","modified_gmt":"2021-10-12T02:48:18","slug":"gravitaciones-teatrales","status":"publish","type":"product","link":"https:\/\/www.baquiana.com\/bookstore\/product\/gravitaciones-teatrales\/","title":{"rendered":"GRAVITACIONES TEATRALES"},"content":{"rendered":"<p style=\"font-weight: 400; text-align: justify;\">Esta primera muestra de seis piezas breves o en un acto de Maricel Mayor Mars\u00e1n [MMM], nacida en Santiago de Cuba en 1952 y residente actualmente en Miami, Florida, nos presenta a la autora manejando tres t\u00e9cnicas diferentes en la propuesta esc\u00e9nica de sus temas: la primera t\u00e9cnica se nutre del teatro del absurdo (\u201cAn\u00e1lisis de madurez\u201d); la segunda, del auto medieval pero no por su religiosidad sino por su sentido claramente did\u00e1ctico o moralizante y el car\u00e1cter aleg\u00f3rico de sus personajes y sus f\u00e1bulas (\u201cEl plan de las aguas\u201d y \u201cLa roca\u201d); mientras que la tercera t\u00e9cnica se corresponde con lo que Bertold Brecht defini\u00f3 como \u201crealismo sint\u00e9tico\u201d (\u201cLazos que atan\u2026\u201d y los mon\u00f3logos \u201cLas\u00a0\u00a0muchachas decentes\u2026\u201d y \u201cTestimonio de mis d\u00edas\u201d). Curiosamente las tres t\u00e9cnicas dram\u00e1ticas empleadas por MMM guardan coherencia con el tema.<\/p>\n<p style=\"font-weight: 400; text-align: justify;\">Estas seis piezas breves, de t\u00e9cnicas abstractas unas y realistas otras, se caracterizan, adem\u00e1s, por un despojamiento esc\u00e9nico y una concentraci\u00f3n en el discurso verbal y corporal que las hacen muy factibles de ser representadas esc\u00e9nicamente por grupos de escasos recursos materiales, que no de talento creativo. El accesible y sint\u00e9tico lenguaje de las piezas, as\u00ed como la brevedad de las mismas, permiten incluso promover entre los diferentes p\u00fablicos antes mencionados, despu\u00e9s de cada representaci\u00f3n, el debate sobre temas de fuerte \u201cgravitaci\u00f3n\u201d actual sobre la sociedad y los individuos. De ah\u00ed el t\u00edtulo general del libro: sea cual fuere la t\u00e9cnica empleada, el teatro de\u00a0MMM\u00a0no oculta su imantaci\u00f3n en la realidad social contempor\u00e1nea, sino que constituye un alerta que enfrenta cr\u00edticamente al individuo, tanto en forma de personaje como en forma de lector\/espectador, con su \u201ccotidianeidad\u201d, sin imponerle respuestas, seg\u00fan afirma Humberto L\u00f3pez Cruz.<\/p>\n<p style=\"font-weight: 400; text-align: right;\"><strong><em>Gravitaciones teatrales<\/em><\/strong><strong>\u00a0(Miami: Baquiana, 2002), de Maricel Mayor Mars\u00e1n.<br \/>\n<\/strong><strong>por Jes\u00fas J. Barquet<br \/>\n<\/strong><strong>Revista ALHUCEMA<br \/>\n<\/strong><strong>Granada, Espa\u00f1a<br \/>\n<\/strong><strong>Enero a Junio de 2007<\/strong><\/p>\n","protected":false},"excerpt":{"rendered":"<p>Esta primera muestra de seis piezas breves o en un acto de Maricel Mayor Mars\u00e1n [MMM], nacida en Santiago de Cuba en 1952 y residente actualmente en Miami, Florida, nos presenta a la autora manejando tres t\u00e9cnicas diferentes en la propuesta esc\u00e9nica de sus temas: la primera t\u00e9cnica se nutre del teatro del absurdo (\u201cAn\u00e1lisis [&hellip;]<\/p>\n","protected":false},"featured_media":553,"comment_status":"open","ping_status":"closed","template":"","meta":[],"product_cat":[48],"product_tag":[],"class_list":{"0":"post-192","1":"product","2":"type-product","3":"status-publish","4":"has-post-thumbnail","6":"book_author-maricel-mayor-marsan","7":"product_cat-rumbos-terencianos","8":"entry"},"_links":{"self":[{"href":"https:\/\/www.baquiana.com\/bookstore\/wp-json\/wp\/v2\/product\/192"}],"collection":[{"href":"https:\/\/www.baquiana.com\/bookstore\/wp-json\/wp\/v2\/product"}],"about":[{"href":"https:\/\/www.baquiana.com\/bookstore\/wp-json\/wp\/v2\/types\/product"}],"replies":[{"embeddable":true,"href":"https:\/\/www.baquiana.com\/bookstore\/wp-json\/wp\/v2\/comments?post=192"}],"wp:featuredmedia":[{"embeddable":true,"href":"https:\/\/www.baquiana.com\/bookstore\/wp-json\/wp\/v2\/media\/553"}],"wp:attachment":[{"href":"https:\/\/www.baquiana.com\/bookstore\/wp-json\/wp\/v2\/media?parent=192"}],"wp:term":[{"taxonomy":"product_cat","embeddable":true,"href":"https:\/\/www.baquiana.com\/bookstore\/wp-json\/wp\/v2\/product_cat?post=192"},{"taxonomy":"product_tag","embeddable":true,"href":"https:\/\/www.baquiana.com\/bookstore\/wp-json\/wp\/v2\/product_tag?post=192"}],"curies":[{"name":"wp","href":"https:\/\/api.w.org\/{rel}","templated":true}]}}