{"id":195,"date":"2016-04-26T04:19:44","date_gmt":"2016-04-26T04:19:44","guid":{"rendered":"http:\/\/www.baquiana.com\/bookstore\/product\/desde-las-dos-orillas\/"},"modified":"2021-10-11T22:14:15","modified_gmt":"2021-10-12T02:14:15","slug":"desde-las-dos-orillas","status":"publish","type":"product","link":"https:\/\/www.baquiana.com\/bookstore\/product\/desde-las-dos-orillas\/","title":{"rendered":"DESDE LAS DOS ORILLAS"},"content":{"rendered":"<p style=\"text-align: justify;\">Seg\u00fan el autor, los elementos comunes a estas piezas son Cuba, la mujer, los cubanos de esta orilla y los que permanecen en la isla. De ah\u00ed que en <em>Lina, esplendor y decadencia de una estrella <\/em>rinda tributo a las grandes actrices cubanas de todos los tiempos y las que &#8220;por determinadas razones quedaron atrapadas en las redes de un r\u00e9gimen que no les permiti\u00f3 alcanzar el \u00e9xito que merec\u00edan&#8221;.<\/p>\n<p style=\"text-align: justify;\">En el caso de <em>Amparo y Clementina <\/em>se trata de un complejo juego esc\u00e9nico entre dos emigrantes que contrasta con la jocosidad de <em>El regreso de la condesa<\/em>, comedia donde se aborda el reencuentro con la patria.<\/p>\n<p style=\"text-align: right;\"><strong>MARCOS MIRANDA PRESENTA &#8216;DESDE LAS DOS ORILLAS&#8217;<br \/>\n<\/strong><strong>por Arturo Arias-Polo<br \/>\n<\/strong><strong>El Nuevo Herald (Revista Aplausos)<br \/>\n<\/strong><strong>6 de Noviembre de 2008<\/strong><\/p>\n","protected":false},"excerpt":{"rendered":"<p>Seg\u00fan el autor, los elementos comunes a estas piezas son Cuba, la mujer, los cubanos de esta orilla y los que permanecen en la isla. De ah\u00ed que en Lina, esplendor y decadencia de una estrella rinda tributo a las grandes actrices cubanas de todos los tiempos y las que &#8220;por determinadas razones quedaron atrapadas [&hellip;]<\/p>\n","protected":false},"featured_media":564,"comment_status":"open","ping_status":"closed","template":"","meta":[],"product_cat":[48],"product_tag":[],"class_list":{"0":"post-195","1":"product","2":"type-product","3":"status-publish","4":"has-post-thumbnail","6":"book_author-marcos-miranda","7":"product_cat-rumbos-terencianos","8":"entry"},"_links":{"self":[{"href":"https:\/\/www.baquiana.com\/bookstore\/wp-json\/wp\/v2\/product\/195"}],"collection":[{"href":"https:\/\/www.baquiana.com\/bookstore\/wp-json\/wp\/v2\/product"}],"about":[{"href":"https:\/\/www.baquiana.com\/bookstore\/wp-json\/wp\/v2\/types\/product"}],"replies":[{"embeddable":true,"href":"https:\/\/www.baquiana.com\/bookstore\/wp-json\/wp\/v2\/comments?post=195"}],"wp:featuredmedia":[{"embeddable":true,"href":"https:\/\/www.baquiana.com\/bookstore\/wp-json\/wp\/v2\/media\/564"}],"wp:attachment":[{"href":"https:\/\/www.baquiana.com\/bookstore\/wp-json\/wp\/v2\/media?parent=195"}],"wp:term":[{"taxonomy":"product_cat","embeddable":true,"href":"https:\/\/www.baquiana.com\/bookstore\/wp-json\/wp\/v2\/product_cat?post=195"},{"taxonomy":"product_tag","embeddable":true,"href":"https:\/\/www.baquiana.com\/bookstore\/wp-json\/wp\/v2\/product_tag?post=195"}],"curies":[{"name":"wp","href":"https:\/\/api.w.org\/{rel}","templated":true}]}}