{"id":196,"date":"2016-04-26T04:22:32","date_gmt":"2016-04-26T04:22:32","guid":{"rendered":"http:\/\/www.baquiana.com\/bookstore\/product\/trilogia-de-teatro-breve\/"},"modified":"2021-10-11T22:40:16","modified_gmt":"2021-10-12T02:40:16","slug":"trilogia-de-teatro-breve","status":"publish","type":"product","link":"https:\/\/www.baquiana.com\/bookstore\/product\/trilogia-de-teatro-breve\/","title":{"rendered":"TRILOG\u00cdA DE TEATRO BREVE"},"content":{"rendered":"<p style=\"font-weight: 400; text-align: justify;\">Hay que destacar en la dramaturgia de Maricel Mayor Mars\u00e1n varios aspectos:<\/p>\n<p style=\"font-weight: 400;\"><strong>* El poder de s\u00edntesis en la estructura de sus obras.<br \/>\n<\/strong><strong>* La simplicidad y frescura en los di\u00e1logos.<br \/>\n<\/strong><strong>* La actualidad en la tem\u00e1tica que aborda.<br \/>\n<\/strong><strong>* La brevedad pedag\u00f3gica de sus obras.<br \/>\n<\/strong><strong>* La sencillez de la puesta en escena que sugiere.<\/strong><\/p>\n<p style=\"font-weight: 400; text-align: justify;\">En realidad despu\u00e9s de hacer este ejercicio no sabr\u00eda, (si tuviera la posibilidad de dirigir alguna obra de este Teatro Breve) por cual decidirme.<\/p>\n<p style=\"font-weight: 400;\"><strong>\u201cAbstinencias\u201d<\/strong>\u00a0es un reto imaginativo para un director.<br \/>\n<strong>\u201cFalso positivo\u201d<\/strong>\u00a0es la esencia misma de la vida en familia.<br \/>\n<strong>\u201cLa marcha\u201d<\/strong>\u00a0es la tragedia del d\u00eda a d\u00eda de millones de indocumentados.<\/p>\n<p style=\"font-weight: 400; text-align: justify;\">Todas marcan un antes y un despu\u00e9s al leerlas. Cuando se \u201clevanten\u201d en un escenario, mover\u00e1n al p\u00fablico a la reflexi\u00f3n y al an\u00e1lisis.<\/p>\n<p style=\"font-weight: 400; text-align: justify;\">Que mayor premio para todos los que intervienen en una puesta en escena, pero en primer lugar para el escritor, porque sin su talento, imaginaci\u00f3n y sensibilidad no hay obra, ni personajes, ni magia, ni existir\u00eda ese espacio maravilloso donde la realidad y la fantas\u00eda se entrelazan para dar paso al arte, gracias precisamente al autor.<\/p>\n<p style=\"font-weight: 400; text-align: right;\"><strong><em>Trilog\u00eda de teatro breve,\u00a0<\/em><\/strong><strong>de Maricel Mayor Mars\u00e1n<br \/>\n<\/strong><strong>por Marcos Miranda<br \/>\n<\/strong><strong>Dante Fascell Conference Center<br \/>\n<\/strong><strong>Miami Dade College \u2013 Kendall Campus<br \/>\n<\/strong><strong>12 de abril de 2012<\/strong><\/p>\n","protected":false},"excerpt":{"rendered":"<p>Hay que destacar en la dramaturgia de Maricel Mayor Mars\u00e1n varios aspectos: * El poder de s\u00edntesis en la estructura de sus obras. * La simplicidad y frescura en los di\u00e1logos. * La actualidad en la tem\u00e1tica que aborda. * La brevedad pedag\u00f3gica de sus obras. * La sencillez de la puesta en escena que [&hellip;]<\/p>\n","protected":false},"featured_media":556,"comment_status":"open","ping_status":"closed","template":"","meta":[],"product_cat":[48],"product_tag":[],"class_list":{"0":"post-196","1":"product","2":"type-product","3":"status-publish","4":"has-post-thumbnail","6":"book_author-maricel-mayor-marsan","7":"product_cat-rumbos-terencianos","8":"entry"},"_links":{"self":[{"href":"https:\/\/www.baquiana.com\/bookstore\/wp-json\/wp\/v2\/product\/196"}],"collection":[{"href":"https:\/\/www.baquiana.com\/bookstore\/wp-json\/wp\/v2\/product"}],"about":[{"href":"https:\/\/www.baquiana.com\/bookstore\/wp-json\/wp\/v2\/types\/product"}],"replies":[{"embeddable":true,"href":"https:\/\/www.baquiana.com\/bookstore\/wp-json\/wp\/v2\/comments?post=196"}],"wp:featuredmedia":[{"embeddable":true,"href":"https:\/\/www.baquiana.com\/bookstore\/wp-json\/wp\/v2\/media\/556"}],"wp:attachment":[{"href":"https:\/\/www.baquiana.com\/bookstore\/wp-json\/wp\/v2\/media?parent=196"}],"wp:term":[{"taxonomy":"product_cat","embeddable":true,"href":"https:\/\/www.baquiana.com\/bookstore\/wp-json\/wp\/v2\/product_cat?post=196"},{"taxonomy":"product_tag","embeddable":true,"href":"https:\/\/www.baquiana.com\/bookstore\/wp-json\/wp\/v2\/product_tag?post=196"}],"curies":[{"name":"wp","href":"https:\/\/api.w.org\/{rel}","templated":true}]}}