{"id":197,"date":"2016-04-26T04:28:10","date_gmt":"2016-04-26T04:28:10","guid":{"rendered":"http:\/\/www.baquiana.com\/bookstore\/product\/las-tocayas\/"},"modified":"2020-07-07T18:18:57","modified_gmt":"2020-07-07T22:18:57","slug":"las-tocayas","status":"publish","type":"product","link":"https:\/\/www.baquiana.com\/bookstore\/product\/las-tocayas\/","title":{"rendered":"LAS TOCAYAS"},"content":{"rendered":"<p style=\"font-weight: 400; text-align: justify;\">\u201cEsta historia, escrita en forma ligera, es el delicioso recuento de la enemistad \/ amistad de dos Manuelas\u2026 Son dos mujeres que tienen el mismo nombre pero or\u00edgenes y criterios diferentes. Es una f\u00e1bula para reflexionar sobre las relaciones humanas y la amistad, m\u00e1s all\u00e1 de las ideolog\u00edas, y con un toque de humor.\u201d<\/p>\n<p style=\"font-weight: 400; text-align: right;\"><strong>\u2018Las tocayas\u2019, un viaje nost\u00e1lgico a la Cuba de 1962<\/strong><br \/>\n<strong>por Elena Iglesias<br \/>\nEl Nuevo Herald<br \/>\n21 de agosto de 2013<\/strong><\/p>\n<p style=\"font-weight: 400;\"><strong>\u00a0<\/strong><\/p>\n<p style=\"font-weight: 400; text-align: justify;\">\u201cCon\u00a0<em>Las tocayas,\u00a0<\/em>Maricel Mayor Mars\u00e1n ampl\u00eda las posibilidades del discurso de\u00a0\u00a0la mujer, y lo que es m\u00e1s, del discurso hist\u00f3rico cubano, en un intercambio de puntos de vista donde las tocayas apuntan hacia un mejor entendimiento.\u201d<\/p>\n<p style=\"font-weight: 400; text-align: right;\"><strong>Maricel Mayor Mars\u00e1n.<em>\u00a0Las tocayas<\/em><br \/>\npor Mat\u00edas Montes Huidobro<br \/>\nLinden Lane Magazine<br \/>\nInvierno de 2013<\/strong><\/p>\n","protected":false},"excerpt":{"rendered":"<p>\u201cEsta historia, escrita en forma ligera, es el delicioso recuento de la enemistad \/ amistad de dos Manuelas\u2026 Son dos mujeres que tienen el mismo nombre pero or\u00edgenes y criterios diferentes. Es una f\u00e1bula para reflexionar sobre las relaciones humanas y la amistad, m\u00e1s all\u00e1 de las ideolog\u00edas, y con un toque de humor.\u201d \u2018Las [&hellip;]<\/p>\n","protected":false},"featured_media":557,"comment_status":"open","ping_status":"closed","template":"","meta":[],"product_cat":[48],"product_tag":[],"class_list":{"0":"post-197","1":"product","2":"type-product","3":"status-publish","4":"has-post-thumbnail","6":"book_author-maricel-mayor-marsan","7":"product_cat-rumbos-terencianos","8":"entry"},"_links":{"self":[{"href":"https:\/\/www.baquiana.com\/bookstore\/wp-json\/wp\/v2\/product\/197"}],"collection":[{"href":"https:\/\/www.baquiana.com\/bookstore\/wp-json\/wp\/v2\/product"}],"about":[{"href":"https:\/\/www.baquiana.com\/bookstore\/wp-json\/wp\/v2\/types\/product"}],"replies":[{"embeddable":true,"href":"https:\/\/www.baquiana.com\/bookstore\/wp-json\/wp\/v2\/comments?post=197"}],"wp:featuredmedia":[{"embeddable":true,"href":"https:\/\/www.baquiana.com\/bookstore\/wp-json\/wp\/v2\/media\/557"}],"wp:attachment":[{"href":"https:\/\/www.baquiana.com\/bookstore\/wp-json\/wp\/v2\/media?parent=197"}],"wp:term":[{"taxonomy":"product_cat","embeddable":true,"href":"https:\/\/www.baquiana.com\/bookstore\/wp-json\/wp\/v2\/product_cat?post=197"},{"taxonomy":"product_tag","embeddable":true,"href":"https:\/\/www.baquiana.com\/bookstore\/wp-json\/wp\/v2\/product_tag?post=197"}],"curies":[{"name":"wp","href":"https:\/\/api.w.org\/{rel}","templated":true}]}}