{"id":223,"date":"2016-06-20T22:11:50","date_gmt":"2016-06-21T02:11:50","guid":{"rendered":"http:\/\/www.baquiana.com\/bookstore\/product\/teatro-todos-los-caminos-nube-de-verano-la-mejor-solucion\/"},"modified":"2020-07-07T18:19:14","modified_gmt":"2020-07-07T22:19:14","slug":"teatro-todos-los-caminos-nube-de-verano-la-mejor-solucion","status":"publish","type":"product","link":"https:\/\/www.baquiana.com\/bookstore\/product\/teatro-todos-los-caminos-nube-de-verano-la-mejor-solucion\/","title":{"rendered":"Teatro (Todos los caminos | Nube de verano | La mejor soluci\u00f3n)"},"content":{"rendered":"<p style=\"text-align: justify;\">Estas obras son una forma de teatro basado en la observaci\u00f3n de la conducta de los seres humanos cuando no son conscientes de c\u00f3mo se comportan, algo que se expresa en di\u00e1logos irracionales y espont\u00e1neos de los que resulta un absurdo a veces humor\u00edstico, a veces tr\u00e1gico y angustioso, pero siempre inteligente.<\/p>\n<p style=\"text-align: right;\"><strong>Nota de Prensa<\/strong><br \/>\n<strong><em>Ediciones Baquiana<\/em><\/strong><\/p>\n","protected":false},"excerpt":{"rendered":"<p>Estas obras son una forma de teatro basado en la observaci\u00f3n de la conducta de los seres humanos cuando no son conscientes de c\u00f3mo se comportan, algo que se expresa en di\u00e1logos irracionales y espont\u00e1neos de los que resulta un absurdo a veces humor\u00edstico, a veces tr\u00e1gico y angustioso, pero siempre inteligente. Nota de Prensa [&hellip;]<\/p>\n","protected":false},"featured_media":558,"comment_status":"open","ping_status":"closed","template":"","meta":[],"product_cat":[48],"product_tag":[],"class_list":{"0":"post-223","1":"product","2":"type-product","3":"status-publish","4":"has-post-thumbnail","6":"book_author-guillermo-arango","7":"product_cat-rumbos-terencianos","8":"entry"},"_links":{"self":[{"href":"https:\/\/www.baquiana.com\/bookstore\/wp-json\/wp\/v2\/product\/223"}],"collection":[{"href":"https:\/\/www.baquiana.com\/bookstore\/wp-json\/wp\/v2\/product"}],"about":[{"href":"https:\/\/www.baquiana.com\/bookstore\/wp-json\/wp\/v2\/types\/product"}],"replies":[{"embeddable":true,"href":"https:\/\/www.baquiana.com\/bookstore\/wp-json\/wp\/v2\/comments?post=223"}],"wp:featuredmedia":[{"embeddable":true,"href":"https:\/\/www.baquiana.com\/bookstore\/wp-json\/wp\/v2\/media\/558"}],"wp:attachment":[{"href":"https:\/\/www.baquiana.com\/bookstore\/wp-json\/wp\/v2\/media?parent=223"}],"wp:term":[{"taxonomy":"product_cat","embeddable":true,"href":"https:\/\/www.baquiana.com\/bookstore\/wp-json\/wp\/v2\/product_cat?post=223"},{"taxonomy":"product_tag","embeddable":true,"href":"https:\/\/www.baquiana.com\/bookstore\/wp-json\/wp\/v2\/product_tag?post=223"}],"curies":[{"name":"wp","href":"https:\/\/api.w.org\/{rel}","templated":true}]}}