{"id":265,"date":"2016-11-15T00:01:54","date_gmt":"2016-11-15T05:01:54","guid":{"rendered":"http:\/\/www.baquiana.com\/bookstore\/product\/revista-literaria-baquiana-anuario-xvii-2015-2016\/"},"modified":"2025-04-28T13:12:26","modified_gmt":"2025-04-28T17:12:26","slug":"revista-literaria-baquiana-anuario-xvii-2015-2016","status":"publish","type":"product","link":"https:\/\/www.baquiana.com\/bookstore\/product\/revista-literaria-baquiana-anuario-xvii-2015-2016\/","title":{"rendered":"REVISTA LITERARIA BAQUIANA &#8211; ANUARIO XVII (2016)"},"content":{"rendered":"<h1>\u00cdndice<\/h1>\n<h3>Poes\u00eda<\/h3>\n<p><strong>\u00a7 As\u00fan Blanco \/ 19<\/strong><br \/>\n<strong>\u00a7 Leo Castillo \/ 20<\/strong><br \/>\n<strong>\u00a7 Tina Escaja \/ 21<\/strong><br \/>\n<strong>\u00a7 Emily R. Frankenberg \/ 22<\/strong><br \/>\n<strong>\u00a7 Alexis G\u00f3mez Rosa \/ 23<\/strong><br \/>\n<strong>\u00a7 Virgilio Gonz\u00e1lez \/ 24<\/strong><br \/>\n<strong>\u00a7 Washington Daniel Gorosito P\u00e9rez \/ 25<\/strong><br \/>\n<strong>\u00a7 Alex Lima \/ 26<\/strong><br \/>\n<strong>\u00a7 Jorge Diego Mej\u00eda Cort\u00e9s \/ 27<\/strong><br \/>\n<strong>\u00a7 Eugenia Mu\u00f1oz Molano \/ 28<\/strong><br \/>\n<strong>\u00a7 Gladys On \/ 29<\/strong><br \/>\n<strong>\u00a7 Jos\u00e9 Siles Gonz\u00e1lez \/ 30<\/strong><\/p>\n<p>&nbsp;<\/p>\n<h3>Rese\u00f1a<\/h3>\n<p><strong>\u00a7 <em>LA APUESTA<\/em> (XXX PREMIO INTERNACIONAL DE POES\u00cdA BARCAROLA), DE DIONISIA GARC\u00cdA<\/strong><br \/>\npor Jes\u00fas C\u00e1novas Mart\u00ednez \/ <strong>33<\/strong><\/p>\n<p><strong>\u00a7 <em>LOS ACAD\u00c9MICOS CUENTAN<\/em> (ANTOLOG\u00cdA DE RELATOS), DE GERARDO PI\u00d1A ROSALES (Ed.)<\/strong><br \/>\npor Waldo Gonz\u00e1lez L\u00f3pez \/ <strong>41<\/strong><\/p>\n<p><strong>\u00a7 PRECISIONES SOBRE EL POEMARIO <em>MIAMI (POEMAS DE LA CIUDAD \u2013 POEMS OF THE CITY)<\/em>, DE MARICEL MAYOR MARS\u00c1N<\/strong><br \/>\npor Ileana Llapur Ferr\u00e1n \/ <strong>51<\/strong><\/p>\n<p><strong>\u00a7 <em>TRAZO ESTOS SIGNOS EN LA ARENA<\/em>, DE WALDO GONZ\u00c1LEZ L\u00d3PEZ (LA ANDADURA DE UN POETA EN TIERRAS NORTEAMERICANAS)<\/strong><br \/>\npor Maricel Mayor Mars\u00e1n \/ <strong>55<\/strong><\/p>\n<p><strong>\u00a7 <em>WHO AM I BUTTERFLY? \/ \u00bfQUI\u00c9N SOY YO, MARIPOSA?<\/em>, DE ELENA IGLESIAS<\/strong><br \/>\npor Maricel Mayor Mars\u00e1n \/ <strong>59<\/strong><\/p>\n<p><strong>\u00a7 <em>DE C\u00c1DIZ A NORMAND\u00cdA (CR\u00d3NICAS DE VIAJE)<\/em>, DE MANUEL C. D\u00cdAZ<\/strong><br \/>\npor Patricio E. Palacios \/ <strong>63<\/strong><\/p>\n<p><strong>\u00a7 <em>EL QUINTO CAMINO<\/em>, DE JES\u00daS C\u00c1NOVAS MART\u00cdNEZ<\/strong><br \/>\npor Mariano Valverde Ruiz \/ <strong>67<\/strong><\/p>\n<p><strong>\u00a7 VALORACIONES SOBRE <em>\u201cLA NARRATIVA CUBANA DESPU\u00c9S DEL PER\u00cdODO ESPECIAL\u201d,\u00a0<\/em>DE ESTHER WHITFIELD<\/strong><br \/>\npor Lidia A. Vers\u00f3n \/ <strong>69<\/strong><\/p>\n<p><strong>\u00a7 <em>EL MANIPULADOR<\/em>, DE DAVID UNGER<\/strong><br \/>\npor Mar\u00eda Juliana Villafa\u00f1e \/ <strong>77<\/strong><\/p>\n<p>&nbsp;<\/p>\n<h3>Cuento<\/h3>\n<p><strong>\u00a7 ANIMAL ASTUTO<\/strong><br \/>\npor Daniela G. Armijo \/ <strong>83<\/strong><\/p>\n<p><strong>\u00a7 LOS OJOS DE OLOR\u00daN<\/strong><br \/>\npor Mercedes Cort\u00e1zar \/ <strong>89<\/strong><\/p>\n<p><strong>\u00a7 LA RISA<\/strong><br \/>\npor Javier Mar\u00eda Goizueta Velasco \/ <strong>93<\/strong><\/p>\n<p><strong>\u00a7 LA NIEVE SIEMPRE CAE LENTA<\/strong><br \/>\npor Jos\u00e9 Manuel Prado Ant\u00fanez \/ <strong>99<\/strong><\/p>\n<p><strong>\u00a7 EL CORAZ\u00d3N NUNCA ENVEJECE<\/strong><br \/>\npor \u00c1ngela Reyes \/ <strong>103<\/strong><\/p>\n<p><strong>\u00a7 EL HOMBRE BALA<\/strong><br \/>\npor Miguel \u00c1ngel Sim\u00f3n G\u00f3mez \/ <strong>107<\/strong><\/p>\n<p>&nbsp;<\/p>\n<h3>Ensayo<\/h3>\n<p><strong>\u00a7 CLARA LAIR Y DULCE MAR\u00cdA LOYNAZ, AL R\u00cdTMO DEL AGUA Y EL SILENCIO<\/strong><br \/>\npor Ceida Fern\u00e1ndez Figueroa \/ <strong>113<\/strong><\/p>\n<p><strong>\u00a7 LA REVERBERACI\u00d3N DE IM\u00c1GENES HABANERAS EN <em>LOS DIARIOS AP\u00d3CRIFOS DE ANA\u00cdS NIN<\/em> CREADOS POR WENDY GUERRA<\/strong><br \/>\npor Mar\u00eda del Mar L\u00f3pez Cabrales \/ <strong>129<\/strong><\/p>\n<p><strong>\u00a7 LOS PACIENTES Y SUS OCURRENCIAS SEG\u00daN TESTIMONIOS DE SU M\u00c9DICO EN <em>CR\u00d3NICAS DE ACCIONES CURIOSAS DE LOS ENFERMOS<\/em> DE PEDRO MENDOZA.<\/strong><br \/>\npor Manuel A. Ossers \/ <strong>141<\/strong><\/p>\n<p><strong>\u00a7 EXOTISMO EUROPEIZANTE Y GEOGRAF\u00cdAS SIMB\u00d3LICAS DEL CARIBE EN <em>EL SIGLO DE LAS LUCES<\/em> DE ALEJO CARPENTIER.<\/strong><br \/>\npor Kevin Sede\u00f1o Guill\u00e9n \/ <strong>151<\/strong><\/p>\n<p>&nbsp;<\/p>\n<h3>Entrevista<\/h3>\n<p><strong>\u00a7 ENTREVISTA CON ALMA FLOR ADA (UNA VIDA DEDICADA A LA HISPANIDAD EN LOS ESTADOS UNIDOS)<\/strong><br \/>\npor Maricel Mayor Mars\u00e1n \/ <strong>163<\/strong><\/p>\n<p><strong>\u00a7 ENTREVISTA CON ISABEL CAMPOY (DE VALENCIA AL MUNDO DE LAS LETRAS INFANTILES)<\/strong><br \/>\npor Maricel Mayor Mars\u00e1n \/ <strong>183<\/strong><\/p>\n<p><strong>\u00a7 CONVERSANDO CON EL FOT\u00d3GRAFO WILLIAM RIERA, UN ARTISTA DEL LENTE Y UN FIEL TESTIGO DOCUMENTAL DE SU \u00c9POCA<\/strong><br \/>\npor Maricel Mayor Mars\u00e1n \/ <strong>195<\/strong><\/p>\n<p>&nbsp;<\/p>\n<h3>Narrativa<\/h3>\n<p><strong>\u00a7 EL HUESPED<\/strong><br \/>\npor Asley Leyva M\u00e1rmol \/ <strong>209<\/strong><\/p>\n<p><strong>\u00a7 LA \u00daLTIMA NOVELA<\/strong><br \/>\npor Francisco Mart\u00ednez Hoyos \/ <strong>215<\/strong><\/p>\n<p><strong>\u00a7 JUICIO FINAL<\/strong><br \/>\npor Xiomary Urb\u00e1ez \/ <strong>221<\/strong><\/p>\n<p>&nbsp;<\/p>\n<h3>Opiniones<\/h3>\n<p><strong>\u00a7 EL CISNE Y EL B\u00daHO DE ENRIQUE GONZ\u00c1LEZ MART\u00cdNEZ<\/strong><br \/>\npor Guillermo Arango \/ <strong>235<\/strong><\/p>\n<p><strong>\u00a7 BORGES Y EL ARQUETIPO DEL DESTINO<\/strong><br \/>\npor Baltasar Fern\u00e1ndez Ram\u00edrez \/ <strong>241<\/strong><\/p>\n<p><strong>\u00a7 LA D\u00c9CIMA DE RAFAELA CHAC\u00d3N NARDI<\/strong><br \/>\npor Mayra Hern\u00e1ndez Men\u00e9ndez \/ <strong>257<\/strong><\/p>\n<p><strong>\u00a7 LOS AGUAFUERTES Y AGUATINTAS DE GEORGE BODMER<\/strong><br \/>\npor Ana Osan \/ <strong>275<\/strong><\/p>\n<p>&nbsp;<\/p>\n<h3>Teatro<\/h3>\n<p><strong>\u00a7 ENCUENTRO<\/strong><br \/>\npor Guillermo Arango \/ <strong>283<\/strong><\/p>\n<p><strong>\u00a7 MILICIANO<\/strong><br \/>\npor Joaqu\u00edn Blanes \/ <strong>289<\/strong><\/p>\n","protected":false},"excerpt":{"rendered":"<p>\u00cdndice Poes\u00eda \u00a7 As\u00fan Blanco \/ 19 \u00a7 Leo Castillo \/ 20 \u00a7 Tina Escaja \/ 21 \u00a7 Emily R. Frankenberg \/ 22 \u00a7 Alexis G\u00f3mez Rosa \/ 23 \u00a7 Virgilio Gonz\u00e1lez \/ 24 \u00a7 Washington Daniel Gorosito P\u00e9rez \/ 25 \u00a7 Alex Lima \/ 26 \u00a7 Jorge Diego Mej\u00eda Cort\u00e9s \/ 27 \u00a7 Eugenia [&hellip;]<\/p>\n","protected":false},"featured_media":459,"comment_status":"closed","ping_status":"closed","template":"","meta":[],"product_cat":[10],"product_tag":[],"class_list":{"0":"post-265","1":"product","2":"type-product","3":"status-publish","4":"has-post-thumbnail","6":"book_author-anuarios-baquiana","7":"product_cat-anuarios-de-la-revista-literaria-baquiana-vp","8":"entry"},"_links":{"self":[{"href":"https:\/\/www.baquiana.com\/bookstore\/wp-json\/wp\/v2\/product\/265"}],"collection":[{"href":"https:\/\/www.baquiana.com\/bookstore\/wp-json\/wp\/v2\/product"}],"about":[{"href":"https:\/\/www.baquiana.com\/bookstore\/wp-json\/wp\/v2\/types\/product"}],"replies":[{"embeddable":true,"href":"https:\/\/www.baquiana.com\/bookstore\/wp-json\/wp\/v2\/comments?post=265"}],"wp:featuredmedia":[{"embeddable":true,"href":"https:\/\/www.baquiana.com\/bookstore\/wp-json\/wp\/v2\/media\/459"}],"wp:attachment":[{"href":"https:\/\/www.baquiana.com\/bookstore\/wp-json\/wp\/v2\/media?parent=265"}],"wp:term":[{"taxonomy":"product_cat","embeddable":true,"href":"https:\/\/www.baquiana.com\/bookstore\/wp-json\/wp\/v2\/product_cat?post=265"},{"taxonomy":"product_tag","embeddable":true,"href":"https:\/\/www.baquiana.com\/bookstore\/wp-json\/wp\/v2\/product_tag?post=265"}],"curies":[{"name":"wp","href":"https:\/\/api.w.org\/{rel}","templated":true}]}}