{"id":276,"date":"2017-02-13T21:01:34","date_gmt":"2017-02-14T02:01:34","guid":{"rendered":"http:\/\/www.baquiana.com\/bookstore\/product\/teatro-ii-los-viejos-dias-perdidos-entre-dos-encuentro-ensayo-de-un-crimen\/"},"modified":"2020-07-07T18:19:30","modified_gmt":"2020-07-07T22:19:30","slug":"teatro-ii-los-viejos-dias-perdidos-entre-dos-encuentro-ensayo-de-un-crimen","status":"publish","type":"product","link":"https:\/\/www.baquiana.com\/bookstore\/product\/teatro-ii-los-viejos-dias-perdidos-entre-dos-encuentro-ensayo-de-un-crimen\/","title":{"rendered":"Teatro II (Los viejos d\u00edas perdidos | Entre dos | Encuentro | Ensayo de un crimen)"},"content":{"rendered":"<p style=\"text-align: justify;\">En las obras aqu\u00ed presentadas existe una apolog\u00eda de la expresi\u00f3n esc\u00e9nica, y como expresi\u00f3n metateatral contribuye a la formalizaci\u00f3n de distintos grados de realidad, desde los que es posible percibir tanto las acciones que se desarrollan como la obra teatral misma que formal y funcionalmente los provoca.<\/p>\n<p style=\"text-align: right;\"><strong>Nota de Prensa<\/strong><br \/>\n<em><strong>Ediciones Baquiana<\/strong><\/em><\/p>\n","protected":false},"excerpt":{"rendered":"<p>En las obras aqu\u00ed presentadas existe una apolog\u00eda de la expresi\u00f3n esc\u00e9nica, y como expresi\u00f3n metateatral contribuye a la formalizaci\u00f3n de distintos grados de realidad, desde los que es posible percibir tanto las acciones que se desarrollan como la obra teatral misma que formal y funcionalmente los provoca. Nota de Prensa Ediciones Baquiana<\/p>\n","protected":false},"featured_media":559,"comment_status":"open","ping_status":"closed","template":"","meta":[],"product_cat":[48],"product_tag":[],"class_list":{"0":"post-276","1":"product","2":"type-product","3":"status-publish","4":"has-post-thumbnail","6":"book_author-guillermo-arango","7":"product_cat-rumbos-terencianos","8":"entry"},"_links":{"self":[{"href":"https:\/\/www.baquiana.com\/bookstore\/wp-json\/wp\/v2\/product\/276"}],"collection":[{"href":"https:\/\/www.baquiana.com\/bookstore\/wp-json\/wp\/v2\/product"}],"about":[{"href":"https:\/\/www.baquiana.com\/bookstore\/wp-json\/wp\/v2\/types\/product"}],"replies":[{"embeddable":true,"href":"https:\/\/www.baquiana.com\/bookstore\/wp-json\/wp\/v2\/comments?post=276"}],"wp:featuredmedia":[{"embeddable":true,"href":"https:\/\/www.baquiana.com\/bookstore\/wp-json\/wp\/v2\/media\/559"}],"wp:attachment":[{"href":"https:\/\/www.baquiana.com\/bookstore\/wp-json\/wp\/v2\/media?parent=276"}],"wp:term":[{"taxonomy":"product_cat","embeddable":true,"href":"https:\/\/www.baquiana.com\/bookstore\/wp-json\/wp\/v2\/product_cat?post=276"},{"taxonomy":"product_tag","embeddable":true,"href":"https:\/\/www.baquiana.com\/bookstore\/wp-json\/wp\/v2\/product_tag?post=276"}],"curies":[{"name":"wp","href":"https:\/\/api.w.org\/{rel}","templated":true}]}}