{"id":308,"date":"2018-02-02T20:44:44","date_gmt":"2018-02-03T01:44:44","guid":{"rendered":"http:\/\/www.baquiana.com\/bookstore\/product\/revista-literaria-baquiana-anuario-xvii-2017-2018\/"},"modified":"2021-10-11T21:38:54","modified_gmt":"2021-10-12T01:38:54","slug":"revista-literaria-baquiana-anuario-xvii-2017-2018","status":"publish","type":"product","link":"https:\/\/www.baquiana.com\/bookstore\/product\/revista-literaria-baquiana-anuario-xvii-2017-2018\/","title":{"rendered":"REVISTA LITERARIA BAQUIANA &#8211; ANUARIO XVIII (2017)"},"content":{"rendered":"<h1>\u00cdndice<\/h1>\n<h3>Poes\u00eda<\/h3>\n<p><strong>\u00a7 Mariana Bern\u00e1rdez \/ 19<\/strong><br \/>\n<strong> \u00a7 Aim\u00e9e G. Bola\u00f1os \/ 20<\/strong><br \/>\n<strong> \u00a7 Lilianet I. Brintrup Hertling \/ 21<\/strong><br \/>\n<strong> \u00a7 Juan Calder\u00f3n Matador \/ 22<\/strong><br \/>\n<strong> \u00a7 Eduardo Escalante G\u00f3mez \/ 23<\/strong><br \/>\n<strong> \u00a7 Julia Gallo Sanz \/ 24<\/strong><br \/>\n<strong> \u00a7 Manuel Gayol Mec\u00edas \/ 25<\/strong><br \/>\n<strong> \u00a7 Gloria Hern\u00e1ndez \/ 26<\/strong><br \/>\n<strong> \u00a7 Enrique L\u00f3pez Clavel \/ 27<\/strong><br \/>\n<strong> \u00a7 Mar\u00eda de las Nieves Morales Cardoso \/ 28<\/strong><br \/>\n<strong> \u00a7 Carlos I. Naranjo Pacheco \/ 29<\/strong><br \/>\n<strong> \u00a7 Sergio A. Ortiz \/ 30<\/strong><\/p>\n<p>&nbsp;<\/p>\n<h3>Rese\u00f1a<\/h3>\n<p><strong>\u00a7 LA FRAGILIDAD PODEROSA: A PROP\u00d3SITO DEL LIBRO <em>IMPOSE\u00cdDA<\/em> DE MERCEDES DE ACOSTA<\/strong><br \/>\npor Aim\u00e9e G. Bola\u00f1os \/ <strong>33<\/strong><\/p>\n<p><strong>\u00a7 <em>PEQUE\u00d1O MAL<\/em>, DE CAROLINA DEPETRIS<\/strong><br \/>\npor Lilianet I. Brintrup Hertling \/ <strong>41<\/strong><\/p>\n<p><strong>\u00a7 LOS RECUERDOS TUNEROS DE LINA L. COFRES\u00cd<\/strong><br \/>\npor Waldo Gonz\u00e1lez L\u00f3pez \/ <strong>49<\/strong><\/p>\n<p><strong>\u00a7 LA NOSTALGIA EN EL POEMARIO <em>SEPIA<\/em>, DE ENA COLUMBI\u00c9<\/strong><br \/>\npor Waldo Gonz\u00e1lez L\u00f3pez \/ <strong>55<\/strong><\/p>\n<p><strong>\u00a7 <em>ESPEJOS DE AGUA<\/em>, DE JOS\u00c9 ALC\u00c1NTARA ALM\u00c1NZAR<\/strong><br \/>\npor Maricel Mayor Mars\u00e1n \/ <strong>61<\/strong><\/p>\n<p><strong>\u00a7 <em>MUJER EN LA PENUMBRA<\/em>, DE \u00c1NGELA REYES<\/strong><br \/>\npor Maricel Mayor Mars\u00e1n \/ <strong>67<\/strong><\/p>\n<p><strong>\u00a7 LA B\u00daSQUEDA EN LA OBRA <em>TODOS LOS CAMINOS<\/em> DEL LIBRO <em>TEATRO<\/em>, DE GUILLERMO ARANGO<\/strong><br \/>\npor Myra M. Medina \/ <strong>71<\/strong><\/p>\n<p><strong>\u00a7 <em>LA FLORIDA<\/em>, DE ALONSO GREGORIO DE ESCOBEDO (ESTUDIO Y EDICI\u00d3N ANOTADA DE ALEXANDRA E. SUNUNO)<\/strong><br \/>\npor Patricio E. Palacios \/ <strong>75<\/strong><\/p>\n<p><strong>\u00a7 <em>RAPSODIA EN NEGRO Y ROJO<\/em>, DE EMILIO BALLESTEROS<\/strong><br \/>\npor \u00c1ngela Reyes \/ <strong>77<\/strong><\/p>\n<p><strong>\u00a7 CLARA JAN\u00c9S: <em>MOVIMIENTOS INSOMNES<\/em>. <em>ANTOLOG\u00cdA PO\u00c9TICA 1964 \u2013 2014<\/em><\/strong><br \/>\npor Arturo Tendero \/ <strong>81<\/strong><\/p>\n<p>&nbsp;<\/p>\n<h3>Cuento<\/h3>\n<p><strong>\u00a7 LA RONDA SEMIFINAL<\/strong><br \/>\npor Orfil Aguilar \/ <strong>85<\/strong><\/p>\n<p><strong>\u00a7 HYDE PARK<\/strong><br \/>\npor Jos\u00e9 A. Castro Urioste \/ <strong>89<\/strong><\/p>\n<p><strong>\u00a7 ALGO SE LE HA PEGADO<\/strong><br \/>\npor Esther Dom\u00ednguez \/ <strong>95<\/strong><\/p>\n<p><strong>\u00a7 EL CANDIDATO<\/strong><br \/>\npor Julio Garc\u00eda Ventureyra \/ <strong>101<\/strong><\/p>\n<p><strong>\u00a7 EL PRIMER REPORTE METEOROL\u00d3GICO ERRADO<\/strong><br \/>\npor Andr\u00e9s Mora \/ <strong>105<\/strong><\/p>\n<p><strong>\u00a7 UN IDILIO<\/strong><br \/>\npor Ramiro de Jes\u00fas Restrepo Uribe \/ <strong>109<\/strong><\/p>\n<p>&nbsp;<\/p>\n<h3>Ensayo<\/h3>\n<p><strong>\u00a7 EL ESPANGLISH EN LA M\u00daSICA DE LAS NUEVAS GENERACIONES LATINAS DE LOS ESTADOS UNIDOS<\/strong><br \/>\npor Francesca Anna De Santis \/ <strong>115<\/strong><\/p>\n<p><strong>\u00a7 ESPACIO EXTERIOR\/INTERIOR EN <em>VENTANAS DE MANHATTAN<\/em> DE ANTONIO MU\u00d1OZ MOLINA<\/strong><br \/>\npor Mar Inestrillas \/ <strong>127<\/strong><\/p>\n<p><strong>\u00a7 TEATRALIDAD Y POETIZACI\u00d3N DE LA MEMORIA EN <em>EL LIBRO DE GIULIO CAMILLO<\/em> DE CARLOTA CAULFIELD<\/strong><br \/>\npor Patricia M. Montilla \/ <strong>145<\/strong><\/p>\n<p><strong>\u00a7 EL PODER Y SU MANIFESTACI\u00d3N EN <em>EL REINO DE ESTE MUNDO<\/em> DE ALEJO CARPENTIER<\/strong><br \/>\npor Fabricio Silva \/ <strong>155<\/strong><\/p>\n<p>&nbsp;<\/p>\n<h3>Entrevista<\/h3>\n<p><strong>\u00a7 CONVERSANDO CON LA POETA CUBANO AMERICANA ALINA GALLIANO (UNA MIRADA A SU MUNDO PO\u00c9TICO CON NUEVA YORK A CUESTAS)<\/strong><br \/>\npor Maricel Mayor Mars\u00e1n \/ <strong>167<\/strong><\/p>\n<p><strong>\u00a7 ENTREVISTA CON LA NOVELISTA BOLIVIANA GIOVANNA RIVERO<\/strong><br \/>\npor Maricel Mayor Mars\u00e1n \/ <strong>175<\/strong><\/p>\n<p><strong>\u00a7 ASTRID ALCAYAGA, UNA ARTISTA VISUAL DE DOBLE DIMENSI\u00d3N: CUBANA Y CHILENA<\/strong><br \/>\npor Patricio E. Palacios \/ <strong>185<\/strong><\/p>\n<p>&nbsp;<\/p>\n<h3>Narrativa<\/h3>\n<p><strong>\u00a7 EL HOMBRE DE LA PIERNA<\/strong><br \/>\npor Giovanna Rivero \/ <strong>197<br \/>\n<\/strong><br \/>\n<strong>\u00a7 CAMINOS INESCRUTABLES Y OTROS MICRORRELATOS<\/strong><br \/>\npor Atilano Sevillano \/ <strong>207<\/strong><\/p>\n<p>&nbsp;<\/p>\n<h3>Opiniones<\/h3>\n<p><strong>\u00a7 DE LA POES\u00cdA \u00c1UREA A LA POES\u00cdA DE BLAS OTERO: LOS PR\u00c9STAMOS VERSALES<\/strong><br \/>\npor Guillermo Arango \/ <strong>213<\/strong><\/p>\n<p><strong>\u00a7 LA VOZ AUTOBIOGR\u00c1FICA DE AUGUSTO MONTERROSO<\/strong><br \/>\npor Graciela Bucci \/ <strong>223<\/strong><\/p>\n<p><strong>\u00a7 DELIA FIALLO, LA M\u00c1S PROL\u00cdFICA PROFESORA DE ESPA\u00d1OL<\/strong><br \/>\npor Andr\u00e9s Correa Guatarasma \/ <strong>231<\/strong><\/p>\n<p><strong>\u00a7 DOS \u00c9POCAS, DOS PERSPECTIVAS Y UNA RELIGI\u00d3N: PROYECCI\u00d3N RELIGIOSA EN LA LITERATURA ESPA\u00d1OLA<\/strong><br \/>\npor Manuel A. Ossers \/ <strong>243<\/strong><\/p>\n<p>&nbsp;<\/p>\n<h3>Teatro<\/h3>\n<p><strong>\u00a7 EL TESORO<\/strong><br \/>\npor Julie De Grandy \/ <strong>257<\/strong><\/p>\n<p><strong>\u00a7 EL ZOMBI<\/strong><br \/>\npor Jos\u00e9 Moreno Arenas \/ <strong>267<\/strong><\/p>\n","protected":false},"excerpt":{"rendered":"<p>\u00cdndice Poes\u00eda \u00a7 Mariana Bern\u00e1rdez \/ 19 \u00a7 Aim\u00e9e G. Bola\u00f1os \/ 20 \u00a7 Lilianet I. Brintrup Hertling \/ 21 \u00a7 Juan Calder\u00f3n Matador \/ 22 \u00a7 Eduardo Escalante G\u00f3mez \/ 23 \u00a7 Julia Gallo Sanz \/ 24 \u00a7 Manuel Gayol Mec\u00edas \/ 25 \u00a7 Gloria Hern\u00e1ndez \/ 26 \u00a7 Enrique L\u00f3pez Clavel \/ 27 [&hellip;]<\/p>\n","protected":false},"featured_media":460,"comment_status":"closed","ping_status":"closed","template":"","meta":[],"product_cat":[10],"product_tag":[],"class_list":{"0":"post-308","1":"product","2":"type-product","3":"status-publish","4":"has-post-thumbnail","6":"book_author-anuarios-baquiana","7":"product_cat-anuarios-de-la-revista-literaria-baquiana-vp","8":"entry"},"_links":{"self":[{"href":"https:\/\/www.baquiana.com\/bookstore\/wp-json\/wp\/v2\/product\/308"}],"collection":[{"href":"https:\/\/www.baquiana.com\/bookstore\/wp-json\/wp\/v2\/product"}],"about":[{"href":"https:\/\/www.baquiana.com\/bookstore\/wp-json\/wp\/v2\/types\/product"}],"replies":[{"embeddable":true,"href":"https:\/\/www.baquiana.com\/bookstore\/wp-json\/wp\/v2\/comments?post=308"}],"wp:featuredmedia":[{"embeddable":true,"href":"https:\/\/www.baquiana.com\/bookstore\/wp-json\/wp\/v2\/media\/460"}],"wp:attachment":[{"href":"https:\/\/www.baquiana.com\/bookstore\/wp-json\/wp\/v2\/media?parent=308"}],"wp:term":[{"taxonomy":"product_cat","embeddable":true,"href":"https:\/\/www.baquiana.com\/bookstore\/wp-json\/wp\/v2\/product_cat?post=308"},{"taxonomy":"product_tag","embeddable":true,"href":"https:\/\/www.baquiana.com\/bookstore\/wp-json\/wp\/v2\/product_tag?post=308"}],"curies":[{"name":"wp","href":"https:\/\/api.w.org\/{rel}","templated":true}]}}