{"id":312,"date":"2018-02-02T21:33:01","date_gmt":"2018-02-03T02:33:01","guid":{"rendered":"http:\/\/www.baquiana.com\/bookstore\/product\/teatro-iii-retablillo-del-amor-rey-un-testigo-veraz-la-peticion-de-rosina-una-proposicion-decente-las-dos-muertes-de-gumersindo-el-indiano-romance-de-fantoches\/"},"modified":"2021-10-11T22:11:00","modified_gmt":"2021-10-12T02:11:00","slug":"teatro-iii-retablillo-del-amor-rey-un-testigo-veraz-la-peticion-de-rosina-una-proposicion-decente-las-dos-muertes-de-gumersindo-el-indiano-romance-de-fantoches","status":"publish","type":"product","link":"https:\/\/www.baquiana.com\/bookstore\/product\/teatro-iii-retablillo-del-amor-rey-un-testigo-veraz-la-peticion-de-rosina-una-proposicion-decente-las-dos-muertes-de-gumersindo-el-indiano-romance-de-fantoches\/","title":{"rendered":"Teatro III (Retablillo del amor rey:  Un testigo veraz &#038; La petici\u00f3n de Rosina | Una proposici\u00f3n decente | Las dos muertes de Gumersindo el indiano | Romance de fantoches)"},"content":{"rendered":"<p style=\"text-align: justify;\">Las piezas que aparecen en este volumen son farsas. El inter\u00e9s tem\u00e1tico que las ordena es el amor, aunque bien hubiera podido ser otro cualquiera. As\u00ed que sin m\u00e1s virtudes hallaron cuartel en este libro, y ambiciosamente esperan conquistar a esos lectores \u2014o espectadores\u2014 que buscan en las obras literarias el aire puro y libre de la vida, y el zumbido inquieto de un coraz\u00f3n.<\/p>\n<p style=\"text-align: right;\"><strong>Nota de Prensa<\/strong><br \/>\n<em><strong>Ediciones Baquiana<\/strong><\/em><\/p>\n","protected":false},"excerpt":{"rendered":"<p>Las piezas que aparecen en este volumen son farsas. El inter\u00e9s tem\u00e1tico que las ordena es el amor, aunque bien hubiera podido ser otro cualquiera. As\u00ed que sin m\u00e1s virtudes hallaron cuartel en este libro, y ambiciosamente esperan conquistar a esos lectores \u2014o espectadores\u2014 que buscan en las obras literarias el aire puro y libre [&hellip;]<\/p>\n","protected":false},"featured_media":560,"comment_status":"open","ping_status":"closed","template":"","meta":[],"product_cat":[48],"product_tag":[],"class_list":{"0":"post-312","1":"product","2":"type-product","3":"status-publish","4":"has-post-thumbnail","6":"book_author-guillermo-arango","7":"product_cat-rumbos-terencianos","8":"entry"},"_links":{"self":[{"href":"https:\/\/www.baquiana.com\/bookstore\/wp-json\/wp\/v2\/product\/312"}],"collection":[{"href":"https:\/\/www.baquiana.com\/bookstore\/wp-json\/wp\/v2\/product"}],"about":[{"href":"https:\/\/www.baquiana.com\/bookstore\/wp-json\/wp\/v2\/types\/product"}],"replies":[{"embeddable":true,"href":"https:\/\/www.baquiana.com\/bookstore\/wp-json\/wp\/v2\/comments?post=312"}],"wp:featuredmedia":[{"embeddable":true,"href":"https:\/\/www.baquiana.com\/bookstore\/wp-json\/wp\/v2\/media\/560"}],"wp:attachment":[{"href":"https:\/\/www.baquiana.com\/bookstore\/wp-json\/wp\/v2\/media?parent=312"}],"wp:term":[{"taxonomy":"product_cat","embeddable":true,"href":"https:\/\/www.baquiana.com\/bookstore\/wp-json\/wp\/v2\/product_cat?post=312"},{"taxonomy":"product_tag","embeddable":true,"href":"https:\/\/www.baquiana.com\/bookstore\/wp-json\/wp\/v2\/product_tag?post=312"}],"curies":[{"name":"wp","href":"https:\/\/api.w.org\/{rel}","templated":true}]}}