{"id":317,"date":"2018-02-02T22:08:41","date_gmt":"2018-02-03T03:08:41","guid":{"rendered":"http:\/\/www.baquiana.com\/bookstore\/product\/teatro-iv-manana-el-paraiso-noche-de-ronda-la-corbata-roja-el-uno-para-el-otro-mi-hermana-vilma-dos-trenzas-de-oro-el-plato-del-dia-espejismo-coto-de-caza-los-pescadores\/"},"modified":"2021-10-11T22:13:07","modified_gmt":"2021-10-12T02:13:07","slug":"teatro-iv-manana-el-paraiso-noche-de-ronda-la-corbata-roja-el-uno-para-el-otro-mi-hermana-vilma-dos-trenzas-de-oro-el-plato-del-dia-espejismo-coto-de-caza-los-pescadores","status":"publish","type":"product","link":"https:\/\/www.baquiana.com\/bookstore\/product\/teatro-iv-manana-el-paraiso-noche-de-ronda-la-corbata-roja-el-uno-para-el-otro-mi-hermana-vilma-dos-trenzas-de-oro-el-plato-del-dia-espejismo-coto-de-caza-los-pescadores\/","title":{"rendered":"Teatro IV (Ma\u00f1ana el para\u00edso | Noche de ronda | La corbata roja | El uno para el otro | Mi hermana Vilma | Dos trenzas de oro | El plato del d\u00eda | Espejismo | Coto de caza | Los pescadores)"},"content":{"rendered":"<p style=\"text-align: justify;\">Las piezas de esta selecci\u00f3n encierran una variedad de prop\u00f3sitos. El material dram\u00e1tico que guardan consiste en contar historias que nacen y se desarrollan con el tel\u00f3n de fondo, l\u00fadico y festivo,\u00a0del tiempo que les ha tocado vivir.<\/p>\n<p style=\"text-align: right;\"><strong>Nota de Prensa<\/strong><br \/>\n<em><strong>Ediciones Baquiana<\/strong><\/em><\/p>\n","protected":false},"excerpt":{"rendered":"<p>Las piezas de esta selecci\u00f3n encierran una variedad de prop\u00f3sitos. El material dram\u00e1tico que guardan consiste en contar historias que nacen y se desarrollan con el tel\u00f3n de fondo, l\u00fadico y festivo,\u00a0del tiempo que les ha tocado vivir. Nota de Prensa Ediciones Baquiana<\/p>\n","protected":false},"featured_media":561,"comment_status":"open","ping_status":"closed","template":"","meta":[],"product_cat":[48],"product_tag":[],"class_list":{"0":"post-317","1":"product","2":"type-product","3":"status-publish","4":"has-post-thumbnail","6":"book_author-guillermo-arango","7":"product_cat-rumbos-terencianos","8":"entry"},"_links":{"self":[{"href":"https:\/\/www.baquiana.com\/bookstore\/wp-json\/wp\/v2\/product\/317"}],"collection":[{"href":"https:\/\/www.baquiana.com\/bookstore\/wp-json\/wp\/v2\/product"}],"about":[{"href":"https:\/\/www.baquiana.com\/bookstore\/wp-json\/wp\/v2\/types\/product"}],"replies":[{"embeddable":true,"href":"https:\/\/www.baquiana.com\/bookstore\/wp-json\/wp\/v2\/comments?post=317"}],"wp:featuredmedia":[{"embeddable":true,"href":"https:\/\/www.baquiana.com\/bookstore\/wp-json\/wp\/v2\/media\/561"}],"wp:attachment":[{"href":"https:\/\/www.baquiana.com\/bookstore\/wp-json\/wp\/v2\/media?parent=317"}],"wp:term":[{"taxonomy":"product_cat","embeddable":true,"href":"https:\/\/www.baquiana.com\/bookstore\/wp-json\/wp\/v2\/product_cat?post=317"},{"taxonomy":"product_tag","embeddable":true,"href":"https:\/\/www.baquiana.com\/bookstore\/wp-json\/wp\/v2\/product_tag?post=317"}],"curies":[{"name":"wp","href":"https:\/\/api.w.org\/{rel}","templated":true}]}}