{"id":394,"date":"2019-01-15T19:25:52","date_gmt":"2019-01-16T00:25:52","guid":{"rendered":"http:\/\/www.baquiana.com\/bookstore\/product\/revista-literaria-baquiana-anuario-xix-2018\/"},"modified":"2021-10-11T21:40:16","modified_gmt":"2021-10-12T01:40:16","slug":"revista-literaria-baquiana-anuario-xix-2018","status":"publish","type":"product","link":"https:\/\/www.baquiana.com\/bookstore\/product\/revista-literaria-baquiana-anuario-xix-2018\/","title":{"rendered":"REVISTA LITERARIA BAQUIANA &#8211; ANUARIO XIX (2018)"},"content":{"rendered":"<h1>\u00cdndice<\/h1>\n<h3>Poes\u00eda<\/h3>\n<p><strong>\u00a7 \u00c1lvaro Alfonso Acevedo Merlano \/ 19<\/strong><br \/>\n<strong> \u00a7 Luis Arrillaga \/ 20<\/strong><br \/>\n<strong> \u00a7 Maica Bermejo Miranda \/ 21<\/strong><br \/>\n<strong> \u00a7 Marina Centeno \/ 22<\/strong><br \/>\n<strong> \u00a7 Enmanuel David Colmenares \/ 23<\/strong><br \/>\n<strong> \u00a7 Ad\u00e1n Echeverr\u00eda \/ 24<\/strong><br \/>\n<strong> \u00a7 Luis F. Gonz\u00e1lez Cruz \/ 25<\/strong><br \/>\n<strong> \u00a7 Yenilen Mola \/ 26<\/strong><br \/>\n<strong> \u00a7 \u00c1ngel Antonio Moreno \/ 27<\/strong><br \/>\n<strong> \u00a7 Thelma Nava \/ 28<\/strong><br \/>\n<strong> \u00a7 Soren Pe\u00f1alver \/ 29<\/strong><br \/>\n<strong> \u00a7 Olber Vargas \/ 30<\/strong><\/p>\n<p>&nbsp;<\/p>\n<h3>Rese\u00f1a<\/h3>\n<p><strong>\u00a7 DIAL\u00c9CTICA DEL \u201cETERNO RETORNO\u201d EN <em>SIEMPRE EN EL ENTONCES<\/em>, DE JOS\u00c9 ANTONIO ALBERTINI<\/strong><br \/>\npor Luis F. Gonz\u00e1lez Cruz \/ <strong>33<\/strong><\/p>\n<p><strong>\u00a7 <em>EL SECRETO DE ARTEMISIA Y OTRAS HISTORIAS<\/em>, DE GERARDO PI\u00d1A ROSALES<\/strong><br \/>\npor Waldo Gonz\u00e1lez L\u00f3pez \/ <strong>41<\/strong><\/p>\n<p><strong>\u00a7 INTRIGAS, ADULTERIOS Y UN AMOR IMPOSIBLE EN LA NOVELA <em>BAJO EL CICL\u00d3N<\/em>, DE ANDR\u00c9S HERN\u00c1NDEZ ALENDE<\/strong><br \/>\npor Maricel Mayor Mars\u00e1n \/ <strong>51<\/strong><\/p>\n<p><strong>\u00a7 MEMORIA, SANGRE Y FICCI\u00d3N EN <em>ARTURO USLAR PIETRI<\/em>, DE ROSALINA GARC\u00cdA<\/strong><br \/>\npor Maricel Mayor Mars\u00e1n \/ <strong>55<\/strong><\/p>\n<p><strong>\u00a7 UN PASAJE DE LA VIDA DE BERNARDO DE G\u00c1LVEZ EN LA NOVELA HIST\u00d3RICA <em>EL QUE TENGA VALOR QUE ME SIGA<\/em>, DE EDUARDO GARRIGUES<\/strong><br \/>\npor Patricio E. Palacios \/ <strong>59<\/strong><\/p>\n<p><strong>\u00a7 <em>EL CAMINO DE SANTIAGO<\/em>, DE EDUARDO GONZ\u00c1LEZ VIA\u00d1A<\/strong><br \/>\npor Patricio E. Palacios \/ <strong>63<\/strong><\/p>\n<p><strong>\u00a7 MAR\u00cdA SANZ O LA POES\u00cdA SONORA Y SENSORIAL<\/strong><br \/>\npor \u00c1ngela Reyes \/ <strong>67<\/strong><\/p>\n<p><strong>\u00a7 EL BOSQUE LUMINOSO DE JUANA ROSA PITA<\/strong><br \/>\npor Manuel J. Santayana \/ <strong>71<\/strong><\/p>\n<p><strong>\u00a7 <em>DESDE LAS CUMBRES NEVADAS HASTA LAS PLANICIES DES\u00c9RTICAS<\/em>: UNA ANTOLOG\u00cdA DE ESCRITORES LATINOS EN NEVADA, DE MAR INESTRILLAS Y EMMA SEP\u00daLVEDA PULVIRENTI, EDS.<\/strong><br \/>\npor Chrystian Zegarra \/ <strong>75<\/strong><\/p>\n<p>&nbsp;<\/p>\n<h3>Cuento<\/h3>\n<p><strong>\u00a7 ESCENAS<\/strong><br \/>\npor Patricia E. Blumenreich \/ <strong>81<\/strong><\/p>\n<p><strong>\u00a7 DESAFINAR<\/strong><br \/>\npor Sergio Andr\u00e9s Cruz Romero \/ <strong>85<\/strong><\/p>\n<p><strong>\u00a7 EL OTRO<\/strong><br \/>\npor Delia Fiallo \/ <strong>89<\/strong><\/p>\n<p><strong>\u00a7 F\u00c9LIX<\/strong><br \/>\npor Gloria Hern\u00e1ndez \/ <strong>99<\/strong><\/p>\n<p><strong>\u00a7 HORMIGAS<\/strong><br \/>\npor Guillermo Neyra Borges \/ <strong>105<\/strong><\/p>\n<p><strong>\u00a7 DIOSES Y ORISHAS<\/strong><br \/>\npor Rodolfo P\u00e9rez Valero \/ <strong>111<\/strong><\/p>\n<p>&nbsp;<\/p>\n<h3>Ensayo<\/h3>\n<p><strong>\u00a7 EL RECORRIDO DE LAS PALABRAS: PRECIOSA EN <em>LA GITANILLA<\/em> DE MIGUEL DE CERVANTES Y GISELA EN <em>PEREGRINA<\/em> DE DELIA FIALLO<\/strong><br \/>\npor Martha Garc\u00eda \/ <strong>125<\/strong><\/p>\n<p><strong>\u00a7 RESCATE Y EVOLUCI\u00d3N DE LA ESCRITURA: INTENTANDO UNA APROXIMACI\u00d3N AL ENUNCIADO FEMENINO EN <em>EL LUNAR ETERNO<\/em>, DE JAVIER RIBA PE\u00d1ALBA<\/strong><br \/>\npor Humberto L\u00f3pez Cruz \/ <strong>135<\/strong><\/p>\n<p><strong>\u00a7 LA NATURALEZA COMO S\u00cdMBOLO EN LA POES\u00cdA DE MIGUEL HERN\u00c1NDEZ<\/strong><br \/>\npor Jorge Mar\u00edn \/ <strong>143<\/strong><\/p>\n<p><strong>\u00a7 TA\u00d1E CARPENTIER <em>LA VOZ Y LA SOMBRA<\/em> DEL ALMIRANTE<\/strong><br \/>\npor Manuel R. Montes \/ <strong>157<\/strong><\/p>\n<p>&nbsp;<\/p>\n<h3>Entrevista<\/h3>\n<p><strong>\u00a7 CONVERSANDO CON LA ESCRITORA BILING\u00dcE, EDUCADORA Y ARTISTA PL\u00c1STICA CUBANOAMERICANA TERESA BEVIN EN NUEVO M\u00c9XICO<\/strong><br \/>\npor Maricel Mayor Mars\u00e1n \/ <strong>177<\/strong><\/p>\n<p><strong>\u00a7 ENTREVISTA CON LA PERIODISTA CUBANOAMERICANA OLGA CONNOR (UNA VIDA DEDICADA A LA LITERATURA Y LAS ARTES<\/strong><br \/>\npor Maricel Mayor Mars\u00e1n \/ <strong>187<\/strong><\/p>\n<p>&nbsp;<\/p>\n<h3>Narrativa<\/h3>\n<p><strong>\u00a7 EL BAILE Y EL \u00c1NGEL<\/strong><br \/>\npor Teresa Bevin \/ <strong>197<\/strong><\/p>\n<p><strong>\u00a7 EL ENCARGO<\/strong><br \/>\npor Baltasar Fern\u00e1ndez Ram\u00edrez \/ <strong>207<\/strong><\/p>\n<p><strong>\u00a7 LA CARRERA PROHIBIDA<\/strong><br \/>\npor Andr\u00e9s Hern\u00e1ndez Alende \/ <strong>215<\/strong><\/p>\n<p><strong>\u00a7 EL INTERIOR DE LA MONTA\u00d1A<\/strong><br \/>\npor Asley Leyva M\u00e1rmol \/ <strong>221<\/strong><\/p>\n<p><strong>\u00a7 SEIS LUSTROS DESPU\u00c9S<\/strong><br \/>\npor \u00d3scar Wong \/ <strong>227<\/strong><\/p>\n<p>&nbsp;<\/p>\n<h3>Opiniones<\/h3>\n<p><strong>\u00a7 UN ACERCAMIENTO PARCIAL AL POEMA \u201cEL REY DE HARLEM\u201d EN POETA EN NUEVA YORK, DE FEDERICO GARC\u00cdA LORCA<\/strong><br \/>\npor Guillermo Arango \/ <strong>233<\/strong><\/p>\n<p><strong>\u00a7 ALEGR\u00cdA Y ARGUEDAS: DOS FORMAS DE VER AL INDIO<\/strong><br \/>\npor Guillermo Arango \/ <strong>243<\/strong><\/p>\n<p>&nbsp;<\/p>\n<h3>Teatro<\/h3>\n<p><strong>\u00a7 LAS \u00daLTIMAS CRIADAS<\/strong><br \/>\npor Erom Jimmy \/ <strong>253<\/strong><\/p>\n<p><strong>\u00a7 LAS PRINCESAS RUSAS AMAMOS EN FRANC\u00c9S<\/strong><br \/>\npor Alfredo R. L\u00f3pez V\u00e1zquez \/ <strong>285<\/strong><\/p>\n","protected":false},"excerpt":{"rendered":"<p>\u00cdndice Poes\u00eda \u00a7 \u00c1lvaro Alfonso Acevedo Merlano \/ 19 \u00a7 Luis Arrillaga \/ 20 \u00a7 Maica Bermejo Miranda \/ 21 \u00a7 Marina Centeno \/ 22 \u00a7 Enmanuel David Colmenares \/ 23 \u00a7 Ad\u00e1n Echeverr\u00eda \/ 24 \u00a7 Luis F. Gonz\u00e1lez Cruz \/ 25 \u00a7 Yenilen Mola \/ 26 \u00a7 \u00c1ngel Antonio Moreno \/ 27 \u00a7 [&hellip;]<\/p>\n","protected":false},"featured_media":461,"comment_status":"closed","ping_status":"closed","template":"","meta":[],"product_cat":[10],"product_tag":[],"class_list":{"0":"post-394","1":"product","2":"type-product","3":"status-publish","4":"has-post-thumbnail","6":"book_author-anuarios-baquiana","7":"product_cat-anuarios-de-la-revista-literaria-baquiana-vp","8":"entry"},"_links":{"self":[{"href":"https:\/\/www.baquiana.com\/bookstore\/wp-json\/wp\/v2\/product\/394"}],"collection":[{"href":"https:\/\/www.baquiana.com\/bookstore\/wp-json\/wp\/v2\/product"}],"about":[{"href":"https:\/\/www.baquiana.com\/bookstore\/wp-json\/wp\/v2\/types\/product"}],"replies":[{"embeddable":true,"href":"https:\/\/www.baquiana.com\/bookstore\/wp-json\/wp\/v2\/comments?post=394"}],"wp:featuredmedia":[{"embeddable":true,"href":"https:\/\/www.baquiana.com\/bookstore\/wp-json\/wp\/v2\/media\/461"}],"wp:attachment":[{"href":"https:\/\/www.baquiana.com\/bookstore\/wp-json\/wp\/v2\/media?parent=394"}],"wp:term":[{"taxonomy":"product_cat","embeddable":true,"href":"https:\/\/www.baquiana.com\/bookstore\/wp-json\/wp\/v2\/product_cat?post=394"},{"taxonomy":"product_tag","embeddable":true,"href":"https:\/\/www.baquiana.com\/bookstore\/wp-json\/wp\/v2\/product_tag?post=394"}],"curies":[{"name":"wp","href":"https:\/\/api.w.org\/{rel}","templated":true}]}}