{"id":404,"date":"2019-01-15T21:46:13","date_gmt":"2019-01-16T02:46:13","guid":{"rendered":"http:\/\/www.baquiana.com\/bookstore\/product\/teatro-v-adagio-un-lugar-para-vivir-la-ruta-de-las-mariposas-el-parque-de-las-palomas-el-viento-que-pasa\/"},"modified":"2021-10-11T22:28:34","modified_gmt":"2021-10-12T02:28:34","slug":"teatro-v-adagio-un-lugar-para-vivir-la-ruta-de-las-mariposas-el-parque-de-las-palomas-el-viento-que-pasa","status":"publish","type":"product","link":"https:\/\/www.baquiana.com\/bookstore\/product\/teatro-v-adagio-un-lugar-para-vivir-la-ruta-de-las-mariposas-el-parque-de-las-palomas-el-viento-que-pasa\/","title":{"rendered":"TEATRO V (Adagio | Un lugar para vivir | La ruta de las mariposas | El parque de las palomas | El viento que pasa)"},"content":{"rendered":"<p><iframe loading=\"lazy\" title=\"PARQUE DE LAS PALOMAS de Guillermo Arango | Centro Cultural Espa\u00f1ol de Miami | 2019\" width=\"800\" height=\"450\" src=\"https:\/\/www.youtube.com\/embed\/hUQkUC4_320?start=15&#038;feature=oembed\" frameborder=\"0\" allow=\"accelerometer; autoplay; clipboard-write; encrypted-media; gyroscope; picture-in-picture\" allowfullscreen><\/iframe><\/p>\n<p><a href=\"http:\/\/www.baquiana.com\/bookstore\/wp-content\/uploads\/2019\/01\/INVITACION-Presentacion-del-libro-TEATRO-V-de-Guillermo-Arango-01-10-2019-scaled.jpg\"><img loading=\"lazy\" decoding=\"async\" class=\"alignnone wp-image-639 size-large\" src=\"http:\/\/www.baquiana.com\/bookstore\/wp-content\/uploads\/2019\/01\/INVITACION-Presentacion-del-libro-TEATRO-V-de-Guillermo-Arango-01-10-2019-795x1024.jpg\" alt=\"\" width=\"795\" height=\"1024\" srcset=\"https:\/\/www.baquiana.com\/bookstore\/wp-content\/uploads\/2019\/01\/INVITACION-Presentacion-del-libro-TEATRO-V-de-Guillermo-Arango-01-10-2019-795x1024.jpg 795w, https:\/\/www.baquiana.com\/bookstore\/wp-content\/uploads\/2019\/01\/INVITACION-Presentacion-del-libro-TEATRO-V-de-Guillermo-Arango-01-10-2019-233x300.jpg 233w, https:\/\/www.baquiana.com\/bookstore\/wp-content\/uploads\/2019\/01\/INVITACION-Presentacion-del-libro-TEATRO-V-de-Guillermo-Arango-01-10-2019-768x989.jpg 768w, https:\/\/www.baquiana.com\/bookstore\/wp-content\/uploads\/2019\/01\/INVITACION-Presentacion-del-libro-TEATRO-V-de-Guillermo-Arango-01-10-2019-1192x1536.jpg 1192w, https:\/\/www.baquiana.com\/bookstore\/wp-content\/uploads\/2019\/01\/INVITACION-Presentacion-del-libro-TEATRO-V-de-Guillermo-Arango-01-10-2019-1590x2048.jpg 1590w, https:\/\/www.baquiana.com\/bookstore\/wp-content\/uploads\/2019\/01\/INVITACION-Presentacion-del-libro-TEATRO-V-de-Guillermo-Arango-01-10-2019-600x773.jpg 600w, https:\/\/www.baquiana.com\/bookstore\/wp-content\/uploads\/2019\/01\/INVITACION-Presentacion-del-libro-TEATRO-V-de-Guillermo-Arango-01-10-2019-scaled.jpg 1987w\" sizes=\"(max-width: 795px) 100vw, 795px\" \/><\/a><\/p>\n<hr style=\"height:1px;border:none;color:#333;background-color:#333;\" \/>\n<p>&nbsp;<\/p>\n<p style=\"text-align: justify;\"><span style=\"font-weight: 400;\">El Centro Cultural Espa\u00f1ol de Miami y Ediciones Baquiana, con el apoyo de la Academia Norteamericana de la Lengua Espa\u00f1ola y la revista literaria Baquiana presentar\u00e1n el pr\u00f3ximo jueves 10 de enero el libro <\/span><i><span style=\"font-weight: 400;\">Teatro V<\/span><\/i><span style=\"font-weight: 400;\">, del autor Guillermo Arango.<\/span><\/p>\n<p style=\"text-align: justify;\"><span style=\"font-weight: 400;\">El evento tendr\u00e1 lugar a las 7 p.m. en 1490 Biscayne Boulevard, en Miami. <\/span><\/p>\n<p style=\"text-align: justify;\"><span style=\"font-weight: 400;\">Las cinco piezas que aparecen en este quinto volumen de obras teatrales: <\/span><i><span style=\"font-weight: 400;\">Adagio<\/span><\/i><span style=\"font-weight: 400;\">, <\/span><i><span style=\"font-weight: 400;\">Un lugar para vivir<\/span><\/i><span style=\"font-weight: 400;\">, <\/span><i><span style=\"font-weight: 400;\">La ruta de las mariposas<\/span><\/i><span style=\"font-weight: 400;\">, <\/span><i><span style=\"font-weight: 400;\">El parque de las palomas<\/span><\/i><span style=\"font-weight: 400;\">, y <\/span><i><span style=\"font-weight: 400;\">El viento que pasa<\/span><\/i><span style=\"font-weight: 400;\">, son cubanas en su circunstancia, pero no pretenden ser sociales ni hist\u00f3ricas, pues el autor se considera heredero de un tiempo incierto del que no ha podido ni querido liberarse, seg\u00fan anunciaron los organizadores de la presentaci\u00f3n.\u00a0<\/span><\/p>\n<p style=\"text-align: justify;\"><span style=\"font-weight: 400;\">El nuevo libro de Arango es publicado como parte de la Colecci\u00f3n Rumbos Terencianos, de Ediciones Baquiana (2019).<\/span><\/p>\n<p style=\"text-align: justify;\"><span style=\"font-weight: 400;\">Adem\u00e1s de Arango, en el evento participar\u00e1 tambi\u00e9n Maricel Mayor Mars\u00e1n, dramaturga, cr\u00edtica literaria y directora del Consejo de Redacci\u00f3n de la Revista Literaria Baquiana.<\/span><\/p>\n<p style=\"text-align: justify;\"><span style=\"font-weight: 400;\">Durante el evento se presentar\u00e1 tambi\u00e9n la pieza teatral en un acto <\/span><i><span style=\"font-weight: 400;\">El parque de las palomas,\u00a0<\/span><\/i><span style=\"font-weight: 400;\">dirigida por la joven directora Magyani Medina y escenificada por los actores Tania Guzm\u00e1n, Ariel Texid\u00f3, Magyani Medina y Rodolfo Jaspe.<\/span><\/p>\n<p style=\"text-align: justify;\"><span style=\"font-weight: 400;\">Guillermo Arango es un poeta, narrador, ensayista y dramaturgo. Curs\u00f3 estudios de Arte, Filosof\u00eda y Letras en la Universidad de Santo Tom\u00e1s de Villanueva (Cuba) y de Creaci\u00f3n Literaria en la Universidad de Loyola (Chicago). Por muchos a\u00f1os se dedic\u00f3 a la ense\u00f1anza universitaria y ha ejercido tambi\u00e9n la cr\u00edtica cinematogr\u00e1fica.<\/span><\/p>\n<p style=\"text-align: justify;\"><span style=\"font-weight: 400;\">En octubre de 2016 fue distinguido con el Premio Ohio Latino Award por su excelencia literaria. Reside desde hace varias d\u00e9cadas en el Ohio, Estados Unidos.<\/span><\/p>\n<p style=\"text-align: right;\"><strong>Centro Cultural Espa\u00f1ol y Ediciones Baquiana <\/strong><br \/>\n<strong>presentan nuevo libro \u2013 Redacci\u00f3n<\/strong><br \/>\n<strong><em>LOS7D\u00cdAS.COM<\/em> \u2013 Publicaci\u00f3n digital<\/strong><br \/>\n<strong>5 de enero de 2019<\/strong><\/p>\n","protected":false},"excerpt":{"rendered":"<p>&nbsp; El Centro Cultural Espa\u00f1ol de Miami y Ediciones Baquiana, con el apoyo de la Academia Norteamericana de la Lengua Espa\u00f1ola y la revista literaria Baquiana presentar\u00e1n el pr\u00f3ximo jueves 10 de enero el libro Teatro V, del autor Guillermo Arango. El evento tendr\u00e1 lugar a las 7 p.m. en 1490 Biscayne Boulevard, en Miami. [&hellip;]<\/p>\n","protected":false},"featured_media":562,"comment_status":"open","ping_status":"closed","template":"","meta":[],"product_cat":[48],"product_tag":[],"class_list":{"0":"post-404","1":"product","2":"type-product","3":"status-publish","4":"has-post-thumbnail","6":"book_author-guillermo-arango","7":"product_cat-rumbos-terencianos","8":"entry"},"_links":{"self":[{"href":"https:\/\/www.baquiana.com\/bookstore\/wp-json\/wp\/v2\/product\/404"}],"collection":[{"href":"https:\/\/www.baquiana.com\/bookstore\/wp-json\/wp\/v2\/product"}],"about":[{"href":"https:\/\/www.baquiana.com\/bookstore\/wp-json\/wp\/v2\/types\/product"}],"replies":[{"embeddable":true,"href":"https:\/\/www.baquiana.com\/bookstore\/wp-json\/wp\/v2\/comments?post=404"}],"wp:featuredmedia":[{"embeddable":true,"href":"https:\/\/www.baquiana.com\/bookstore\/wp-json\/wp\/v2\/media\/562"}],"wp:attachment":[{"href":"https:\/\/www.baquiana.com\/bookstore\/wp-json\/wp\/v2\/media?parent=404"}],"wp:term":[{"taxonomy":"product_cat","embeddable":true,"href":"https:\/\/www.baquiana.com\/bookstore\/wp-json\/wp\/v2\/product_cat?post=404"},{"taxonomy":"product_tag","embeddable":true,"href":"https:\/\/www.baquiana.com\/bookstore\/wp-json\/wp\/v2\/product_tag?post=404"}],"curies":[{"name":"wp","href":"https:\/\/api.w.org\/{rel}","templated":true}]}}