{"id":420,"date":"2020-01-03T18:48:46","date_gmt":"2020-01-03T23:48:46","guid":{"rendered":"http:\/\/www.baquiana.com\/bookstore\/product\/revista-literaria-baquiana-anuario-xx-2019\/"},"modified":"2023-06-24T00:01:42","modified_gmt":"2023-06-24T04:01:42","slug":"revista-literaria-baquiana-anuario-xx-2019","status":"publish","type":"product","link":"https:\/\/www.baquiana.com\/bookstore\/product\/revista-literaria-baquiana-anuario-xx-2019\/","title":{"rendered":"REVISTA LITERARIA BAQUIANA &#8211; ANUARIO XX (2019)"},"content":{"rendered":"<h1>\u00cdndice<\/h1>\n<h3>Poes\u00eda<\/h3>\n<p><strong>\u00a7 Ariel Aboal \/ 19<br \/>\n\u00a7 Jorge Asbun Bojalil \/ 20<br \/>\n\u00a7 Horacio Biord Castillo \/ 21<br \/>\n\u00a7 Jonathan Alexander Espa\u00f1a Eraso \/ 22<br \/>\n\u00a7 Omar Garc\u00eda Obreg\u00f3n \/ 23<br \/>\n\u00a7 Rafael Enrique Hern\u00e1ndez \/ 24<br \/>\n\u00a7 Odalys Interi\u00e1n \/ 25<br \/>\n\u00a7 Adolfo Marchena \/ 26<br \/>\n\u00a7 Daniel Montoly \/ 27<br \/>\n\u00a7 Irina Ojeda Becerra \/ 28<br \/>\n\u00a7 Jos\u00e9 R. Orom\u00ed Rodr\u00edguez \/ 29<br \/>\n\u00a7 Osmari Reyes Garc\u00eda \/ 30<\/strong><\/p>\n<p>&nbsp;<\/p>\n<h3>Rese\u00f1a<\/h3>\n<p><strong>\u00a7 <em>UNA ONDA EN EL AGUA<\/em>, DE HERIBERTO PAG\u00c9S LENDI\u00c1N<\/strong><br \/>\npor Anthony J. Aiello \/ <strong>33<\/strong><\/p>\n<p><strong>\u00a7 J<em>OS\u00c9 LEZAMA LIMA Y LA TRADICI\u00d3N COSMOG\u00d3NICA DE LA LUZ<\/em>, DE IVETTE FUENTES DE LA PAZ<\/strong><br \/>\npor Manuel Gayol Mac\u00edas \/ <strong>37<\/strong><\/p>\n<p><strong>\u00a7 <em>TEATRO CUBANO MODERNO. DRAMATURGOS<\/em>, DE ESTHER S\u00c1NCHEZ-GREY ALBA<\/strong><br \/>\npor Waldo Gonz\u00e1lez L\u00f3pez \/ <strong>41<\/strong><\/p>\n<p><strong>\u00a7 <em>ROCALLAS DEL AND\u00c9N<\/em>, DE HUMBERTO L\u00d3PEZ CRUZ<\/strong><br \/>\npor Maricel Mayor Mars\u00e1n \/ <strong>49<\/strong><\/p>\n<p><strong>\u00a7 <em>CIUDADES DE TIZA (PAISAJES DE PAPEL)<\/em>, DE FERNANDO OPER\u00c9<\/strong><br \/>\npor Maricel Mayor Mars\u00e1n \/ <strong>53<\/strong><\/p>\n<p><strong>\u00a7 LOS IMAGINARIOS Y LAS RELACIONES TRUNCAS EN LA NOVELA <em>EL CAMBIO DE LAS ESTACIONES<\/em>, DE MYRA M. MEDINA<\/strong><br \/>\npor Ylonka Nacidit-Perdomo \/ <strong>59<\/strong><\/p>\n<p><strong>\u00a7 REFLEXIONES SOBRE EL POEMARIO <em>AGUJA DE DIVERSOS<\/em>, DE JES\u00daS J. BARQUET<\/strong><br \/>\npor Heriberto Pag\u00e9s Lendi\u00e1n \/ <strong>67<\/strong><\/p>\n<p><strong>\u00a7 <em>LOS VENDEDORES (CUENTOS DE REPORTERO)<\/em>, DE ALISTER RAM\u00cdREZ M\u00c1RQUEZ<\/strong><br \/>\npor Patricio E. Palacios \/ <strong>75<\/strong><\/p>\n<p><strong>\u00a7 <em>NUESTRAS L\u00c1GRIMAS SABEN A MAR<\/em>, DE SABRINA ROM\u00c1N<\/strong><br \/>\npor Patricio E. Palacios \/ <strong>79<\/strong><\/p>\n<p><strong>\u00a7 POES\u00cdA COMO CANTOS RODADOS. SOBRE EL POEMARIO <em>EL ESPLENDOR<\/em>, DE ASLEY L. M\u00c1RMOL<\/strong><br \/>\npor Amir Valle \/ <strong>83<\/strong><\/p>\n<p>&nbsp;<\/p>\n<h3>Cuento<\/h3>\n<p><strong>\u00a7 VUELO NUPCIAL<\/strong><br \/>\npor Gricel \u00c1vila Ortega \/ <strong>89<\/strong><\/p>\n<p><strong>\u00a7 EL HOMBRE DE JICARITA<\/strong><br \/>\npor Teresa Bevin \/ <strong>97<\/strong><\/p>\n<p><strong>\u00a7 USURPACI\u00d3N<\/strong><br \/>\npor Juan Carlos Dido \/ <strong>105<\/strong><\/p>\n<p><strong>\u00a7 MOSQUITOS<\/strong><br \/>\npor Nieves Pascual Soler \/ <strong>109<\/strong><\/p>\n<p><strong>\u00a7 LAS TRIBULACIONES DE UN MAGO EN APUROS<\/strong><br \/>\npor \u00c1ngela Reyes \/ <strong>115<\/strong><\/p>\n<p><strong>\u00a7 CALLES CUENTA HISTORIAS<\/strong><br \/>\npor V\u00edctor Celestino Rodr\u00edguez \/ <strong>117<\/strong><\/p>\n<p>&nbsp;<\/p>\n<h3>Ensayo<\/h3>\n<p><strong>\u00a7 LA POES\u00cdA COMO VALOR HUMANO Y AFECTIVO EN <em>FUERA DEL JUEGO<\/em>, DE HEBERTO PADILLA<\/strong><br \/>\npor Guillermo Arango \/ <strong>129<\/strong><\/p>\n<p><strong>\u00a7 \u201cBELLA Y TERRIBLE A LA VEZ\u201d: ESTEREOTIPOS Y PREJUICIOS EN LA CONSTRUCCI\u00d3N DE <em>DO\u00d1A BARBARA<\/em><\/strong><br \/>\npor Horacio Biord Castillo \/ <strong>143<\/strong><\/p>\n<p><strong>\u00a7 MERCEDES CABELLO DE CARBONERA\u2026 \u00bfFEMINISTA?<\/strong><br \/>\npor Francisco Mart\u00ednez Hoyos \/ <strong>163<\/strong><\/p>\n<p><strong>\u00a7 LOS L\u00cdMITES EN <em>EL LUGAR SIN L\u00cdMITES<\/em> DE JOS\u00c9 DONOSO.<\/strong><br \/>\npor Lilian Salinas Herrera \/ <strong>181<\/strong><\/p>\n<p>&nbsp;<\/p>\n<h3>Entrevista<\/h3>\n<p><strong>\u00a7 FRANCISCO JAVIER P\u00c9REZ: \u201cHABLAR UNA LENGUA ES UN DESTINO\u201d<\/strong><br \/>\npor Armando Ch\u00e1vez Rivera \/ <strong>189<\/strong><\/p>\n<p><strong>\u00a7 CARLOS E. PALDAO: \u201cEDUCAR ES UNA PASI\u00d3N INEXTINGUIBLE\u201d<\/strong><br \/>\npor Maricel Mayor Mars\u00e1n \/ <strong>203<\/strong><\/p>\n<p><strong>\u00a7 CONVERSANDO CON EL ARTISTA PL\u00c1STICO CUBANOAMERICANO EMILIO H\u00c9CTOR RODR\u00cdGUEZ (FUNDADOR Y DIRECTOR DE \u201c7 PLUS ONE ART PROJECT\u201d EN MIAMI)<\/strong><br \/>\npor Patricio E. Palacios \/ <strong>217<\/strong><\/p>\n<p>&nbsp;<\/p>\n<h3>Narrativa<\/h3>\n<p><strong>\u00a7 POLVOS DE FUEGO (NOVELA \u2013 PRIMER CAP\u00cdTULO)<\/strong><br \/>\npor Roberto Cas\u00edn \/ <strong>233<br \/>\n<\/strong><br \/>\n<strong>\u00a7 EL ACN\u00c9 Y LA LUNA<\/strong><br \/>\npor Alberto Ortiz de Z\u00e1rate \/ <strong>243<\/strong><\/p>\n<p>&nbsp;<\/p>\n<h3>Opiniones<\/h3>\n<p><strong>\u00a7 <em>VIAJE A LA ALCARRIA<\/em>, DE CAMILO JOS\u00c9 CELA: T\u00c9CNICA Y ONTOLOG\u00cdA<\/strong><br \/>\npor Guillermo Arango \/ <strong>259<\/strong><\/p>\n<p><strong>\u00a7 JORGE LUIS BORGES, EL CINE Y MIS RECUERDOS<\/strong><br \/>\npor Adriana Bianco \/ <strong>271<\/strong><\/p>\n<p><strong>\u00a7 FRANCISCO COLOANE, \u00bfCHILENO UNIVERSAL?<\/strong><br \/>\npor Waldo Gonz\u00e1lez L\u00f3pez \/ <strong>279<\/strong><\/p>\n<p><strong>\u00a7 EL ESPA\u00d1OL COMO FUENTE DE INSPIRACI\u00d3N, RESCATE CULTURAL Y ASIDERO PERSONAL EN LA OBRA LITERARIA DE LA ESCRITORA HISPANOUNIDENSE MARJORIE AGOS\u00cdN<\/strong><br \/>\npor Maricel Mayor Mars\u00e1n \/ <strong>287<\/strong><\/p>\n<p><strong>\u00a7 APUNTES SOBRE EL TEMA DEL GUAJIRO EN EL TEATRO CUBANO<\/strong><br \/>\npor Pedro Monge Rafuls \/ <strong>293<\/strong><\/p>\n<p><strong>\u00a7 OCTAVIO PAZ Y EL I CHING<\/strong><br \/>\npor \u00d3scar Wong \/ <strong>307<\/strong><\/p>\n<p>&nbsp;<\/p>\n<h3>Teatro<\/h3>\n<p><strong>\u00a7 ASALTO (COMEDIA VIOLENTA)<\/strong><br \/>\npor Eddy D\u00edaz Souza \/ <strong>315<\/strong><\/p>\n<p><strong>\u00a7 LA OPERA DEL SUICIDA<\/strong><br \/>\npor Edilio Pe\u00f1a \/ <strong>323<\/strong><\/p>\n","protected":false},"excerpt":{"rendered":"<p>\u00cdndice Poes\u00eda \u00a7 Ariel Aboal \/ 19 \u00a7 Jorge Asbun Bojalil \/ 20 \u00a7 Horacio Biord Castillo \/ 21 \u00a7 Jonathan Alexander Espa\u00f1a Eraso \/ 22 \u00a7 Omar Garc\u00eda Obreg\u00f3n \/ 23 \u00a7 Rafael Enrique Hern\u00e1ndez \/ 24 \u00a7 Odalys Interi\u00e1n \/ 25 \u00a7 Adolfo Marchena \/ 26 \u00a7 Daniel Montoly \/ 27 \u00a7 Irina [&hellip;]<\/p>\n","protected":false},"featured_media":462,"comment_status":"closed","ping_status":"closed","template":"","meta":[],"product_cat":[10],"product_tag":[],"class_list":{"0":"post-420","1":"product","2":"type-product","3":"status-publish","4":"has-post-thumbnail","6":"book_author-anuarios-baquiana","7":"product_cat-anuarios-de-la-revista-literaria-baquiana-vp","8":"entry"},"_links":{"self":[{"href":"https:\/\/www.baquiana.com\/bookstore\/wp-json\/wp\/v2\/product\/420"}],"collection":[{"href":"https:\/\/www.baquiana.com\/bookstore\/wp-json\/wp\/v2\/product"}],"about":[{"href":"https:\/\/www.baquiana.com\/bookstore\/wp-json\/wp\/v2\/types\/product"}],"replies":[{"embeddable":true,"href":"https:\/\/www.baquiana.com\/bookstore\/wp-json\/wp\/v2\/comments?post=420"}],"wp:featuredmedia":[{"embeddable":true,"href":"https:\/\/www.baquiana.com\/bookstore\/wp-json\/wp\/v2\/media\/462"}],"wp:attachment":[{"href":"https:\/\/www.baquiana.com\/bookstore\/wp-json\/wp\/v2\/media?parent=420"}],"wp:term":[{"taxonomy":"product_cat","embeddable":true,"href":"https:\/\/www.baquiana.com\/bookstore\/wp-json\/wp\/v2\/product_cat?post=420"},{"taxonomy":"product_tag","embeddable":true,"href":"https:\/\/www.baquiana.com\/bookstore\/wp-json\/wp\/v2\/product_tag?post=420"}],"curies":[{"name":"wp","href":"https:\/\/api.w.org\/{rel}","templated":true}]}}