{"id":427,"date":"2020-01-03T20:45:14","date_gmt":"2020-01-04T01:45:14","guid":{"rendered":"http:\/\/www.baquiana.com\/bookstore\/product\/relatos-de-una-isla-perdida\/"},"modified":"2024-01-21T22:06:42","modified_gmt":"2024-01-22T03:06:42","slug":"relatos-de-una-isla-perdida","status":"publish","type":"product","link":"https:\/\/www.baquiana.com\/bookstore\/product\/relatos-de-una-isla-perdida\/","title":{"rendered":"RELATOS DE UNA ISLA PERDIDA"},"content":{"rendered":"<p style=\"text-align: justify;\">Con un prefacio sugerente, la autora nos indica que este libro de relatos es una reconstrucci\u00f3n de los hechos y un poco de su propia historia, de acuerdo a sus percepciones, reacciones y recuerdos de sus a\u00f1os juveniles vividos en Cuba. Tambi\u00e9n nos dice que \u201cEl pasado cobra vida cuando se comparte\u201d y que \u201cla historia siempre contiene un poco de ficci\u00f3n, y toda ficci\u00f3n tiene su historia.\u201d<\/p>\n","protected":false},"excerpt":{"rendered":"<p>Con un prefacio sugerente, la autora nos indica que este libro de relatos es una reconstrucci\u00f3n de los hechos y un poco de su propia historia, de acuerdo a sus percepciones, reacciones y recuerdos de sus a\u00f1os juveniles vividos en Cuba. Tambi\u00e9n nos dice que \u201cEl pasado cobra vida cuando se comparte\u201d y que \u201cla [&hellip;]<\/p>\n","protected":false},"featured_media":510,"comment_status":"open","ping_status":"closed","template":"","meta":[],"product_cat":[33],"product_tag":[],"class_list":{"0":"post-427","1":"product","2":"type-product","3":"status-publish","4":"has-post-thumbnail","6":"book_author-teresa-bevin","7":"product_cat-senderos-de-la-narrativa","8":"entry"},"_links":{"self":[{"href":"https:\/\/www.baquiana.com\/bookstore\/wp-json\/wp\/v2\/product\/427"}],"collection":[{"href":"https:\/\/www.baquiana.com\/bookstore\/wp-json\/wp\/v2\/product"}],"about":[{"href":"https:\/\/www.baquiana.com\/bookstore\/wp-json\/wp\/v2\/types\/product"}],"replies":[{"embeddable":true,"href":"https:\/\/www.baquiana.com\/bookstore\/wp-json\/wp\/v2\/comments?post=427"}],"wp:featuredmedia":[{"embeddable":true,"href":"https:\/\/www.baquiana.com\/bookstore\/wp-json\/wp\/v2\/media\/510"}],"wp:attachment":[{"href":"https:\/\/www.baquiana.com\/bookstore\/wp-json\/wp\/v2\/media?parent=427"}],"wp:term":[{"taxonomy":"product_cat","embeddable":true,"href":"https:\/\/www.baquiana.com\/bookstore\/wp-json\/wp\/v2\/product_cat?post=427"},{"taxonomy":"product_tag","embeddable":true,"href":"https:\/\/www.baquiana.com\/bookstore\/wp-json\/wp\/v2\/product_tag?post=427"}],"curies":[{"name":"wp","href":"https:\/\/api.w.org\/{rel}","templated":true}]}}