{"id":528,"date":"2020-07-06T20:33:13","date_gmt":"2020-07-07T00:33:13","guid":{"rendered":"http:\/\/www.baquiana.com\/bookstore\/product\/visiones-y-revisiones\/"},"modified":"2024-01-21T22:06:02","modified_gmt":"2024-01-22T03:06:02","slug":"visiones-y-revisiones","status":"publish","type":"product","link":"https:\/\/www.baquiana.com\/bookstore\/product\/visiones-y-revisiones\/","title":{"rendered":"VISIONES Y REVISIONES ENSAYOS DE LITERATURA Y CULTURA HISP\u00c1NICAS"},"content":{"rendered":"<p style=\"text-align: justify;\">La constancia en el quehacer y en el mantenimiento de un inter\u00e9s cr\u00edtico a lo largo de los a\u00f1os dotan a este libro. No hay una igualdad de tono en estas ex\u00e9gesis pero s\u00ed de inquietudes, que salvan los altibajos inherentes a toda colecci\u00f3n de trabajos que aparecieron dispersos a lo largo de los a\u00f1os. En este caso, como toda recopilaci\u00f3n, el fin principal ha sido, tal vez, de recordar la aventura humana del escritor, a la que suele unirse la aventura literaria, inseparable de la personalidad del hombre, y que convierte esta serie de ensayos en p\u00e1ginas llenas de inter\u00e9s. Se re\u00fanen, as\u00ed, una serie de trabajos algunos de los cuales fueron publicados en revistas, tanto impresas como electr\u00f3nicas; hay otros, no obstante, cuyo \u00fanico provecho fue su lectura en un congreso o reuni\u00f3n acad\u00e9mica, y que ahora ven la letra impresa; por \u00faltimo hay otros que se han mantenido in\u00e9ditos hasta la fecha.<\/p>\n","protected":false},"excerpt":{"rendered":"<p>La constancia en el quehacer y en el mantenimiento de un inter\u00e9s cr\u00edtico a lo largo de los a\u00f1os dotan a este libro. No hay una igualdad de tono en estas ex\u00e9gesis pero s\u00ed de inquietudes, que salvan los altibajos inherentes a toda colecci\u00f3n de trabajos que aparecieron dispersos a lo largo de los a\u00f1os. [&hellip;]<\/p>\n","protected":false},"featured_media":511,"comment_status":"open","ping_status":"closed","template":"","meta":[],"product_cat":[33],"product_tag":[],"class_list":{"0":"post-528","1":"product","2":"type-product","3":"status-publish","4":"has-post-thumbnail","6":"book_author-guillermo-arango","7":"product_cat-senderos-de-la-narrativa","8":"entry"},"_links":{"self":[{"href":"https:\/\/www.baquiana.com\/bookstore\/wp-json\/wp\/v2\/product\/528"}],"collection":[{"href":"https:\/\/www.baquiana.com\/bookstore\/wp-json\/wp\/v2\/product"}],"about":[{"href":"https:\/\/www.baquiana.com\/bookstore\/wp-json\/wp\/v2\/types\/product"}],"replies":[{"embeddable":true,"href":"https:\/\/www.baquiana.com\/bookstore\/wp-json\/wp\/v2\/comments?post=528"}],"wp:featuredmedia":[{"embeddable":true,"href":"https:\/\/www.baquiana.com\/bookstore\/wp-json\/wp\/v2\/media\/511"}],"wp:attachment":[{"href":"https:\/\/www.baquiana.com\/bookstore\/wp-json\/wp\/v2\/media?parent=528"}],"wp:term":[{"taxonomy":"product_cat","embeddable":true,"href":"https:\/\/www.baquiana.com\/bookstore\/wp-json\/wp\/v2\/product_cat?post=528"},{"taxonomy":"product_tag","embeddable":true,"href":"https:\/\/www.baquiana.com\/bookstore\/wp-json\/wp\/v2\/product_tag?post=528"}],"curies":[{"name":"wp","href":"https:\/\/api.w.org\/{rel}","templated":true}]}}