{"id":575,"date":"2020-11-02T22:05:28","date_gmt":"2020-11-03T03:05:28","guid":{"rendered":"http:\/\/www.baquiana.com\/bookstore\/product\/revista-literaria-baquiana-anuario-xxi-2020\/"},"modified":"2021-10-11T21:37:13","modified_gmt":"2021-10-12T01:37:13","slug":"revista-literaria-baquiana-anuario-xxi-2020","status":"publish","type":"product","link":"https:\/\/www.baquiana.com\/bookstore\/product\/revista-literaria-baquiana-anuario-xxi-2020\/","title":{"rendered":"REVISTA LITERARIA BAQUIANA &#8211; ANUARIO XXI (2020)"},"content":{"rendered":"<h1>\u00cdndice<\/h1>\n<h3>Poes\u00eda<\/h3>\n<p><strong>\u00a7 <b><span lang=\"IT\">Elvia Ardalani<\/span><\/b><b><span lang=\"IT\">\u00a0<\/span><\/b><b>\/ 19<\/b><br \/>\n\u00a7 <b>Luis Beiro \u00c1lvarez<\/b><b>\u00a0<span lang=\"PT-BR\">\/ 20<\/span><\/b><br \/>\n\u00a7 Kary Cerda \/ 21<br \/>\n\u00a7 Santiago Dayd\u00ed Tolson \/ 22<br \/>\n\u00a7 Rigoberto D\u00edaz Cuti\u00f1o \/ 23<br \/>\n\u00a7 Jaime Mar\u00eda Ferr\u00e1n \/ 24<br \/>\n\u00a7 Domingo Ignacio Garc\u00eda Gonz\u00e1lez \/ 25<br \/>\n\u00a7 Jaime G\u00f3mez Nieto \/ 26<br \/>\n\u00a7 Mar\u00eda \u00c1ngeles Lonardi \/ 27<br \/>\n\u00a7 Marta L\u00f3pez Luaces \/ 28<br \/>\n\u00a7 Ana Merino \/ 29<br \/>\n\u00a7 Margarita Merino \/ 30<br \/>\n<\/strong><\/p>\n<p>&nbsp;<\/p>\n<h3>Rese\u00f1a<\/h3>\n<p><strong>\u00a7 <b>LA NOVELA HIST\u00d3RICA\u00a0<i>1314,<\/i>\u00a0<i>LA VENGANZA\u00a0<u><\/u>DEL<u><\/u>\u00a0TEMPLARIO<\/i>, DE FRANCISCO JAVIER ILL\u00c1N VIVAS<\/b><\/strong><br \/>\npor Gema Bocardo Clavijo \/\u00a0<b>33<\/b><\/p>\n<p><strong>\u00a7 \u00a0<b><i>CUBA: REPRESENTACIONES\u00a0<u><\/u>DEL<u><\/u>\u00a0INFIERNO EN LA LITERATURA DE AMIR VALLE,\u00a0<\/i><\/b><b>DE ANNARELLA O\u00b4MAHONY (ED.)<\/b><\/strong><br \/>\npor Humberto L\u00f3pez Cruz \/\u00a0<b>40<\/b><\/p>\n<p><strong>\u00a7 <b><i>LA BUENA SUERTE<\/i><\/b><b><span lang=\"FR\">, DE ROSA MONTERO.\u00a0<u><\/u>UNA<u><\/u>\u00a0NOVELA PARA MEDITAR<\/span><\/b><\/strong><br \/>\npor Maricel Mayor Mars\u00e1n \/\u00a0<b>43<\/b><\/p>\n<p><strong>\u00a7\u00a0<b><i>VISIONES Y REVISIONES: ENSAYOS DE LITERATURA Y CULTURA HISP\u00c1NICAS,\u00a0<\/i><\/b><b>DE GUILLERMO ARANGO<\/b><\/strong><br \/>\npor Maricel Mayor Mars\u00e1n \/\u00a0<strong>49<\/strong><\/p>\n<p><strong>\u00a7\u00a0<em>CIUDADES DE TIZA (PAISAJES DE PAPEL)<\/em>, DE FERNANDO OPER\u00c9<\/strong><br \/>\npor Myra M. Medina \/\u00a0<b>47<\/b><\/p>\n<p><strong>\u00a7\u00a0<\/strong><strong>CARLOTA CAUFIELD: VISADO\u00a0DEL\u00a0VUELO\u00a0<\/strong><strong>(DE\u00a0<\/strong><strong><em>MOVIMIENTOS MET\u00c1LICOS PARA JUGUETES ABANDONADOS A LOS JUGUETES DE\u00a0<\/em><\/strong><strong><em>BERTRAND \/ BERTRAND\u00b4S TOYS)<\/em><\/strong><br \/>\npor Jaime D. Parra \/\u00a0<b>53<\/b><\/p>\n<p><strong>\u00a7 <b><i>MARCOS ANTONIO RAMOS:\u00a0<u><\/u>UNA<u><\/u>\u00a0<u><\/u>VIDA<u><\/u>\u00a0DE HISTORIA<\/i><\/b><\/strong><br \/>\npor H\u00e9ctor M\u00e9ndez Rodr\u00edguez \/\u00a0<b>59<\/b><\/p>\n<p><strong>\u00a7\u00a0<\/strong><strong>LA NOVELA\u00a0<em>EL CABALLO DE \u00c9BANO<\/em>, DE\u00a0<\/strong><strong>VICENTE ECHERRI<\/strong><br \/>\npor Manuel J. Santayana \/\u00a0<b>63<\/b><\/p>\n<p>&nbsp;<\/p>\n<h3>Cuento<\/h3>\n<p><strong>\u00a7 \u00a0<b>EL CEMENTERIO DE LOS ELEFANTES<\/b><\/strong><br \/>\npor Maica Bermejo Miranda \/\u00a0<b>69<\/b><\/p>\n<p><strong>\u00a7 <b>EMIR<\/b><\/strong><br \/>\npor Gloria Hern\u00e1ndez \/\u00a0<b>81<\/b><\/p>\n<p><strong>\u00a7 <b>EN MANOS DE LOS PIRATAS<\/b><\/strong><br \/>\npor Andr\u00e9s Hern\u00e1ndez Alende \/\u00a0<b>85<\/b><\/p>\n<p><strong>\u00a7 <b>EL PLATO SUCIO<\/b><\/strong><br \/>\n<span lang=\"EN-US\">por Ana Hontanilla Calatayud\u00a0<\/span>\/ <strong>91<\/strong><\/p>\n<p><strong>\u00a7 <b>EN EL L\u00daPULO DORADO<\/b><\/strong><br \/>\npor Alberto Ortiz de Z\u00e1rate \/\u00a0<strong>101<\/strong><\/p>\n<p><strong>\u00a7 <b>EL CASO\u00a0<u><\/u>DEL<u><\/u>\u00a0POETA<\/b><\/strong><br \/>\npor Tom\u00e1s J. Reyes \/\u00a0<b>109<\/b><\/p>\n<p>&nbsp;<\/p>\n<h3>Ensayo<\/h3>\n<p><strong>\u00a7 <b>KAN\u00c1KAN\u00c1, EL AURA TI\u00d1OSA, Y LA SEQU\u00cdA UNIVERSAL<\/b><\/strong><br \/>\npor Mariela A. Guti\u00e9rrez \/\u00a0<b>117<\/b><\/p>\n<p><strong>\u00a7 <b>MARINA IZQUIERDO, UNA ESCRITORA NO SILENCIADA<\/b><\/strong><br \/>\npor Mar\u00eda Jos\u00e9 Luj\u00e1n \/\u00a0<b>127<\/b><\/p>\n<p><strong>\u00a7 <b>EN EL BALC\u00d3N VAC\u00cdO: CINE, EXILIO Y NOSTALGIA<\/b><\/strong><br \/>\npor Manuel Rodr\u00edguez Ramos \/\u00a0<b>137<\/b><\/p>\n<p>&nbsp;<\/p>\n<h3>Entrevista<\/h3>\n<p><strong>\u00a7\u00a0<\/strong><b>ENTREVISTA CON LA ESCRITORA ELIANA S. RIVERO.\u00a0<\/b><b>\u201cUNA CUBANA PLUS\u201d<br \/>\n<\/b>por Armando Ch\u00e1vez Rivera \/\u00a0<b>147<\/b><\/p>\n<p><strong>\u00a7\u00a0<\/strong><b>ENTREVISTA CON ARTURO MORELL\u00a0<\/b><b>(UN MEXICANO DEDICADO A LA PROMOCI\u00d3N Y AL DESARROLLO CULTURAL DE SU PA\u00cdS)<br \/>\n<\/b>por Maricel Mayor Mars\u00e1n \/\u00a0<strong>171<\/strong><\/p>\n<p>&nbsp;<\/p>\n<h3>Narrativa<\/h3>\n<p><strong>\u00a7 EL ENTREM\u00c9S DE MI VIDA (FRAGMENTO DE LA NOVELA HOM\u00d3NIMA)<\/strong><br \/>\n<strong>por Jorge Luis Ll\u00f3piz Cudel<b>\u00a0<\/b>\/\u00a0<b>191<\/b><br \/>\n<\/strong><br \/>\n<strong>\u00a7 <b>LA CASA CERCA DEL DNI\u00c9PER<\/b><\/strong><br \/>\npor Juan J. Parera L\u00f3pez \/\u00a0<b>215<\/b><\/p>\n<p>&nbsp;<\/p>\n<h3>Opiniones<\/h3>\n<p><strong>\u00a7 <b>MANUEL PUIG \u2013 MIS RECUERDOS Y EL CINE<\/b><\/strong><br \/>\npor Adriana Bianco \/\u00a0<b>225<\/b><\/p>\n<p><strong>\u00a7\u00a0A\u00a0<b>100 A\u00d1OS DE SU MUERTE: LA NARRATIVA DE BENITO P\u00c9REZ GALD\u00d3S EN EL CINE<\/b><\/strong><br \/>\npor Waldo Gonz\u00e1lez L\u00f3pez \/\u00a0<b>231<\/b><\/p>\n<p><strong>\u00a7 <b>SOBRE LA TRASCENDENCIA DE MARIO VARGAS LLOSA<\/b><\/strong><br \/>\npor Waldo Gonz\u00e1lez L\u00f3pez \/\u00a0<b>237<\/b><\/p>\n<p><strong>\u00a7 <b>LA C\u00c1MARA M\u00c1GICA DE GERARDO PI\u00d1A ROSALES<\/b><\/strong><br \/>\npor Alister Ram\u00edrez M\u00e1rquez \/\u00a0<b>249<\/b><\/p>\n<p><strong>\u00a7 <b>BAUDELAIRE: LA ESTROFA PERDIDA Y ENCONTRADA<\/b><\/strong><br \/>\npor Francisco Torres Monreal \/\u00a0<b>255<\/b><\/p>\n<p>&nbsp;<\/p>\n<h3>Teatro<\/h3>\n<p><strong>\u00a7 <b>MAM\u00c1 EST\u00c1 EN PROBLEMAS<\/b><\/strong><br \/>\npor Grethel Delgado \u00c1lvarez \/\u00a0<b>261<\/b><\/p>\n<p><strong>\u00a7<\/strong><b><i>\u00a1 FLORES PARA LAS MUERTAS!\u00a0<\/i><\/b><b>EL MUNDO FEMENINO ROTO DE DOS DRAMATURGOS DEL SUR<br \/>\n<\/b>por Eduardo Nabal Arag\u00f3n \/\u00a0<b>273<\/b><\/p>\n<p>&nbsp;<\/p>\n","protected":false},"excerpt":{"rendered":"<p>\u00cdndice Poes\u00eda \u00a7 Elvia Ardalani\u00a0\/ 19 \u00a7 Luis Beiro \u00c1lvarez\u00a0\/ 20 \u00a7 Kary Cerda \/ 21 \u00a7 Santiago Dayd\u00ed Tolson \/ 22 \u00a7 Rigoberto D\u00edaz Cuti\u00f1o \/ 23 \u00a7 Jaime Mar\u00eda Ferr\u00e1n \/ 24 \u00a7 Domingo Ignacio Garc\u00eda Gonz\u00e1lez \/ 25 \u00a7 Jaime G\u00f3mez Nieto \/ 26 \u00a7 Mar\u00eda \u00c1ngeles Lonardi \/ 27 \u00a7 Marta [&hellip;]<\/p>\n","protected":false},"featured_media":578,"comment_status":"closed","ping_status":"closed","template":"","meta":[],"product_cat":[10],"product_tag":[],"class_list":{"0":"post-575","1":"product","2":"type-product","3":"status-publish","4":"has-post-thumbnail","6":"book_author-anuarios-baquiana","7":"product_cat-anuarios-de-la-revista-literaria-baquiana-vp","8":"entry"},"_links":{"self":[{"href":"https:\/\/www.baquiana.com\/bookstore\/wp-json\/wp\/v2\/product\/575"}],"collection":[{"href":"https:\/\/www.baquiana.com\/bookstore\/wp-json\/wp\/v2\/product"}],"about":[{"href":"https:\/\/www.baquiana.com\/bookstore\/wp-json\/wp\/v2\/types\/product"}],"replies":[{"embeddable":true,"href":"https:\/\/www.baquiana.com\/bookstore\/wp-json\/wp\/v2\/comments?post=575"}],"wp:featuredmedia":[{"embeddable":true,"href":"https:\/\/www.baquiana.com\/bookstore\/wp-json\/wp\/v2\/media\/578"}],"wp:attachment":[{"href":"https:\/\/www.baquiana.com\/bookstore\/wp-json\/wp\/v2\/media?parent=575"}],"wp:term":[{"taxonomy":"product_cat","embeddable":true,"href":"https:\/\/www.baquiana.com\/bookstore\/wp-json\/wp\/v2\/product_cat?post=575"},{"taxonomy":"product_tag","embeddable":true,"href":"https:\/\/www.baquiana.com\/bookstore\/wp-json\/wp\/v2\/product_tag?post=575"}],"curies":[{"name":"wp","href":"https:\/\/api.w.org\/{rel}","templated":true}]}}