{"id":602,"date":"2021-10-10T16:39:03","date_gmt":"2021-10-10T20:39:03","guid":{"rendered":"http:\/\/www.baquiana.com\/bookstore\/?post_type=product&#038;p=602"},"modified":"2022-08-08T16:51:47","modified_gmt":"2022-08-08T20:51:47","slug":"revista-literaria-baquiana-anuario-xxii-2021","status":"publish","type":"product","link":"https:\/\/www.baquiana.com\/bookstore\/product\/revista-literaria-baquiana-anuario-xxii-2021\/","title":{"rendered":"REVISTA LITERARIA BAQUIANA &#8211; ANUARIO XXII (2021)"},"content":{"rendered":"<h1>\u00cdndice<\/h1>\n<h3>Poes\u00eda<\/h3>\n<p><strong>\u00a7 <b><span lang=\"IT\">Francisco \u00c1lvarez Koki \/ 19<\/span><\/b><br \/>\n\u00a7 <b>Mar\u00eda Luisa Angarita \/ 20<\/b><br \/>\n\u00a7 Enrique Arias Beaskoetxea \/ 21<br \/>\n\u00a7 Alejandra Ferraza \/ 22<br \/>\n\u00a7 Mar\u00eda Jos\u00e9 Mielgo Busturia \/ 23<br \/>\n\u00a7 Gloria Mil\u00e1 de la Roca \/ 24<br \/>\n\u00a7 Antonio Mijail P\u00e9rez \/ 25<br \/>\n\u00a7 Alfredo P\u00e9rez Alencart \/ 26<br \/>\n\u00a7 Antonio Ram\u00edrez C\u00f3rdova \/ 27<br \/>\n\u00a7 Daniel Torres Rodr\u00edguez \/ 28<br \/>\n\u00a7 Osiris Vald\u00e9s L\u00f3pez \/ 29<br \/>\n\u00a7 Laura Ymayo Tartakoff \/ 30<br \/>\n<\/strong><\/p>\n<p>&nbsp;<\/p>\n<h3>Rese\u00f1a<\/h3>\n<p><strong>\u00a7 LA LUMINOSA ESPIRITUALIDAD DE MARIANA COLOMER<\/strong><br \/>\npor Carlos Clementson \/ <strong>33<\/strong><\/p>\n<p><strong>\u00a7 UN BUEN EJEMPLO DEL EJERCICIO DE CR\u00cdTICA LITERARIA<\/strong><br \/>\npor Rigoberto D\u00edaz Cuti\u00f1o \/ <b>39<\/b><\/p>\n<p><strong>\u00a7 <b><i>RELATOS DE UNA ISLA PERDIDA, <\/i>DE TERESA BEVIN: IDENTIDAD EN LA MEMORIA<\/b><\/strong><br \/>\npor Teresa Dovalpage \/ <b>47<\/b><\/p>\n<p><strong>\u00a7 <b><i>TETRAPALABRA. <\/i>ENSAYOS SOBRE LETRAS CUBANAS, DE HUMBERTO L\u00d3PEZ CRUZ<\/b><\/strong><br \/>\npor Carlos Cuadra \/ <strong>53<\/strong><\/p>\n<p><strong>\u00a7 <em>MEMORIA ESQUIVA<\/em>, DE JOS\u00c9 ALC\u00c1NTARA ALM\u00c1NZAR<\/strong><br \/>\npor Maricel Mayor Mars\u00e1n \/ <b>57<\/b><\/p>\n<p><strong>\u00a7 <\/strong><strong><em>PIL-PIL Y MOJO (UNA EXQUISITA DEGUSTACI\u00d3N LITERARIA DE DIEZ AUTORES VASCOS Y CANARIOS)<\/em>, DE MAR\u00cdA JOS\u00c9 MIELGO BUSTURIA (ED.)<\/strong><br \/>\npor Patricio E. Palacios \/ <b>61<\/b><\/p>\n<p><strong>\u00a7 EL SOF\u00c1 DE CLAIRE, DE XO\u00c9L PRADO ANT\u00daNEZ<\/strong><br \/>\npor Noem\u00ed Pastor \/ <b>65<\/b><\/p>\n<p><strong>\u00a7 <\/strong><strong>IDENTIDADES ART\u00cdSTICO-VIVENCIALES EN <em>CUANDO LLEGAMOS. EXPERIENCIAS MIGRATORIAS<\/em>, EDICI\u00d3N DE GERARDO PI\u00d1A ROSALES<\/strong><br \/>\npor Francisco J. Pe\u00f1as Bermejo \/ <b>69<\/b><\/p>\n<p>&nbsp;<\/p>\n<h3>Cuento<\/h3>\n<p><strong>\u00a7 LOS ESTRAGOS DEL OLVIDO<\/strong><br \/>\npor Jos\u00e9 Alc\u00e1ntara Alm\u00e1nzar \/ <b>79<\/b><\/p>\n<p><strong>\u00a7 <b>COMO UN ANIMAL<\/b><\/strong><br \/>\npor Ver\u00f3nica A\u00f1over \/ <b>83<\/b><\/p>\n<p><strong>\u00a7 LA OTRA OREJA DE VAN GOGH<\/strong><br \/>\npor Guillermo Arango \/ <b>87<\/b><\/p>\n<p><strong>\u00a7 EL FANTASMA DE ANA<\/strong><br \/>\n<span lang=\"EN-US\">por Homero Quezada Pacheco <\/span>\/ <strong>93<\/strong><\/p>\n<p><strong>\u00a7 VOLVER A BARLOVENTO<\/strong><br \/>\npor Antonio Ure\u00f1a Garc\u00eda \/ <strong>95<\/strong><\/p>\n<p><strong>\u00a7 YA NO QUISE SABER<\/strong><br \/>\npor Lourdes V\u00e1zquez \/ <b>101<\/b><\/p>\n<p>&nbsp;<\/p>\n<h3>Ensayo<\/h3>\n<p><strong>\u00a7 <b>INTUICI\u00d3N Y MEMORIA HIST\u00d3RICA EN <em>ANATOM\u00cdA DE UN INSTANTE<\/em> DE JAVIER CERCAS<\/b><\/strong><br \/>\npor Carlos Cuadra \/ <b>107<\/b><\/p>\n<p><strong>\u00a7 <b>TRES POEMAS DE DULCE MAR\u00cdA LOYNAZ: TRES FUGAS SOMATIZADAS DE UN CUERPO QUE SE AFIRMA EN SU EVANESCENCIA<\/b><\/strong><br \/>\npor Humberto L\u00f3pez Cruz \/ <b>125<\/b><\/p>\n<p><strong>\u00a7 <em>LA LOZANA ANDALUZA<\/em>. FIEL IMAGEN DE UNA \u00c9POCA ESPECIAL<\/strong><br \/>\npor Manuel Rodr\u00edguez Ramos \/\u00a0<b>137<\/b><\/p>\n<p>&nbsp;<\/p>\n<h3>Entrevista<\/h3>\n<p><strong>\u00a7 ENTREVISTA CON LA POETA CORDOBESA JUANA CASTRO (PREMIO DE LAS LETRAS ANDALUZAS \u201cELIO ANTONIO DE NEBRIJA\u201d 2021)<\/strong><b><br \/>\n<\/b>por Maricel Mayor Mars\u00e1n \/ <b>153<\/b><\/p>\n<p><strong>\u00a7 <\/strong><b>ENTREVISTA CON EL PERIODISTA, ESCRITOR Y ACAD\u00c9MICO ARGENTINO JORGE I. COVARRUBIAS<\/b><b><br \/>\n<\/b>por Maricel Mayor Mars\u00e1n \/\u00a0<strong>171<\/strong><\/p>\n<p><strong>\u00a7 ENTREVISTA CON LA ESCRITORA, INVESTIGADORA Y PROFESORA VENEZOLANA NAIDA SAAVEDRA<\/strong><b><br \/>\n<\/b>por Maricel Mayor Mars\u00e1n \/\u00a0<strong>183<\/strong><\/p>\n<p>&nbsp;<\/p>\n<h3>Narrativa<\/h3>\n<p><strong>\u00a7 CORAZONADA ANDINA<\/strong><br \/>\npor Dionisio Biscarri<strong>\/\u00a0<b>193<\/b><br \/>\n<\/strong><br \/>\n<strong>\u00a7 CICLO FINITO<\/strong><br \/>\npor Emilio Jos\u00e9 Serrano Loba \/ <b>201<\/b><\/p>\n<p>&nbsp;<\/p>\n<h3>Opiniones<\/h3>\n<p><strong>\u00a7 HONDURA Y VIGENCIA DE CALVERT CASEY<\/strong><br \/>\npor Guillermo Arango \/ <b>217<\/b><\/p>\n<p><strong>\u00a7 LA VIDA COMO RASTRO LUMINOSO EN UN POEMARIO DE \u00c1NGEL CUADRA<\/strong><br \/>\npor Guillermo Arango \/ <b>225<\/b><\/p>\n<p>&nbsp;<\/p>\n<h3>Teatro<\/h3>\n<p><strong>\u00a7 LA HIJA DE LA LLORONA (OBRA EN TRES ACTOS)<\/strong><br \/>\npor Teresa Dovalpage \/ <b>233<\/b><\/p>\n<p><strong>\u00a7 <\/strong><b>PANDEMIA HUMANA (OBRA EN UN ACTO)<\/b><b><br \/>\n<\/b>por Pedro Monge Rafuls \/ <b>271<\/b><\/p>\n<p>&nbsp;<\/p>\n<hr \/>\n<p>&nbsp;<\/p>\n<p>&nbsp;<\/p>\n<p style=\"text-align: center;\"><strong>REVISTA LITERARIA BAQUIANA, M\u00c1S DE DOS D\u00c9CADAS <\/strong><strong>AL SERVICIO DE LA CULTURA<\/strong><\/p>\n<p style=\"text-align: center;\"><strong>por <\/strong><\/p>\n<p style=\"text-align: center;\"><strong>Manuel C. D\u00edaz<\/strong><\/p>\n<p style=\"text-align: center;\"><strong><em>Especial\/El Nuevo Herald\u00a0 \u00a0<\/em>(23 de enero del 2022)<\/strong><\/p>\n<p>&nbsp;<\/p>\n<p style=\"text-align: justify;\">Por definici\u00f3n, las revistas literarias son publicaciones peri\u00f3dicas dedicadas a la literatura en las que aparecen cuentos, poemas, ensayos, rese\u00f1as de libros y entrevistas. Son tambi\u00e9n, esos necesarios espacios creativos que les permiten a los nuevos escritores dar a conocer sus obras.<\/p>\n<p style=\"text-align: justify;\">Se considera que la primera de ellas fue <em>Nouvelles de la r\u00e9publique des lettres<\/em>, fundada en Francia por Pierre Bayle en 1684. Le siguieron, ya en el siglo XIX, <em>Atheneum,<\/em> iniciada en Londres en 1828 por James Silk y <em>La Revista de Madrid<\/em>, fundada por Pedro Pidal y Gervasio Gironella en 1838.<\/p>\n<p style=\"text-align: justify;\">Con el tiempo, tambi\u00e9n las hubo en Latinoam\u00e9rica. En Argentina, la emblem\u00e1tica revista <em>Sur<\/em>, fundada por la escritora Victoria Ocampo en 1931, tuvo un impacto significativo en toda la regi\u00f3n. Algunos a\u00f1os despu\u00e9s, en Cuba, Lezama Lima y Jos\u00e9 Rodr\u00edguez Feo fundaban la famosa revista <em>Or\u00edgenes<\/em>. En 1955, la revista colombiana <em>Mito<\/em>, dirigida por el poeta y ensayista Jorge Gait\u00e1n Dur\u00e1n, influy\u00f3 tremendamente en la modernizaci\u00f3n de la literatura y en la cr\u00edtica literaria. Y, en M\u00e9xico, ya en los a\u00f1os setenta, Octavio Paz, fundar\u00eda su celebre revista <em>Vuelta<\/em>.<\/p>\n<p style=\"text-align: justify;\">En la ciudad de Miami, aunque no es un pa\u00eds, tambi\u00e9n las hay. Son varias y muy valiosas. Una de ellas, <em>Baquiana<\/em>, acaba de publicar su Anuario XXII que, como siempre, es un compendio de todo lo publicado previamente en sus ediciones digitales. Su contenido no es solo de una gran diversidad gen\u00e9rica (poes\u00eda, narrativa, ensayo, teatro, rese\u00f1a y entrevista) sino tambi\u00e9n geogr\u00e1fica (Espa\u00f1a, Argentina, Chile, Venezuela, Per\u00fa, Puerto Rico, Rep\u00fablica Dominicana y Cuba).<\/p>\n<p style=\"text-align: justify;\">En la secci\u00f3n de poes\u00eda, por ejemplo, aparecen trabajos de <strong>Mar\u00eda Luisa Angarita<\/strong> y <strong>Gloria Mil\u00e1 de la Roca<\/strong>, de Venezuela; <strong>Alejandra Ferraza<\/strong>, de Argentina; <strong>Antonio Mijail P\u00e9rez<\/strong>, <strong>Laura Ymayo Tartakoff<\/strong> y <strong>Osiris Vald\u00e9s L\u00f3pez<\/strong>, de Cuba; <strong>Alfredo P\u00e9rez Alencart<\/strong>, de Per\u00fa; <strong>Antonio Ram\u00edrez C\u00f3rdova<\/strong> y <strong>Daniel Torres Rodr\u00edguez<\/strong>, de Puerto Rico; y <strong>Francisco \u00c1lvarez Koki<\/strong>, <strong>Mar\u00eda Jos\u00e9 Mielgo<\/strong> y <strong>Enrique Arias Beaskoetxea<\/strong>, de Espa\u00f1a.<\/p>\n<p style=\"text-align: justify;\">De las rese\u00f1as se ocuparon <strong>Carlos Clementson<\/strong>, <strong>Rigoberto D\u00edaz Cuti\u00f1o<\/strong>, <strong>Teresa Dovalpage<\/strong>, <strong>Carlos Cuadra<\/strong>, <strong>Noem\u00ed Pastor<\/strong>, <strong>Francisco J. Pe\u00f1as Bermejo<\/strong> y los propios editores de la revista <em>Baquiana<\/em>, <strong>Maricel Mayor Mars\u00e1n<\/strong> y <strong>Patricio E. Palacios<\/strong>.<\/p>\n<p style=\"text-align: justify;\">En la parte narrativa se destacan los cuentos: <em>Como un animal<\/em>, de <strong>Ver\u00f3nica A\u00f1over<\/strong>; <em>Los estragos del olvido<\/em>, de <strong>Jos\u00e9 Alc\u00e1ntara Alm\u00e1nzar<\/strong>; <em>La otra oreja de Van Gogh<\/em>, de <strong>Guillermo Arango<\/strong>; <em>El fantasma de Ana<\/em>, de <strong>Homero Quezada Pacheco<\/strong>; <em>Volver a Barlovento<\/em>, de <strong>Antonio Ure\u00f1a Garc\u00eda<\/strong> y <em>Ya no quise saber<\/em>, de <strong>Lourdes V\u00e1zquez<\/strong>, as\u00ed como los textos titulados <em>Corazonada Andina<\/em> y <em>Ciclo infinito<\/em> de <strong>Dionisio Biscarri<\/strong> y E<strong>milio Jos\u00e9 Serrano Loba<\/strong>, respectivamente.<\/p>\n<p style=\"text-align: justify;\">En el \u00e1mbito acad\u00e9mico cabe se\u00f1alar los ensayos: <em>Intuici\u00f3n y memoria hist\u00f3rica<\/em>, de <strong>Carlos Cuadra<\/strong>; <em>Tres poemas de Dulce Mar\u00eda Loynaz<\/em>, de <strong>Humberto L\u00f3pez Cruz<\/strong> y <em>La lozana andaluza<\/em>, de <strong>Manuel Rodr\u00edguez Ramos<\/strong>.<\/p>\n<p style=\"text-align: justify;\">En esta edici\u00f3n no pod\u00edan faltar las entrevistas. Todas hechas por Maricel Mayor Mars\u00e1n. Los entrevistados son el escritor argentino <strong>Jorge I. Covarrubias<\/strong>; la investigadora venezolana <strong>Naida Saavedra<\/strong> y la poeta cordobesa <strong>Juana Castro<\/strong>, ganadora del Premio de las Letras Andaluzas 2021.<\/p>\n<p style=\"text-align: justify;\">En la secci\u00f3n de opiniones se incluyen dos l\u00facidos art\u00edculos de <strong>Guillermo Arango<\/strong>. Uno sobre el recientemente fallecido poeta cubano <strong>\u00c1ngel Cuadra<\/strong>, titulado <em>La vida como rastro luminoso<\/em>. Y otro, <em>Hondura y vigencia<\/em>, sobre el escritor y traductor cubano <strong>Carlvert Casey<\/strong>, quien se suicid\u00f3 en Roma en 1969.<\/p>\n<p style=\"text-align: justify;\">Y, por \u00faltimo, en la secci\u00f3n de teatro, dos obras: <em>La hija de la llorona<\/em>, de <strong>Teresa Dovalpage<\/strong> y <em>Pandemia humana<\/em>, de <strong>Pedro Monge Rafuls<\/strong>.<\/p>\n<p style=\"text-align: justify;\">M\u00e1s de veinte a\u00f1os despu\u00e9s de su fundaci\u00f3n, la revista <em>Baquiana<\/em> sigue cumpliendo con los compromisos que sus editores, <strong>Maricel Mayor Mars\u00e1n<\/strong> y <strong>Patricio E. Palacios<\/strong>, se impusieron: ser la plataforma desde la que los autores hispanos \u2014de todas las nacionalidades\u2014 puedan expresarse en libertad y darse a conocer.<\/p>\n<p style=\"text-align: justify;\">Lo he dicho otras veces, pero no es ocioso repetirlo: <strong><em>Baquiana<\/em> es, m\u00e1s que una revista, una instituci\u00f3n<\/strong>.<\/p>\n","protected":false},"excerpt":{"rendered":"<p>\u00cdndice Poes\u00eda \u00a7 Francisco \u00c1lvarez Koki \/ 19 \u00a7 Mar\u00eda Luisa Angarita \/ 20 \u00a7 Enrique Arias Beaskoetxea \/ 21 \u00a7 Alejandra Ferraza \/ 22 \u00a7 Mar\u00eda Jos\u00e9 Mielgo Busturia \/ 23 \u00a7 Gloria Mil\u00e1 de la Roca \/ 24 \u00a7 Antonio Mijail P\u00e9rez \/ 25 \u00a7 Alfredo P\u00e9rez Alencart \/ 26 \u00a7 Antonio Ram\u00edrez [&hellip;]<\/p>\n","protected":false},"featured_media":603,"comment_status":"closed","ping_status":"closed","template":"","meta":[],"product_cat":[10],"product_tag":[],"class_list":{"0":"post-602","1":"product","2":"type-product","3":"status-publish","4":"has-post-thumbnail","6":"book_author-anuarios-baquiana","7":"product_cat-anuarios-de-la-revista-literaria-baquiana-vp","8":"entry"},"_links":{"self":[{"href":"https:\/\/www.baquiana.com\/bookstore\/wp-json\/wp\/v2\/product\/602"}],"collection":[{"href":"https:\/\/www.baquiana.com\/bookstore\/wp-json\/wp\/v2\/product"}],"about":[{"href":"https:\/\/www.baquiana.com\/bookstore\/wp-json\/wp\/v2\/types\/product"}],"replies":[{"embeddable":true,"href":"https:\/\/www.baquiana.com\/bookstore\/wp-json\/wp\/v2\/comments?post=602"}],"wp:featuredmedia":[{"embeddable":true,"href":"https:\/\/www.baquiana.com\/bookstore\/wp-json\/wp\/v2\/media\/603"}],"wp:attachment":[{"href":"https:\/\/www.baquiana.com\/bookstore\/wp-json\/wp\/v2\/media?parent=602"}],"wp:term":[{"taxonomy":"product_cat","embeddable":true,"href":"https:\/\/www.baquiana.com\/bookstore\/wp-json\/wp\/v2\/product_cat?post=602"},{"taxonomy":"product_tag","embeddable":true,"href":"https:\/\/www.baquiana.com\/bookstore\/wp-json\/wp\/v2\/product_tag?post=602"}],"curies":[{"name":"wp","href":"https:\/\/api.w.org\/{rel}","templated":true}]}}